{"id":8537,"date":"2018-06-18T15:44:35","date_gmt":"2018-06-18T13:44:35","guid":{"rendered":"https:\/\/www.studyhelp.de\/online-lernen\/?page_id=8537"},"modified":"2018-10-25T13:25:59","modified_gmt":"2018-10-25T11:25:59","slug":"zustandsaenderung","status":"publish","type":"page","link":"https:\/\/www.studyhelp.de\/online-lernen\/thermodynamik\/zustandsaenderung\/","title":{"rendered":"Zustands\u00e4nderung"},"content":{"rendered":"<p>Viele komplizierte Zusammenh\u00e4nge lassen sich in Bildern und Diagrammen einfach darstellen. In der Thermodynamik lassen sich die Zustandsgr\u00f6\u00dfen und deren \u00c4nderungen in Systemen in sogenannten $p,v$-Diagrammen darstellen. Der Zustand eines Systems l\u00e4sst sich mit Druck, Temperatur und spezifischem Volumen eindeutig darstellen.<\/p>\n<div class=\"study-thermo-fullwidth\" id=\"study-2045081648\"><div class=\"ad fullwidth lernheft amz\">\r\n    <div class=\"inner\">\r\n        <div class=\"txt\">\r\n             <span class=\"firstline\">Thermodynamik einfach erkl\u00e4rt!<\/span>\r\n             <span class=\"secondline\">Unser Buch zum Online-Lernen Portal <\/span>\r\n        <\/div>\r\n        <div class=\"btn-container\">\r\n            <a class=\"btn orange\" target=\"_blank\" href=\"%link%\"><img src=\"https:\/\/www.studyhelp.de\/online-lernen\/wp-content\/uploads\/2018\/06\/amz.png\" alt=\"Jetzt kaufen\" title=\"Jetzt kaufen\" \/><span>Jetzt kaufen<\/span><\/a>\r\n        <\/div>\r\n        <div class=\"media\">\r\n            <div class=\"img\">\r\n                <img src=\"https:\/\/www.studyhelp.de\/online-lernen\/wp-content\/uploads\/2018\/06\/thermodynamik-einfach-erklaert.png\" alt=\"Thermodynamik einfach erkl\u00e4rt\" title=\"Jetzt Thermodynamik lernen\" \/>\r\n            <\/div>\r\n        <\/div>\r\n    <\/div>\r\n    <div class=\"figure circle\"><\/div>\r\n    <div class=\"figure circle2\"><\/div>\r\n    <div class=\"figure square\"><\/div>\r\n    <div class=\"figure triangle\"><\/div>\r\n    <div class=\"label red\"><p>19,99\u20ac<\/p><\/div>\r\n<\/div><\/div>\n<div class=\"box info\">\nZustand eines Systems Z=f(v,p,T)<br \/>\n<\/div>\n<p>Die Gleichung zeigt, dass der Zustand eines Systems eine dreidimensionale Funktion mit den Parametern $p,v$ und $T$ ist. Das ist un\u00fcbersichtlich und f\u00fcr unsere Zwecke in Thermodynamik 1 gar nicht n\u00f6tig. Der Trick ist, f\u00fcr das $p,v$-Diagramm Kurven konstanter Temperatur aus dem dreidimensionalen Diagramm \u00fcbereinander darzustellen.<\/p>\n<p><img decoding=\"async\" loading=\"lazy\" class=\"wp-image-8539 aligncenter\" src=\"https:\/\/www.studyhelp.de\/online-lernen\/wp-content\/uploads\/2018\/06\/pv-Diagramm-300x137.png\" alt=\"\" width=\"736\" height=\"336\" srcset=\"https:\/\/www.studyhelp.de\/online-lernen\/wp-content\/uploads\/2018\/06\/pv-Diagramm-300x137.png 300w, https:\/\/www.studyhelp.de\/online-lernen\/wp-content\/uploads\/2018\/06\/pv-Diagramm-768x351.png 768w, https:\/\/www.studyhelp.de\/online-lernen\/wp-content\/uploads\/2018\/06\/pv-Diagramm-1024x468.png 1024w, https:\/\/www.studyhelp.de\/online-lernen\/wp-content\/uploads\/2018\/06\/pv-Diagramm.png 1225w\" sizes=\"(max-width: 736px) 100vw, 736px\" \/><\/p>\n<p>Kurven konstanter Temperatur werden als Isothermen (von gr. &#8222;isos&#8220; gleich) bezeichnet. Die Isothermen stehen f\u00fcr das Verh\u00e4ltnis der \u00c4nderung von Druck und spezifischem Volumen bei konstanter Temperatur. F\u00fcr das Beispiel in der Abbildung sehen wir, dass f\u00fcr eine Temperatur bei steigendem spezifischem Volumen der Druck sinkt. Unser Verst\u00e4ndnis vom Verhalten von Stoffen werden wir fortlaufend St\u00fcck f\u00fcr St\u00fcck erweitern.<\/p>\n<p>Ausgehend von einem festen Zustandspunkt k\u00f6nnen wir jeweils zwei Zustandsgr\u00f6\u00dfen \u00e4ndern, w\u00e4hrend wir die dritte Zustandsgr\u00f6\u00dfe festhalten. Je nachdem, welche der drei Zustandsgr\u00f6\u00dfen $p,v$ oder $T$ konstant belassen wird, k\u00f6nnen wir drei Zustands\u00e4nderungen definieren und im $p,v$-Diagramm darstellen.<\/p>\n<p><img decoding=\"async\" loading=\"lazy\" class=\" wp-image-8540 aligncenter\" src=\"https:\/\/www.studyhelp.de\/online-lernen\/wp-content\/uploads\/2018\/06\/pvBeispiel-300x144.png\" alt=\"\" width=\"633\" height=\"304\" srcset=\"https:\/\/www.studyhelp.de\/online-lernen\/wp-content\/uploads\/2018\/06\/pvBeispiel-300x144.png 300w, https:\/\/www.studyhelp.de\/online-lernen\/wp-content\/uploads\/2018\/06\/pvBeispiel-768x370.png 768w, https:\/\/www.studyhelp.de\/online-lernen\/wp-content\/uploads\/2018\/06\/pvBeispiel-1024x493.png 1024w, https:\/\/www.studyhelp.de\/online-lernen\/wp-content\/uploads\/2018\/06\/pvBeispiel.png 1221w\" sizes=\"(max-width: 633px) 100vw, 633px\" \/><\/p>\n<div class=\"box info\">\n<p><strong>Die drei Zustands\u00e4nderungen lauten:<\/strong><\/p>\n<ul>\n<li><strong>Isotherme Zustands\u00e4nderung:\u00a0<\/strong>\u00c4nderung von Druck und spezifischem Volumen bei konstanter Temperatur<\/li>\n<li>I<strong>sobare Zustands\u00e4nderung:\u00a0<\/strong>\u00c4nderung von Temperatur und spezifischen Volumen bei konstantem Druck<\/li>\n<li><strong>Isochore Zustands\u00e4nderung:\u00a0<\/strong>\u00c4nderung von Temperatur und Druck bei konstantem spezifischem Volumen<\/li>\n<\/ul>\n<\/div>\n<p>Das klingt zun\u00e4chst sehr theoretisch, deswegen schlie\u00dfen wir den Abschnitt mit einem Beispiel.<\/p>\n<h4>Zustands\u00e4nderungen in einer Kolbenpumpe<\/h4>\n<p>Hier geht es direkt zum passenden YouTube-Video:<\/p>\n<div class=\"lyte-wrapper\" style=\"width:420px;max-width:100%;margin:5px;\"><div class=\"lyMe\" id=\"WYL_GWeubV4nSz8\"><div id=\"lyte_GWeubV4nSz8\" data-src=\"https:\/\/www.studyhelp.de\/online-lernen\/wp-content\/plugins\/wp-youtube-lyte\/lyteCache.php?origThumbUrl=%2F%2Fi.ytimg.com%2Fvi%2FGWeubV4nSz8%2Fhqdefault.jpg\" class=\"pL\"><div class=\"tC\"><div class=\"tT\"><\/div><\/div><div class=\"play\"><\/div><div class=\"ctrl\"><div class=\"Lctrl\"><\/div><div class=\"Rctrl\"><\/div><\/div><\/div><noscript><a href=\"https:\/\/youtu.be\/GWeubV4nSz8\" rel=\"nofollow\"><img src=\"https:\/\/www.studyhelp.de\/online-lernen\/wp-content\/plugins\/wp-youtube-lyte\/lyteCache.php?origThumbUrl=https%3A%2F%2Fi.ytimg.com%2Fvi%2FGWeubV4nSz8%2F0.jpg\" alt=\"YouTube-Video-Thumbnail\" width=\"420\" height=\"216\" \/><br \/>Dieses Video auf YouTube ansehen<\/a><\/noscript><\/div><\/div><div class=\"lL\" style=\"max-width:100%;width:420px;margin:5px;\"><\/div><br \/>\n<\/p>\n<p>In einem Beh\u00e4lter der Masse $m$ und des Volumens $V$ (woraus sich ein spezifisches Volumen $v$ ergibt) herrscht ein Druck $p$ bei einer Temperatur $T$. Der Beh\u00e4lter wird nun erw\u00e4rmt. Um welche Zustands\u00e4nderung handelt es sich?<\/p>\n<p style=\"padding-left: 30px;\">1. Die Temperatur steigt an, allerdings kann die Luft sich in der Pumpe infolge der W\u00e4rmezufuhr nicht ausdehnen, das Volumen bleibt also konstant. Es handelt sich um eine isochore Zustands\u00e4nderung mit steigendem Druck.<\/p>\n<p>Der Beh\u00e4lter besitzt oben einen verschiebbaren Kolben als Deckel. Es wird weiter W\u00e4rme zugef\u00fchrt. Um welche Zustands\u00e4nderung handelt es sich jetzt?<\/p>\n<p style=\"padding-left: 30px;\">2. Die W\u00e4rmezufuhr erh\u00f6ht die Temperatur der Luft. Der Kolben hebt sich, wodurch sich das Volumen \u00e4ndert, das spezifische Volumen \u00e4ndert sich also auch. Die Zustands\u00e4nderung ist isobar. Sobald wir Zustands\u00e4nderungen berechnen k\u00f6nnen, werden wir diese Plausibilit\u00e4ts\u00fcberlegung noch mal nachrechnen und belegen.<\/p>\n<p>Der Beh\u00e4lter wird abschlie\u00dfend mit weiter Luft bef\u00fcllt, wodurch Druck und Temperatur und Dichte steigen. Allerdings wird nun gewartet, bis die durch die Verdichtung gestiegene Temperatur wieder auf das Ausgangsniveau gesunken ist. Ist die Zustands\u00e4nderung isotherm?<\/p>\n<p style=\"padding-left: 30px;\">3. Es wird Luft in den Beh\u00e4lter gepumpt. Das spezifische Volumen und der Druck \u00e4ndern sich also. Da der Vorgang so lange dauert, bis die Luft wieder auf dem Ausgangsniveau ist, kann der Vorgang (n\u00e4herungsweise) als isotherm betrachtet werden.<\/p>\n<p>Mit diesem Beispiel beenden wir das Kapitel zu den Grundlagen. Wir k\u00f6nnen Systeme und einige Zustandsgr\u00f6\u00dfen definieren und messen und wissen, dass sich Zustandsgr\u00f6\u00dfen \u00e4ndern k\u00f6nnen. Im n\u00e4chsten Kapitel kehren wir zur Temperatur zur\u00fcck und beginnen dann, Zustands\u00e4nderungen von Systemen zu berechnen.<\/p>\n<div class=\"study-thermo-fullwidth\" id=\"study-1849834763\"><div class=\"ad fullwidth lernheft amz\">\r\n    <div class=\"inner\">\r\n        <div class=\"txt\">\r\n             <span class=\"firstline\">Thermodynamik einfach erkl\u00e4rt!<\/span>\r\n             <span class=\"secondline\">Unser Buch zum Online-Lernen Portal <\/span>\r\n        <\/div>\r\n        <div class=\"btn-container\">\r\n            <a class=\"btn orange\" target=\"_blank\" href=\"%link%\"><img src=\"https:\/\/www.studyhelp.de\/online-lernen\/wp-content\/uploads\/2018\/06\/amz.png\" alt=\"Jetzt kaufen\" title=\"Jetzt kaufen\" \/><span>Jetzt kaufen<\/span><\/a>\r\n        <\/div>\r\n        <div class=\"media\">\r\n            <div class=\"img\">\r\n                <img src=\"https:\/\/www.studyhelp.de\/online-lernen\/wp-content\/uploads\/2018\/06\/thermodynamik-einfach-erklaert.png\" alt=\"Thermodynamik einfach erkl\u00e4rt\" title=\"Jetzt Thermodynamik lernen\" \/>\r\n            <\/div>\r\n        <\/div>\r\n    <\/div>\r\n    <div class=\"figure circle\"><\/div>\r\n    <div class=\"figure circle2\"><\/div>\r\n    <div class=\"figure square\"><\/div>\r\n    <div class=\"figure triangle\"><\/div>\r\n    <div class=\"label red\"><p>19,99\u20ac<\/p><\/div>\r\n<\/div><\/div>\n","protected":false},"excerpt":{"rendered":"<p>Viele komplizierte Zusammenh\u00e4nge lassen sich in Bildern und Diagrammen einfach darstellen. In der Thermodynamik lassen sich die Zustandsgr\u00f6\u00dfen und deren \u00c4nderungen in Systemen in sogenannten -Diagrammen darstellen. Der Zustand eines Systems l\u00e4sst sich mit Druck, Temperatur und spezifischem Volumen eindeutig darstellen. Die Gleichung zeigt, dass der Zustand eines Systems eine dreidimensionale Funktion mit den Parametern [&hellip;]<\/p>\n","protected":false},"author":3,"featured_media":0,"parent":8483,"menu_order":0,"comment_status":"closed","ping_status":"closed","template":"","meta":[],"categories":[38],"tags":[],"yoast_head":"<!-- This site is optimized with the Yoast SEO plugin v14.7 - https:\/\/yoast.com\/wordpress\/plugins\/seo\/ -->\n<title>Zustands\u00e4nderung (Isobar, Isochor, Isotherm) - StudyHelp Online-Lernen<\/title>\n<meta name=\"description\" content=\"Eine Zustands\u00e4nderung in der Thermodynamik beschreibt einen komplexen Zusammenhang der drei gro\u00dfen Zustandsgr\u00f6\u00dfen Druck, Temperatur und Volumen.\" \/>\n<meta name=\"robots\" content=\"index, follow\" \/>\n<meta name=\"googlebot\" content=\"index, follow, max-snippet:-1, max-image-preview:large, max-video-preview:-1\" \/>\n<meta name=\"bingbot\" content=\"index, follow, max-snippet:-1, max-image-preview:large, max-video-preview:-1\" \/>\n<link rel=\"canonical\" href=\"https:\/\/www.studyhelp.de\/online-lernen\/thermodynamik\/zustandsaenderung\/\" \/>\n<meta property=\"og:locale\" content=\"de_DE\" \/>\n<meta property=\"og:type\" content=\"article\" \/>\n<meta property=\"og:title\" content=\"Zustands\u00e4nderung (Isobar, Isochor, Isotherm) - StudyHelp Online-Lernen\" \/>\n<meta property=\"og:description\" content=\"Eine Zustands\u00e4nderung in der Thermodynamik beschreibt einen komplexen Zusammenhang der drei gro\u00dfen Zustandsgr\u00f6\u00dfen Druck, Temperatur und Volumen.\" \/>\n<meta property=\"og:url\" content=\"https:\/\/www.studyhelp.de\/online-lernen\/thermodynamik\/zustandsaenderung\/\" \/>\n<meta property=\"og:site_name\" content=\"StudyHelp Online-Lernen\" \/>\n<meta property=\"article:modified_time\" content=\"2018-10-25T11:25:59+00:00\" \/>\n<meta property=\"og:image\" content=\"https:\/\/www.studyhelp.de\/online-lernen\/wp-content\/uploads\/2018\/06\/pv-Diagramm-300x137.png\" \/>\n<meta name=\"twitter:card\" content=\"summary_large_image\" \/>\n<script type=\"application\/ld+json\" class=\"yoast-schema-graph\">{\"@context\":\"https:\/\/schema.org\",\"@graph\":[{\"@type\":\"WebSite\",\"@id\":\"https:\/\/www.studyhelp.de\/online-lernen\/#website\",\"url\":\"https:\/\/www.studyhelp.de\/online-lernen\/\",\"name\":\"StudyHelp Online-Lernen\",\"description\":\"\",\"potentialAction\":[{\"@type\":\"SearchAction\",\"target\":\"https:\/\/www.studyhelp.de\/online-lernen\/?s={search_term_string}\",\"query-input\":\"required name=search_term_string\"}],\"inLanguage\":\"de-DE\"},{\"@type\":\"ImageObject\",\"@id\":\"https:\/\/www.studyhelp.de\/online-lernen\/thermodynamik\/zustandsaenderung\/#primaryimage\",\"inLanguage\":\"de-DE\",\"url\":\"https:\/\/www.studyhelp.de\/online-lernen\/wp-content\/uploads\/2018\/06\/pv-Diagramm.png\",\"width\":1225,\"height\":560},{\"@type\":\"WebPage\",\"@id\":\"https:\/\/www.studyhelp.de\/online-lernen\/thermodynamik\/zustandsaenderung\/#webpage\",\"url\":\"https:\/\/www.studyhelp.de\/online-lernen\/thermodynamik\/zustandsaenderung\/\",\"name\":\"Zustands\\u00e4nderung (Isobar, Isochor, Isotherm) - StudyHelp Online-Lernen\",\"isPartOf\":{\"@id\":\"https:\/\/www.studyhelp.de\/online-lernen\/#website\"},\"primaryImageOfPage\":{\"@id\":\"https:\/\/www.studyhelp.de\/online-lernen\/thermodynamik\/zustandsaenderung\/#primaryimage\"},\"datePublished\":\"2018-06-18T13:44:35+00:00\",\"dateModified\":\"2018-10-25T11:25:59+00:00\",\"description\":\"Eine Zustands\\u00e4nderung in der Thermodynamik beschreibt einen komplexen Zusammenhang der drei gro\\u00dfen Zustandsgr\\u00f6\\u00dfen Druck, Temperatur und Volumen.\",\"inLanguage\":\"de-DE\",\"potentialAction\":[{\"@type\":\"ReadAction\",\"target\":[\"https:\/\/www.studyhelp.de\/online-lernen\/thermodynamik\/zustandsaenderung\/\"]}]}]}<\/script>\n<!-- \/ Yoast SEO plugin. -->","_links":{"self":[{"href":"https:\/\/www.studyhelp.de\/online-lernen\/wp-json\/wp\/v2\/pages\/8537"}],"collection":[{"href":"https:\/\/www.studyhelp.de\/online-lernen\/wp-json\/wp\/v2\/pages"}],"about":[{"href":"https:\/\/www.studyhelp.de\/online-lernen\/wp-json\/wp\/v2\/types\/page"}],"author":[{"embeddable":true,"href":"https:\/\/www.studyhelp.de\/online-lernen\/wp-json\/wp\/v2\/users\/3"}],"replies":[{"embeddable":true,"href":"https:\/\/www.studyhelp.de\/online-lernen\/wp-json\/wp\/v2\/comments?post=8537"}],"version-history":[{"count":6,"href":"https:\/\/www.studyhelp.de\/online-lernen\/wp-json\/wp\/v2\/pages\/8537\/revisions"}],"predecessor-version":[{"id":11068,"href":"https:\/\/www.studyhelp.de\/online-lernen\/wp-json\/wp\/v2\/pages\/8537\/revisions\/11068"}],"up":[{"embeddable":true,"href":"https:\/\/www.studyhelp.de\/online-lernen\/wp-json\/wp\/v2\/pages\/8483"}],"wp:attachment":[{"href":"https:\/\/www.studyhelp.de\/online-lernen\/wp-json\/wp\/v2\/media?parent=8537"}],"wp:term":[{"taxonomy":"category","embeddable":true,"href":"https:\/\/www.studyhelp.de\/online-lernen\/wp-json\/wp\/v2\/categories?post=8537"},{"taxonomy":"post_tag","embeddable":true,"href":"https:\/\/www.studyhelp.de\/online-lernen\/wp-json\/wp\/v2\/tags?post=8537"}],"curies":[{"name":"wp","href":"https:\/\/api.w.org\/{rel}","templated":true}]}}