{"id":8551,"date":"2018-06-18T16:21:41","date_gmt":"2018-06-18T14:21:41","guid":{"rendered":"https:\/\/www.studyhelp.de\/online-lernen\/?page_id=8551"},"modified":"2019-10-28T14:17:39","modified_gmt":"2019-10-28T13:17:39","slug":"nullter-hauptsatz","status":"publish","type":"page","link":"https:\/\/www.studyhelp.de\/online-lernen\/thermodynamik\/nullter-hauptsatz\/","title":{"rendered":"Nullter Hauptsatz der Thermodynamik"},"content":{"rendered":"\n<p>Was der Nullte Hauptsatz der Thermodynamik beschreibt, erf\u00e4hrst du im folgenden Artikel! Vorweg: wir kennen Zustandsgr\u00f6\u00dfen und deren Messung. Au\u00dferdem k\u00f6nnen wir die Zustands\u00e4nderungen qualitativ beschreiben. In diesem Artikel gehen wir im ersten Abschnitt nochmal auf die Temperatur ein und kl\u00e4ren die Frage, welcher Unterschied zwischen Temperatur und W\u00e4rme besteht.<\/p>\n<div class=\"study-thermo-fullwidth\" id=\"study-827058538\"><div class=\"ad fullwidth lernheft amz\">\r\n    <div class=\"inner\">\r\n        <div class=\"txt\">\r\n             <span class=\"firstline\">Thermodynamik einfach erkl\u00e4rt!<\/span>\r\n             <span class=\"secondline\">Unser Buch zum Online-Lernen Portal <\/span>\r\n        <\/div>\r\n        <div class=\"btn-container\">\r\n            <a class=\"btn orange\" target=\"_blank\" href=\"%link%\"><img src=\"https:\/\/www.studyhelp.de\/online-lernen\/wp-content\/uploads\/2018\/06\/amz.png\" alt=\"Jetzt kaufen\" title=\"Jetzt kaufen\" \/><span>Jetzt kaufen<\/span><\/a>\r\n        <\/div>\r\n        <div class=\"media\">\r\n            <div class=\"img\">\r\n                <img src=\"https:\/\/www.studyhelp.de\/online-lernen\/wp-content\/uploads\/2018\/06\/thermodynamik-einfach-erklaert.png\" alt=\"Thermodynamik einfach erkl\u00e4rt\" title=\"Jetzt Thermodynamik lernen\" \/>\r\n            <\/div>\r\n        <\/div>\r\n    <\/div>\r\n    <div class=\"figure circle\"><\/div>\r\n    <div class=\"figure circle2\"><\/div>\r\n    <div class=\"figure square\"><\/div>\r\n    <div class=\"figure triangle\"><\/div>\r\n    <div class=\"label red\"><p>19,99\u20ac<\/p><\/div>\r\n<\/div><\/div>\n<h2>Unterschied Temperatur und W\u00e4rme<\/h2>\n<p>Die Temperatur ist eine Zustandsgr\u00f6\u00dfe, f\u00fcr die der Mensch intuitiv ein Gef\u00fchl hat. Wir k\u00f6nnen f\u00fchlen, ob Wasser hei\u00df oder kalt ist. Tats\u00e4chlich wird unser Temperaturempfinden jedoch von W\u00e4rme\u00fcbertragungsmechanismen auf der Haut und der Umgebungstemperatur beeinflusst, weshalb wir die thermodynamische Temperatur eines Systems nur mit Hilfsmitteln ermitteln k\u00f6nnen.<\/p>\n<p>Wir k\u00f6nnen beobachten, dass zwei Systeme der gleichen Zustandsgr\u00f6\u00dfe Temperatur im thermischen Gleichgewicht stehen. Ein Wasserglas mit Umgebungstemperatur wird sich in der K\u00fcche von alleine weder erw\u00e4rmen noch abk\u00fchlen. Vorerst nennen wir die Beobachtung der Systeme gleicher Temperatur im Gleichgewicht den &#8220; 0. Hauptsatz der Thermodynamik&#8220; und behalten ihn im Kopf.<\/p>\n<p>Was ist der Unterschied zwischen Temperatur und W\u00e4rme? Wer seine Hand in einen Beh\u00e4lter mit 50 Grad warmen Wasser oder 50 Grad warmer Luft h\u00e4lt, sp\u00fcrt einen Unterschied. Die Luft ist zwar auch bereits unangenehm hei\u00df, aus dem Wasser wird man die Hand aber intuitiv sofort herausziehen. Dies hat neben den Unterschieden der W\u00e4rme\u00fcbertragung von Luft und Wasser auf die Haut etwas mit der enthaltenen W\u00e4rmemenge zu tun.<\/p>\n<p>Temperatur ist eine thermodynamische Zustandsgr\u00f6\u00dfe, die das Niveau angibt, auf dem eine bestimmte Energiemenge W\u00e4rme in einem Stoff vorhanden ist. Die gespeicherte W\u00e4rme in einem Stoff kann sich bei gleichen Temperaturen je nach Art des Stoffes unterscheiden.<\/p>\n<p><img decoding=\"async\" loading=\"lazy\" class=\"wp-image-15119 size-large aligncenter\" src=\"https:\/\/www.studyhelp.de\/online-lernen\/wp-content\/uploads\/2019\/10\/UnterschiedWaermeTemperatur-1024x353.png\" alt=\"\" width=\"1024\" height=\"353\" srcset=\"https:\/\/www.studyhelp.de\/online-lernen\/wp-content\/uploads\/2019\/10\/UnterschiedWaermeTemperatur-1024x353.png 1024w, https:\/\/www.studyhelp.de\/online-lernen\/wp-content\/uploads\/2019\/10\/UnterschiedWaermeTemperatur-300x104.png 300w, https:\/\/www.studyhelp.de\/online-lernen\/wp-content\/uploads\/2019\/10\/UnterschiedWaermeTemperatur-768x265.png 768w, https:\/\/www.studyhelp.de\/online-lernen\/wp-content\/uploads\/2019\/10\/UnterschiedWaermeTemperatur.png 1159w\" sizes=\"(max-width: 1024px) 100vw, 1024px\" \/><\/p>\n<p>\u00dcbrigens: Wasser hat die F\u00e4higkeit, sehr viel mehr W\u00e4rme zu speichern, als andere Medien. Deswegen wird Wasser gerne als W\u00e4rmespeicher und -transportmedium in Heizungen eingesetzt.<\/p>\n<div class=\"lyte-wrapper\" title=\"Der Unterschied von W&auml;rme und Temperatur - Thermodynamik\" style=\"width:420px;max-width:100%;margin:5px;\"><div class=\"lyMe\" id=\"WYL__Dk6ek7UAYU\"><div id=\"lyte__Dk6ek7UAYU\" data-src=\"https:\/\/www.studyhelp.de\/online-lernen\/wp-content\/plugins\/wp-youtube-lyte\/lyteCache.php?origThumbUrl=https%3A%2F%2Fi.ytimg.com%2Fvi%2F_Dk6ek7UAYU%2Fhqdefault.jpg\" class=\"pL\"><div class=\"tC\"><div class=\"tT\">Der Unterschied von W\u00e4rme und Temperatur - Thermodynamik<\/div><\/div><div class=\"play\"><\/div><div class=\"ctrl\"><div class=\"Lctrl\"><\/div><div class=\"Rctrl\"><\/div><\/div><\/div><noscript><a href=\"https:\/\/youtu.be\/_Dk6ek7UAYU\" rel=\"nofollow\"><img src=\"https:\/\/www.studyhelp.de\/online-lernen\/wp-content\/plugins\/wp-youtube-lyte\/lyteCache.php?origThumbUrl=https%3A%2F%2Fi.ytimg.com%2Fvi%2F_Dk6ek7UAYU%2F0.jpg\" alt=\"Der Unterschied von W&auml;rme und Temperatur - Thermodynamik\" width=\"420\" height=\"216\" \/><br \/>Dieses Video auf YouTube ansehen<\/a><\/noscript><\/div><\/div><div class=\"lL\" style=\"max-width:100%;width:420px;margin:5px;\"><\/div><br \/>\n<\/p>\n","protected":false},"excerpt":{"rendered":"<p>Was der Nullte Hauptsatz der Thermodynamik beschreibt, erf\u00e4hrst du im folgenden Artikel! Vorweg: wir kennen Zustandsgr\u00f6\u00dfen und deren Messung. Au\u00dferdem k\u00f6nnen wir die Zustands\u00e4nderungen qualitativ beschreiben. In diesem Artikel gehen wir im ersten Abschnitt nochmal auf die Temperatur ein und kl\u00e4ren die Frage, welcher Unterschied zwischen Temperatur und W\u00e4rme besteht. Unterschied Temperatur und W\u00e4rme Die [&hellip;]<\/p>\n","protected":false},"author":3,"featured_media":0,"parent":8483,"menu_order":0,"comment_status":"closed","ping_status":"closed","template":"","meta":[],"categories":[38],"tags":[],"yoast_head":"<!-- This site is optimized with the Yoast SEO plugin v14.7 - https:\/\/yoast.com\/wordpress\/plugins\/seo\/ -->\n<title>Nullter Hauptsatz der Thermodynamik - StudyHelp Online-Lernen<\/title>\n<meta name=\"description\" content=\"Der &quot;0. Hauptsatz&quot; der Thermodynamik wird in diesem Artikel leicht verst\u00e4ndlich erkl\u00e4rt. Inklusive kostenlosem Lernvideo zum Nullten Hauptsatz!\" \/>\n<meta name=\"robots\" content=\"index, follow\" \/>\n<meta name=\"googlebot\" content=\"index, follow, max-snippet:-1, max-image-preview:large, max-video-preview:-1\" \/>\n<meta name=\"bingbot\" content=\"index, follow, max-snippet:-1, max-image-preview:large, max-video-preview:-1\" \/>\n<link rel=\"canonical\" href=\"https:\/\/www.studyhelp.de\/online-lernen\/thermodynamik\/nullter-hauptsatz\/\" \/>\n<meta property=\"og:locale\" content=\"de_DE\" \/>\n<meta property=\"og:type\" content=\"article\" \/>\n<meta property=\"og:title\" content=\"Nullter Hauptsatz der Thermodynamik - StudyHelp Online-Lernen\" \/>\n<meta property=\"og:description\" content=\"Der &quot;0. Hauptsatz&quot; der Thermodynamik wird in diesem Artikel leicht verst\u00e4ndlich erkl\u00e4rt. Inklusive kostenlosem Lernvideo zum Nullten Hauptsatz!\" \/>\n<meta property=\"og:url\" content=\"https:\/\/www.studyhelp.de\/online-lernen\/thermodynamik\/nullter-hauptsatz\/\" \/>\n<meta property=\"og:site_name\" content=\"StudyHelp Online-Lernen\" \/>\n<meta property=\"article:modified_time\" content=\"2019-10-28T13:17:39+00:00\" \/>\n<meta property=\"og:image\" content=\"https:\/\/www.studyhelp.de\/online-lernen\/wp-content\/uploads\/2019\/10\/UnterschiedWaermeTemperatur-1024x353.png\" \/>\n<meta name=\"twitter:card\" content=\"summary_large_image\" \/>\n<script type=\"application\/ld+json\" class=\"yoast-schema-graph\">{\"@context\":\"https:\/\/schema.org\",\"@graph\":[{\"@type\":\"WebSite\",\"@id\":\"https:\/\/www.studyhelp.de\/online-lernen\/#website\",\"url\":\"https:\/\/www.studyhelp.de\/online-lernen\/\",\"name\":\"StudyHelp Online-Lernen\",\"description\":\"\",\"potentialAction\":[{\"@type\":\"SearchAction\",\"target\":\"https:\/\/www.studyhelp.de\/online-lernen\/?s={search_term_string}\",\"query-input\":\"required name=search_term_string\"}],\"inLanguage\":\"de-DE\"},{\"@type\":\"ImageObject\",\"@id\":\"https:\/\/www.studyhelp.de\/online-lernen\/thermodynamik\/nullter-hauptsatz\/#primaryimage\",\"inLanguage\":\"de-DE\",\"url\":\"https:\/\/www.studyhelp.de\/online-lernen\/wp-content\/uploads\/2019\/10\/UnterschiedWaermeTemperatur.png\",\"width\":1159,\"height\":400},{\"@type\":\"WebPage\",\"@id\":\"https:\/\/www.studyhelp.de\/online-lernen\/thermodynamik\/nullter-hauptsatz\/#webpage\",\"url\":\"https:\/\/www.studyhelp.de\/online-lernen\/thermodynamik\/nullter-hauptsatz\/\",\"name\":\"Nullter Hauptsatz der Thermodynamik - StudyHelp Online-Lernen\",\"isPartOf\":{\"@id\":\"https:\/\/www.studyhelp.de\/online-lernen\/#website\"},\"primaryImageOfPage\":{\"@id\":\"https:\/\/www.studyhelp.de\/online-lernen\/thermodynamik\/nullter-hauptsatz\/#primaryimage\"},\"datePublished\":\"2018-06-18T14:21:41+00:00\",\"dateModified\":\"2019-10-28T13:17:39+00:00\",\"description\":\"Der \\\"0. Hauptsatz\\\" der Thermodynamik wird in diesem Artikel leicht verst\\u00e4ndlich erkl\\u00e4rt. Inklusive kostenlosem Lernvideo zum Nullten Hauptsatz!\",\"inLanguage\":\"de-DE\",\"potentialAction\":[{\"@type\":\"ReadAction\",\"target\":[\"https:\/\/www.studyhelp.de\/online-lernen\/thermodynamik\/nullter-hauptsatz\/\"]}]}]}<\/script>\n<!-- \/ Yoast SEO plugin. -->","_links":{"self":[{"href":"https:\/\/www.studyhelp.de\/online-lernen\/wp-json\/wp\/v2\/pages\/8551"}],"collection":[{"href":"https:\/\/www.studyhelp.de\/online-lernen\/wp-json\/wp\/v2\/pages"}],"about":[{"href":"https:\/\/www.studyhelp.de\/online-lernen\/wp-json\/wp\/v2\/types\/page"}],"author":[{"embeddable":true,"href":"https:\/\/www.studyhelp.de\/online-lernen\/wp-json\/wp\/v2\/users\/3"}],"replies":[{"embeddable":true,"href":"https:\/\/www.studyhelp.de\/online-lernen\/wp-json\/wp\/v2\/comments?post=8551"}],"version-history":[{"count":6,"href":"https:\/\/www.studyhelp.de\/online-lernen\/wp-json\/wp\/v2\/pages\/8551\/revisions"}],"predecessor-version":[{"id":15120,"href":"https:\/\/www.studyhelp.de\/online-lernen\/wp-json\/wp\/v2\/pages\/8551\/revisions\/15120"}],"up":[{"embeddable":true,"href":"https:\/\/www.studyhelp.de\/online-lernen\/wp-json\/wp\/v2\/pages\/8483"}],"wp:attachment":[{"href":"https:\/\/www.studyhelp.de\/online-lernen\/wp-json\/wp\/v2\/media?parent=8551"}],"wp:term":[{"taxonomy":"category","embeddable":true,"href":"https:\/\/www.studyhelp.de\/online-lernen\/wp-json\/wp\/v2\/categories?post=8551"},{"taxonomy":"post_tag","embeddable":true,"href":"https:\/\/www.studyhelp.de\/online-lernen\/wp-json\/wp\/v2\/tags?post=8551"}],"curies":[{"name":"wp","href":"https:\/\/api.w.org\/{rel}","templated":true}]}}