{"id":8601,"date":"2018-06-19T11:26:06","date_gmt":"2018-06-19T09:26:06","guid":{"rendered":"https:\/\/www.studyhelp.de\/online-lernen\/?page_id=8601"},"modified":"2018-10-18T14:51:00","modified_gmt":"2018-10-18T12:51:00","slug":"exergie-und-anergie","status":"publish","type":"page","link":"https:\/\/www.studyhelp.de\/online-lernen\/thermodynamik\/exergie-und-anergie\/","title":{"rendered":"Exergie und Anergie"},"content":{"rendered":"\n<p>In diesem Artikel besch\u00e4ftigen wir uns mit der Exergie und der Anergie. Zusammengefasst kann gesagt werden, dass sie den nutzbaren und nicht-nutzbaren Teil von W\u00e4rme beschreiben. Eine genaue Beschreibung von Exergie und Anergie findest du im folgenden Artikel.<\/p>\n<p><strong>Inhaltsangabe<\/strong><\/p>\n<ul>\n<li><a href=\"#\u00fcbersicht-exergie-anergie\">\u00dcbersicht Exergie und Anergie<\/a><\/li>\n<li><a href=\"#die-exergie-eines-stoffstromes\">Die Exergie eines Stoffstromes<\/a><\/li>\n<li><a href=\"#konvektion-w\u00e4rmeleitung-und-strahlung\">Konvektion, W\u00e4rmeleitung und Strahlung<\/a><\/li>\n<\/ul>\n<p>Wir haben bereits kennengelernt, dass W\u00e4rme nur von Systemen h\u00f6herer Entropie zu Systemen niedrigerer Entropie flie\u00dfen kann. W\u00e4rme flie\u00dft von w\u00e4rmeren zu k\u00e4lteren Temperaturen. Diese unumkehrbare Tatsache hat leider eine Konsequenz f\u00fcr die Verwendbarkeit von W\u00e4rme als Energietr\u00e4ger in technischen Systemen.<\/p>\n<div class=\"study-thermo-fullwidth\" id=\"study-628502399\"><div class=\"ad fullwidth lernheft amz\">\r\n    <div class=\"inner\">\r\n        <div class=\"txt\">\r\n             <span class=\"firstline\">Thermodynamik einfach erkl\u00e4rt!<\/span>\r\n             <span class=\"secondline\">Unser Buch zum Online-Lernen Portal <\/span>\r\n        <\/div>\r\n        <div class=\"btn-container\">\r\n            <a class=\"btn orange\" target=\"_blank\" href=\"%link%\"><img src=\"https:\/\/www.studyhelp.de\/online-lernen\/wp-content\/uploads\/2018\/06\/amz.png\" alt=\"Jetzt kaufen\" title=\"Jetzt kaufen\" \/><span>Jetzt kaufen<\/span><\/a>\r\n        <\/div>\r\n        <div class=\"media\">\r\n            <div class=\"img\">\r\n                <img src=\"https:\/\/www.studyhelp.de\/online-lernen\/wp-content\/uploads\/2018\/06\/thermodynamik-einfach-erklaert.png\" alt=\"Thermodynamik einfach erkl\u00e4rt\" title=\"Jetzt Thermodynamik lernen\" \/>\r\n            <\/div>\r\n        <\/div>\r\n    <\/div>\r\n    <div class=\"figure circle\"><\/div>\r\n    <div class=\"figure circle2\"><\/div>\r\n    <div class=\"figure square\"><\/div>\r\n    <div class=\"figure triangle\"><\/div>\r\n    <div class=\"label red\"><p>19,99\u20ac<\/p><\/div>\r\n<\/div><\/div>\n<h2 class=\"anchor\" id=\"\u00fcbersicht-exergie-anergie\">\u00dcbersicht Exergie und Anergie<\/h2>\n<div class=\"lyte-wrapper\" title=\"Exergie, Anergie und W&auml;rme - Thermodynamik\" style=\"width:420px;max-width:100%;margin:5px;\"><div class=\"lyMe\" id=\"WYL_DRvwrkvaZB4\"><div id=\"lyte_DRvwrkvaZB4\" data-src=\"https:\/\/www.studyhelp.de\/online-lernen\/wp-content\/plugins\/wp-youtube-lyte\/lyteCache.php?origThumbUrl=https%3A%2F%2Fi.ytimg.com%2Fvi%2FDRvwrkvaZB4%2Fhqdefault.jpg\" class=\"pL\"><div class=\"tC\"><div class=\"tT\">Exergie, Anergie und W\u00e4rme - Thermodynamik<\/div><\/div><div class=\"play\"><\/div><div class=\"ctrl\"><div class=\"Lctrl\"><\/div><div class=\"Rctrl\"><\/div><\/div><\/div><noscript><a href=\"https:\/\/youtu.be\/DRvwrkvaZB4\" rel=\"nofollow\"><img src=\"https:\/\/www.studyhelp.de\/online-lernen\/wp-content\/plugins\/wp-youtube-lyte\/lyteCache.php?origThumbUrl=https%3A%2F%2Fi.ytimg.com%2Fvi%2FDRvwrkvaZB4%2F0.jpg\" alt=\"Exergie, Anergie und W&auml;rme - Thermodynamik\" width=\"420\" height=\"216\" \/><br \/>Dieses Video auf YouTube ansehen<\/a><\/noscript><\/div><\/div><div class=\"lL\" style=\"max-width:100%;width:420px;margin:5px;\"><\/div><br \/>\n<\/p>\n<p>Wir k\u00f6nnen uns einen Tank mit $40\u00b0\\text{C}$ warmen Wasser vorstellen. Mit Hilfe der W\u00e4rmekapazit\u00e4t k\u00f6nnen wir n\u00e4herungsweise bestimmen, wie viel W\u00e4rme der Tank enth\u00e4lt (n\u00e4herungsweise, weil W\u00e4rmekapazit\u00e4ten nur f\u00fcr ideale Gase konstant sind). Die so berechnete W\u00e4rmemenge ist aber tr\u00fcgerisch, denn wir k\u00f6nnen sie technisch nicht vollst\u00e4ndig nutzen, um damit einen Raum zu erw\u00e4rmen. Ist der Raum $25\u00b0\\text{C}$ warm, k\u00f6nnen wir das Wasser im Tank durch W\u00e4rmeabgabe an den Raum so lange nutzen, bis es im thermodynamischen Gleichgewicht mit der Umgebung steht, die Temperaturen also gleich sind. Die dann noch im Tank befindliche W\u00e4rmemenge ist nicht mehr zum Heizen nutzbar! Ist die Umgebungsluft bereits $40\u00b0\\text{C}$ warm, k\u00f6nnen wir sogar gar nichts von der W\u00e4rme im Wassertank nutzen.<\/p>\n<p>W\u00e4rme ist eine entropiebehaftete Gr\u00f6\u00dfe. Entropiebehaftete Gr\u00f6\u00dfen wie W\u00e4rme sind nicht in jeder Umgebung vollumf\u00e4nglich in andere Energieformen umwandelbar. Wir m\u00fcssen deshalb unsere Vorstellung von W\u00e4rme pr\u00e4zisieren und teilen die W\u00e4rme in zwei Teile:<\/p>\n<div class=\"box info\">\n<ul>\n<li><strong>Exergie:\u00a0<\/strong>der Teil der W\u00e4rme, der durch Abk\u00fchlung bis auf Umgebungstemperatur technisch nutzbar ist<\/li>\n<li><strong>Anergie:\u00a0<\/strong>die verbleibende W\u00e4rmemenge ist zwar als Energie vorhanden, kann jedoch aufgrund der Bedingung des zweiten Hauptsatzes nicht genutzt werden<\/li>\n<\/ul>\n<\/div>\n<p><img decoding=\"async\" loading=\"lazy\" class=\"wp-image-8608 aligncenter\" src=\"https:\/\/www.studyhelp.de\/online-lernen\/wp-content\/uploads\/2018\/06\/UnterschiedAnergieExergie-1024x554.png\" alt=\"\" width=\"764\" height=\"413\" srcset=\"https:\/\/www.studyhelp.de\/online-lernen\/wp-content\/uploads\/2018\/06\/UnterschiedAnergieExergie-1024x554.png 1024w, https:\/\/www.studyhelp.de\/online-lernen\/wp-content\/uploads\/2018\/06\/UnterschiedAnergieExergie-300x162.png 300w, https:\/\/www.studyhelp.de\/online-lernen\/wp-content\/uploads\/2018\/06\/UnterschiedAnergieExergie-768x415.png 768w, https:\/\/www.studyhelp.de\/online-lernen\/wp-content\/uploads\/2018\/06\/UnterschiedAnergieExergie.png 1167w\" sizes=\"(max-width: 764px) 100vw, 764px\" \/><\/p>\n<p>Der Anteil der Exergie an einer W\u00e4rmemenge muss berechnet werden. Hierf\u00fcr stellen wir zwei unterschiedliche Konzepte vor.<\/p>\n<h2 class=\"anchor\" id=\"die-exergie-eines-stoffstromes\">Die Exergie eines Stoffstromes<\/h2>\n<p>Wer eine Heizung auslegen will, sollte sich mit Exergie besch\u00e4ftigen. Wir stellen uns eine Rohrleitung im Vorlauf eines Heizk\u00f6rpers vor, der einen $20\u00b0\\text{C}$ warmen Raum weiter aufheizen soll. Wie viel Exergie transportiert das Wasser im Vorlauf?<\/p>\n<p>Der erste Hauptsatz f\u00fcr ein offenes System wie den Vorlauf lautet (wie gewohnt unter Vernachl\u00e4ssigung der mechanischen Energieformen):<\/p>\n<p>$$\\dot{Q} + P = \\dot{m} \\cdot \\Delta h$$<\/p>\n<p>Der Wasserstrom transportiert W\u00e4rme, ohne dabei Arbeit zu verrichten. Der W\u00e4rmestrom entspricht also der Enthalpiedifferenz mal dem Stoffstrom:<\/p>\n<p>$$\\dot{Q}= \\dot{m} \\cdot \\Delta h$$<\/p>\n<p>Der Exergiestrom $\\dot{E}$ muss nun der W\u00e4rmestrom abz\u00fcglich der mitgef\u00fchrten Anergie $a$ sein.<\/p>\n<p>$$\\dot{E}= \\dot{m} \\cdot (\\Delta h &#8211; a)$$<\/p>\n<p>Die Anergie ist die W\u00e4rmemenge bei Umgebungstemperatur. Die W\u00e4rme ist \u00fcber die Temperatur mit der Entropie verkn\u00fcpft:<\/p>\n<p>$$a= T_u \\cdot \\Delta s$$<\/p>\n<p>Der Exergiestrom eines W\u00e4rmestroms ist also<\/p>\n<p>$$\\dot{E} = \\dot{m} \\cdot ( \\Delta h- T_u \\cdot \\Delta s)$$<\/p>\n<p>wobei die Differenz der Enthalpie und Entropie am Ein- und Ausgang des offenen Systems bestimmt werden muss. F\u00fcr ein ideales Gas kann der Exergiestrom wie folgt berechnet werden<\/p>\n<div class=\"box info\">\n<p>$$\\dot{E} = \\dot{m} \\cdot \\left( c_p \\cdot \\Delta T &#8211; T_u \\cdot \\left[ c_p \\cdot \\ln \\left( \\frac{T_2}{T_1} \\right) &#8211; R \\cdot \\ln \\left( \\frac{p_2}{p_1} \\right) \\right] \\right)$$<\/p>\n<\/div>\n<p>Die Gleichung zu Berechnung der Enthalpiedifferenz ist die kalorische Zustandsgleichung.\u00a0Lassen wir also ein ideales Gas durch ein Rohr flie\u00dfen, k\u00f6nnen wir berechnen, wie gro\u00df die dabei transportierte Exergie ist.<\/p>\n<p><strong> Beispielvideo<\/strong> <em>Exergie eines Stoffstroms<\/em><\/p>\n<div class=\"lyte-wrapper\" title=\"Exergie eines Stoffstroms\" style=\"width:420px;max-width:100%;margin:5px;\"><div class=\"lyMe\" id=\"WYL_oSv0HALseEw\"><div id=\"lyte_oSv0HALseEw\" data-src=\"https:\/\/www.studyhelp.de\/online-lernen\/wp-content\/plugins\/wp-youtube-lyte\/lyteCache.php?origThumbUrl=https%3A%2F%2Fi.ytimg.com%2Fvi%2FoSv0HALseEw%2Fhqdefault.jpg\" class=\"pL\"><div class=\"tC\"><div class=\"tT\">Exergie eines Stoffstroms<\/div><\/div><div class=\"play\"><\/div><div class=\"ctrl\"><div class=\"Lctrl\"><\/div><div class=\"Rctrl\"><\/div><\/div><\/div><noscript><a href=\"https:\/\/youtu.be\/oSv0HALseEw\" rel=\"nofollow\"><img src=\"https:\/\/www.studyhelp.de\/online-lernen\/wp-content\/plugins\/wp-youtube-lyte\/lyteCache.php?origThumbUrl=https%3A%2F%2Fi.ytimg.com%2Fvi%2FoSv0HALseEw%2F0.jpg\" alt=\"Exergie eines Stoffstroms\" width=\"420\" height=\"216\" \/><br \/>Dieses Video auf YouTube ansehen<\/a><\/noscript><\/div><\/div><div class=\"lL\" style=\"max-width:100%;width:420px;margin:5px;\"><\/div><br \/>\n<\/p>\n<p>Die Exergie einer W\u00e4rmemenge k\u00f6nnen wir berechnen. Dabei stellt sich die Frage, wie viel Exergie eigentlich in Arbeit steckt. Die Antwort darauf ist sehr einfach, weil Arbeit aus reiner Exergie besteht. Arbeit kann unabh\u00e4ngig von der Umgebungstemperatur aber abgesehen von unvermeidbaren Dissipationsverlusten in andere Energieformen umgesetzt werden.<\/p>\n<p>Wir wissen nun, dass f\u00fcr technische Prozesse, die W\u00e4rme nutzen, der Exergieanteil entscheidend ist. Bevor wir uns im n\u00e4chsten Kapitel Kreislaufprozessen widmen, in denen W\u00e4rme genutzt wird, um daraus Arbeit zu gewinnen, schauen wir uns W\u00e4rme\u00fcbertragung an. Das Wissen \u00fcber den nutzbaren Anteil von W\u00e4rme wird erst dann interessant, wenn wir wissen, wie die W\u00e4rme \u00fcberhaupt von $A$ nach $B$ kommt.<\/p>\n<p>Die W\u00e4rme\u00fcbertragung hat sich aus der Thermodynamik entwickelt, ist jedoch mittlerweile eine selbstst\u00e4ndige ingenieurwissenschaftliche Disziplin und wird hier nur kurz vorgestellt.<\/p>\n<h2 class=\"anchor\" id=\"konvektion-w\u00e4rmeleitung-und-strahlung\">Konvektion, W\u00e4rmeleitung und Strahlung<\/h2>\n<p>In diesem Abschnitt stellen wir die drei Mechanismen vor, \u00fcber die W\u00e4rme \u00fcbertragen werden kann. Wer sich f\u00fcr seine Klausur nicht mit W\u00e4rme\u00fcbertragung besch\u00e4ftigen muss, kann dieses Kapitel guten Gewissens \u00fcberspringen. Vertiefende Literatur zur W\u00e4rme\u00fcbertragung findet sich im Anhang.<\/p>\n<h4>Den Raum heizen: Konvektion und W\u00e4rmeleitung<\/h4>\n<p>Wer die Pflanzen auf dem Fensterbrett \u00fcber einem Heizk\u00f6rper beobachtet, dem f\u00e4llt vielleicht auf, dass sich einige Bl\u00e4tter leicht bewegen. Die erw\u00e4rmte Luft \u00fcber dem Heizk\u00f6rper reduziert ihre Dichte (das kennen wir vom idealen Gasgesetz) und wird somit leichter als die Umgebungsluft. In der Konsequenz steigt sie auf und bewegt etwa Bl\u00e4tter einer Pflanze auf der Fensterbank. Beim Aufsteigen k\u00fchlt sie durch W\u00e4rmeaustausch mit der Umgebungsluft (vor allem am kalten Fenster) ab und sinkt dadurch wieder. Es entsteht eine Luftwalze, die permanent erw\u00e4rmte Luft durch den Raum bewegt.<\/p>\n<p><img decoding=\"async\" loading=\"lazy\" class=\"wp-image-8610 aligncenter\" src=\"https:\/\/www.studyhelp.de\/online-lernen\/wp-content\/uploads\/2018\/06\/Luftwalze-1024x596.png\" alt=\"\" width=\"678\" height=\"395\" srcset=\"https:\/\/www.studyhelp.de\/online-lernen\/wp-content\/uploads\/2018\/06\/Luftwalze-1024x596.png 1024w, https:\/\/www.studyhelp.de\/online-lernen\/wp-content\/uploads\/2018\/06\/Luftwalze-300x175.png 300w, https:\/\/www.studyhelp.de\/online-lernen\/wp-content\/uploads\/2018\/06\/Luftwalze-768x447.png 768w, https:\/\/www.studyhelp.de\/online-lernen\/wp-content\/uploads\/2018\/06\/Luftwalze.png 1118w\" sizes=\"(max-width: 678px) 100vw, 678px\" \/><\/p>\n<p>Die \u00dcbertragung von W\u00e4rme durch die Bewegung von Fluiden wird als Konvektion bezeichnet. Die oben beschriebene Konvektion wird als frei bezeichnet, weil sie selbstst\u00e4ndig abl\u00e4uft. Bewege ich hei\u00dfe Luft durch ein Gebl\u00e4se (wie beim Haare f\u00f6hnen), wird von erzwungener Konvektion gesprochen.<\/p>\n<p>Schauen wir uns die Grenzfl\u00e4che zwischen Luft und Heizk\u00f6rper an. Der W\u00e4rmestrom, der den Heizk\u00f6rper an seiner Grenzfl\u00e4che verl\u00e4sst, muss gleich dem W\u00e4rmestrom sein, den die Luftbewegung an der Grenzfl\u00e4che (hier definiert als $x=0$) abtransportiert<\/p>\n<p>$$\\dot{Q}_{Festk\u00f6rper} (x=0) = \\dot{Q}_{Fluid} (x=0)$$<\/p>\n<p>Der W\u00e4rmestrom durch einen Festk\u00f6rper an einer beliebigen Stelle ist gleich dem Produkt aus seiner W\u00e4rmeleitf\u00e4higkeit $\\lambda$, seiner Querschnittsfl\u00e4che $A$ und dem Temperaturgradienten $\\frac{\\delta T}{\\delta x}$ an der betrachteten Stelle.<\/p>\n<p>$$\\dot{Q}_{Festk\u00f6rper} = \\lambda \\cdot A \\cdot \\frac{\\delta T}{\\delta x}$$<\/p>\n<p>Die W\u00e4rmeleitf\u00e4higkeit beschreibt, welcher W\u00e4rmestrom pro Temperaturdifferenz \u00fcber eine L\u00e4nge \u00fcbertragen wird und hat die Dimension $\\left[ \\frac{\\text{W}}{\\text{Km}}\\right]$. Der Temperaturgradient ist die Ableitung der Temperatur nach dem Weg und beschreibt somit die \u00c4nderung der Temperatur \u00fcber der L\u00e4nge eines K\u00f6rpers. Ist ein K\u00f6rper \u00fcberall gleich warm, ist der Temperaturgradient also null. Anders herum kann auch nur dann W\u00e4rme durch einen K\u00f6rper flie\u00dfen, wenn es einen Temperaturunterschied gibt. Das passt zu unserem Verst\u00e4ndnis des zweiten Hauptsatzes. Der Kehrwert der W\u00e4rmeleitf\u00e4higkeit ist \u00fcbrigens der W\u00e4rmewiderstand eines K\u00f6rpers.<\/p>\n<p>Den Transport von W\u00e4rme durch einen Festk\u00f6rper wird als W\u00e4rmeleitung beschreiben. Integrieren wir die Differentialgleichung f\u00fcr die W\u00e4rmeleitung \u00fcber eine L\u00e4nge $L$, erhalten wir die Gleichung zur Berechnung der W\u00e4rmeleitung unter Annahme eines linearen Temperaturgradienten:<\/p>\n<p>$$\\dot{Q}_{Festk\u00f6rper} = \\lambda \\cdot A \\cdot \\frac{\\delta T}{\\delta L}$$<\/p>\n<p>Kehren wir zur\u00fcck zum W\u00e4rmetransport an der Grenzfl\u00e4che von Festk\u00f6rper und Fluid. Der W\u00e4rmestrom wird aus dem warmen Festk\u00f6rper an das Fluid \u00fcbertragen und berechnet sich im Fluid mit Hilfe des W\u00e4rme\u00fcbergangskoeffizienten $\\alpha \\left[ \\frac{\\text{W}}{\\text{Km}^2}\\right]$.<\/p>\n<p>$$\\dot{Q}_{Festk\u00f6rper} = A \\cdot \\alpha \\cdot \\delta T$$<\/p>\n<p>Der W\u00e4rme\u00fcbergangskoeffizient beschreibt, welche W\u00e4rmemenge pro Temperaturdifferenz (die Triebfeder jeder freien W\u00e4rme\u00fcbertragung) \u00fcber eine Fl\u00e4che $A$ flie\u00dfen kann. Setzen wir nun die beiden Gleichungen der W\u00e4rmestr\u00f6me an der Grenzfl\u00e4che gleich folgt:<\/p>\n<p>$$\\lambda \\cdot A \\cdot \\frac{\\Delta T_1}{\\Delta L} = A \\cdot \\alpha \\cdot \\delta T_2$$<\/p>\n<p>K\u00fcrzen wir den Querschnitt und setzen $T$ als Temperatur der Grenzfl\u00e4che und $T_h$ als Temperatur der Heizung, k\u00f6nnen wir n\u00e4herungsweise berechnen, wie warm die Luft am Heizk\u00f6rper wird:<\/p>\n<p>$$T_{Luft} = \\frac{\\lambda \\cdot (T-T_h)}{\\Delta L \\cdot \\alpha} + T_h$$<\/p>\n<h4>Der Sonnenbrand: W\u00e4rmestrahlung<\/h4>\n<p>Wer sich im Sommerurlaub am Strand die Haut verbrennt, kommt dabei nicht mit Stoffstr\u00f6men in Ber\u00fchrung, die den weiten Weg von der Sonne hinter sich haben und hat die Sonne auch nicht ber\u00fchrt. W\u00e4rme kann (auch \u00fcber sehr weite Distanzen) als Strahlung \u00fcbertragen werden.<\/p>\n<p>Wir vertiefen die physikalischen Grundlagen (welche Strahlungsformen es gibt und wie sie aussehen) an dieser Stelle nicht weiter, sondern stellen uns W\u00e4rmestrahlen vor, die sich von einem strahlenden K\u00f6rper aus durch die Luft bewegen und dabei W\u00e4rme \u00fcbertragen. Wenn Sie dies tun, l\u00e4sst sich der durch sie \u00fcbertragene W\u00e4rmestrom ann\u00e4hern durch<\/p>\n<p>$$\\dot{Q} = A \\cdot \\sigma \\cdot T^4$$<\/p>\n<p>Die Gleichung wird als Stefan Boltzmann Gesetz bezeichnet, darin ist $T$ die Temperatur des strahlenden K\u00f6rpers, $A$ der Querschnitt, durch den die Strahlung emittiert (ausgestrahlt) wird und $\\sigma$ eine Naturkonstante (wie das Gesetz zur W\u00e4rmestrahlung benannt nach ihren Entdeckern). Bemerkenswert ist, dass die W\u00e4rmemenge, die ein K\u00f6rper emittiert, um den Faktor 16 ($2^4$) steigt, wenn sich die Temperatur verdoppelt.<\/p>\n<p>Nach diesem kleinen Exkurs kennen wir nun die grundlegenden Mechanismen der W\u00e4rme\u00fcbertragung. Vertiefende Literatur f\u00fcr all diejenigen, die sich intensiver mit diesem Themengebiet besch\u00e4ftigen m\u00f6chten, findet sich im Anhang.<\/p>\n<div class=\"study-thermo-fullwidth\" id=\"study-3911110757\"><div class=\"ad fullwidth lernheft amz\">\r\n    <div class=\"inner\">\r\n        <div class=\"txt\">\r\n             <span class=\"firstline\">Thermodynamik einfach erkl\u00e4rt!<\/span>\r\n             <span class=\"secondline\">Unser Buch zum Online-Lernen Portal <\/span>\r\n        <\/div>\r\n        <div class=\"btn-container\">\r\n            <a class=\"btn orange\" target=\"_blank\" href=\"%link%\"><img src=\"https:\/\/www.studyhelp.de\/online-lernen\/wp-content\/uploads\/2018\/06\/amz.png\" alt=\"Jetzt kaufen\" title=\"Jetzt kaufen\" \/><span>Jetzt kaufen<\/span><\/a>\r\n        <\/div>\r\n        <div class=\"media\">\r\n            <div class=\"img\">\r\n                <img src=\"https:\/\/www.studyhelp.de\/online-lernen\/wp-content\/uploads\/2018\/06\/thermodynamik-einfach-erklaert.png\" alt=\"Thermodynamik einfach erkl\u00e4rt\" title=\"Jetzt Thermodynamik lernen\" \/>\r\n            <\/div>\r\n        <\/div>\r\n    <\/div>\r\n    <div class=\"figure circle\"><\/div>\r\n    <div class=\"figure circle2\"><\/div>\r\n    <div class=\"figure square\"><\/div>\r\n    <div class=\"figure triangle\"><\/div>\r\n    <div class=\"label red\"><p>19,99\u20ac<\/p><\/div>\r\n<\/div><\/div>\n","protected":false},"excerpt":{"rendered":"<p>In diesem Artikel besch\u00e4ftigen wir uns mit der Exergie und der Anergie. Zusammengefasst kann gesagt werden, dass sie den nutzbaren und nicht-nutzbaren Teil von W\u00e4rme beschreiben. Eine genaue Beschreibung von Exergie und Anergie findest du im folgenden Artikel. Inhaltsangabe \u00dcbersicht Exergie und Anergie Die Exergie eines Stoffstromes Konvektion, W\u00e4rmeleitung und Strahlung Wir haben bereits kennengelernt, [&hellip;]<\/p>\n","protected":false},"author":5,"featured_media":0,"parent":8483,"menu_order":0,"comment_status":"closed","ping_status":"closed","template":"","meta":[],"categories":[38],"tags":[],"yoast_head":"<!-- This site is optimized with the Yoast SEO plugin v14.7 - https:\/\/yoast.com\/wordpress\/plugins\/seo\/ -->\n<title>Exergie und Anergie - StudyHelp Thermodynamik Online-Lernen<\/title>\n<meta name=\"description\" content=\"In diesem Artikel besch\u00e4ftigen wir uns mit der Exergie und der Anergie. Wir erkl\u00e4ren euch die beiden Themen mit Beispielaufgaben und Lernvideos!\" \/>\n<meta name=\"robots\" content=\"index, follow\" \/>\n<meta name=\"googlebot\" content=\"index, follow, max-snippet:-1, max-image-preview:large, max-video-preview:-1\" \/>\n<meta name=\"bingbot\" content=\"index, follow, max-snippet:-1, max-image-preview:large, max-video-preview:-1\" \/>\n<link rel=\"canonical\" href=\"https:\/\/www.studyhelp.de\/online-lernen\/thermodynamik\/exergie-und-anergie\/\" \/>\n<meta property=\"og:locale\" content=\"de_DE\" \/>\n<meta property=\"og:type\" content=\"article\" \/>\n<meta property=\"og:title\" content=\"Exergie und Anergie - StudyHelp Thermodynamik Online-Lernen\" \/>\n<meta property=\"og:description\" content=\"In diesem Artikel besch\u00e4ftigen wir uns mit der Exergie und der Anergie. Wir erkl\u00e4ren euch die beiden Themen mit Beispielaufgaben und Lernvideos!\" \/>\n<meta property=\"og:url\" content=\"https:\/\/www.studyhelp.de\/online-lernen\/thermodynamik\/exergie-und-anergie\/\" \/>\n<meta property=\"og:site_name\" content=\"StudyHelp Online-Lernen\" \/>\n<meta property=\"article:modified_time\" content=\"2018-10-18T12:51:00+00:00\" \/>\n<meta property=\"og:image\" content=\"https:\/\/www.studyhelp.de\/online-lernen\/wp-content\/uploads\/2018\/06\/UnterschiedAnergieExergie-1024x554.png\" \/>\n<meta name=\"twitter:card\" content=\"summary_large_image\" \/>\n<script type=\"application\/ld+json\" class=\"yoast-schema-graph\">{\"@context\":\"https:\/\/schema.org\",\"@graph\":[{\"@type\":\"WebSite\",\"@id\":\"https:\/\/www.studyhelp.de\/online-lernen\/#website\",\"url\":\"https:\/\/www.studyhelp.de\/online-lernen\/\",\"name\":\"StudyHelp Online-Lernen\",\"description\":\"\",\"potentialAction\":[{\"@type\":\"SearchAction\",\"target\":\"https:\/\/www.studyhelp.de\/online-lernen\/?s={search_term_string}\",\"query-input\":\"required name=search_term_string\"}],\"inLanguage\":\"de-DE\"},{\"@type\":\"ImageObject\",\"@id\":\"https:\/\/www.studyhelp.de\/online-lernen\/thermodynamik\/exergie-und-anergie\/#primaryimage\",\"inLanguage\":\"de-DE\",\"url\":\"https:\/\/www.studyhelp.de\/online-lernen\/wp-content\/uploads\/2018\/06\/UnterschiedAnergieExergie.png\",\"width\":1167,\"height\":631},{\"@type\":\"WebPage\",\"@id\":\"https:\/\/www.studyhelp.de\/online-lernen\/thermodynamik\/exergie-und-anergie\/#webpage\",\"url\":\"https:\/\/www.studyhelp.de\/online-lernen\/thermodynamik\/exergie-und-anergie\/\",\"name\":\"Exergie und Anergie - StudyHelp Thermodynamik Online-Lernen\",\"isPartOf\":{\"@id\":\"https:\/\/www.studyhelp.de\/online-lernen\/#website\"},\"primaryImageOfPage\":{\"@id\":\"https:\/\/www.studyhelp.de\/online-lernen\/thermodynamik\/exergie-und-anergie\/#primaryimage\"},\"datePublished\":\"2018-06-19T09:26:06+00:00\",\"dateModified\":\"2018-10-18T12:51:00+00:00\",\"description\":\"In diesem Artikel besch\\u00e4ftigen wir uns mit der Exergie und der Anergie. Wir erkl\\u00e4ren euch die beiden Themen mit Beispielaufgaben und Lernvideos!\",\"inLanguage\":\"de-DE\",\"potentialAction\":[{\"@type\":\"ReadAction\",\"target\":[\"https:\/\/www.studyhelp.de\/online-lernen\/thermodynamik\/exergie-und-anergie\/\"]}]}]}<\/script>\n<!-- \/ Yoast SEO plugin. -->","_links":{"self":[{"href":"https:\/\/www.studyhelp.de\/online-lernen\/wp-json\/wp\/v2\/pages\/8601"}],"collection":[{"href":"https:\/\/www.studyhelp.de\/online-lernen\/wp-json\/wp\/v2\/pages"}],"about":[{"href":"https:\/\/www.studyhelp.de\/online-lernen\/wp-json\/wp\/v2\/types\/page"}],"author":[{"embeddable":true,"href":"https:\/\/www.studyhelp.de\/online-lernen\/wp-json\/wp\/v2\/users\/5"}],"replies":[{"embeddable":true,"href":"https:\/\/www.studyhelp.de\/online-lernen\/wp-json\/wp\/v2\/comments?post=8601"}],"version-history":[{"count":9,"href":"https:\/\/www.studyhelp.de\/online-lernen\/wp-json\/wp\/v2\/pages\/8601\/revisions"}],"predecessor-version":[{"id":10870,"href":"https:\/\/www.studyhelp.de\/online-lernen\/wp-json\/wp\/v2\/pages\/8601\/revisions\/10870"}],"up":[{"embeddable":true,"href":"https:\/\/www.studyhelp.de\/online-lernen\/wp-json\/wp\/v2\/pages\/8483"}],"wp:attachment":[{"href":"https:\/\/www.studyhelp.de\/online-lernen\/wp-json\/wp\/v2\/media?parent=8601"}],"wp:term":[{"taxonomy":"category","embeddable":true,"href":"https:\/\/www.studyhelp.de\/online-lernen\/wp-json\/wp\/v2\/categories?post=8601"},{"taxonomy":"post_tag","embeddable":true,"href":"https:\/\/www.studyhelp.de\/online-lernen\/wp-json\/wp\/v2\/tags?post=8601"}],"curies":[{"name":"wp","href":"https:\/\/api.w.org\/{rel}","templated":true}]}}