{"id":8647,"date":"2018-06-19T13:32:28","date_gmt":"2018-06-19T11:32:28","guid":{"rendered":"https:\/\/www.studyhelp.de\/online-lernen\/?page_id=8647"},"modified":"2019-03-13T13:51:08","modified_gmt":"2019-03-13T12:51:08","slug":"inhaltsangabe","status":"publish","type":"page","link":"https:\/\/www.studyhelp.de\/online-lernen\/deutsch\/inhaltsangabe\/","title":{"rendered":"Die Inhaltsangabe"},"content":{"rendered":"<p>Die Inhaltsangabe begegnet uns im Fach Deutsch sehr h\u00e4ufig. Anhand einer guten Inhaltsangabe demonstrierst du, dass du einen vorliegenden Text vollst\u00e4ndig verstanden hast. Hierzu fasst du die wichtigsten Punkte des Texts kurz zusammen und gibst die Kernaussagen sinnvoll wieder. Da diese Art der Zusammenfassung eine wiederkehrende Aufgabe darstellt, schauen wir uns ihren Aufbau nachfolgend genauer an.<\/p>\n<p>Hier lernst du, warum wir Inhaltsangaben schreiben und wie wir sie optimal strukturieren.<\/p>\n<p><strong>Inhaltsangabe<\/strong><\/p>\n<ul>\n<li><a href=\"#aufbau-einer-inhaltsangabe\">Aufbau einer Inhaltsangabe<\/a>\n<ul>\n<li><a href=\"#die-einleitung\">Die Einleitung<\/a><\/li>\n<li><a href=\"#der-hauptteil\">Der Hauptteil<\/a><\/li>\n<li><a href=\"#der-schluss\">Der Schluss<\/a><\/li>\n<\/li>\n<\/ul>\n<li><a href=\"#so-schreibst-du-eine-inhaltsangabe\">Wie schreibe ich eine Inhaltsangabe?<\/a><\/li>\n<li><a href=\"#tipps-und-tricks-zur-inhaltsangabe\">Tipps und Tricks zur Inhaltsangabe?<\/a><\/li>\n<li><a href=\"#h\u00e4ufige-fragen-zu-inhaltsangaben\">H\u00e4ufige Fragen zu Inhaltsangaben<\/a><\/li>\n<\/ul>\n<hr>\n<h2  class=\"anchor\" id=\"aufbau-einer-inhaltsangabe\">Aufbau einer Inhaltsangabe<\/h2>\n<p>Die grobe Gliederung der Inhaltsangabe unterteilt sich in Einleitung, Hauptteil und Schluss. In diesen Teilen kannst du verschiedene Informationen strukturiert zusammenfassen und wiedergeben.<\/p>\n<h3  class=\"anchor\" id=\"die-einleitung\">Die Einleitung<\/h3>\n<p>Eine gute Einleitung deines Texts ist wichtig. Sie liefert einen \u00dcberblick \u00fcber das vorliegende Material und bietet einen ersten Zugang zur Thematik. Die Einleitung orientiert sich an einem spezifischen Rahmen und bedient sich immer der gleichen Informationen.<\/p>\n<p><strong>Folgende Punkte stehen in der Einleitung einer Inhaltsangabe:<\/strong><\/p>\n<ul>\n<li>Titel des Ausgangstexts und dessen Verfasser<\/li>\n<li>Das Erscheinungsjahr. Nimm bei Bedarf eine literaturgeschichtliche Einordnung vor.<\/li>\n<li>Textart (beispielsweise Kurzgeschichte, Gedicht, Roman, Zeitungsartikel, Filmskript)<\/li>\n<li>Auskunft \u00fcber Quellen des Texts (zum Beispiel: Buch, Zeitschrift, Sammelband, Internet)<\/li>\n<li>Nimm Bezug auf das Thema oder das Problem, mit dem sich der Text besch\u00e4ftigt<\/li>\n<li>Eine Kernthese zu der Grundaussage des Autors \/ des Texts<\/li>\n<\/ul>\n<h3  class=\"anchor\" id=\"der-hauptteil\">Der Hauptteil<\/h3>\n<p>Im Hauptteil gibst du den eigentlichen Inhalt des Texts wieder. Du fasst den Handlungsverlauf oder die Gedankeng\u00e4nge des Verfassers zusammen und pr\u00e4sentierst sie dem Leser. Geh hierbei zudem auf den Handlungsort sowie den Handlungszeitraum ein. Nimm au\u00dferdem Bezug zu den vorkommenden Personen und ihren Beziehungen zueinander.<\/p>\n<p>Die L\u00e4nge deiner Inhaltsangabe variiert entsprechend der L\u00e4nge des Ausgangstexts. Wenn du dir nicht sicher \u00fcber die geforderte L\u00e4nge bist, frag im Notfall deinen Lehrer oder Pr\u00fcfer.<\/p>\n<p>Achte darauf, dich auf die wesentlichen Punkte zu beschr\u00e4nken und diese sinnig aufeinanderfolgend zu erw\u00e4hnen.<\/p>\n<p><strong>Folgende Fragen werden im Hauptteil deiner Inhaltsangabe beantwortet:<\/strong><\/p>\n<h4>Wann findet die Handlung des Textes statt?<\/h4>\n<ul>\n<li>In welchem Jahr?<\/li>\n<li>Welche Jahreszeit?<\/li>\n<li>Welche Tageszeit?<\/li>\n<li>Dauer der Handlung?<\/li>\n<li>Laufen Handlungen zeitlich parallel ab?<\/li>\n<li>Gibt es Spr\u00fcnge zwischen Zukunft und Vergangenheit?<\/li>\n<\/ul>\n<h4>Wo findet die Handlung statt?<\/h4>\n<ul>\n<li>In welchem Land \/ Kontinent (kann auch fiktiver Ort sein)?<\/li>\n<li>Welche Handlungsorte kommen im Text vor?<\/li>\n<\/ul>\n<h4>Wer ist Teil der Handlung?<\/h4>\n<ul>\n<li>Falls vorhanden: Wer ist der Hauptcharakter?<\/li>\n<li>Welche wichtigen Personen kommen vor?<\/li>\n<li>Wie sind die Personen miteinander verkn\u00fcpft?<\/li>\n<li>Ver\u00e4ndert sich die Verkn\u00fcpfung der Personen w\u00e4hrend der Handlung?<\/li>\n<\/ul>\n<h4>Was passiert in der Handlung?<\/h4>\n<ul>\n<li>Um welche Handlung dreht sich der Text?<\/li>\n<li>Gibt es Nebenhandlungen?<\/li>\n<li>Wendet sich die Handlung an einer bestimmten Stelle?<\/li>\n<\/ul>\n<h3  class=\"anchor\" id=\"der-schluss\">Der Schluss<\/h3>\n<p>Im Schlussteil fasst du deine Zusammenfassung im Grunde nochmals zusammen. Klingt doppelt gemoppelt \u2013 ist es auch. Jedoch hilft dein Schlussteil dabei, das Gelesene noch einmal zu verinnerlichen und die Kernaussagen zu behalten.<\/p>\n<p>Gehe hierzu erneut auf die Kernthese ein, die du in deiner Einleitung formuliert hast. Dort hast du eine Aussage dar\u00fcber getroffen, wovon der Text handelt. Wiederhole diese Aussage im Schlussteil und erw\u00e4hne anschlie\u00dfend die wichtigsten zwei bis drei Punkte deiner Inhaltsangabe.<\/p>\n<p>Darauf aufbauend kannst du auf die Intention des Autors eingehen. Was m\u00f6chte der Autor gem\u00e4\u00df den herausgearbeiteten Punkten mit seinem Text sagen?<\/p>\n<hr>\n<h2 class=\"anchor\" id=\"so-schreibst-du-eine-inhaltsangabe\">Wie schreibe ich eine Inhaltsangabe<\/h2>\n<p>Wie bei allen anderen Textformen, beachten wir auch hier bestimmte Regeln.<\/p>\n<p>Achte darauf, dass du deine Inhaltsangabe <strong>im Pr\u00e4senz<\/strong> schreibst. Unabh\u00e4ngig vom Tempus im Ausgangstext wechselst du hierbei nicht die Zeitform. Nur bei der Vorvergangenheit darfst du das Perfekt benutzen. Wichtig ist, dass du innerhalb deines Texts keinen versehentlichen Wechsel vornimmst. Lies deinen Text am Ende mit einem besonderen Augenmerk hierauf nochmals durch und pr\u00fcfe die Zeitform.<\/p>\n<p>Kommt im Ausgangstext direkte Rede vor, baust du diese als <strong>indirekte Rede<\/strong> in deine Inhaltsangabe ein. Verwende Zitate oder w\u00f6rtliche Aussagen stets umformuliert. Um zu unterstreichen, dass es sich um die Ansicht des Autors handelt, kannst du den Konjunktiv nutzen. Vermeide es, ausschlie\u00dflich \u201edass\u201c-Formulierungen zu verwenden. Denn dies f\u00fchrt zu unn\u00f6tigen Dopplungen und st\u00f6rt den Lesefluss.<\/p>\n<div class=\"box info\">\n<h3>Wie gebe ich einen Satz in eigenen Worten wieder?<\/h3>\n<ul>\n<li>Textstelle: \u201eInhaltsangaben sind grundlegend f\u00fcr das Textverst\u00e4ndnis.\u201c<\/li>\n<li>Der Autor betont, dass Inhaltsangaben grundlegend f\u00fcr das Textverst\u00e4ndnis seien.<\/li>\n<li>Dem Autor zufolge seien Inhaltsangaben grundlegend f\u00fcr das Textverst\u00e4ndnis.<\/li>\n<\/ul>\n<\/div>\n<p>Halte dich bei der Inhaltsangabe an die dritte Person und formuliere sie nicht in der Ich-Form. So stellst du sicher, dass du nicht deine eigene Meinung oder Perspektive wiedergibst, sondern die des Autors.<\/p>\n<p>Nutze Konjunktionen in einem angemessenen Umfang. Diese bringen Bedeutungszusammenh\u00e4nge zum Ausdruck. Auf diese Weise helfen sie dir, die wichtigsten Punkte des Texts strukturiert wiederzugeben.<\/p>\n<div class=\"box info\">\n<h3>Beispiel<\/h3>\n<ul>\n<li>&#8230;w\u00e4hrend<\/li>\n<li>Obwohl&#8230;<\/li>\n<li>&#8230;, weil<\/li>\n<li>&#8230;als<\/li>\n<\/ul>\n<\/div>\n<hr>\n<h2 class=\"anchor\" id=\"tipps-und-tricks-zur-inhaltsangabe\">Tipps und Tricks zur Inhaltsangabe<\/h2>\n<p>Um eine gelungene Inhaltsangabe zu verfassen, solltest du bestimmte Hinweise beachten. <\/p>\n<p>Schreibe bei dieser Art von Text objektiv und neutral und verwende sachliche Sprache. Ausschm\u00fcckungen mithilfe von Adjektiven oder Bildsprache sind bei der Inhaltsangabe unerw\u00fcnscht.<\/p>\n<p>Nimm keine pers\u00f6nliche Wertung vor. Wir erinnern uns: Es geht darum, die wesentlichen Aspekte des Ausgangstexts zusammen zu fassen. Deine eigene Meinung ist an dieser Stelle nicht gefragt.<\/p>\n<p>Achte darauf, den Inhalt in eigenen Worten wiederzugeben. Formuliere Textstellen um, bevor du sie niederschreibst. \u00dcbernimm keine ganzen S\u00e4tze oder Satzteile unver\u00e4ndert in deinen Text. <\/p>\n<p>Sorge f\u00fcr Orientierung anhand eines roten Fadens. Fasse den Ausgangstext hierzu geordnet zusammen. Du musst den Inhalt nicht in chronologischer Weise wiedergeben. Ganz im Gegenteil: Wenn ein zusammenh\u00e4ngender Punkt an verschiedenen Textstellen auftaucht, fass diesen in deiner Inhaltsangabe zusammen. Auf diese Weise veranschaulichst du dein Verst\u00e4ndnis f\u00fcr den Inhalt.<\/p>\n<hr>\n<h2 class=\"anchor\" id=\"h\u00e4ufige-fragen-zu-inhaltsangaben\">H\u00e4ufige Fragen zu Inhaltsangaben<\/h2>\n<h3 class=\"anchor\" id=\"wie-lang-sollte-eine-inhaltsangabe-sein\">Wie lang sollte eine Inhaltsangabe sein?<\/h2>\n<p>Die L\u00e4nge deiner Inhaltsangabe ist abh\u00e4ngig von der L\u00e4nge des Ausgangstextes, kann jedoch nicht auf eine genaue Wortanzahl heruntergebrochen werden. Auch in k\u00fcrzeren Texten k\u00f6nnen viele Handlungsorte oder Personen vorkommen, sodass eine Inhaltsangabe proportional gesehen zum Ausgangstext lang erscheint. Andersherum gibt es Texte, die sehr lang sind, in denen aber nur wenig &#8222;passiert&#8220;. Dort w\u00e4re es eine kurze Inhaltsangabe zu einem langen Text. <\/p>\n<p>Solltest du dir nicht sicher sein, ob deine Inhaltsangabe umfangreich genug geworden ist, kannst du jederzeit deinen Lehrer um Rat fragen.<\/p>\n<h3 class=\"anchor\" id=\"in-welcher-zeit-wird-eine-inhaltsangabe-geschrieben\">In welcher Zeitform wird eine Inhaltsangabe geschrieben?<\/h3>\n<p>Eine Inhaltsangabe wird immer im Pr\u00e4sens geschrieben. Jedoch gibt es Ausnahmef\u00e4lle: Wird im Ausgangstext in Vergangenheitsform geschrieben, so darfst du an dieser Stelle den Inhalt im Perfekt wiedergeben.<\/p>\n<h3 class=\"anchor\" id=\"was-geh\u00f6rt-nicht-in-eine-inhaltsangabe\">Was geh\u00f6rt NICHT in eine Inhaltsangabe?<\/h3>\n<p>Ganz wichtig: Deine pers\u00f6nliche Meinung zu dem Ausgangstext darf sich nicht in der Inhaltsangabe wiederfinden! Es geht wirklich ausschlie\u00dflich um den Inhalt des Ausgangstextes. <\/p>\n<ul>\n<li>Zitate<\/li>\n<li>Unwichtige Handlungen<\/li>\n<li>Direkte Rede<\/li>\n<li>Charakterisierungen<\/li>\n<li>Interpretationen<\/li>\n<li>Analysen<\/li>\n<li>Unsachliche Sprache<\/li>\n<\/ul>\n<p><strong>Zur Abrundung des Themas Inhaltsangabe solltest du dir das Lernvideo von der Merkhilfe anschauen!<\/strong><\/p>\n<div class=\"lyte-wrapper\" title=\"Wie schreibe ich eine Inhaltsangabe \/ Zusammenfassung? - Texte wiedergeben\/ zusammenfassen\" style=\"width:420px;max-width:100%;margin:5px;\"><div class=\"lyMe\" id=\"WYL_hrKHjgtGmoU\"><div id=\"lyte_hrKHjgtGmoU\" data-src=\"https:\/\/www.studyhelp.de\/online-lernen\/wp-content\/plugins\/wp-youtube-lyte\/lyteCache.php?origThumbUrl=https%3A%2F%2Fi.ytimg.com%2Fvi%2FhrKHjgtGmoU%2Fhqdefault.jpg\" class=\"pL\"><div class=\"tC\"><div class=\"tT\">Wie schreibe ich eine Inhaltsangabe \/ Zusammenfassung? - Texte wiedergeben\/ zusammenfassen<\/div><\/div><div class=\"play\"><\/div><div class=\"ctrl\"><div class=\"Lctrl\"><\/div><div class=\"Rctrl\"><\/div><\/div><\/div><noscript><a href=\"https:\/\/youtu.be\/hrKHjgtGmoU\" rel=\"nofollow\"><img src=\"https:\/\/www.studyhelp.de\/online-lernen\/wp-content\/plugins\/wp-youtube-lyte\/lyteCache.php?origThumbUrl=https%3A%2F%2Fi.ytimg.com%2Fvi%2FhrKHjgtGmoU%2F0.jpg\" alt=\"Wie schreibe ich eine Inhaltsangabe \/ Zusammenfassung? - Texte wiedergeben\/ zusammenfassen\" width=\"420\" height=\"216\" \/><br \/>Dieses Video auf YouTube ansehen<\/a><\/noscript><\/div><\/div><div class=\"lL\" style=\"max-width:100%;width:420px;margin:5px;\"><\/div><\/p>\n","protected":false},"excerpt":{"rendered":"<p>Die Inhaltsangabe begegnet uns im Fach Deutsch sehr h\u00e4ufig. Anhand einer guten Inhaltsangabe demonstrierst du, dass du einen vorliegenden Text vollst\u00e4ndig verstanden hast. Hierzu fasst du die wichtigsten Punkte des Texts kurz zusammen und gibst die Kernaussagen sinnvoll wieder. Da diese Art der Zusammenfassung eine wiederkehrende Aufgabe darstellt, schauen wir uns ihren Aufbau nachfolgend genauer [&hellip;]<\/p>\n","protected":false},"author":3,"featured_media":0,"parent":8123,"menu_order":0,"comment_status":"closed","ping_status":"closed","template":"","meta":[],"categories":[30],"tags":[],"yoast_head":"<!-- This site is optimized with the Yoast SEO plugin v14.7 - https:\/\/yoast.com\/wordpress\/plugins\/seo\/ -->\n<title>Inhaltsangabe schreiben - StudyHelp Online-Lernen<\/title>\n<meta name=\"description\" content=\"Auf dieser Seite zeigen wir dir, wie du eine Inhaltsangabe schreibst. Unterst\u00fctzend zu den Erkl\u00e4rungen findest du Beispiele und Lernvideos.\" \/>\n<meta name=\"robots\" content=\"index, follow\" \/>\n<meta name=\"googlebot\" content=\"index, follow, max-snippet:-1, max-image-preview:large, max-video-preview:-1\" \/>\n<meta name=\"bingbot\" content=\"index, follow, max-snippet:-1, max-image-preview:large, max-video-preview:-1\" \/>\n<link rel=\"canonical\" href=\"https:\/\/www.studyhelp.de\/online-lernen\/deutsch\/inhaltsangabe\/\" \/>\n<meta property=\"og:locale\" content=\"de_DE\" \/>\n<meta property=\"og:type\" content=\"article\" \/>\n<meta property=\"og:title\" content=\"Inhaltsangabe schreiben - StudyHelp Online-Lernen\" \/>\n<meta property=\"og:description\" content=\"Auf dieser Seite zeigen wir dir, wie du eine Inhaltsangabe schreibst. Unterst\u00fctzend zu den Erkl\u00e4rungen findest du Beispiele und Lernvideos.\" \/>\n<meta property=\"og:url\" content=\"https:\/\/www.studyhelp.de\/online-lernen\/deutsch\/inhaltsangabe\/\" \/>\n<meta property=\"og:site_name\" content=\"StudyHelp Online-Lernen\" \/>\n<meta property=\"article:modified_time\" content=\"2019-03-13T12:51:08+00:00\" \/>\n<meta name=\"twitter:card\" content=\"summary_large_image\" \/>\n<script type=\"application\/ld+json\" class=\"yoast-schema-graph\">{\"@context\":\"https:\/\/schema.org\",\"@graph\":[{\"@type\":\"WebSite\",\"@id\":\"https:\/\/www.studyhelp.de\/online-lernen\/#website\",\"url\":\"https:\/\/www.studyhelp.de\/online-lernen\/\",\"name\":\"StudyHelp Online-Lernen\",\"description\":\"\",\"potentialAction\":[{\"@type\":\"SearchAction\",\"target\":\"https:\/\/www.studyhelp.de\/online-lernen\/?s={search_term_string}\",\"query-input\":\"required name=search_term_string\"}],\"inLanguage\":\"de-DE\"},{\"@type\":\"WebPage\",\"@id\":\"https:\/\/www.studyhelp.de\/online-lernen\/deutsch\/inhaltsangabe\/#webpage\",\"url\":\"https:\/\/www.studyhelp.de\/online-lernen\/deutsch\/inhaltsangabe\/\",\"name\":\"Inhaltsangabe schreiben - StudyHelp Online-Lernen\",\"isPartOf\":{\"@id\":\"https:\/\/www.studyhelp.de\/online-lernen\/#website\"},\"datePublished\":\"2018-06-19T11:32:28+00:00\",\"dateModified\":\"2019-03-13T12:51:08+00:00\",\"description\":\"Auf dieser Seite zeigen wir dir, wie du eine Inhaltsangabe schreibst. Unterst\\u00fctzend zu den Erkl\\u00e4rungen findest du Beispiele und Lernvideos.\",\"inLanguage\":\"de-DE\",\"potentialAction\":[{\"@type\":\"ReadAction\",\"target\":[\"https:\/\/www.studyhelp.de\/online-lernen\/deutsch\/inhaltsangabe\/\"]}]}]}<\/script>\n<!-- \/ Yoast SEO plugin. -->","_links":{"self":[{"href":"https:\/\/www.studyhelp.de\/online-lernen\/wp-json\/wp\/v2\/pages\/8647"}],"collection":[{"href":"https:\/\/www.studyhelp.de\/online-lernen\/wp-json\/wp\/v2\/pages"}],"about":[{"href":"https:\/\/www.studyhelp.de\/online-lernen\/wp-json\/wp\/v2\/types\/page"}],"author":[{"embeddable":true,"href":"https:\/\/www.studyhelp.de\/online-lernen\/wp-json\/wp\/v2\/users\/3"}],"replies":[{"embeddable":true,"href":"https:\/\/www.studyhelp.de\/online-lernen\/wp-json\/wp\/v2\/comments?post=8647"}],"version-history":[{"count":24,"href":"https:\/\/www.studyhelp.de\/online-lernen\/wp-json\/wp\/v2\/pages\/8647\/revisions"}],"predecessor-version":[{"id":12120,"href":"https:\/\/www.studyhelp.de\/online-lernen\/wp-json\/wp\/v2\/pages\/8647\/revisions\/12120"}],"up":[{"embeddable":true,"href":"https:\/\/www.studyhelp.de\/online-lernen\/wp-json\/wp\/v2\/pages\/8123"}],"wp:attachment":[{"href":"https:\/\/www.studyhelp.de\/online-lernen\/wp-json\/wp\/v2\/media?parent=8647"}],"wp:term":[{"taxonomy":"category","embeddable":true,"href":"https:\/\/www.studyhelp.de\/online-lernen\/wp-json\/wp\/v2\/categories?post=8647"},{"taxonomy":"post_tag","embeddable":true,"href":"https:\/\/www.studyhelp.de\/online-lernen\/wp-json\/wp\/v2\/tags?post=8647"}],"curies":[{"name":"wp","href":"https:\/\/api.w.org\/{rel}","templated":true}]}}