{"id":8723,"date":"2018-06-25T15:57:38","date_gmt":"2018-06-25T13:57:38","guid":{"rendered":"https:\/\/www.studyhelp.de\/online-lernen\/?page_id=8723"},"modified":"2019-03-12T13:32:36","modified_gmt":"2019-03-12T12:32:36","slug":"rhetorische-mittel","status":"publish","type":"page","link":"https:\/\/www.studyhelp.de\/online-lernen\/deutsch\/rhetorische-mittel\/","title":{"rendered":"Rhetorische Mittel"},"content":{"rendered":"<h2 class=\"anchor\" id=\"zusammenfassung\">Zusammenfassung Rhetorischer Mittel<\/h2>\n<div class=\"Table\">\n<div class=\"Table-row Table-header\">\n<div class=\"Table-row-item\">Rhetorisches Mittel<\/div>\n<div class=\"Table-row-item\">Erkl\u00e4rung<\/div>\n<\/p><\/div>\n<div class=\"Table-row\">\n<div class=\"Table-row-item\" data-header=\"Rhetorisches Mittel\">\n<p><strong>Allegorie<\/strong><\/p>\n<\/div>\n<div class=\"Table-row-item\" data-header=\"Erkl\u00e4rung\">\n<p>Ein bildlicher Ausdruck f\u00fcr abstrakte Gegenst\u00e4nde. Dies kann mithilfe einer Personifikation entstehen oder auch anders gefassten Umst\u00e4nden mit Symbolwert.<br \/>\nz.B. sonnige Tage als Andeutung f\u00fcr fr\u00f6hliche Tage; der Fuchs in der Fabel als schlau und durchtrieben, die Schlange als hinterlistig; Germania, Marianne und Uncle Sam als Personifikationen f\u00fcr Deutschland, Frankreich und Amerika.<\/p>\n<\/div><\/div>\n<div class=\"Table-row\">\n<div class=\"Table-row-item\" data-header=\"Rhetorisches Mittel\">\n<p><strong>Alliteration<\/strong><\/p>\n<\/div>\n<div class=\"Table-row-item\" data-header=\"Erkl\u00e4rung\">\n<p>Wortfolgen, die mit demselben Anfangsbuchstaben beginnen. z.B. Flora und Fauna; hart aber herzlich; \u201eFischers Fritz fischt frische Fische.\u201c<\/p>\n<\/div><\/div>\n<div class=\"Table-row\">\n<div class=\"Table-row-item\" data-header=\"Rhetorisches Mittel\">\n<p><strong>Anapher\/Epipher<\/strong><\/p>\n<\/div>\n<div class=\"Table-row-item\" data-header=\"Erkl\u00e4rung\">\n<p>Die Wiederholung einer oder mehrerer W\u00f6rter in einem Satzteil oder einer Vers- und Strophenfolge. Bei einer Anapher stehen die Schl\u00fcsselbegriffe im Anfang, bei der Epipher am Ende eines Verses oder Strophe.<\/p>\n<ul>\nAnapher:\n<\/ul>\n<p>Ja, ich habe sehr viel Hunger,<br \/>\nJa, ich m\u00f6chte schnell Nahrung.<br \/>\n&#8211; Max F.<\/p>\n<ul>\nEpipher:<br \/>\nViel Hunger habe ich,<br \/>\nschnell nahren m\u00f6chte ich.<br \/>\n&#8211; Max F.\n<\/ul>\n<\/p>\n<\/div><\/div>\n<div class=\"Table-row\">\n<div class=\"Table-row-item\" data-header=\"Rhetorisches Mittel\">\n<p><strong>Antithese<\/strong><\/p>\n<\/div>\n<div class=\"Table-row-item\" data-header=\"Erkl\u00e4rung\">\n<p>Wenn zwei gegens\u00e4tzliche Konzepte innerhalb eines Werkes immer wieder gegen\u00fcbergestellt werden.<br \/>\nz.B. Der schnelle Tag ist hin \/ die Nacht schwingt ihre Fahn \/ [&#8230;] \u2013 Gryphius<\/p>\n<\/div><\/div>\n<div class=\"Table-row\">\n<div class=\"Table-row-item\" data-header=\"Rhetorisches Mittel\">\n<p><strong>Chiasmus<\/strong><\/p>\n<\/div>\n<div class=\"Table-row-item\" data-header=\"Erkl\u00e4rung\">\n<p>\u00dcberkreuzstellung von Begriffen und Wortgruppen gemeinsamer und gegenteiliger Art, oftmals in spiegelbildlicher Anordnung. Das Schl\u00fcsselwort, welches als erstes genannt wird, befindet sich im darauffolgenden Nebensatz am Ende.<br \/>\nz.B. Eng ist die Welt und das Gehirn ist weit. \u2013 Schiller; Die Waffe der Kritik<br \/>\n[&#8230;] kann die Kritik der Waffen nicht ersetzen.<\/p>\n<\/div><\/div>\n<div class=\"Table-row\">\n<div class=\"Table-row-item\" data-header=\"Rhetorisches Mittel\">\n<p><strong>Ellipse<\/strong><\/p>\n<\/div>\n<div class=\"Table-row-item\" data-header=\"Erkl\u00e4rung\">\n<p>Die Auslassung eines oder mehrerer W\u00f6rter, welche aber weder den Lesefluss, noch das Verst\u00e4ndnis \u00fcber den Text st\u00f6rt. Meistens wird im Hauptsatz das ausschlaggebende Wort genannt, sodass es im Nebensatz nicht vorkommen muss.<br \/>\nz.B. Du machst die eine Aufgabe, ich [mache] die andere.; Ohne [ein] Wenn und [ohne ein] Aber!; Erst [kommt] die Arbeit, dann [hat man] das Vergn\u00fcgen<\/p>\n<\/div><\/div>\n<div class=\"Table-row\">\n<div class=\"Table-row-item\" data-header=\"Rhetorisches Mittel\">\n<p><strong>Hyperbel<\/strong><\/p>\n<\/div>\n<div class=\"Table-row-item\" data-header=\"Erkl\u00e4rung\">\n<p>\u00dcbertreibung, oft so \u00fcberspitzt, dass sie (gewollt) unglaubw\u00fcrdig und komisch daherkommt.<br \/>\nz.B. Wenn das passiert, fress\u2018 ich einen Besen!; <\/p>\n<\/div><\/div>\n<div class=\"Table-row\">\n<div class=\"Table-row-item\" data-header=\"Rhetorisches Mittel\">\n<p><strong>Ironie<\/strong><\/p>\n<\/div>\n<div class=\"Table-row-item\" data-header=\"Erkl\u00e4rung\">\n<p>Versteckter Spott und Hohn, der das Gegenteil von dem Gesagten ausdr\u00fccken soll. Erkennbar durch den Kontext und die Intonation des Sprechers. z.B. Dass ich nicht lache!<\/p>\n<\/div><\/div>\n<div class=\"Table-row\">\n<div class=\"Table-row-item\" data-header=\"Rhetorisches Mittel\">\n<p><strong>Klimax<\/strong><\/p>\n<\/div>\n<div class=\"Table-row-item\" data-header=\"Erkl\u00e4rung\">\n<p>Steigerung von weniger Wichtigem hin zu Wichtigem.<br \/>\nz.B. Veni, vidi, vici = \u201eIch kam, sah und siegte.\u201c<\/p>\n<\/div><\/div>\n<div class=\"Table-row\">\n<div class=\"Table-row-item\" data-header=\"Rhetorisches Mittel\">\n<p><strong>Litotes<\/strong><\/p>\n<\/div>\n<div class=\"Table-row-item\" data-header=\"Erkl\u00e4rung\">\n<p>Das Herausstellen eines Sachverhalts durch die Negierung seines Gegenteils.<br \/>\nz.B. \u201eNicht schlecht!\u201c<\/p>\n<\/div><\/div>\n<div class=\"Table-row\">\n<div class=\"Table-row-item\" data-header=\"Rhetorisches Mittel\">\n<p><strong>Metapher<\/strong><\/p>\n<\/div>\n<div class=\"Table-row-item\" data-header=\"Erkl\u00e4rung\">\n<p>Ersatz eines Wortes durch ein anderes Wort, dessen eigene Bedeutung mit<br \/>\nder des ersetzten in einem vagen Bild- oder \u00c4hnlichkeitsverh\u00e4ltnis steht, sprich: Die \u00dcbertragung einer Bedeutung auf einen Begriff, der aber technisch gesehen nicht viel mit dem Ursprungsbegriff zu tun hat. z.B. jmd. \u201edas Herz brechen&#8220;.<\/p>\n<\/div><\/div>\n<div class=\"Table-row\">\n<div class=\"Table-row-item\" data-header=\"Rhetorisches Mittel\">\n<p><strong>Parallelismus<\/strong><\/p>\n<\/div>\n<div class=\"Table-row-item\" data-header=\"Erkl\u00e4rung\">\n<p>Mehrere S\u00e4tze\/Verse mit gleichkonstruierten Satzstrukturen. In mehreren Varianten m\u00f6glich.<br \/>\nAntithetischer Parallelismus:<br \/>\n\u201eLang war der Weg, kurz war der Kampf.\u201c<br \/>\nSynonymer Parallelismus:<br \/>\n\u201eIch bin entdeckt, ich bin durchschaut.\u201c \u2013 Schiller<\/p>\n<\/div><\/div>\n<div class=\"Table-row\">\n<div class=\"Table-row-item\" data-header=\"Rhetorisches Mittel\">\n<p><strong>Periphrase<\/strong><\/p>\n<\/div>\n<div class=\"Table-row-item\" data-header=\"Erkl\u00e4rung\">\n<p>Umschreibungen von Begriffen, um Wiederholungen zu vermeiden. z.B. \u201eMeisterdetektiv\u201c statt Sherlock Holmes; \u201eMutter Gottes\u201c statt Maria; \u201eHops gehen\u201c oder \u201eL\u00f6ffel abgeben\u201cstatt sterben.<\/p>\n<\/div><\/div>\n<div class=\"Table-row\">\n<div class=\"Table-row-item\" data-header=\"Rhetorisches Mittel\">\n<p><strong>Symbol<\/strong><\/p>\n<\/div>\n<div class=\"Table-row-item\" data-header=\"Erkl\u00e4rung\">\n<p>Zeichen, Sinnbild f\u00fcr Ideen und geistige Zusammenh\u00e4nge. Im Vergleich zur Allegorie oder Metapher steht das Symbol in der Regel in keiner direkten Verbindung zu seiner Bedeutung, sondern ist kulturrelational, also immer von der Benutzung und dem Wissen seiner Rezipienten abh\u00e4ngig. W\u00e4hrend im nicht-fiktionalen Bereich wie Politik und Religion feststehende Symbole vorherrschen, kann innerhalb der fiktionalen Literatur alles (Personen, Gegenst\u00e4nde, Farben) zu einem Symbol gemacht werden. z.B. wei\u00dfe Tauben als Symbol des Friedens, Wappen und Flaggen als Erkennungsmerkmale von Staaten und Nationen, die Farbe Blau als Symbol f\u00fcr eine traurige Stimmung usw<\/p>\n<\/div><\/div>\n<\/div>\n<div class=\"study-deutsch-fullwidth\" id=\"study-2154488256\"><div class=\"ad fullwidth lernheft amz\">\r\n    <div class=\"inner\">\r\n        <div class=\"txt\">\r\n            <span class=\"firstline\">Unser Lernheft zum Deutsch-Abi'22<\/span>\r\n\t\t\t<span class=\"secondline\">Erkl\u00e4rungen + Klausuren + L\u00f6sungen!<\/span>\r\n           <!-- <div class=\"stars\">\r\n                <i class=\"fas fa-star\"><\/i>\r\n                <i class=\"fas fa-star\"><\/i>\r\n                <i class=\"fas fa-star\"><\/i>\r\n                <i class=\"fas fa-star\"><\/i>\r\n                <i class=\"fas fa-star-half\"><\/i>\r\n            <\/div>\r\n            <div class=\"stars-counter\">\r\n                <small>4,5 von 5 Sternen<\/small>\r\n            <\/div>-->\r\n        <\/div>\r\n        <div class=\"btn-container\">\r\n            <a class=\"btn orange\" target=\"_blank\" href=\"%link%\"><img src=\"https:\/\/www.studyhelp.de\/online-lernen\/wp-content\/uploads\/2018\/06\/amz.png\" alt=\"Jetzt kaufen\" title=\"Jetzt kaufen\" \/><span>Auf Amazon ansehen<\/span><\/a>\r\n        <\/div>\r\n        <div class=\"media\">\r\n            <div class=\"img\">\r\n                <img src=\"https:\/\/www.studyhelp.de\/online-lernen\/wp-content\/uploads\/2018\/07\/deutsch-abiturvorbereitung.png\" alt=\"Deutsch Abiturvorbereitung\" title=\"Deutsch Abiturvorbereitung\" \/>\r\n            <\/div>\r\n        <\/div>\r\n    <\/div>\r\n    <div class=\"figure circle\"><\/div>\r\n    <div class=\"figure circle2\"><\/div>\r\n    <div class=\"figure square\"><\/div>\r\n    <div class=\"figure triangle\"><\/div>\r\n   <div class=\"label red\"><p>15,99\u20ac<\/p><\/div>\r\n<\/div><\/div>\n<p>Die Rhetorik (von griech. \u201erhetor\u201c f\u00fcr Redner) ist eine der literarischen Grundvoraussetzungen, die den bereits vorgestellten Gro\u00dfgattungen zugrunde liegt. So wie Paul Watzlawick einst sagte, dass man \u201enicht nicht\u201c kommunizieren kann, kann man sich der Benutzung von Rhetorik nicht erwehren. Egal ob du nun in einer Diskussionsrunde sitzt oder mit deinen Freunden Anekdoten aus vergangenen Tagen austauscht. Sie ist allgegenw\u00e4rtig und wird von jedem bewusst- oder unbewusst genutzt.<\/p>\n<p><strong>Schau dir zur Einf\u00fchrung in das Thema Rhetorik das Lernvideo von Die Merkhilfe an!<\/strong><\/p>\n<div class=\"lyte-wrapper\" style=\"width:420px;max-width:100%;margin:5px;\"><div class=\"lyMe\" id=\"WYL_XXhD8qUW7n8\"><div id=\"lyte_XXhD8qUW7n8\" data-src=\"https:\/\/www.studyhelp.de\/online-lernen\/wp-content\/plugins\/wp-youtube-lyte\/lyteCache.php?origThumbUrl=%2F%2Fi.ytimg.com%2Fvi%2FXXhD8qUW7n8%2Fhqdefault.jpg\" class=\"pL\"><div class=\"tC\"><div class=\"tT\"><\/div><\/div><div class=\"play\"><\/div><div class=\"ctrl\"><div class=\"Lctrl\"><\/div><div class=\"Rctrl\"><\/div><\/div><\/div><noscript><a href=\"https:\/\/youtu.be\/XXhD8qUW7n8\" rel=\"nofollow\"><img src=\"https:\/\/www.studyhelp.de\/online-lernen\/wp-content\/plugins\/wp-youtube-lyte\/lyteCache.php?origThumbUrl=https%3A%2F%2Fi.ytimg.com%2Fvi%2FXXhD8qUW7n8%2F0.jpg\" alt=\"YouTube-Video-Thumbnail\" width=\"420\" height=\"216\" \/><br \/>Dieses Video auf YouTube ansehen<\/a><\/noscript><\/div><\/div><div class=\"lL\" style=\"max-width:100%;width:420px;margin:5px;\"><\/div><br \/>\n<\/p>\n<p>Rhetorik herrscht vor allem dort vor, wo ein Diskurs in der \u00d6ffentlichkeit stattfindet. Das Grundprinzip ist klar: wo frei geredet werden kann, kommt es h\u00e4ufig zu Meinungsverschiedenheiten. Umin diesen Situationen seine Ansichten argumentativ und schlagfertig wiedergeben zu k\u00f6nnen sollte man sich rhetorischer Mittel bedienen. Es gilt: will man andere \u00fcberzeugen, darf man sich nicht von der Gegenposition kleinreden lassen. <\/p>\n<p>\u00dcber den Umstand, dass die Rhetorik nicht mehr blo\u00df Rede-, sondern auch \u00dcberredungskunst ist, die bewusst zu manipulieren versucht, wird sich auch schon seit der Antike gestritten. Einer der gr\u00f6\u00dften Kritiker war der griechische Philosoph Platon, der den Rhetorikern den Vorwurf machte, dass ihr Interesse nur einer erfolgreichen \u00dcberredung gilt &#8211; nicht einer Wahrheit, geschweige denn einer Gerechtigkeit. Wer sich also nicht manipulieren lassen m\u00f6chte, der muss die Kniffe und Tricks von Rhetorikern kennen, und vor allem erkennen. <\/p>\n<p>Was folgt ist eine Liste mit den wichtigsten rhetorischen Mitteln und deren Erl\u00e4uterung. Man findet sie nicht nur in \u00f6ffentlichen Reden, Diskussionen oder Zeitungsartikeln, sie tauchen auch immer wieder in literarischen Texten auf. Von daher sollte man sie gut kennen.<\/p>\n","protected":false},"excerpt":{"rendered":"<p>Zusammenfassung Rhetorischer Mittel Rhetorisches Mittel Erkl\u00e4rung Allegorie Ein bildlicher Ausdruck f\u00fcr abstrakte Gegenst\u00e4nde. Dies kann mithilfe einer Personifikation entstehen oder auch anders gefassten Umst\u00e4nden mit Symbolwert. z.B. sonnige Tage als Andeutung f\u00fcr fr\u00f6hliche Tage; der Fuchs in der Fabel als schlau und durchtrieben, die Schlange als hinterlistig; Germania, Marianne und Uncle Sam als Personifikationen f\u00fcr [&hellip;]<\/p>\n","protected":false},"author":3,"featured_media":0,"parent":8123,"menu_order":0,"comment_status":"closed","ping_status":"closed","template":"","meta":[],"categories":[30],"tags":[],"yoast_head":"<!-- This site is optimized with the Yoast SEO plugin v14.7 - https:\/\/yoast.com\/wordpress\/plugins\/seo\/ -->\n<title>Rhetorik erkl\u00e4rt - inkl. Beispielen - StudyHelp Online-Lernen<\/title>\n<meta name=\"description\" content=\"Was bedeutet der Begriff Rhetorik und welche rhetorischen Mittel gibt es? Wir erkl\u00e4ren euch die Begriffe anhand von Beispielen und kostenlosen Lernvideos!\" \/>\n<meta name=\"robots\" content=\"index, follow\" \/>\n<meta name=\"googlebot\" content=\"index, follow, max-snippet:-1, max-image-preview:large, max-video-preview:-1\" \/>\n<meta name=\"bingbot\" content=\"index, follow, max-snippet:-1, max-image-preview:large, max-video-preview:-1\" \/>\n<link rel=\"canonical\" href=\"https:\/\/www.studyhelp.de\/online-lernen\/deutsch\/rhetorische-mittel\/\" \/>\n<meta property=\"og:locale\" content=\"de_DE\" \/>\n<meta property=\"og:type\" content=\"article\" \/>\n<meta property=\"og:title\" content=\"Rhetorik erkl\u00e4rt - inkl. Beispielen - StudyHelp Online-Lernen\" \/>\n<meta property=\"og:description\" content=\"Was bedeutet der Begriff Rhetorik und welche rhetorischen Mittel gibt es? Wir erkl\u00e4ren euch die Begriffe anhand von Beispielen und kostenlosen Lernvideos!\" \/>\n<meta property=\"og:url\" content=\"https:\/\/www.studyhelp.de\/online-lernen\/deutsch\/rhetorische-mittel\/\" \/>\n<meta property=\"og:site_name\" content=\"StudyHelp Online-Lernen\" \/>\n<meta property=\"article:modified_time\" content=\"2019-03-12T12:32:36+00:00\" \/>\n<meta name=\"twitter:card\" content=\"summary_large_image\" \/>\n<script type=\"application\/ld+json\" class=\"yoast-schema-graph\">{\"@context\":\"https:\/\/schema.org\",\"@graph\":[{\"@type\":\"WebSite\",\"@id\":\"https:\/\/www.studyhelp.de\/online-lernen\/#website\",\"url\":\"https:\/\/www.studyhelp.de\/online-lernen\/\",\"name\":\"StudyHelp Online-Lernen\",\"description\":\"\",\"potentialAction\":[{\"@type\":\"SearchAction\",\"target\":\"https:\/\/www.studyhelp.de\/online-lernen\/?s={search_term_string}\",\"query-input\":\"required name=search_term_string\"}],\"inLanguage\":\"de-DE\"},{\"@type\":\"WebPage\",\"@id\":\"https:\/\/www.studyhelp.de\/online-lernen\/deutsch\/rhetorische-mittel\/#webpage\",\"url\":\"https:\/\/www.studyhelp.de\/online-lernen\/deutsch\/rhetorische-mittel\/\",\"name\":\"Rhetorik erkl\\u00e4rt - inkl. Beispielen - StudyHelp Online-Lernen\",\"isPartOf\":{\"@id\":\"https:\/\/www.studyhelp.de\/online-lernen\/#website\"},\"datePublished\":\"2018-06-25T13:57:38+00:00\",\"dateModified\":\"2019-03-12T12:32:36+00:00\",\"description\":\"Was bedeutet der Begriff Rhetorik und welche rhetorischen Mittel gibt es? Wir erkl\\u00e4ren euch die Begriffe anhand von Beispielen und kostenlosen Lernvideos!\",\"inLanguage\":\"de-DE\",\"potentialAction\":[{\"@type\":\"ReadAction\",\"target\":[\"https:\/\/www.studyhelp.de\/online-lernen\/deutsch\/rhetorische-mittel\/\"]}]}]}<\/script>\n<!-- \/ Yoast SEO plugin. -->","_links":{"self":[{"href":"https:\/\/www.studyhelp.de\/online-lernen\/wp-json\/wp\/v2\/pages\/8723"}],"collection":[{"href":"https:\/\/www.studyhelp.de\/online-lernen\/wp-json\/wp\/v2\/pages"}],"about":[{"href":"https:\/\/www.studyhelp.de\/online-lernen\/wp-json\/wp\/v2\/types\/page"}],"author":[{"embeddable":true,"href":"https:\/\/www.studyhelp.de\/online-lernen\/wp-json\/wp\/v2\/users\/3"}],"replies":[{"embeddable":true,"href":"https:\/\/www.studyhelp.de\/online-lernen\/wp-json\/wp\/v2\/comments?post=8723"}],"version-history":[{"count":31,"href":"https:\/\/www.studyhelp.de\/online-lernen\/wp-json\/wp\/v2\/pages\/8723\/revisions"}],"predecessor-version":[{"id":17566,"href":"https:\/\/www.studyhelp.de\/online-lernen\/wp-json\/wp\/v2\/pages\/8723\/revisions\/17566"}],"up":[{"embeddable":true,"href":"https:\/\/www.studyhelp.de\/online-lernen\/wp-json\/wp\/v2\/pages\/8123"}],"wp:attachment":[{"href":"https:\/\/www.studyhelp.de\/online-lernen\/wp-json\/wp\/v2\/media?parent=8723"}],"wp:term":[{"taxonomy":"category","embeddable":true,"href":"https:\/\/www.studyhelp.de\/online-lernen\/wp-json\/wp\/v2\/categories?post=8723"},{"taxonomy":"post_tag","embeddable":true,"href":"https:\/\/www.studyhelp.de\/online-lernen\/wp-json\/wp\/v2\/tags?post=8723"}],"curies":[{"name":"wp","href":"https:\/\/api.w.org\/{rel}","templated":true}]}}