{"id":8771,"date":"2018-06-27T13:58:56","date_gmt":"2018-06-27T11:58:56","guid":{"rendered":"https:\/\/www.studyhelp.de\/online-lernen\/?page_id=8771"},"modified":"2026-03-04T10:15:45","modified_gmt":"2026-03-04T09:15:45","slug":"sachtextanalyse","status":"publish","type":"page","link":"https:\/\/www.studyhelp.de\/online-lernen\/deutsch\/sachtextanalyse\/","title":{"rendered":"Sachtextanalyse"},"content":{"rendered":"<p>Die Sachtextanalyse ist eine Form der <a href=\"https:\/\/www.studyhelp.de\/online-lernen\/deutsch\/textanalyse\/\" rel=\"noopener noreferrer\" target=\"_blank\">Textanalyse<\/a>. Sie wird zur Analyse verschiedenster Sachtexte angewendet, die uns in der Oberstufe begegnen k\u00f6nnen. Dabei geh\u00f6rt die Sachtextanalyse zu den simpleren Analysen, da Sachtexte &#8222;nur&#8220; Informationen \u00fcbermitteln und Fakten darlegen. So wird von uns z.B. in dieser Analyseform keine Charakterisierung oder Interpretation verlangt. <\/p>\n<p>Beispiele f\u00fcr Sachtexte sind: Zeitungsartikel, Anleitungen, Berichte, Kommentare, Glossen und Reportagen.<\/p>\n<p><strong>Inhaltsverzeichnis<\/strong><\/p>\n<ul>\n<li><a href=\"#wie-schreibe-ich-eine-sachtextanalyse\">Wie schreibe ich eine Sachtextanalyse?<\/a><\/li>\n<li><a href=\"#lesen-und-verstehen\">1. Schritt: Lesen und Verstehen<\/a><\/li>\n<li><a href=\"#die-sachtextanalyse-schreiben\">2. Schritt: Die Sachtextanalyse schreiben<\/a>\n<ul>\n<li><a href=\"#die-einleitung\">Die Einleitung<\/a>\n<li>\n<li><a href=\"#der-hauptteil\">Der Hauptteil<\/a>\n<li>\n<li><a href=\"#der-schluss\">Der Schlussteil<\/a><\/li>\n<\/li>\n<\/ul>\n<li><a href=\"#kontrolle-der-analyse\">3. Schritt: Kontrolliere deine Analyse<\/a><\/li>\n<ul>\n<h2 class=\"anchor\" id=\"wie-schreibe-ich-eine-sachtextanalyse\">Wie schreibe ich eine Sachtextanalyse?<\/h2>\n<p>Wie bei jeder anderen Analyse auch, ben\u00f6tigt es eine strukturierte Vorbereitung um Sachtexte zu analysieren. Damit du dich nicht ohne Plan loslegst, haben wir dir die wichtigsten Schritte zur Vorbereitung der Sachtextanalyse aufgelistet.<\/p>\n<h3 class=\"anchor\" id=\"lesen-und-verstehen\">1. Schritt: Lesen und Verstehen<\/h3>\n<p>Lies den vorliegenden Text gr\u00fcndlich durch! Hier gilt die Regel: Einmal Lesen gen\u00fcgt nicht. Du musst bei jedem Durchgang verschiedene Schwerpunkte legen. Eine sinnvolle Struktur w\u00fcrde folgenderma\u00dfen aussehen:<\/p>\n<ol>\n<li>Das erste Lesen dient der groben Orientierung und dem Textverst\u00e4ndnis. Hier markierst du bereits die wichtigen Rahmenbedinungen des Sachtextes: Der Autor, das Erscheinungsjahr und die Textsorte (Rede, Zeitungsartikel, Kommentar etc.).<\/li>\n<li>Beim zweiten Lesen markierst du Fremdw\u00f6rter oder unklare Textstellen.<\/li>\n<li>W\u00e4hrend des dritten Lesens markierst du dir sprachliche Auff\u00e4lligkeiten. Dazu z\u00e4hlen sprachliche Mittel, wie z.B. <a href=\"https:\/\/www.studyhelp.de\/online-lernen\/deutsch\/rhetorik\/\" rel=\"noopener noreferrer\" target=\"_blank\">rhetorische Mittel<\/a>, Fachbegriffe, Anspielungen oder sogar Bilder.<\/li>\n<\/ol>\n<p>Hast du alle drei Schritte sorgf\u00e4ltig durchgef\u00fchrt hast du bereits sichergestellt, dass du den Inhalt richtig verstanden hast und deine Analyse auf korrekten Informationen aufbaut. Es empfiehlt sich bereits w\u00e4hrend dieser Schritte flei\u00dfig Kommentare am Rand zu verfassen. Hier ist Platz f\u00fcr deine Gedanken, die dir beim Lesen aufkommen! Untersch\u00e4tze das Aufschreiben von Kommentaren nicht &#8211; getreu dem Motto &#8222;besser haben als brauchen&#8220; k\u00f6nnten sie eine hilfreiche St\u00fctze f\u00fcr deine Sachtextanalyse sein.<\/p>\n<h3 class=\"anchor\" id=\"die-sachtextanalyse.schreiben>2. Schritt: Die Sachtextanalyse schreiben<\/h3>\n<p>Jetzt kannst du damit beginnen, deine Analyse zu schreiben. F\u00fcr den richtigen Aufbau solltest du die nachfolgenden Tipps und Tricks beachten. So stellst du sicher, dass du keine wichtigen inhaltlichen Aspekte ausl\u00e4sst. Bei Arbeiten oder Abiturpr\u00fcfungen solltest du die Zeit im Auge behalten. Sorge daf\u00fcr, dass deine Analyse einen angemessenen Umfang hat und du keinen unfertigen Text abgeben musst &#8211; aber kommen wir jetzt zum Aufbaue deiner Analyse!<\/p>\n<h3 class=\"anchor\" id=\"die-einleitung\">Die Einleitung<\/h3>\n<p>In der Einleitung zur Sachtextanalyse gehst du zun\u00e4chst auf die \u00e4u\u00dferen Textmerkmale ein. Hierf\u00fcr greifen wir auf die bereits erledigte Vorarbeit zur\u00fcck! Unsere Markierungen und Notizen werden uns dabei helfen den Titel und Autor des Textes, sowie das Erscheinungsjahr und die Textsorte im <strong>Einleitungssatz<\/strong> deiner Analyse zu nennen. Zudem wird von dir an dieser Stelle verlangt das Thema- oder die These des Texts anzurei\u00dfen.<\/p>\n<p><strong>Was in der Einleitung vorkommen muss:<\/strong><\/p>\n<ul>\n<li>Titel<\/li>\n<li>Name des Autors<\/li>\n<li>Erscheinungsjahr<\/li>\n<li>Textsorte<\/li>\n<li>Thema des Sachtextes (in 1 oder 2 S\u00e4tzen)<\/li>\n<li>(zeitliche Einordnung des Sachtextes)<\/li>\n<li>(Zusammenfassung der Kernaussage)<\/li>\n<\/ul>\n<p>Es kann vorkommen, dass dein Lehrer eine Einordnung des Themas in einen gr\u00f6\u00dferen Zusammenhang sehen m\u00f6chte. Auch eine zeitliche Einordnung w\u00e4re an dieser Stelle denkbar. Frag im Zweifel deinen Lehrer, ob diese beiden Punkte notwendig sind.<\/p>\n<div class=\"box info\">\n<p><strong>Beispiel: Einleitung zu einer Sachtextanalyse<\/strong><br \/>\nDer Sachtext &#8222;xxxx&#8220; von &#8222;xxx xxx&#8220; wurde im Jahr &#8222;xx.xx.xxxx&#8220; verfasst und thematisiert die kritische Auseinandersetzung der Generation Y mit dem Klimawandel. Der zu analysierende Sachtext liegt als Zeitungsartikel vor und wird von mir in dieser Arbeit auf inhaltliche, strukturelle und sprachliche Eigenschaften analysiert.<br \/>\n<\/div>\n<h3 class=\"anchor\" id=\"der-hauptteil\">Der Hauptteil<\/h3>\n<p>Im Hauptteil der Sachtextanalyse steht die eigentliche Arbeit an. Hier sind drei Aspekte wichtig, auf die du eingehen musst:<\/p>\n<ul>\n<li><strong>Inhalt des Sachtextes<\/strong>\n<ul>\n<li>Wiedergabe des Inhalts(in eigenen Worten)<\/li>\n<li>Umrei\u00dfen der im Sachtext genannten Problematik(z.B. Klimawandel)<\/li>\n<li>Einteilung des Sachtextes in Sinnabschnitte(kurze Wiedergabe der einzelnen Inhalte)<\/li>\n<\/li>\n<\/ul>\n<li><strong>Struktur des Sachtextes<\/strong>\n<ul>\n<li>Argumentationsweise des Autors darlegen (sachlich, emotional, moralisch, plausibel, strategisch, rational)<\/li>\n<li>Welche Argumenttypen werden verwendet (Faktenargument, indirektes Argument, normatives Argument)<\/li>\n<\/li>\n<\/ul>\n<li><strong>Sprache des Sachtextes<\/strong>\n<ul>\n<li>Nenne alle sprachlichen Auff\u00e4lligkeiten<\/li>\n<li>Werden rhetorische Stilmittel verwendet?<\/li>\n<li>Verwendeter Satzbau (Parataxe \/ Hypotaxe)<\/li>\n<li>Verwendet der Auto eine Fachsprache?<\/li>\n<li>Schreibt der Autor z.B. wertend, subjektiv, objektiv oder polemisch?<\/li>\n<li>Benutzt er Metaphern?<\/li>\n<li>Nutzt er sprachliche Mittel um seine Argumente zu untermalen?<\/li>\n<\/li>\n<\/ul>\n<\/ul>\n<p>Wichtig ist, dass du die hier genannten Analyseteile miteinander in Verbindung bringst. Der Autor wird sich bei seinem Sachtext ganz genau Gedanken gemacht haben, warum er gerade dieses sprachliche Mittel oder jenen Argumentationstyp verwendet hat. Alles steht miteinander in Verbindung. Wenn du dies in deiner Sachtextanalyse darstellen kannst, wird eine gute Note auf dich warten! Nat\u00fcrlich musst du auch auf eine sprachlich einwandfreie Darstellung achten. Die Schreibtools von <a target=\"_blank\" href=\"https:\/\/quillbot.com\/de\/\" rel=\"noopener\">QuillBot<\/a> k\u00f6nnen dir bei Formulierungen und der Pr\u00fcfung von Rechtschreibfehlern helfen.<\/p>\n<h3 class=\"anchor\" id=\"der-schluss\">Der Schlussteil<\/h3>\n<p>Dem Schluss deiner Sachtextanalyse kommt jedoch ebenfalls eine besondere Bedeutung zu, denn in diesem Teil darfst du deine eigene Meinung und Perspektive erstmalig einbringen.<\/p>\n<p>Zun\u00e4chst gibst du dem Leser eine Zusammenfassung deiner vorherigen Arbeit. Nenne erneut das Thema sowie die wichtigsten Kernaussagen des Texts. \u00dcberpr\u00fcfe abschlie\u00dfend die Argumentation des Autors auf ihre Schl\u00fcssigkeit. An dieser Stelle bringst du wie oben erw\u00e4hnt deinen eigenen Standpunkt hierzu ein.<\/p>\n<p><strong>Was im Schlussteil der Sachtextanalyse vorkommen muss:<\/strong><\/p>\n<ul>\n<li>Fasse zusammen, was du bisher geschrieben hast<\/li>\n<li>Werte die eingenommene Position des Autors<\/li>\n<li>Setz dich mit seinen Argumenten auseinander und Werte sie<\/li>\n<li>Konnte der Autor die Intention seines Textes durchsetzen?<\/li>\n<li>Schlusswort in eigenen Worten verfassen. (nicht interpretierend!)<\/li>\n<\/ul>\n<h3 class=\"anchor\" id=\"kontrolle-der-analyse\">3. Schritt: Kontrolliere deine Analyse<\/h3>\n<p>Diesen Schritt lassen viele aufgrund von sinkender Motivation oder mangels verbleibender Zeit oft aus. In den meisten F\u00e4llen ist eine fehlende Kontrolle jedoch zu deinem Nachteil. Denn hier hast du die M\u00f6glichkeit, deinen Text ein letztes Mal auf Inhalt, Form und Rechtschreibung zu \u00fcberpr\u00fcfen. Oft entscheiden wenige Fehler \u00fcber deine Note. Deshalb solltest du diesen Schritt nicht auslassen. R\u00e4ume dir bei Bedarf zu Beginn deiner Analyse ein angemessenes Zeitfenster ein, um deinen Text final zu kontrollieren.<\/p>\n<p><strong>Einf\u00fchrungsvideo zur Sachtextanalyse<\/strong><br \/>\n<div class=\"lyte-wrapper\" title=\"Wie schreibe ich eine Sachtextanalyse? Wie analysiere ich einen Sachtext? - Textanalyse\" style=\"width:420px;max-width:100%;margin:5px;\"><div class=\"lyMe\" id=\"WYL_m8whjghKO_8\"><div id=\"lyte_m8whjghKO_8\" data-src=\"https:\/\/www.studyhelp.de\/online-lernen\/wp-content\/plugins\/wp-youtube-lyte\/lyteCache.php?origThumbUrl=https%3A%2F%2Fi.ytimg.com%2Fvi%2Fm8whjghKO_8%2Fhqdefault.jpg\" class=\"pL\"><div class=\"tC\"><div class=\"tT\">Wie schreibe ich eine Sachtextanalyse? Wie analysiere ich einen Sachtext? - Textanalyse<\/div><\/div><div class=\"play\"><\/div><div class=\"ctrl\"><div class=\"Lctrl\"><\/div><div class=\"Rctrl\"><\/div><\/div><\/div><noscript><a href=\"https:\/\/youtu.be\/m8whjghKO_8\" rel=\"nofollow\"><img src=\"https:\/\/www.studyhelp.de\/online-lernen\/wp-content\/plugins\/wp-youtube-lyte\/lyteCache.php?origThumbUrl=https%3A%2F%2Fi.ytimg.com%2Fvi%2Fm8whjghKO_8%2F0.jpg\" alt=\"Wie schreibe ich eine Sachtextanalyse? Wie analysiere ich einen Sachtext? - Textanalyse\" width=\"420\" height=\"216\" \/><br \/>Dieses Video auf YouTube ansehen<\/a><\/noscript><\/div><\/div><div class=\"lL\" style=\"max-width:100%;width:420px;margin:5px;\"><\/div><\/p>\n","protected":false},"excerpt":{"rendered":"<p>Die Sachtextanalyse ist eine Form der Textanalyse. Sie wird zur Analyse verschiedenster Sachtexte angewendet, die uns in der Oberstufe begegnen k\u00f6nnen. Dabei geh\u00f6rt die Sachtextanalyse zu den simpleren Analysen, da Sachtexte &#8222;nur&#8220; Informationen \u00fcbermitteln und Fakten darlegen. So wird von uns z.B. in dieser Analyseform keine Charakterisierung oder Interpretation verlangt. Beispiele f\u00fcr Sachtexte sind: Zeitungsartikel, [&hellip;]<\/p>\n","protected":false},"author":10,"featured_media":0,"parent":8123,"menu_order":0,"comment_status":"closed","ping_status":"closed","template":"","meta":[],"categories":[30],"tags":[],"yoast_head":"<!-- This site is optimized with the Yoast SEO plugin v14.7 - https:\/\/yoast.com\/wordpress\/plugins\/seo\/ -->\n<title>Sachtextanalyse schreiben - Aufbau und Inhalt - StudyHelp Online-Lernen<\/title>\n<meta name=\"description\" content=\"Die Sachtextanalyse ist einer der am h\u00e4ufigsten vorkommenden Aufgabenstellungen im Fach Deutsch. Hier lernst du, wie du eine Sachtextanalyse schreibst.\" \/>\n<meta name=\"robots\" content=\"index, follow\" \/>\n<meta name=\"googlebot\" content=\"index, follow, max-snippet:-1, max-image-preview:large, max-video-preview:-1\" \/>\n<meta name=\"bingbot\" content=\"index, follow, max-snippet:-1, max-image-preview:large, max-video-preview:-1\" \/>\n<link rel=\"canonical\" href=\"https:\/\/www.studyhelp.de\/online-lernen\/deutsch\/sachtextanalyse\/\" \/>\n<meta property=\"og:locale\" content=\"de_DE\" \/>\n<meta property=\"og:type\" content=\"article\" \/>\n<meta property=\"og:title\" content=\"Sachtextanalyse schreiben - Aufbau und Inhalt - StudyHelp Online-Lernen\" \/>\n<meta property=\"og:description\" content=\"Die Sachtextanalyse ist einer der am h\u00e4ufigsten vorkommenden Aufgabenstellungen im Fach Deutsch. Hier lernst du, wie du eine Sachtextanalyse schreibst.\" \/>\n<meta property=\"og:url\" content=\"https:\/\/www.studyhelp.de\/online-lernen\/deutsch\/sachtextanalyse\/\" \/>\n<meta property=\"og:site_name\" content=\"StudyHelp Online-Lernen\" \/>\n<meta property=\"article:modified_time\" content=\"2026-03-04T09:15:45+00:00\" \/>\n<meta name=\"twitter:card\" content=\"summary_large_image\" \/>\n<script type=\"application\/ld+json\" class=\"yoast-schema-graph\">{\"@context\":\"https:\/\/schema.org\",\"@graph\":[{\"@type\":\"WebSite\",\"@id\":\"https:\/\/www.studyhelp.de\/online-lernen\/#website\",\"url\":\"https:\/\/www.studyhelp.de\/online-lernen\/\",\"name\":\"StudyHelp Online-Lernen\",\"description\":\"\",\"potentialAction\":[{\"@type\":\"SearchAction\",\"target\":\"https:\/\/www.studyhelp.de\/online-lernen\/?s={search_term_string}\",\"query-input\":\"required name=search_term_string\"}],\"inLanguage\":\"de-DE\"},{\"@type\":\"WebPage\",\"@id\":\"https:\/\/www.studyhelp.de\/online-lernen\/deutsch\/sachtextanalyse\/#webpage\",\"url\":\"https:\/\/www.studyhelp.de\/online-lernen\/deutsch\/sachtextanalyse\/\",\"name\":\"Sachtextanalyse schreiben - Aufbau und Inhalt - StudyHelp Online-Lernen\",\"isPartOf\":{\"@id\":\"https:\/\/www.studyhelp.de\/online-lernen\/#website\"},\"datePublished\":\"2018-06-27T11:58:56+00:00\",\"dateModified\":\"2026-03-04T09:15:45+00:00\",\"description\":\"Die Sachtextanalyse ist einer der am h\\u00e4ufigsten vorkommenden Aufgabenstellungen im Fach Deutsch. Hier lernst du, wie du eine Sachtextanalyse schreibst.\",\"inLanguage\":\"de-DE\",\"potentialAction\":[{\"@type\":\"ReadAction\",\"target\":[\"https:\/\/www.studyhelp.de\/online-lernen\/deutsch\/sachtextanalyse\/\"]}]}]}<\/script>\n<!-- \/ Yoast SEO plugin. -->","_links":{"self":[{"href":"https:\/\/www.studyhelp.de\/online-lernen\/wp-json\/wp\/v2\/pages\/8771"}],"collection":[{"href":"https:\/\/www.studyhelp.de\/online-lernen\/wp-json\/wp\/v2\/pages"}],"about":[{"href":"https:\/\/www.studyhelp.de\/online-lernen\/wp-json\/wp\/v2\/types\/page"}],"author":[{"embeddable":true,"href":"https:\/\/www.studyhelp.de\/online-lernen\/wp-json\/wp\/v2\/users\/10"}],"replies":[{"embeddable":true,"href":"https:\/\/www.studyhelp.de\/online-lernen\/wp-json\/wp\/v2\/comments?post=8771"}],"version-history":[{"count":31,"href":"https:\/\/www.studyhelp.de\/online-lernen\/wp-json\/wp\/v2\/pages\/8771\/revisions"}],"predecessor-version":[{"id":18548,"href":"https:\/\/www.studyhelp.de\/online-lernen\/wp-json\/wp\/v2\/pages\/8771\/revisions\/18548"}],"up":[{"embeddable":true,"href":"https:\/\/www.studyhelp.de\/online-lernen\/wp-json\/wp\/v2\/pages\/8123"}],"wp:attachment":[{"href":"https:\/\/www.studyhelp.de\/online-lernen\/wp-json\/wp\/v2\/media?parent=8771"}],"wp:term":[{"taxonomy":"category","embeddable":true,"href":"https:\/\/www.studyhelp.de\/online-lernen\/wp-json\/wp\/v2\/categories?post=8771"},{"taxonomy":"post_tag","embeddable":true,"href":"https:\/\/www.studyhelp.de\/online-lernen\/wp-json\/wp\/v2\/tags?post=8771"}],"curies":[{"name":"wp","href":"https:\/\/api.w.org\/{rel}","templated":true}]}}