{"id":8833,"date":"2018-07-03T12:14:38","date_gmt":"2018-07-03T10:14:38","guid":{"rendered":"https:\/\/www.studyhelp.de\/online-lernen\/?page_id=8833"},"modified":"2020-05-26T13:28:04","modified_gmt":"2020-05-26T11:28:04","slug":"aufklaerung","status":"publish","type":"page","link":"https:\/\/www.studyhelp.de\/online-lernen\/deutsch\/aufklaerung\/","title":{"rendered":"Aufkl\u00e4rung als Epoche"},"content":{"rendered":"<p>Die Epoche der Aufkl\u00e4rung wird auf die Zeit zwischen 1720 bis 1800 datiert. Die Aufkl\u00e4rung erfolgt im Anschluss des Barock, in der die Menschen bekanntlich anfingen ihre Existenz zu hinterfragen. Aufbauend auf dieser Tatsache begannen die Menschen w\u00e4hrend der Aufkl\u00e4rung ihren eigenen Verstand zu entfalten. Vorwiegend wurden durch neue Erkenntnisse das Wissen der normalen B\u00fcrger erweitert. Dies f\u00fchrte dazu, dass Vorurteile, falsche Annahmen und Missst\u00e4nde hinterfragt wurden. <\/p>\n<p>Welche Auswirkungen dieses Umdenken auf die Literatur der Aufkl\u00e4rung hatte, lest ihr in folgendem Artikel zur Epoche der Aufkl\u00e4rung.<\/p>\n<div class=\"box info\">\n<strong>Zeitraum: ca. 1720-1800<\/strong><\/p>\n<p>Historische Ereignisse<\/p>\n<ul>\n<li>Das Deutsche Reich im 18. Jahrhundert war nicht mehr als eine Ansammlung kleiner Territorien.<\/li>\n<li>Das Erdbeben von Lissabon 1755 wirft die Theodizee-Frage auf: \u201eWarum l\u00e4sst ein Gott, sofern er existiert, eine solche Naturkatastrophezu, die so viele unschuldige Menschenleben kostet?\u201c<\/li>\n<li>Franz\u00f6sische Revolution 1789-1799 und das erste Abl\u00f6sen von absolutistischen Herrschaftsformen. Die Revolution\u00e4re propagierten die Umsetzung s\u00e4mtlicher Werte und Ideen der Aufkl\u00e4rung, darunter verbindliche Menschenrechte und auch die Aufl\u00f6sung der St\u00e4nde.<\/li>\n<li>Die klassische Hofdichtung stirbt aus und an seine Stelle tritt der freie Schriftsteller. St\u00e4dte bauten eigene Theater und Opernh\u00e4user. Durch das Entstehen von Moralischen Wochenschriften (Zeitungen, die aufkl\u00e4rerisches Gedankengut verbreiten), bilden sich Lesegesellschaften. Das Lesen erh\u00e4lt somit auch im b\u00fcrgerlichen Bereich ein h\u00f6heres Prestige.<\/li>\n<\/ul>\n<\/div>\n<div class=\"study-deutsch-fullwidth\" id=\"study-4058100738\"><div class=\"ad fullwidth lernheft amz\">\r\n    <div class=\"inner\">\r\n        <div class=\"txt\">\r\n            <span class=\"firstline\">Unser Lernheft zum Deutsch-Abi'22<\/span>\r\n\t\t\t<span class=\"secondline\">Erkl\u00e4rungen + Klausuren + L\u00f6sungen!<\/span>\r\n           <!-- <div class=\"stars\">\r\n                <i class=\"fas fa-star\"><\/i>\r\n                <i class=\"fas fa-star\"><\/i>\r\n                <i class=\"fas fa-star\"><\/i>\r\n                <i class=\"fas fa-star\"><\/i>\r\n                <i class=\"fas fa-star-half\"><\/i>\r\n            <\/div>\r\n            <div class=\"stars-counter\">\r\n                <small>4,5 von 5 Sternen<\/small>\r\n            <\/div>-->\r\n        <\/div>\r\n        <div class=\"btn-container\">\r\n            <a class=\"btn orange\" target=\"_blank\" href=\"%link%\"><img src=\"https:\/\/www.studyhelp.de\/online-lernen\/wp-content\/uploads\/2018\/06\/amz.png\" alt=\"Jetzt kaufen\" title=\"Jetzt kaufen\" \/><span>Auf Amazon ansehen<\/span><\/a>\r\n        <\/div>\r\n        <div class=\"media\">\r\n            <div class=\"img\">\r\n                <img src=\"https:\/\/www.studyhelp.de\/online-lernen\/wp-content\/uploads\/2018\/07\/deutsch-abiturvorbereitung.png\" alt=\"Deutsch Abiturvorbereitung\" title=\"Deutsch Abiturvorbereitung\" \/>\r\n            <\/div>\r\n        <\/div>\r\n    <\/div>\r\n    <div class=\"figure circle\"><\/div>\r\n    <div class=\"figure circle2\"><\/div>\r\n    <div class=\"figure square\"><\/div>\r\n    <div class=\"figure triangle\"><\/div>\r\n   <div class=\"label red\"><p>15,99\u20ac<\/p><\/div>\r\n<\/div><\/div>\n<h2>Allgemeines zur Aufkl\u00e4rung als Epoche<\/h2>\n<p>Im 18. Jahrhundert w\u00e4hrend der Aufkl\u00e4rung bildete sich eine neue Gesellschaftsschicht: B\u00fcrger mit Kapital und der F\u00e4higkeit G\u00fcter zu Handeln. Die Verschiebung dieser Vormachtstellungen verursachten ein Umdenken innerhalb der gesamten Gesellschaft. Der Adel wurde nicht mehr zwingend ben\u00f6tigt. Die m\u00fcndig gewordenen B\u00fcrger meldeten ihren eigenen Souver\u00e4nit\u00e4tsanspruch an und<br \/>\nberiefen sich dabei auf die Aufkl\u00e4rung. Das feudale Weltbild, welches die Adligen als von Gott erw\u00e4hlte Herrscher legitimierte, wurde von einem anderen vernunftbasierten Weltbild abgel\u00f6st. <\/p>\n<p>Tat man zuvor alles um sich einen Platz im Himmel zu sichern, spielte nun das Diesseits eine bedeutendere Rolle. Ging man vorher aufgrund von von Moses 8,21 davon aus, dass der Mensch von Natur aus b\u00f6se sei, war man sich nun sicher, dass genau das Gegenteil der Fall ist. Generell wurde st\u00e4rker die Religion als solche infrage gestellt. Das Verlangen nach Menschenrechten und die Gleichheit aller wuchs. Der Gedanke des Fortschritts wurden zum elementaren Bestandteil der Aufkl\u00e4rung.<\/p>\n<p><strong>Schau dir das Lernvideo von Die Merkhilfe zur Aufkl\u00e4rung an!<\/p>\n<div class=\"lyte-wrapper\" title=\"Aufkl&auml;rung - Literaturepoche einfach erkl&auml;rt - Merkmale, Literatur, Geschichte, Vertreter\" style=\"width:420px;max-width:100%;margin:5px;\"><div class=\"lyMe\" id=\"WYL_WfHT1mavUHk\"><div id=\"lyte_WfHT1mavUHk\" data-src=\"https:\/\/www.studyhelp.de\/online-lernen\/wp-content\/plugins\/wp-youtube-lyte\/lyteCache.php?origThumbUrl=https%3A%2F%2Fi.ytimg.com%2Fvi%2FWfHT1mavUHk%2Fhqdefault.jpg\" class=\"pL\"><div class=\"tC\"><div class=\"tT\">Aufkl\u00e4rung - Literaturepoche einfach erkl\u00e4rt - Merkmale, Literatur, Geschichte, Vertreter<\/div><\/div><div class=\"play\"><\/div><div class=\"ctrl\"><div class=\"Lctrl\"><\/div><div class=\"Rctrl\"><\/div><\/div><\/div><noscript><a href=\"https:\/\/youtu.be\/WfHT1mavUHk\" rel=\"nofollow\"><img src=\"https:\/\/www.studyhelp.de\/online-lernen\/wp-content\/plugins\/wp-youtube-lyte\/lyteCache.php?origThumbUrl=https%3A%2F%2Fi.ytimg.com%2Fvi%2FWfHT1mavUHk%2F0.jpg\" alt=\"Aufkl&auml;rung - Literaturepoche einfach erkl&auml;rt - Merkmale, Literatur, Geschichte, Vertreter\" width=\"420\" height=\"216\" \/><br \/>Dieses Video auf YouTube ansehen<\/a><\/noscript><\/div><\/div><div class=\"lL\" style=\"max-width:100%;width:420px;margin:5px;\"><\/div><br \/>\n<\/p>\n<h2>Literatur w\u00e4hrend der Aufkl\u00e4rung<\/h2>\n<div class=\"box info\">\n<strong>Auswahl wichtiger Vertreter und ihrer bedeutendsten Werke<\/strong><\/p>\n<p>Daniel Defoe:<br \/>\nRobinson Crusoe (1719)<\/p>\n<p>Johann Christoph Gottsched:<br \/>\nVersuch einer Critischen Dichtkunst vor die Deutschen (1730)<\/p>\n<p>Immanuel Kant:<br \/>\nBeantwortung der Frage: Was ist Aufkl\u00e4rung? (1784)<\/p>\n<p>Gotthold Ephraim Lessing:<br \/>\nEmilia Galotti (1772), Nathan der Weise (1779)<\/p>\n<p>Karl Philipp Moritz:<br \/>\nAnton Reiser (1785\/86)<\/p>\n<p>Christoph Martin Wieland:<br \/>\nGeschichte des Agathon (1766\/1767)<\/p>\n<\/div>\n<p>W\u00e4hrend der Aufkl\u00e4rung wurde durch verschiedene Prozesse der Fortschritt im Denken des normalen B\u00fcrgers in Gang gesetzt. Die klassische Hofdichtungen verloren an Bedeutung. Sie weichten st\u00e4dtischen Opernh\u00e4user und Theater. Auch bei literarischen Ver\u00f6ffentlichungen hatte die b\u00fcrgerliche Schicht ein neues Mitspracherecht. Der Anteil lesef\u00e4higer Personen stieg von 15% auf 25% an. So stiegen erstmals Schriftsteller aus dem gew\u00f6hnlichen Volk hervor. Ein fehlendes Urheberrecht, wenig Lohn und strenge Zensur bereiteten ihnen jedoch Schwierigkeiten.<\/p>\n<p>Der Roman gilt als Aufsteiger w\u00e4hrend der Aufkl\u00e4rung. W\u00e4hrend des Barock noch stark verp\u00f6nt, erkennen in der Aufkl\u00e4rung Autoren die M\u00f6glichkeiten dieses Formats. Vorbei waren die Zeiten des besch\u00f6nigenden in Versen abgehandelten Erz\u00e4hlens. Auf die Realit\u00e4t ausgerichtete Prosa, die sich nicht hinter Heldengeschichten der Antike versteckten, sondern gegenw\u00e4rtigen Probleme behandelten, wurden beliebter.<\/p>\n<p>In der Dramatik entstand vor allem das B\u00fcrgerliche Trauerspiel. Protagonisten waren gew\u00f6hnliche B\u00fcrger, dessen Schicksale in der Handlung erz\u00e4hlt wurden. Die St\u00e4ndeklausel wurde hierdurch aufgehoben und Identifikationsfiguren f\u00fcr den gew\u00f6hnlichen B\u00fcrger wurden geschaffen. Neben dem Drama wurde auch die Lyrik neu beeinflusst. Die Empfindsamkeit und die Subjektivit\u00e4t spielten eine entscheidende Rolle, nicht mehr wie im Barock die Belehrung \u00fcber Moral und Religion. <\/p>\n<p>Die wichtigsten Wegbereiter der Aufkl\u00e4rung sind unter anderem Francis Bacon und John Locke. Mit ihren Werken Novum organum scientiarum (1620) und An Essay Concerning Humane Understanding (1690) r\u00fcckten die beiden Autoren das wissenschaftliche Arbeiten mit Experiment, Beobachtung und Auswertung st\u00e4rker ins Licht. Weitere wichtige Namen sind Isaac Newton, Barucha<br \/>\nde Spinoza und in Deutschland Gottfried Wilhelm Leibniz.<\/p>\n<div class=\"study-deutsch-fullwidth\" id=\"study-3969385092\"><div class=\"ad fullwidth lernheft amz\">\r\n    <div class=\"inner\">\r\n        <div class=\"txt\">\r\n            <span class=\"firstline\">Unser Lernheft zum Deutsch-Abi'22<\/span>\r\n\t\t\t<span class=\"secondline\">Erkl\u00e4rungen + Klausuren + L\u00f6sungen!<\/span>\r\n           <!-- <div class=\"stars\">\r\n                <i class=\"fas fa-star\"><\/i>\r\n                <i class=\"fas fa-star\"><\/i>\r\n                <i class=\"fas fa-star\"><\/i>\r\n                <i class=\"fas fa-star\"><\/i>\r\n                <i class=\"fas fa-star-half\"><\/i>\r\n            <\/div>\r\n            <div class=\"stars-counter\">\r\n                <small>4,5 von 5 Sternen<\/small>\r\n            <\/div>-->\r\n        <\/div>\r\n        <div class=\"btn-container\">\r\n            <a class=\"btn orange\" target=\"_blank\" href=\"%link%\"><img src=\"https:\/\/www.studyhelp.de\/online-lernen\/wp-content\/uploads\/2018\/06\/amz.png\" alt=\"Jetzt kaufen\" title=\"Jetzt kaufen\" \/><span>Auf Amazon ansehen<\/span><\/a>\r\n        <\/div>\r\n        <div class=\"media\">\r\n            <div class=\"img\">\r\n                <img src=\"https:\/\/www.studyhelp.de\/online-lernen\/wp-content\/uploads\/2018\/07\/deutsch-abiturvorbereitung.png\" alt=\"Deutsch Abiturvorbereitung\" title=\"Deutsch Abiturvorbereitung\" \/>\r\n            <\/div>\r\n        <\/div>\r\n    <\/div>\r\n    <div class=\"figure circle\"><\/div>\r\n    <div class=\"figure circle2\"><\/div>\r\n    <div class=\"figure square\"><\/div>\r\n    <div class=\"figure triangle\"><\/div>\r\n   <div class=\"label red\"><p>15,99\u20ac<\/p><\/div>\r\n<\/div><\/div>\n","protected":false},"excerpt":{"rendered":"<p>Die Epoche der Aufkl\u00e4rung wird auf die Zeit zwischen 1720 bis 1800 datiert. Die Aufkl\u00e4rung erfolgt im Anschluss des Barock, in der die Menschen bekanntlich anfingen ihre Existenz zu hinterfragen. Aufbauend auf dieser Tatsache begannen die Menschen w\u00e4hrend der Aufkl\u00e4rung ihren eigenen Verstand zu entfalten. Vorwiegend wurden durch neue Erkenntnisse das Wissen der normalen B\u00fcrger [&hellip;]<\/p>\n","protected":false},"author":3,"featured_media":0,"parent":8123,"menu_order":0,"comment_status":"closed","ping_status":"closed","template":"","meta":[],"categories":[30],"tags":[],"yoast_head":"<!-- This site is optimized with the Yoast SEO plugin v14.7 - https:\/\/yoast.com\/wordpress\/plugins\/seo\/ -->\n<title>Aufkl\u00e4rung als Epoche (Literatur) - StudyHelp Online-Lernen<\/title>\n<meta name=\"description\" content=\"Die Epoche der Aufkl\u00e4rung wird auf die Zeit zwischen 1720 bis 1800 datiert. Welchen Einfluss sie auf die Literatur in der Aufkl\u00e4rung hatte, zeigen wir euch!\" \/>\n<meta name=\"robots\" content=\"index, follow\" \/>\n<meta name=\"googlebot\" content=\"index, follow, max-snippet:-1, max-image-preview:large, max-video-preview:-1\" \/>\n<meta name=\"bingbot\" content=\"index, follow, max-snippet:-1, max-image-preview:large, max-video-preview:-1\" \/>\n<link rel=\"canonical\" href=\"https:\/\/www.studyhelp.de\/online-lernen\/deutsch\/aufklaerung\/\" \/>\n<meta property=\"og:locale\" content=\"de_DE\" \/>\n<meta property=\"og:type\" content=\"article\" \/>\n<meta property=\"og:title\" content=\"Aufkl\u00e4rung als Epoche (Literatur) - StudyHelp Online-Lernen\" \/>\n<meta property=\"og:description\" content=\"Die Epoche der Aufkl\u00e4rung wird auf die Zeit zwischen 1720 bis 1800 datiert. Welchen Einfluss sie auf die Literatur in der Aufkl\u00e4rung hatte, zeigen wir euch!\" \/>\n<meta property=\"og:url\" content=\"https:\/\/www.studyhelp.de\/online-lernen\/deutsch\/aufklaerung\/\" \/>\n<meta property=\"og:site_name\" content=\"StudyHelp Online-Lernen\" \/>\n<meta property=\"article:modified_time\" content=\"2020-05-26T11:28:04+00:00\" \/>\n<meta name=\"twitter:card\" content=\"summary_large_image\" \/>\n<script type=\"application\/ld+json\" class=\"yoast-schema-graph\">{\"@context\":\"https:\/\/schema.org\",\"@graph\":[{\"@type\":\"WebSite\",\"@id\":\"https:\/\/www.studyhelp.de\/online-lernen\/#website\",\"url\":\"https:\/\/www.studyhelp.de\/online-lernen\/\",\"name\":\"StudyHelp Online-Lernen\",\"description\":\"\",\"potentialAction\":[{\"@type\":\"SearchAction\",\"target\":\"https:\/\/www.studyhelp.de\/online-lernen\/?s={search_term_string}\",\"query-input\":\"required name=search_term_string\"}],\"inLanguage\":\"de-DE\"},{\"@type\":\"WebPage\",\"@id\":\"https:\/\/www.studyhelp.de\/online-lernen\/deutsch\/aufklaerung\/#webpage\",\"url\":\"https:\/\/www.studyhelp.de\/online-lernen\/deutsch\/aufklaerung\/\",\"name\":\"Aufkl\\u00e4rung als Epoche (Literatur) - StudyHelp Online-Lernen\",\"isPartOf\":{\"@id\":\"https:\/\/www.studyhelp.de\/online-lernen\/#website\"},\"datePublished\":\"2018-07-03T10:14:38+00:00\",\"dateModified\":\"2020-05-26T11:28:04+00:00\",\"description\":\"Die Epoche der Aufkl\\u00e4rung wird auf die Zeit zwischen 1720 bis 1800 datiert. Welchen Einfluss sie auf die Literatur in der Aufkl\\u00e4rung hatte, zeigen wir euch!\",\"inLanguage\":\"de-DE\",\"potentialAction\":[{\"@type\":\"ReadAction\",\"target\":[\"https:\/\/www.studyhelp.de\/online-lernen\/deutsch\/aufklaerung\/\"]}]}]}<\/script>\n<!-- \/ Yoast SEO plugin. -->","_links":{"self":[{"href":"https:\/\/www.studyhelp.de\/online-lernen\/wp-json\/wp\/v2\/pages\/8833"}],"collection":[{"href":"https:\/\/www.studyhelp.de\/online-lernen\/wp-json\/wp\/v2\/pages"}],"about":[{"href":"https:\/\/www.studyhelp.de\/online-lernen\/wp-json\/wp\/v2\/types\/page"}],"author":[{"embeddable":true,"href":"https:\/\/www.studyhelp.de\/online-lernen\/wp-json\/wp\/v2\/users\/3"}],"replies":[{"embeddable":true,"href":"https:\/\/www.studyhelp.de\/online-lernen\/wp-json\/wp\/v2\/comments?post=8833"}],"version-history":[{"count":15,"href":"https:\/\/www.studyhelp.de\/online-lernen\/wp-json\/wp\/v2\/pages\/8833\/revisions"}],"predecessor-version":[{"id":16701,"href":"https:\/\/www.studyhelp.de\/online-lernen\/wp-json\/wp\/v2\/pages\/8833\/revisions\/16701"}],"up":[{"embeddable":true,"href":"https:\/\/www.studyhelp.de\/online-lernen\/wp-json\/wp\/v2\/pages\/8123"}],"wp:attachment":[{"href":"https:\/\/www.studyhelp.de\/online-lernen\/wp-json\/wp\/v2\/media?parent=8833"}],"wp:term":[{"taxonomy":"category","embeddable":true,"href":"https:\/\/www.studyhelp.de\/online-lernen\/wp-json\/wp\/v2\/categories?post=8833"},{"taxonomy":"post_tag","embeddable":true,"href":"https:\/\/www.studyhelp.de\/online-lernen\/wp-json\/wp\/v2\/tags?post=8833"}],"curies":[{"name":"wp","href":"https:\/\/api.w.org\/{rel}","templated":true}]}}