{"id":8846,"date":"2018-07-04T10:45:33","date_gmt":"2018-07-04T08:45:33","guid":{"rendered":"https:\/\/www.studyhelp.de\/online-lernen\/?page_id=8846"},"modified":"2020-05-26T13:39:46","modified_gmt":"2020-05-26T11:39:46","slug":"gedichtanalyse","status":"publish","type":"page","link":"https:\/\/www.studyhelp.de\/online-lernen\/deutsch\/gedichtanalyse\/","title":{"rendered":"Gedichtanalyse"},"content":{"rendered":"<p>Die Gedichtanalyse ist eine Aufgabenstellung, an der kaum ein Sch\u00fcler herumkommt. Denn Lyrik ist ein Kernthema im Deutschunterricht. Da du lyrische Texte in der Schule nicht nur lesen, sondern mit ihnen arbeiten musst, steht das Verfassen einer Gedichtanalyse an der Tagesordnung. Dabei finden sich ausschlaggebende Unterschiede zu der Analyse von Sachtexten oder anderen literarischen Texten. Spezifisch f\u00fcr die Gedichtanalyse ist beispielsweise die Untersuchung von Versma\u00df, Stilmitteln und Reimschema. <\/p>\n<p>Nachfolgend lernst du, worauf es bei einer Gedichtanalyse ankommt und wie du sie schreibst. Anschlie\u00dfend erarbeiten wir die Aspekte einer Gedichtinterpretation und wie du sie in deine Gedichtanalyse integrierst.<\/p>\n<p><strong>Schau dir zun\u00e4chst das folgende Video an, um dein Wissen aufzufrischen und einen ersten \u00dcberblick zu erhalten.<\/strong><\/p>\n<div class=\"lyte-wrapper\" title=\"Wie schreibe ich eine Gedichtanalyse \/ Gedichtinterpretation? - Linear &amp;amp; Aspektorientiert 1\" style=\"width:420px;max-width:100%;margin:5px;\"><div class=\"lyMe\" id=\"WYL_4_le1P4YLKg\"><div id=\"lyte_4_le1P4YLKg\" data-src=\"https:\/\/www.studyhelp.de\/online-lernen\/wp-content\/plugins\/wp-youtube-lyte\/lyteCache.php?origThumbUrl=https%3A%2F%2Fi.ytimg.com%2Fvi%2F4_le1P4YLKg%2Fhqdefault.jpg\" class=\"pL\"><div class=\"tC\"><div class=\"tT\">Wie schreibe ich eine Gedichtanalyse \/ Gedichtinterpretation? - Linear &amp; Aspektorientiert 1<\/div><\/div><div class=\"play\"><\/div><div class=\"ctrl\"><div class=\"Lctrl\"><\/div><div class=\"Rctrl\"><\/div><\/div><\/div><noscript><a href=\"https:\/\/youtu.be\/4_le1P4YLKg\" rel=\"nofollow\"><img src=\"https:\/\/www.studyhelp.de\/online-lernen\/wp-content\/plugins\/wp-youtube-lyte\/lyteCache.php?origThumbUrl=https%3A%2F%2Fi.ytimg.com%2Fvi%2F4_le1P4YLKg%2F0.jpg\" alt=\"Wie schreibe ich eine Gedichtanalyse \/ Gedichtinterpretation? - Linear &amp;amp; Aspektorientiert 1\" width=\"420\" height=\"216\" \/><br \/>Dieses Video auf YouTube ansehen<\/a><\/noscript><\/div><\/div><div class=\"lL\" style=\"max-width:100%;width:420px;margin:5px;\"><\/div><br \/>\n<\/p>\n<h2>Wozu eine Gedichtanalyse?<\/h2>\n<p>Bei der Gedichtanalyse bringst du die verschiedenen Ebenen eines lyrischen Texts in Zusammenhang und arbeitest ihre Besonderheiten heraus. Hierzu betrachtest du neben dem Inhalt stets die Aussage und Wirkung des Gedichts. Es gilt herauszufinden, wie diese Ebenen durch die sprachliche Gestaltung verwirklicht werden. Die Analyse dient dazu, ein vorliegendes Gedicht schriftlich zu beschreiben. Ein zus\u00e4tzlicher Bestandteil der Gedichtanalyse ist die Interpretation. Zus\u00e4tzlich zur objektiven Analyse deutest du mithilfe der Gedichtinterpretation das Gedicht und dessen Intention.<\/p>\n<div class=\"box info\">\n<p><strong>Wissenswert<\/strong><br \/>\nDas Wort Analyse stammt aus dem Griechischen (\u1f00\u03bd\u03ac\u03bb\u03c5\u03c3\u03b9\u03c2\u00a0<em>an\u00e1lysis<\/em>\u00a0\u201eAufl\u00f6sung\u201c) und beschreibt die Zerlegung eines Texts in seine Einzelteile, um systematisch alle Besonderheiten herauszustellen.<br \/>\n<\/div>\n<div class=\"study-deutsch-fullwidth\" id=\"study-3029625159\"><div class=\"ad fullwidth lernheft amz\">\r\n    <div class=\"inner\">\r\n        <div class=\"txt\">\r\n            <span class=\"firstline\">Unser Lernheft zum Deutsch-Abi'22<\/span>\r\n\t\t\t<span class=\"secondline\">Erkl\u00e4rungen + Klausuren + L\u00f6sungen!<\/span>\r\n           <!-- <div class=\"stars\">\r\n                <i class=\"fas fa-star\"><\/i>\r\n                <i class=\"fas fa-star\"><\/i>\r\n                <i class=\"fas fa-star\"><\/i>\r\n                <i class=\"fas fa-star\"><\/i>\r\n                <i class=\"fas fa-star-half\"><\/i>\r\n            <\/div>\r\n            <div class=\"stars-counter\">\r\n                <small>4,5 von 5 Sternen<\/small>\r\n            <\/div>-->\r\n        <\/div>\r\n        <div class=\"btn-container\">\r\n            <a class=\"btn orange\" target=\"_blank\" href=\"%link%\"><img src=\"https:\/\/www.studyhelp.de\/online-lernen\/wp-content\/uploads\/2018\/06\/amz.png\" alt=\"Jetzt kaufen\" title=\"Jetzt kaufen\" \/><span>Auf Amazon ansehen<\/span><\/a>\r\n        <\/div>\r\n        <div class=\"media\">\r\n            <div class=\"img\">\r\n                <img src=\"https:\/\/www.studyhelp.de\/online-lernen\/wp-content\/uploads\/2018\/07\/deutsch-abiturvorbereitung.png\" alt=\"Deutsch Abiturvorbereitung\" title=\"Deutsch Abiturvorbereitung\" \/>\r\n            <\/div>\r\n        <\/div>\r\n    <\/div>\r\n    <div class=\"figure circle\"><\/div>\r\n    <div class=\"figure circle2\"><\/div>\r\n    <div class=\"figure square\"><\/div>\r\n    <div class=\"figure triangle\"><\/div>\r\n   <div class=\"label red\"><p>15,99\u20ac<\/p><\/div>\r\n<\/div><\/div>\n<h2>Methoden der Gedichtanalyse<\/h2>\n<p>Bei der Analyse von Gedichten sind zwei Methoden m\u00f6glich. Zum einen gibt es die lineare Analyse und zum anderen die aspektorientierte Analyse. Je nachdem, f\u00fcr welche Methode du dich entscheidest, setzt du verschiedene Schwerpunkte in deiner Herangehensweise. Nachfolgend schauen wir uns die Gemeinsamkeiten und Unterschiede der zwei Methoden n\u00e4her an.<\/p>\n<h3>Lineare Gedichtanalyse<\/h3>\n<p>Die lineare Gedichtanalyse orientiert sich nah am vorliegenden Text. Bei der Analyse folgst du dem Textverlauf Vers f\u00fcr Vers und bearbeitest die Strophen nacheinander. Aus dieser Herangehensweise ergeben sich einige Vorteile. Erstens ist es auf diese Weise f\u00fcr dich einfacher, keine wichtigen Aspekte zu \u00fcbersehen. Zweitens musst du dir bei dieser Methode wenige Gedanken um die Struktur der Analyse machen. Denn diese ist dadurch definiert, dass du dich am Textverlauf orientierst.<br \/>\nDie so vorgegebene Struktur kann gleichzeitig ein Nachteil der linearen Gedichtanalyse darstellen. Denn auf diese Weise kann es passieren, dass du \u00fcbergreifende Zusammenh\u00e4nge nicht als solche erkennst oder zu gen\u00fcge herausarbeitest.<\/p>\n<h3>Aspektorientierte Gedichtanalyse<\/h3>\n<p>Dem gegen\u00fcber steht die aspektorientierte Analyse von Gedichten. Bei dieser Methode beleuchtest du den vorliegenden Text anhand einer spezifischen Fragestellung. Diese kann entweder bereits gegeben oder durch dich \u00fcberlegt sein. Ein Vorteil dieser Methode ist, dass du zusammenh\u00e4ngende Aspekte unabh\u00e4ngig von Textstellen in Verbindung bringen kannst. Auf diese Weise demonstrierst du systematisches Vorgehen und eine strukturierte Denkweise. Der Nachteil kann darin liegen, dass du wichtige Textstellen \u00fcbersiehst und in deiner Analyse vergisst.<\/p>\n<h2>Aufbau einer Gedichtanalyse<\/h2>\n<p>Hast du dich f\u00fcr eine der beiden obigen Methoden entschieden (oder hast diese vorgegeben bekommen), kannst du dich mit dem Aufbau deiner Gedichtanalyse befassen. Der Aufbau ist im Groben exakt wie bei der Analyse anderer literarischer Texte oder von Sachtexten. Denn du gliederst auf in Einleitung, Hauptteil und Schluss.<\/p>\n<h3>Einleitung der Gedichtanalyse<\/h3>\n<p>In der Einleitung deiner Gedichtanalyse nennst du zun\u00e4chst die vorliegende Gedichtart. Handelt es sich beispielsweise um politische Lyrik oder Liebeslyrik? Im Anschluss nennst du Titel und Autor des Textes sowie dessen Erscheinungs- oder Entstehungsjahr.<\/p>\n<div class=\"box info\">\n<p><strong>Hinweis<\/strong><br \/>\nWenn es sich um politische Lyrik handelt, nennst du an dieser Stelle zus\u00e4tzlich den politischen Hintergrund.<br \/>\n<\/div>\n<div class=\"study-deutsch-fullwidth\" id=\"study-1678046323\"><div class=\"ad fullwidth lernheft amz\">\r\n    <div class=\"inner\">\r\n        <div class=\"txt\">\r\n            <span class=\"firstline\">Unser Lernheft zum Deutsch-Abi'22<\/span>\r\n\t\t\t<span class=\"secondline\">Erkl\u00e4rungen + Klausuren + L\u00f6sungen!<\/span>\r\n           <!-- <div class=\"stars\">\r\n                <i class=\"fas fa-star\"><\/i>\r\n                <i class=\"fas fa-star\"><\/i>\r\n                <i class=\"fas fa-star\"><\/i>\r\n                <i class=\"fas fa-star\"><\/i>\r\n                <i class=\"fas fa-star-half\"><\/i>\r\n            <\/div>\r\n            <div class=\"stars-counter\">\r\n                <small>4,5 von 5 Sternen<\/small>\r\n            <\/div>-->\r\n        <\/div>\r\n        <div class=\"btn-container\">\r\n            <a class=\"btn orange\" target=\"_blank\" href=\"%link%\"><img src=\"https:\/\/www.studyhelp.de\/online-lernen\/wp-content\/uploads\/2018\/06\/amz.png\" alt=\"Jetzt kaufen\" title=\"Jetzt kaufen\" \/><span>Auf Amazon ansehen<\/span><\/a>\r\n        <\/div>\r\n        <div class=\"media\">\r\n            <div class=\"img\">\r\n                <img src=\"https:\/\/www.studyhelp.de\/online-lernen\/wp-content\/uploads\/2018\/07\/deutsch-abiturvorbereitung.png\" alt=\"Deutsch Abiturvorbereitung\" title=\"Deutsch Abiturvorbereitung\" \/>\r\n            <\/div>\r\n        <\/div>\r\n    <\/div>\r\n    <div class=\"figure circle\"><\/div>\r\n    <div class=\"figure circle2\"><\/div>\r\n    <div class=\"figure square\"><\/div>\r\n    <div class=\"figure triangle\"><\/div>\r\n   <div class=\"label red\"><p>15,99\u20ac<\/p><\/div>\r\n<\/div><\/div>\n<p>Im Anschluss an diese <strong>grundlegenden Informationen<\/strong> versorgst du den Leser mit einer <strong>kurzen Inhaltsangabe<\/strong>. Fasse hierzu das Thema und die wichtigsten inhaltlichen Punkte in ein bis zwei S\u00e4tzen zusammen. Abschlie\u00dfend stellst du an dieser Stelle eine <strong>Arbeitshypothese<\/strong> auf. Das bedeutet, dass du eine Behauptung \u00fcber die Intention des Gedichts nennst, die du anhand der folgenden Analyse best\u00e4tigst oder widerlegst.<\/p>\n<h3>Hauptteil der Gedichtanalyse<\/h3>\n<p>Mit dem Hauptteil der Gedichtanalyse haben die meisten Sch\u00fcler Probleme. In vielen F\u00e4llen wirkt die Anzahl an Analysepunkten \u00fcberw\u00e4ltigend. Wenn du einige simple Punkte beachtest, wirst du die Gedichtanalyse trotzdem gut meistern. <\/p>\n<p>Am sinnvollsten ist es, wenn du deine Analyse in zwei Teile aufgliederst. Hierzu betrachtest du zum einen die \u00e4u\u00dfere Form des vorliegenden Gedichts und zum anderen Inhalt &#038; Sprache.<\/p>\n<p>Widmen wir uns zun\u00e4chst den Aspekten der <strong>\u00e4u\u00dferen Form<\/strong>. Hier nennst du die Strophenanzahl und Verseinteilung des Gedichts. Anschlie\u00dfend gehst du auf Reimschema und Metrum (Versma\u00df) ein. Betrachte die einzelnen Aspekte zusammenh\u00e4ngend und gib an dieser Stelle einen ersten Einblick in den Aufbau des Gedichts. Die Details der einzelnen Aspekte kommen in der Einzelstrophenanalyse zu tragen. Dort gehst du genauer darauf ein und bindest sie in deine Deutung \/ Interpretation ein. Sollten dir weitere Besonderheiten zum Textaufbau einfallen, ist dies die geeignete Stelle, um sie zu erw\u00e4hnen.<\/p>\n<p>Als n\u00e4chstes gehst du auf <strong>Inhalt &#038; Sprache<\/strong> des Gedichts ein. Hier beschreibst du zun\u00e4chst die Situation des lyrischen Ichs sowie die grundlegende Atmosph\u00e4re. Was f\u00e4llt auf und welche Aspekte sind f\u00fcr die Analyse sowie deine Interpretation bedeutend? Als n\u00e4chstes betrachtest du die Darstellung des Themas innerhalb der einzelnen Strophen. In anderen Worten gibst du die inhaltliche Entwicklung beziehungsweise die Klimax wieder. Anschlie\u00dfend arbeitest du die sprachlichen Mittel heraus, die der Autor nutzt. Wichtig ist hierbei, dass du diese nicht nur benennst, sondern sie f\u00fcr deine Deutung verwendest. Erkl\u00e4re deshalb f\u00fcr jedes sprachliche Mittel dessen Wirkung in Zusammenhang mit der Intention des Autors.<\/p>\n<div class=\"box info\">\n<p><strong>Sprachliche Mittel in der Gedichtanalyse<\/strong><\/p>\n<ul>\n<li> sprachliche Bilder <\/li>\n<li> Wortwahl <\/li>\n<li> Satzbau <\/li>\n<li> rhetorische Mittel <\/li>\n<\/ul>\n<p>Diese musst du f\u00fcr den Hauptteil deiner Gedichtanalyse beachten und herausarbeiten.<br \/>\n<\/div>\n<p>Anhand dieser Punkte schreibst du deinen Hauptteil entweder linear oder aspektorientiert, wie oben beschrieben.<\/p>\n<h3>Schluss der Gedichtanalyse<\/h3>\n<p>Wie immer dient der Schluss dazu, die wichtigsten Erkenntnisse deiner Gedichtanalyse zusammenzufassen. Es geht hier nicht darum, alle genannten Punkte zu wiederholen. Stattdessen solltest du dich kurzfassen, die wichtigsten Punkte herausstellen und diese in Zusammenhang bringen. <\/p>\n<p>Ferner triffst du im Schluss deine finale Aussage \u00fcber die Intention des Gedichts. Gleiche die anhand der Analyse herausgearbeitete Intention mit deiner Arbeitshypothese ab. Konntest du anhand der Gedichtanalyse deine Hypothese best\u00e4tigen? Oder hast du die Hypothese mithilfe der Analyseteile widerlegt?<\/p>\n<p>Abschlie\u00dfend kannst du eine pers\u00f6nliche Wertung des Gedichts vornehmen. Hier nennst du beispielsweise warum das Gedicht in deinen Augen gelungen ist oder eben nicht. Stelle vor deiner pers\u00f6nlichen Wertung sicher, ob dieser Punkt in der Gedichtanalyse beziehungsweise Gedichtinterpretation gew\u00fcnscht ist. Falls nicht, kannst du sie dir sparen.<\/p>\n<h2>Tipps und Tricks bei der Gedichtanalyse<\/h2>\n<p>Achte auf die Sprache. Nutze eine sachliche Sprache, um deine Analyse objektiv zu gestalten und den Leser gekonnt zu informieren.<\/p>\n<p>Begr\u00fcnde stets deine Ergebnisse. Nutze immer Belege aus dem Text, um deine Analyse zu st\u00fctzen. Jede Besonderheit, die du herausarbeitest, muss anhand von Zitaten belegt sein. Dies kann durch direkte oder indirekte Zitate passieren.<\/p>\n<p>Schreibe deine Analyse im Pr\u00e4sens und nutze das Perfekt nur bei der Vorzeitigkeit.<\/p>\n<p>Lies Korrektur. Gerade in Arbeiten und Pr\u00fcfungen machen kleine Fehler oft einen Unterschied. Plane deshalb gen\u00fcgend Zeit ein, um deine Gedichtanalyse Korrektur zu lesen. F\u00fcge gegebenenfalls Punkte hinzu oder streiche sie, wenn sie nicht passen. Achte auch auf Grammatik, Rechtschreibung und Zeichensetzung. (Pro-Tipp: Wenn du deinen Text von hinten nach vorne liest, kann sich dein Gehirn immer nur auf ein Wort konzentrieren. So stellst du sicher, dass du keine Rechtschreibfehler durch fl\u00fcchtiges Lesen \u00fcbersiehst.)<\/p>\n<div class=\"study-deutsch-fullwidth\" id=\"study-151184914\"><div class=\"ad fullwidth lernheft amz\">\r\n    <div class=\"inner\">\r\n        <div class=\"txt\">\r\n            <span class=\"firstline\">Unser Lernheft zum Deutsch-Abi'22<\/span>\r\n\t\t\t<span class=\"secondline\">Erkl\u00e4rungen + Klausuren + L\u00f6sungen!<\/span>\r\n           <!-- <div class=\"stars\">\r\n                <i class=\"fas fa-star\"><\/i>\r\n                <i class=\"fas fa-star\"><\/i>\r\n                <i class=\"fas fa-star\"><\/i>\r\n                <i class=\"fas fa-star\"><\/i>\r\n                <i class=\"fas fa-star-half\"><\/i>\r\n            <\/div>\r\n            <div class=\"stars-counter\">\r\n                <small>4,5 von 5 Sternen<\/small>\r\n            <\/div>-->\r\n        <\/div>\r\n        <div class=\"btn-container\">\r\n            <a class=\"btn orange\" target=\"_blank\" href=\"%link%\"><img src=\"https:\/\/www.studyhelp.de\/online-lernen\/wp-content\/uploads\/2018\/06\/amz.png\" alt=\"Jetzt kaufen\" title=\"Jetzt kaufen\" \/><span>Auf Amazon ansehen<\/span><\/a>\r\n        <\/div>\r\n        <div class=\"media\">\r\n            <div class=\"img\">\r\n                <img src=\"https:\/\/www.studyhelp.de\/online-lernen\/wp-content\/uploads\/2018\/07\/deutsch-abiturvorbereitung.png\" alt=\"Deutsch Abiturvorbereitung\" title=\"Deutsch Abiturvorbereitung\" \/>\r\n            <\/div>\r\n        <\/div>\r\n    <\/div>\r\n    <div class=\"figure circle\"><\/div>\r\n    <div class=\"figure circle2\"><\/div>\r\n    <div class=\"figure square\"><\/div>\r\n    <div class=\"figure triangle\"><\/div>\r\n   <div class=\"label red\"><p>15,99\u20ac<\/p><\/div>\r\n<\/div><\/div>\n","protected":false},"excerpt":{"rendered":"<p>Die Gedichtanalyse ist eine Aufgabenstellung, an der kaum ein Sch\u00fcler herumkommt. Denn Lyrik ist ein Kernthema im Deutschunterricht. Da du lyrische Texte in der Schule nicht nur lesen, sondern mit ihnen arbeiten musst, steht das Verfassen einer Gedichtanalyse an der Tagesordnung. Dabei finden sich ausschlaggebende Unterschiede zu der Analyse von Sachtexten oder anderen literarischen Texten. [&hellip;]<\/p>\n","protected":false},"author":10,"featured_media":0,"parent":8123,"menu_order":0,"comment_status":"closed","ping_status":"closed","template":"","meta":[],"categories":[30],"tags":[],"yoast_head":"<!-- This site is optimized with the Yoast SEO plugin v14.7 - https:\/\/yoast.com\/wordpress\/plugins\/seo\/ -->\n<title>Gedichtanalyse - Aufbau, Inhalt und Tipps - StudyHelp Online-Lernen<\/title>\n<meta name=\"description\" content=\"Die Gedichtanalyse ist eine oft gestellte Aufgabe im Fach Deutsch. Wir zeigen dir, wie du eine Gedichtanalyse schreibst und geben dir wichtige Tipps.\" \/>\n<meta name=\"robots\" content=\"index, follow\" \/>\n<meta name=\"googlebot\" content=\"index, follow, max-snippet:-1, max-image-preview:large, max-video-preview:-1\" \/>\n<meta name=\"bingbot\" content=\"index, follow, max-snippet:-1, max-image-preview:large, max-video-preview:-1\" \/>\n<link rel=\"canonical\" href=\"https:\/\/www.studyhelp.de\/online-lernen\/deutsch\/gedichtanalyse\/\" \/>\n<meta property=\"og:locale\" content=\"de_DE\" \/>\n<meta property=\"og:type\" content=\"article\" \/>\n<meta property=\"og:title\" content=\"Gedichtanalyse - Aufbau, Inhalt und Tipps - StudyHelp Online-Lernen\" \/>\n<meta property=\"og:description\" content=\"Die Gedichtanalyse ist eine oft gestellte Aufgabe im Fach Deutsch. Wir zeigen dir, wie du eine Gedichtanalyse schreibst und geben dir wichtige Tipps.\" \/>\n<meta property=\"og:url\" content=\"https:\/\/www.studyhelp.de\/online-lernen\/deutsch\/gedichtanalyse\/\" \/>\n<meta property=\"og:site_name\" content=\"StudyHelp Online-Lernen\" \/>\n<meta property=\"article:modified_time\" content=\"2020-05-26T11:39:46+00:00\" \/>\n<meta name=\"twitter:card\" content=\"summary_large_image\" \/>\n<script type=\"application\/ld+json\" class=\"yoast-schema-graph\">{\"@context\":\"https:\/\/schema.org\",\"@graph\":[{\"@type\":\"WebSite\",\"@id\":\"https:\/\/www.studyhelp.de\/online-lernen\/#website\",\"url\":\"https:\/\/www.studyhelp.de\/online-lernen\/\",\"name\":\"StudyHelp Online-Lernen\",\"description\":\"\",\"potentialAction\":[{\"@type\":\"SearchAction\",\"target\":\"https:\/\/www.studyhelp.de\/online-lernen\/?s={search_term_string}\",\"query-input\":\"required name=search_term_string\"}],\"inLanguage\":\"de-DE\"},{\"@type\":\"WebPage\",\"@id\":\"https:\/\/www.studyhelp.de\/online-lernen\/deutsch\/gedichtanalyse\/#webpage\",\"url\":\"https:\/\/www.studyhelp.de\/online-lernen\/deutsch\/gedichtanalyse\/\",\"name\":\"Gedichtanalyse - Aufbau, Inhalt und Tipps - StudyHelp Online-Lernen\",\"isPartOf\":{\"@id\":\"https:\/\/www.studyhelp.de\/online-lernen\/#website\"},\"datePublished\":\"2018-07-04T08:45:33+00:00\",\"dateModified\":\"2020-05-26T11:39:46+00:00\",\"description\":\"Die Gedichtanalyse ist eine oft gestellte Aufgabe im Fach Deutsch. Wir zeigen dir, wie du eine Gedichtanalyse schreibst und geben dir wichtige Tipps.\",\"inLanguage\":\"de-DE\",\"potentialAction\":[{\"@type\":\"ReadAction\",\"target\":[\"https:\/\/www.studyhelp.de\/online-lernen\/deutsch\/gedichtanalyse\/\"]}]}]}<\/script>\n<!-- \/ Yoast SEO plugin. -->","_links":{"self":[{"href":"https:\/\/www.studyhelp.de\/online-lernen\/wp-json\/wp\/v2\/pages\/8846"}],"collection":[{"href":"https:\/\/www.studyhelp.de\/online-lernen\/wp-json\/wp\/v2\/pages"}],"about":[{"href":"https:\/\/www.studyhelp.de\/online-lernen\/wp-json\/wp\/v2\/types\/page"}],"author":[{"embeddable":true,"href":"https:\/\/www.studyhelp.de\/online-lernen\/wp-json\/wp\/v2\/users\/10"}],"replies":[{"embeddable":true,"href":"https:\/\/www.studyhelp.de\/online-lernen\/wp-json\/wp\/v2\/comments?post=8846"}],"version-history":[{"count":19,"href":"https:\/\/www.studyhelp.de\/online-lernen\/wp-json\/wp\/v2\/pages\/8846\/revisions"}],"predecessor-version":[{"id":15827,"href":"https:\/\/www.studyhelp.de\/online-lernen\/wp-json\/wp\/v2\/pages\/8846\/revisions\/15827"}],"up":[{"embeddable":true,"href":"https:\/\/www.studyhelp.de\/online-lernen\/wp-json\/wp\/v2\/pages\/8123"}],"wp:attachment":[{"href":"https:\/\/www.studyhelp.de\/online-lernen\/wp-json\/wp\/v2\/media?parent=8846"}],"wp:term":[{"taxonomy":"category","embeddable":true,"href":"https:\/\/www.studyhelp.de\/online-lernen\/wp-json\/wp\/v2\/categories?post=8846"},{"taxonomy":"post_tag","embeddable":true,"href":"https:\/\/www.studyhelp.de\/online-lernen\/wp-json\/wp\/v2\/tags?post=8846"}],"curies":[{"name":"wp","href":"https:\/\/api.w.org\/{rel}","templated":true}]}}