{"id":8892,"date":"2018-07-10T12:16:42","date_gmt":"2018-07-10T10:16:42","guid":{"rendered":"https:\/\/www.studyhelp.de\/online-lernen\/?page_id=8892"},"modified":"2020-01-20T12:53:40","modified_gmt":"2020-01-20T11:53:40","slug":"realismus","status":"publish","type":"page","link":"https:\/\/www.studyhelp.de\/online-lernen\/deutsch\/realismus\/","title":{"rendered":"Realismus"},"content":{"rendered":"<p>Der Realismus begann, als die M\u00e4rzrevolution 1848 scheiterte. Der normale B\u00fcrger hatte sich durch die Revolution mehr Mitspracherecht erhofft &#8211; doch das Gegenteil trat ein. Die Industrialisierung schritt voran und viele Arbeiter wurden durch die Einf\u00fchrung von Maschinen arbeitslos. Dies hatte zur Folge, dass weniger Arbeiter auf den Feldern oder H\u00f6fen ben\u00f6tigt wurden. Diese fl\u00fcchteten mit gro\u00dfer Hoffnung in die Stadt, wo sie als Fabrikarbeiter Arbeit suchten. Schnell waren die St\u00e4dte \u00fcberf\u00fcllt und Arbeitslosigkeit geh\u00f6rte zum Alltag. Hinzu kam, dass die Wissenschaft sich schnell weiterentwickelte. Die Folge: die gesamte Gesellschaft durchlebte einen Umbruch. <\/p>\n<p>Dies ging nicht spurlos an den Autoren und K\u00fcnstlern dieser Zeit vorbei. Wie der Name der Epoche schon vermuten l\u00e4sst wurde die Literatur &#8222;realistischer&#8220;. Epische Texte, in denen Objektiv und mit Distanz zum Geschriebenen Autoren versuchten reale Geschichten zu kreieren, wurden popul\u00e4rer. Welchen weiteren Einfluss der Realismus auf die Literatur hatte, kannst du detailliert in folgendem Artikel nachlesen. <\/p>\n<div class=\"box info\">\n<strong>Zeitraum: ca. 1848-1890<\/strong><\/p>\n<p><strong>Historische Ereignisse:<\/strong><\/p>\n<ul>\n<li>Industrialisierung: Maschinen \u00fcbernehmen nun einfache Arbeiten, Arbeitslosigkeit steigt auf der einen Seite, auf der anderen wendet sich das<br \/>\nBlatt zum Ende des Jahrhunderts und auch Arbeiter k\u00f6nnen die Gewinne<br \/>\ngenie\u00dfen. Daraus resultiert ein erh\u00f6htes Interesse an Massen- und Kulturveranstaltungen. Gleichzeitig bev\u00f6lkern immer mehr Menschen die St\u00e4dte,<br \/>\nda das Leben auf dem Land nicht mehr lukrativ ist.<\/li>\n<li>Deutsch-franz\u00f6sischer Krieg 1870\/1871, der die Proklamation des preu-<br \/>\n\u00dfischen K\u00f6nigs Wilhelm I. zum Kaiser zur Folge hat, sowie die Einigung<br \/>\ndes Reichs.<\/li>\n<li>Wilhelminisches Zeitalter 1888-1918, der deutsche Imperialismus und<br \/>\nseine Kolonialpolitik.<\/li>\n<li>Gro\u00dfe Durchbr\u00fcche in der Naturwissenschaft stellen das christliche<br \/>\nWeltbild und traditionelle Werte infrage.<\/li>\n<\/ul>\n<\/div>\n<div class=\"study-deutsch-fullwidth\" id=\"study-4017983004\"><div class=\"ad fullwidth lernheft amz\">\r\n    <div class=\"inner\">\r\n        <div class=\"txt\">\r\n            <span class=\"firstline\">Unser Lernheft zum Deutsch-Abi'22<\/span>\r\n\t\t\t<span class=\"secondline\">Erkl\u00e4rungen + Klausuren + L\u00f6sungen!<\/span>\r\n           <!-- <div class=\"stars\">\r\n                <i class=\"fas fa-star\"><\/i>\r\n                <i class=\"fas fa-star\"><\/i>\r\n                <i class=\"fas fa-star\"><\/i>\r\n                <i class=\"fas fa-star\"><\/i>\r\n                <i class=\"fas fa-star-half\"><\/i>\r\n            <\/div>\r\n            <div class=\"stars-counter\">\r\n                <small>4,5 von 5 Sternen<\/small>\r\n            <\/div>-->\r\n        <\/div>\r\n        <div class=\"btn-container\">\r\n            <a class=\"btn orange\" target=\"_blank\" href=\"%link%\"><img src=\"https:\/\/www.studyhelp.de\/online-lernen\/wp-content\/uploads\/2018\/06\/amz.png\" alt=\"Jetzt kaufen\" title=\"Jetzt kaufen\" \/><span>Auf Amazon ansehen<\/span><\/a>\r\n        <\/div>\r\n        <div class=\"media\">\r\n            <div class=\"img\">\r\n                <img src=\"https:\/\/www.studyhelp.de\/online-lernen\/wp-content\/uploads\/2018\/07\/deutsch-abiturvorbereitung.png\" alt=\"Deutsch Abiturvorbereitung\" title=\"Deutsch Abiturvorbereitung\" \/>\r\n            <\/div>\r\n        <\/div>\r\n    <\/div>\r\n    <div class=\"figure circle\"><\/div>\r\n    <div class=\"figure circle2\"><\/div>\r\n    <div class=\"figure square\"><\/div>\r\n    <div class=\"figure triangle\"><\/div>\r\n   <div class=\"label red\"><p>15,99\u20ac<\/p><\/div>\r\n<\/div><\/div>\n<p>Im Realisimus nach der Revolution von 1848 spalteten sich die Autoren in zwei Lager auf. Das eine Lager folgte dem Leitbild von Goethe, wobei das andere Lager nach den Geschehnissen des 19. Jahrhunderts etwas Neues schaffen wollte. Vorbei waren die Zeiten von Tr\u00e4umereien. Die Realisten wollten eine Literatur kreieren die aktuell ist und das Leben in einer realistischen Neutralit\u00e4t wiedergibt.<\/p>\n<p>Werke des Realismus beinhalteten durchaus stark k\u00fcnstlerische Elemente. Der Erz\u00e4hler innerhalb eines Werkes nahm die Position eines neutralen und distanzierten Beobachters ein. Der Leser sollte nicht moralisiert werden. Die Distanz des Erz\u00e4hlers und der Wiedergabe der Realit\u00e4t sind Merkmale von epischen Texten (<a href=\"https:\/\/www.studyhelp.de\/online-lernen\/deutsch\/epik\/\" rel=\"noopener noreferrer\" target=\"_blank\">Mehr zur Epik als literarische Gattung<\/a>). <\/p>\n<p>Detailtreue ist somit eines der h\u00f6chsten Ideale des Realismus. Es geh\u00f6rte zum Handwerk von Autoren ausschweifend die Au\u00dfenwelt und das Innenleben der Figuren wiederzugeben, sodass der Leser diese Umst\u00e4nde in allen Nuancen begreift. Gleichzeitig entstand das Gef\u00fchl f\u00fcr subjektive Sch\u00f6nheit: Wo zuvor eine \u00dcbereinstimmung in \u00c4sthetik bestand und Sch\u00f6nheitsempfinden als etwas Objektives und erlernbares angesehen wurde, entschied jetzt der Autor dar\u00fcber was als sch\u00f6n bezeichnet wurde. Zudem wurde vermehrt auf Ironie und Humor zur\u00fcckgegriffen, um der Gefahr der Langweiligkeit der Realit\u00e4t zu entgehen.<\/p>\n<p>Einer der wichtigsten Vertreter, Theodor Fontane, las an einer Sitzung des Dichterkranzes \u201eTunnel \u00fcber der Spree \u201c zwei Szenen seines einzigen und unvollendet gebliebenen Dramas Karl Stuart vor. Die anderen Mitglieder erkannten in seiner Hauptfigur zu starke Parallelen zu dem damaligen K\u00f6nig und warnten ihn davor, dass er unter Umst\u00e4nden ein tendenzi\u00f6ses St\u00fcck schreibt, welches nicht im Sinne der Kunst sei.<\/p>\n<p>Durch den wirtschaftlichen Aufstieg vieler Personen der damaligen Zeit entstanden Werke, die genau dieses Bild zeichneten. Menschen aus dem Proletariat werden nun nicht mehr als eine gesamte Gruppe aufgefasst. Stattdessen galten sie als individuellen Figuren, die wie in Wilhelm Raabes Roman Der Hungerpastor durch ihre moralische Best\u00e4ndigkeit trotz allen Widrigkeiten einem Ideal gerecht werden konnten. Allgemein wird das Verh\u00e4ltnis zwischen Gesellschaft und Individuum und die daraus entstehenden Konflikte immer wieder thematisiert.<\/p>\n<p>Unschl\u00fcssigkeit herrschte bei der Meinung, ob der Mensch noch einen hohen Wert f\u00fcr die Welt hatte. Das fr\u00fchere Selbstverst\u00e4ndnis als sogenannte \u201eKrone der Sch\u00f6pfung\u201c verschwand mit dem Aufkommen neuer wissenschaftlicher Theorien. Durch Massenproduktion verloren auch viele Waren an Bedeutung.<\/p>\n<div class=\"study-deutsch-fullwidth\" id=\"study-2901833615\"><div class=\"ad fullwidth lernheft amz\">\r\n    <div class=\"inner\">\r\n        <div class=\"txt\">\r\n            <span class=\"firstline\">Unser Lernheft zum Deutsch-Abi'22<\/span>\r\n\t\t\t<span class=\"secondline\">Erkl\u00e4rungen + Klausuren + L\u00f6sungen!<\/span>\r\n           <!-- <div class=\"stars\">\r\n                <i class=\"fas fa-star\"><\/i>\r\n                <i class=\"fas fa-star\"><\/i>\r\n                <i class=\"fas fa-star\"><\/i>\r\n                <i class=\"fas fa-star\"><\/i>\r\n                <i class=\"fas fa-star-half\"><\/i>\r\n            <\/div>\r\n            <div class=\"stars-counter\">\r\n                <small>4,5 von 5 Sternen<\/small>\r\n            <\/div>-->\r\n        <\/div>\r\n        <div class=\"btn-container\">\r\n            <a class=\"btn orange\" target=\"_blank\" href=\"%link%\"><img src=\"https:\/\/www.studyhelp.de\/online-lernen\/wp-content\/uploads\/2018\/06\/amz.png\" alt=\"Jetzt kaufen\" title=\"Jetzt kaufen\" \/><span>Auf Amazon ansehen<\/span><\/a>\r\n        <\/div>\r\n        <div class=\"media\">\r\n            <div class=\"img\">\r\n                <img src=\"https:\/\/www.studyhelp.de\/online-lernen\/wp-content\/uploads\/2018\/07\/deutsch-abiturvorbereitung.png\" alt=\"Deutsch Abiturvorbereitung\" title=\"Deutsch Abiturvorbereitung\" \/>\r\n            <\/div>\r\n        <\/div>\r\n    <\/div>\r\n    <div class=\"figure circle\"><\/div>\r\n    <div class=\"figure circle2\"><\/div>\r\n    <div class=\"figure square\"><\/div>\r\n    <div class=\"figure triangle\"><\/div>\r\n   <div class=\"label red\"><p>15,99\u20ac<\/p><\/div>\r\n<\/div><\/div>\n","protected":false},"excerpt":{"rendered":"<p>Der Realismus begann, als die M\u00e4rzrevolution 1848 scheiterte. Der normale B\u00fcrger hatte sich durch die Revolution mehr Mitspracherecht erhofft &#8211; doch das Gegenteil trat ein. Die Industrialisierung schritt voran und viele Arbeiter wurden durch die Einf\u00fchrung von Maschinen arbeitslos. Dies hatte zur Folge, dass weniger Arbeiter auf den Feldern oder H\u00f6fen ben\u00f6tigt wurden. Diese fl\u00fcchteten [&hellip;]<\/p>\n","protected":false},"author":3,"featured_media":0,"parent":8123,"menu_order":0,"comment_status":"closed","ping_status":"closed","template":"","meta":[],"categories":[30],"tags":[],"yoast_head":"<!-- This site is optimized with the Yoast SEO plugin v14.7 - https:\/\/yoast.com\/wordpress\/plugins\/seo\/ -->\n<title>Realismus &amp; Literatur [Epoche] - StudyHelp Online-Lernen<\/title>\n<meta name=\"description\" content=\"Im Realismus konzentrierten sich die Autoren auf die objektive Wiedergabe der Wirklichkeit. Das besch\u00f6nigte Schreiben fand im Realismus sein Ende.\" \/>\n<meta name=\"robots\" content=\"index, follow\" \/>\n<meta name=\"googlebot\" content=\"index, follow, max-snippet:-1, max-image-preview:large, max-video-preview:-1\" \/>\n<meta name=\"bingbot\" content=\"index, follow, max-snippet:-1, max-image-preview:large, max-video-preview:-1\" \/>\n<link rel=\"canonical\" href=\"https:\/\/www.studyhelp.de\/online-lernen\/deutsch\/realismus\/\" \/>\n<meta property=\"og:locale\" content=\"de_DE\" \/>\n<meta property=\"og:type\" content=\"article\" \/>\n<meta property=\"og:title\" content=\"Realismus &amp; Literatur [Epoche] - StudyHelp Online-Lernen\" \/>\n<meta property=\"og:description\" content=\"Im Realismus konzentrierten sich die Autoren auf die objektive Wiedergabe der Wirklichkeit. Das besch\u00f6nigte Schreiben fand im Realismus sein Ende.\" \/>\n<meta property=\"og:url\" content=\"https:\/\/www.studyhelp.de\/online-lernen\/deutsch\/realismus\/\" \/>\n<meta property=\"og:site_name\" content=\"StudyHelp Online-Lernen\" \/>\n<meta property=\"article:modified_time\" content=\"2020-01-20T11:53:40+00:00\" \/>\n<meta name=\"twitter:card\" content=\"summary_large_image\" \/>\n<script type=\"application\/ld+json\" class=\"yoast-schema-graph\">{\"@context\":\"https:\/\/schema.org\",\"@graph\":[{\"@type\":\"WebSite\",\"@id\":\"https:\/\/www.studyhelp.de\/online-lernen\/#website\",\"url\":\"https:\/\/www.studyhelp.de\/online-lernen\/\",\"name\":\"StudyHelp Online-Lernen\",\"description\":\"\",\"potentialAction\":[{\"@type\":\"SearchAction\",\"target\":\"https:\/\/www.studyhelp.de\/online-lernen\/?s={search_term_string}\",\"query-input\":\"required name=search_term_string\"}],\"inLanguage\":\"de-DE\"},{\"@type\":\"WebPage\",\"@id\":\"https:\/\/www.studyhelp.de\/online-lernen\/deutsch\/realismus\/#webpage\",\"url\":\"https:\/\/www.studyhelp.de\/online-lernen\/deutsch\/realismus\/\",\"name\":\"Realismus & Literatur [Epoche] - StudyHelp Online-Lernen\",\"isPartOf\":{\"@id\":\"https:\/\/www.studyhelp.de\/online-lernen\/#website\"},\"datePublished\":\"2018-07-10T10:16:42+00:00\",\"dateModified\":\"2020-01-20T11:53:40+00:00\",\"description\":\"Im Realismus konzentrierten sich die Autoren auf die objektive Wiedergabe der Wirklichkeit. Das besch\\u00f6nigte Schreiben fand im Realismus sein Ende.\",\"inLanguage\":\"de-DE\",\"potentialAction\":[{\"@type\":\"ReadAction\",\"target\":[\"https:\/\/www.studyhelp.de\/online-lernen\/deutsch\/realismus\/\"]}]}]}<\/script>\n<!-- \/ Yoast SEO plugin. -->","_links":{"self":[{"href":"https:\/\/www.studyhelp.de\/online-lernen\/wp-json\/wp\/v2\/pages\/8892"}],"collection":[{"href":"https:\/\/www.studyhelp.de\/online-lernen\/wp-json\/wp\/v2\/pages"}],"about":[{"href":"https:\/\/www.studyhelp.de\/online-lernen\/wp-json\/wp\/v2\/types\/page"}],"author":[{"embeddable":true,"href":"https:\/\/www.studyhelp.de\/online-lernen\/wp-json\/wp\/v2\/users\/3"}],"replies":[{"embeddable":true,"href":"https:\/\/www.studyhelp.de\/online-lernen\/wp-json\/wp\/v2\/comments?post=8892"}],"version-history":[{"count":20,"href":"https:\/\/www.studyhelp.de\/online-lernen\/wp-json\/wp\/v2\/pages\/8892\/revisions"}],"predecessor-version":[{"id":15401,"href":"https:\/\/www.studyhelp.de\/online-lernen\/wp-json\/wp\/v2\/pages\/8892\/revisions\/15401"}],"up":[{"embeddable":true,"href":"https:\/\/www.studyhelp.de\/online-lernen\/wp-json\/wp\/v2\/pages\/8123"}],"wp:attachment":[{"href":"https:\/\/www.studyhelp.de\/online-lernen\/wp-json\/wp\/v2\/media?parent=8892"}],"wp:term":[{"taxonomy":"category","embeddable":true,"href":"https:\/\/www.studyhelp.de\/online-lernen\/wp-json\/wp\/v2\/categories?post=8892"},{"taxonomy":"post_tag","embeddable":true,"href":"https:\/\/www.studyhelp.de\/online-lernen\/wp-json\/wp\/v2\/tags?post=8892"}],"curies":[{"name":"wp","href":"https:\/\/api.w.org\/{rel}","templated":true}]}}