{"id":8896,"date":"2018-07-10T15:57:13","date_gmt":"2018-07-10T13:57:13","guid":{"rendered":"https:\/\/www.studyhelp.de\/online-lernen\/?page_id=8896"},"modified":"2018-10-25T16:44:15","modified_gmt":"2018-10-25T14:44:15","slug":"klassische-moderne","status":"publish","type":"page","link":"https:\/\/www.studyhelp.de\/online-lernen\/deutsch\/klassische-moderne\/","title":{"rendered":"Klassische Moderne"},"content":{"rendered":"<p>Das Wort modern stammt von dem lateinischen Wort modus, was im Ursprung so viel wie &#8222;Gemessenes&#8220; oder &#8222;Erfasstes&#8220; bedeutet. Im weiteren Verlauf der Zeit bekam das Wort jedoch die Bedeutung \u201eMa\u00df\u201c oder \u201eArt\u201c. Modern ist das Adjektiv von &#8222;Mode&#8220;, dessen Bedeutung heutzutage weitaus gel\u00e4ufiger ist. Mode versteht sich als eine Art Regel, die \u00fcber einen gewissen Zeitraum gilt. Mode umfasst Bereiche wie Kleidungsstile, Redensarten und Konsumverhalten. Aber wie ist dieses Wort nun im Kontext der Literaturgeschichte zu verstehen?<\/p>\n<div class=\"box info\">\n<strong>Zeitraum: ca. 1890-1933<\/strong><\/p>\n<p><strong>Historische Ereignisse<\/strong><\/p>\n<ul>\n<li>technische und wissenschaftliche Fortschritte, darunter die Relativit\u00e4tstheorie von Albert Einstein, Sigmund Freuds Begr\u00fcndung der Psychoanalyse und Max Plancks Quantenformeln. Religi\u00f6se Werte und Ideale weichen durch diese Erkenntnisse.<\/li>\n<li>Durch die immer noch fortschreitende Industrialisierung bekommen Staat und B\u00fcrokratie einen immer h\u00f6heren Stellenwert. Ein Spannungsverh\u00e4ltnis zwischen Individuum und Masse entsteht.<\/li>\n<li>Der erste Weltkrieg 1914-1918: Zuvor noch von vielen als eine Art \u201eletzter Endkampf\u201c sogar noch beg\u00fcnstigt, finden sich am Ende die \u00dcberlebenden traumatisiert und entr\u00fcstet wieder. Erstmalig wurden dort Massenvernichtungswaffen verwendet, welche die Vorstellung eines \u201eehrenhaften Kampfes\u201c Mann gegen Mann zerschlugen und ernsthafte ethnomoralische Fragen aufwarf.<\/li>\n<li>Die \u201egoldenen Zwanziger\u201c und ihr j\u00e4hes Ende mit dem Beginn der Weltwirtschaftskrise 1929. Eine kulturelle Hochzeit, in der vor allem in Berlin als Zentrum Kinos, freie B\u00fchnen, das Kabarett und mehrere Zeitschriften entstehen. Durch die zunehmende Kapitalisierung der Wirtschaft entsteht nicht nur eine bessere Schulbildung, auch die Berufst\u00e4tigkeit von Frauen nimmt zu. Der B\u00f6rsencrash von New York bereitet diesem Aufschwung ein rapides Ende und f\u00fchrt zu hoher Arbeitslosigkeit und Unzufriedenheit in der Gesellschaft.<\/li>\n<\/ul>\n<\/div>\n<div class=\"study-deutsch-fullwidth\" id=\"study-2822533100\"><div class=\"ad fullwidth lernheft amz\">\r\n    <div class=\"inner\">\r\n        <div class=\"txt\">\r\n            <span class=\"firstline\">Unser Lernheft zum Deutsch-Abi'22<\/span>\r\n\t\t\t<span class=\"secondline\">Erkl\u00e4rungen + Klausuren + L\u00f6sungen!<\/span>\r\n           <!-- <div class=\"stars\">\r\n                <i class=\"fas fa-star\"><\/i>\r\n                <i class=\"fas fa-star\"><\/i>\r\n                <i class=\"fas fa-star\"><\/i>\r\n                <i class=\"fas fa-star\"><\/i>\r\n                <i class=\"fas fa-star-half\"><\/i>\r\n            <\/div>\r\n            <div class=\"stars-counter\">\r\n                <small>4,5 von 5 Sternen<\/small>\r\n            <\/div>-->\r\n        <\/div>\r\n        <div class=\"btn-container\">\r\n            <a class=\"btn orange\" target=\"_blank\" href=\"%link%\"><img src=\"https:\/\/www.studyhelp.de\/online-lernen\/wp-content\/uploads\/2018\/06\/amz.png\" alt=\"Jetzt kaufen\" title=\"Jetzt kaufen\" \/><span>Auf Amazon ansehen<\/span><\/a>\r\n        <\/div>\r\n        <div class=\"media\">\r\n            <div class=\"img\">\r\n                <img src=\"https:\/\/www.studyhelp.de\/online-lernen\/wp-content\/uploads\/2018\/07\/deutsch-abiturvorbereitung.png\" alt=\"Deutsch Abiturvorbereitung\" title=\"Deutsch Abiturvorbereitung\" \/>\r\n            <\/div>\r\n        <\/div>\r\n    <\/div>\r\n    <div class=\"figure circle\"><\/div>\r\n    <div class=\"figure circle2\"><\/div>\r\n    <div class=\"figure square\"><\/div>\r\n    <div class=\"figure triangle\"><\/div>\r\n   <div class=\"label red\"><p>15,99\u20ac<\/p><\/div>\r\n<\/div><\/div>\n<p>Die erste Erw\u00e4hnung des Wortes Moderne geschah im Jahr 1888 in &#8222;Die zehn Thesen zur Moderne&#8220; von Eugen Wolff. Die sechste dieser zehn Thesen beschreibt, dass das h\u00f6chste Kunstideal nun nicht mehr die Antike sei, sondern die Moderne. Die Antike habe ausgedient und der Fortschritt sei nun so weit, dass man hohe Kunst aus dem zeitgen\u00f6ssischen ziehen kann. F\u00fcr die Naturalisten war das die Naturwissenschaft. <\/p>\n<p>F\u00fcr die Literatur bedeutete dies eine Entwicklung zum Positivismus. Die Daten, die von den Sinnen ermittelt werden, k\u00f6nnen anerkannt und nicht im Sinne des Transzendenten (alles kommt von einer \u00fcbergeordneten, nicht erfassbaren Kraft) interpretiert werden. Durch die neuen Erkenntnisse von Darwins Evolutionstheorie ergab sich Literatur, die die Spannungen zwischen dem sozialen Milieu und der biologischen Vererbungstheorie aufgriff.<\/p>\n<p>Der franz\u00f6sische Schriftsteller \u00c9mile Zola fordert die Schriftsteller seiner Zeit dazu auf, die Menschen wie ein Wissenschaftler zu beobachten und zu analysieren. Hierdurch sollten sie die Erkenntnisse aus ihren Beobachtungen in literarischer Form wieder. Arno Holz ging sogar so weit, eine Formel f\u00fcr gelungene naturalistische Werke aufzustellen:<\/p>\n<div class=\"box info\">\n<strong>Kunst = Natur &#8211; x<\/strong><br \/>\n<\/div>\n<p>Das x ist eine Variable, die f\u00fcr alles steht, was nicht der Natur entspricht. Anders als bei der Epoche des Realismus soll der naturalistische Schriftsteller komplett von seiner subjektiven Meinung absehen und durch eine objektive Darstellung keinen hohen Deutungsspielraum hinterlassen. Das bedeutet f\u00fcr die Werke auch das Losl\u00f6sen von einer Kunstsprache hin zum Umgangssprachlichen und sogar dem zuvor verp\u00f6nten Dialekt.<\/p>\n<p>Der Naturalismus blieb aber nicht frei von kritik. Mit der Zeit bildete sich eine neue Kunstbewegung, die mit den vom Naturalismus propagierten Werten nichts anzufangen wusste. Stattdessen besann sie sich auf das Gef\u00fchl. Der Expressionismus entstand. Das Gef\u00fchlhafte, Affektvolle und Pathetische war sowhol inhaltlich als auch formal Teil der Werke.<\/p>\n<div class=\"study-deutsch-fullwidth\" id=\"study-224828302\"><div class=\"ad fullwidth lernheft amz\">\r\n    <div class=\"inner\">\r\n        <div class=\"txt\">\r\n            <span class=\"firstline\">Unser Lernheft zum Deutsch-Abi'22<\/span>\r\n\t\t\t<span class=\"secondline\">Erkl\u00e4rungen + Klausuren + L\u00f6sungen!<\/span>\r\n           <!-- <div class=\"stars\">\r\n                <i class=\"fas fa-star\"><\/i>\r\n                <i class=\"fas fa-star\"><\/i>\r\n                <i class=\"fas fa-star\"><\/i>\r\n                <i class=\"fas fa-star\"><\/i>\r\n                <i class=\"fas fa-star-half\"><\/i>\r\n            <\/div>\r\n            <div class=\"stars-counter\">\r\n                <small>4,5 von 5 Sternen<\/small>\r\n            <\/div>-->\r\n        <\/div>\r\n        <div class=\"btn-container\">\r\n            <a class=\"btn orange\" target=\"_blank\" href=\"%link%\"><img src=\"https:\/\/www.studyhelp.de\/online-lernen\/wp-content\/uploads\/2018\/06\/amz.png\" alt=\"Jetzt kaufen\" title=\"Jetzt kaufen\" \/><span>Auf Amazon ansehen<\/span><\/a>\r\n        <\/div>\r\n        <div class=\"media\">\r\n            <div class=\"img\">\r\n                <img src=\"https:\/\/www.studyhelp.de\/online-lernen\/wp-content\/uploads\/2018\/07\/deutsch-abiturvorbereitung.png\" alt=\"Deutsch Abiturvorbereitung\" title=\"Deutsch Abiturvorbereitung\" \/>\r\n            <\/div>\r\n        <\/div>\r\n    <\/div>\r\n    <div class=\"figure circle\"><\/div>\r\n    <div class=\"figure circle2\"><\/div>\r\n    <div class=\"figure square\"><\/div>\r\n    <div class=\"figure triangle\"><\/div>\r\n   <div class=\"label red\"><p>15,99\u20ac<\/p><\/div>\r\n<\/div><\/div>\n<p>F\u00fcr die Werke bedeutete das ein Entstehen von Protagonisten, die einen emotionalen Ausbruch aus ihrem Alltag wagten. Die Lyrik gestaltete sich ebenfalls anders, Farben wurden wie bei der schaffenden Kunst dazu verwendet, um bestimmte Gef\u00fchlslagen auszudr\u00fccken. Themen wie die Urbanisierung und die Eindr\u00fccke des Einzelnen in der Menschenmasse wurden verarbeitet.<\/p>\n<p>Im Fokus der Expressionisten stand eine neue Welt. Durch die neusten Errungenschaften der Technologie und der Wissenschaft wurden auch die deutschen Schriftsteller in eine Euphorie versetzt (Futurismus). Obwohl nicht wenige vor einem Krieg warnten, begr\u00fc\u00dften die Meisten diesen als eine Art Bereinigung von allem schlechten und den Beginn eines neuen Zeitalters. Aus den Tr\u00fcmmern der apokalyptischen Zust\u00e4nde solle eine Erneuerung des Menschen stattfinden, der in der Lage ist, eine paradiesische Welt zu erschaffen (Messianismus).<\/p>\n<p>In der Schweiz er\u00f6ffneten Hugo Ball und Emmy Hennings 1916 das \u201eCabaret Voltaire\u201c. Sie legten damit den Grundstein f\u00fcr die Kunstbewegung des Dadaismus. F\u00fcr sich genommen versteht man diese Werke nur schwer. Gedichte wie &#8222;An Anna Blume&#8220; von Kurt Schwitters oder &#8222;Karawane&#8220; von Hugo Ball wirken, in der heutigen Zeit gelesen, unschl\u00fcssig. Wird die Literatur jedoch aus der Sicht der damaligen Zeit gelesen, ergibt sich ein Bild einer bitteren Kritik der damals herrschenden Zust\u00e4nde.<\/p>\n<p>Die Mainstream-Literatur der damaligen Zeit war stark patriotisch eingef\u00e4rbt. Sie euphorisierte und legitimierte Kriegshandlungen. Militarismus war f\u00fcr die Allgemeinheit positiv konnotiert und \u201egute\u201c Kunst achtete auf die Erf\u00fcllung von Form und Inhalt.<\/p>\n<p>Mit ihren Lautgedichten und ihren unsinnigen Geschichten stellten sich die Dadaisten gegen ihre Zeitgenossen. Die wilhelministischen Vertreter nutzten die Sprache zur negativen Beeinflussung der Gesellschaft &#8211; das Prinzip des Dada. Dadaismus kann demnach als eine Art Anti-Kunst betrachtet werden.<\/p>\n<p>W\u00e4hrend die Kunstbewegung des Dadaismus eine sehr provokative Komponente besitzt, entsteht die Str\u00f6mung der Neuen Sachlichkeit, welche wieder verst\u00e4rkt naturalistische Tendenzen aufgreift. Es geht nicht mehr um die Form eines Textes, im Vordergrund steht sein Inhalt. Der Gegenwartsroman ist eine der g\u00e4ngigsten Formen dieser Zeit.<\/p>\n<p>Protagonisten in der Neuen Sachlichkeit sind einfache Menschen. Meist in Gro\u00dfst\u00e4dten lebend m\u00fcssen sie sich mit den Irrungen und Wirrungen des allt\u00e4glichen Stadtlebens auseinandersetzen.  Weitere, immer wieder auftauchende Themen sind u. a. der Konflikt zwischen den politischen Extrema vor Hitlers Machtergreifung, die Kapitalisierung der Wirtschaft und die zunehmende Emanzipation der Frau.<\/p>\n<p>Werke der Neuen Sachlichkeit vermitteln ein Spannungsverh\u00e4ltnis zwischen Sicherheit und Unsicherheit, sowie den Vorteilen und Nachteilen von Ver\u00e4nderung.<br \/>\n<div class=\"study-deutsch-fullwidth\" id=\"study-921543525\"><div class=\"ad fullwidth lernheft amz\">\r\n    <div class=\"inner\">\r\n        <div class=\"txt\">\r\n            <span class=\"firstline\">Unser Lernheft zum Deutsch-Abi'22<\/span>\r\n\t\t\t<span class=\"secondline\">Erkl\u00e4rungen + Klausuren + L\u00f6sungen!<\/span>\r\n           <!-- <div class=\"stars\">\r\n                <i class=\"fas fa-star\"><\/i>\r\n                <i class=\"fas fa-star\"><\/i>\r\n                <i class=\"fas fa-star\"><\/i>\r\n                <i class=\"fas fa-star\"><\/i>\r\n                <i class=\"fas fa-star-half\"><\/i>\r\n            <\/div>\r\n            <div class=\"stars-counter\">\r\n                <small>4,5 von 5 Sternen<\/small>\r\n            <\/div>-->\r\n        <\/div>\r\n        <div class=\"btn-container\">\r\n            <a class=\"btn orange\" target=\"_blank\" href=\"%link%\"><img src=\"https:\/\/www.studyhelp.de\/online-lernen\/wp-content\/uploads\/2018\/06\/amz.png\" alt=\"Jetzt kaufen\" title=\"Jetzt kaufen\" \/><span>Auf Amazon ansehen<\/span><\/a>\r\n        <\/div>\r\n        <div class=\"media\">\r\n            <div class=\"img\">\r\n                <img src=\"https:\/\/www.studyhelp.de\/online-lernen\/wp-content\/uploads\/2018\/07\/deutsch-abiturvorbereitung.png\" alt=\"Deutsch Abiturvorbereitung\" title=\"Deutsch Abiturvorbereitung\" \/>\r\n            <\/div>\r\n        <\/div>\r\n    <\/div>\r\n    <div class=\"figure circle\"><\/div>\r\n    <div class=\"figure circle2\"><\/div>\r\n    <div class=\"figure square\"><\/div>\r\n    <div class=\"figure triangle\"><\/div>\r\n   <div class=\"label red\"><p>15,99\u20ac<\/p><\/div>\r\n<\/div><\/div><\/p>\n","protected":false},"excerpt":{"rendered":"<p>Das Wort modern stammt von dem lateinischen Wort modus, was im Ursprung so viel wie &#8222;Gemessenes&#8220; oder &#8222;Erfasstes&#8220; bedeutet. Im weiteren Verlauf der Zeit bekam das Wort jedoch die Bedeutung \u201eMa\u00df\u201c oder \u201eArt\u201c. Modern ist das Adjektiv von &#8222;Mode&#8220;, dessen Bedeutung heutzutage weitaus gel\u00e4ufiger ist. Mode versteht sich als eine Art Regel, die \u00fcber einen [&hellip;]<\/p>\n","protected":false},"author":3,"featured_media":0,"parent":8123,"menu_order":0,"comment_status":"closed","ping_status":"closed","template":"","meta":[],"categories":[30],"tags":[],"yoast_head":"<!-- This site is optimized with the Yoast SEO plugin v14.7 - https:\/\/yoast.com\/wordpress\/plugins\/seo\/ -->\n<title>Die Moderne als Literaturepoche- StudyHelp Online-Lernen<\/title>\n<meta name=\"description\" content=\"Was zeichnet die Moderne aus und welchen Einfluss hatte sie auf die Literatur? Diese und weitere Fragen beantworten wir die hier!\" \/>\n<meta name=\"robots\" content=\"index, follow\" \/>\n<meta name=\"googlebot\" content=\"index, follow, max-snippet:-1, max-image-preview:large, max-video-preview:-1\" \/>\n<meta name=\"bingbot\" content=\"index, follow, max-snippet:-1, max-image-preview:large, max-video-preview:-1\" \/>\n<link rel=\"canonical\" href=\"https:\/\/www.studyhelp.de\/online-lernen\/deutsch\/klassische-moderne\/\" \/>\n<meta property=\"og:locale\" content=\"de_DE\" \/>\n<meta property=\"og:type\" content=\"article\" \/>\n<meta property=\"og:title\" content=\"Die Moderne als Literaturepoche- StudyHelp Online-Lernen\" \/>\n<meta property=\"og:description\" content=\"Was zeichnet die Moderne aus und welchen Einfluss hatte sie auf die Literatur? Diese und weitere Fragen beantworten wir die hier!\" \/>\n<meta property=\"og:url\" content=\"https:\/\/www.studyhelp.de\/online-lernen\/deutsch\/klassische-moderne\/\" \/>\n<meta property=\"og:site_name\" content=\"StudyHelp Online-Lernen\" \/>\n<meta property=\"article:modified_time\" content=\"2018-10-25T14:44:15+00:00\" \/>\n<meta name=\"twitter:card\" content=\"summary_large_image\" \/>\n<script type=\"application\/ld+json\" class=\"yoast-schema-graph\">{\"@context\":\"https:\/\/schema.org\",\"@graph\":[{\"@type\":\"WebSite\",\"@id\":\"https:\/\/www.studyhelp.de\/online-lernen\/#website\",\"url\":\"https:\/\/www.studyhelp.de\/online-lernen\/\",\"name\":\"StudyHelp Online-Lernen\",\"description\":\"\",\"potentialAction\":[{\"@type\":\"SearchAction\",\"target\":\"https:\/\/www.studyhelp.de\/online-lernen\/?s={search_term_string}\",\"query-input\":\"required name=search_term_string\"}],\"inLanguage\":\"de-DE\"},{\"@type\":\"WebPage\",\"@id\":\"https:\/\/www.studyhelp.de\/online-lernen\/deutsch\/klassische-moderne\/#webpage\",\"url\":\"https:\/\/www.studyhelp.de\/online-lernen\/deutsch\/klassische-moderne\/\",\"name\":\"Die Moderne als Literaturepoche- StudyHelp Online-Lernen\",\"isPartOf\":{\"@id\":\"https:\/\/www.studyhelp.de\/online-lernen\/#website\"},\"datePublished\":\"2018-07-10T13:57:13+00:00\",\"dateModified\":\"2018-10-25T14:44:15+00:00\",\"description\":\"Was zeichnet die Moderne aus und welchen Einfluss hatte sie auf die Literatur? Diese und weitere Fragen beantworten wir die hier!\",\"inLanguage\":\"de-DE\",\"potentialAction\":[{\"@type\":\"ReadAction\",\"target\":[\"https:\/\/www.studyhelp.de\/online-lernen\/deutsch\/klassische-moderne\/\"]}]}]}<\/script>\n<!-- \/ Yoast SEO plugin. -->","_links":{"self":[{"href":"https:\/\/www.studyhelp.de\/online-lernen\/wp-json\/wp\/v2\/pages\/8896"}],"collection":[{"href":"https:\/\/www.studyhelp.de\/online-lernen\/wp-json\/wp\/v2\/pages"}],"about":[{"href":"https:\/\/www.studyhelp.de\/online-lernen\/wp-json\/wp\/v2\/types\/page"}],"author":[{"embeddable":true,"href":"https:\/\/www.studyhelp.de\/online-lernen\/wp-json\/wp\/v2\/users\/3"}],"replies":[{"embeddable":true,"href":"https:\/\/www.studyhelp.de\/online-lernen\/wp-json\/wp\/v2\/comments?post=8896"}],"version-history":[{"count":8,"href":"https:\/\/www.studyhelp.de\/online-lernen\/wp-json\/wp\/v2\/pages\/8896\/revisions"}],"predecessor-version":[{"id":11104,"href":"https:\/\/www.studyhelp.de\/online-lernen\/wp-json\/wp\/v2\/pages\/8896\/revisions\/11104"}],"up":[{"embeddable":true,"href":"https:\/\/www.studyhelp.de\/online-lernen\/wp-json\/wp\/v2\/pages\/8123"}],"wp:attachment":[{"href":"https:\/\/www.studyhelp.de\/online-lernen\/wp-json\/wp\/v2\/media?parent=8896"}],"wp:term":[{"taxonomy":"category","embeddable":true,"href":"https:\/\/www.studyhelp.de\/online-lernen\/wp-json\/wp\/v2\/categories?post=8896"},{"taxonomy":"post_tag","embeddable":true,"href":"https:\/\/www.studyhelp.de\/online-lernen\/wp-json\/wp\/v2\/tags?post=8896"}],"curies":[{"name":"wp","href":"https:\/\/api.w.org\/{rel}","templated":true}]}}