{"id":9003,"date":"2018-07-19T10:46:32","date_gmt":"2018-07-19T08:46:32","guid":{"rendered":"https:\/\/www.studyhelp.de\/online-lernen\/?page_id=9003"},"modified":"2018-11-14T15:53:23","modified_gmt":"2018-11-14T14:53:23","slug":"abiturvorbereitung-geschichte","status":"publish","type":"page","link":"https:\/\/www.studyhelp.de\/online-lernen\/geschichte\/abiturvorbereitung-geschichte\/","title":{"rendered":"Abiturvorbereitung Geschichte"},"content":{"rendered":"<p>Deine Abiturvorbereitung in Geschichte hat begonnen und du bist dir noch nicht sicher, was du lernen sollst? Dann begr\u00fc\u00dfen wir dich hier auf unserer kostenlosen Online-Lernplattform, mit der du dich gezielt auf deine Abiturpr\u00fcfung in Geschichte vorbereiten kannst. <\/p>\n<p>Auf den folgenden Seiten wirst du viele Hilfestellungen, Tipps und Beispielklausuren finden, die dir jederzeit zur Verf\u00fcgung stehen. Wir w\u00fcnschen dir schon jetzt viel Erfolg beim Lernen und stressfreie Abiturvorbereitung!<\/p>\n<ul>\n<li><a href=\"#abiturvorbereitung-geschichte-wie\">Abiturvorbereitung in Geschichte &#8211; aber wie?<\/a><\/li>\n<li><a href=\"#abiturvorbereitung-geschichte-so\">Abiturpr\u00fcfung in Geschichte &#8211; Wie ist die Pr\u00fcfung aufgebaut?<\/a><\/li>\n<li><a href=\"#aufbau-abiturklausur\">Wie sind Abiturklausuren im Fach Geschichte aufgebaut?<\/a><\/li>\n<li><a href=\"#erlaubte-hilfsmittel\">Welche Hilfsmittel sind in der Abiturpr\u00fcfung zugelassen?<\/a><\/li>\n<li><a href=\"#klausurthema-auswahl\">Auswahl und Bearbeitung des Klausurthemas<\/a><\/li>\n<\/ul>\n<div class=\"study-geschichte-fullwidth\" id=\"study-4001780799\"><div class=\"ad fullwidth lernheft amz\">\r\n    <div class=\"inner\">\r\n        <div class=\"txt\">\r\n            <span class=\"firstline\">Unser Lernheft zum Geschichte-Abi'22<\/span>\r\n\t\t\t<span class=\"secondline\">Erkl\u00e4rungen + Klausuren + L\u00f6sungen!<\/span>\r\n            <div class=\"stars\">\r\n                <i class=\"fas fa-star\"><\/i>\r\n                <i class=\"fas fa-star\"><\/i>\r\n                <i class=\"fas fa-star\"><\/i>\r\n                <i class=\"fas fa-star\"><\/i>\r\n                <i class=\"fas fa-star\"><\/i>\r\n            <\/div>\r\n            <!--<div class=\"stars-counter\">\r\n                <small>5 von 5 Sternen<\/small>\r\n            <\/div>-->\r\n        <\/div>\r\n        <div class=\"btn-container\">\r\n            <a class=\"btn orange\" target=\"_blank\" href=\"%link%\"><img src=\"https:\/\/www.studyhelp.de\/online-lernen\/wp-content\/uploads\/2018\/06\/amz.png\" alt=\"Jetzt kaufen\" title=\"Jetzt kaufen\" \/><span>Auf Amazon ansehen<\/span><\/a>\r\n        <\/div>\r\n        <div class=\"media\">\r\n            <div class=\"img\">\r\n                <img src=\"https:\/\/www.studyhelp.de\/online-lernen\/wp-content\/uploads\/2018\/07\/geschichte-abiturvorbereitung-min.png\" alt=\"Geschichte Abiturvorbereitung\" title=\"Geschichte Abiturvorbereitung\" \/>\r\n            <\/div>\r\n        <\/div>\r\n    <\/div>\r\n    <div class=\"figure circle\"><\/div>\r\n    <div class=\"figure circle2\"><\/div>\r\n    <div class=\"figure square\"><\/div>\r\n    <div class=\"figure triangle\"><\/div>\r\n    <!--<div class=\"label red\"><p>15,99\u20ac<\/p><\/div>-->\r\n<\/div><\/div>\n<h2 class=\"anchor\" id=\"abiturvorbereitung-geschichte-wie\">Abiturvorbereitung in Geschichte &#8211; aber wie?<\/h2>\n<p>Langsam und unaufhaltsam r\u00fccken sie immer n\u00e4her: eure Abiturpr\u00fcfungen. Als eines der Pr\u00fcfungsf\u00e4cher habt ihr Geschichte ausgew\u00e4hlt. Vielleicht, weil ihr schon lange Interesse an historischen Ereignissen, Pers\u00f6nlichkeiten und Zusammenh\u00e4ngen habt. Vielleicht aber auch, weil es sich nicht vermeiden lie\u00df. Was auch immer der Grund f\u00fcr eure Wahl war \u2013 wir werden dabei helfen, euch optimal auf die Abiturpr\u00fcfung vorzubereiten.<\/p>\n<div class=\"box info\">\n<p>&#8222;Geschichte ist mehr als das blo\u00dfe Auswendiglernen von Daten oder die Aneinanderreihung von Ereignissen.&#8220;<br \/>\n<\/div>\n<p>Nat\u00fcrlich ist auch dieses Faktenwissen wichtig, aber das, was in der Abiturpr\u00fcfung abgefragt wird, geht weit dar\u00fcber hinaus. Daher spielen auf dieser Plattform zur Abiturvorbereitung Daten und Ereignisse zwar auch eine Rolle, aber keine zentrale. <\/p>\n<p>Ihr werdet auf den weiteren Seiten kein &#8222;Nachschlagewerk&#8220; finden. Vielmehr geht es darum, euch mit Beispielen auf Abiturpr\u00fcfungsniveau darauf vorzubereiten, was euch an Themen in den Pr\u00fcfungsaufgaben erwartet, und die F\u00e4higkeiten einzu\u00fcben, mit denen ihr diese Aufgaben l\u00f6sen k\u00f6nnt. Wir zeigen euch, wie Abiturklausuren im Fach Geschichte aufgebaut sind, wie ihr sie richtig versteht und bearbeitet und welche Erwartungen eure Lehrer an euch haben. Au\u00dferdem gibt es euch einen \u00dcberblick \u00fcber die wichtigsten Quellenarten, mit denen ihr in den Abiturpr\u00fcfungen arbeiten m\u00fcsst, und erkl\u00e4rt euch ihre Unterschiede, Eigenheiten und Stolperfallen. <\/p>\n<p>Die meisten Seiten bestehen aus Beispielklausuren und L\u00f6sungshilfen. Zwischendurch werden immer wieder Querverbindungen gezogen und Fakten rekapituliert. So erhaltet ihr eine Mischung aus Theorie und Praxis, die weder das eine vernachl\u00e4ssigt noch das andere \u00fcberbetont. Also eine gesunde Vorbereitung auf euer Abitur in Geschichte!<\/p>\n<p>Aber genug der einleitenden Worte, widmen wir uns den Basics &#8211; und diese sollen euch zeigen, dass Arbeiten mit Geschichte kein Hexenwerk ist, sondern wie jedes Handwerk erlernt werden und mit den richtigen Werkzeugen erfolgreich bew\u00e4ltigt werden kann. Gleiches gilt f\u00fcr Abiturpr\u00fcfungen in Geschichte. Sie sind nach bestimmten Grunds\u00e4tzen aufgebaut, und die Fragen der Lehrer orientieren sich an einheitlichen Vorgaben. Im folgenden Kapiteln stellen wir euch diese Muster vor.<\/p>\n<h2 class=\"anchor\" id=\"abiturvorbereitung-geschichte-so\">Geschichte im Abitur &#8211; Wie ist die Pr\u00fcfung aufgebaut?<\/h2>\n<p>Bevor es allerdings \u00fcberhaupt an die Bearbeitung der Abiturklausur geht, liegt erst einmal die Wiederholung des Unterrichtsstoffes vor euch. Hierzu solltet ihr bereits mehrere Wochen vor dem Termin eurer Abiturklausuren mit der Vorbereitung anfangen, euch den inhaltlich relevanten Stoff, den ihr \u00fcber die gesamte Oberstufe hinweg bearbeitet habt, noch einmal anzusehen. <\/p>\n<div class=\"box info\">\n<p><strong>Welche Themen f\u00fcr das Abitur relevant sind, wird euch euer Lehrer rechtzeitig mitteilen. Falls nicht, sprecht ihn unbedingt darauf an.<\/strong><br \/>\n<\/div>\n<p>Ansonsten k\u00f6nnt ihr euch auch an den Themenbl\u00f6cken orientieren, die wir euch hier bereitstellen. <strong>Aber Vorsicht! Die Themen unterscheiden sich von Bundesland zu Bundesland voneinander.<\/strong> Daher solltet ihr euch auf jeden Fall \u00fcber diejenigen Themen, die in eurem Bundesland relevant sind, informieren. Gibt es in eurem Bundesland ein Zentralabitur, so findet ihr auf den Webseiten des zust\u00e4ndigen Ministeriums neben einem Kernlernplan auch sogenannte Fokussierungen, die die Inhalte, welche in den Abiturpr\u00fcfungen abgefragt werden, n\u00e4her beschreiben. <\/p>\n<p>F\u00fcr Nordrhein-Westfalen sind es f\u00fcr den Abiturjahrgang Jahr 2019 beispielsweise folgende Inhaltsfelder*: <\/p>\n<ul>\n<li>\tNationalismus, Nationalstaat und deutsche Identit\u00e4t im 19. und 20. Jahrhundert<\/li>\n<li>\tDie moderne Industriegesellschaft zwischen Fortschritt und Krise<\/li>\n<li>\tDie Zeit des Nationalsozialismus \u2013 Voraussetzungen, Herrschaftsstrukturen, Nachwirkungen und Deutungen<\/li>\n<li>\tFriedensschl\u00fcsse und Ordnungen des Friedens in der Moderne<\/li>\n<\/ul>\n<p>*(<em>Zitiert nach: Vorgaben Zentralabitur 2019 \u2013 Geschichte, https:\/\/www.standardsicherung.schulministerium.nrw.de\/cms\/zentralabitur-gost\/faecher\/getfile.php?file=4226, abgerufen am 20.12.2017<\/em>)<\/p>\n<p>Diese Inhaltsfelder sind wiederum in weitere Teilaspekte gegliedert, aus denen die Aufgaben f\u00fcr die Abiturpr\u00fcfungen erarbeitet werden. Der Einfachheit halber orientieren wir uns am Kernlernplan des Landes NRW. Also nochmals: Informiert euch fr\u00fchzeitig, welchen Stoff ihr lernen m\u00fcsst, und welchen ihr vernachl\u00e4ssigen k\u00f6nnt. So k\u00f6nnt ihr eure Zeit effizient einsetzen.<\/p>\n<p>Wie ihr sehen k\u00f6nnt, sind die Inhaltsfelder nicht einfach chronologisch geordnet, sondern k\u00f6nnen auf verschiedene Zeitr\u00e4ume angewandt werden, aus denen in der Klausur Quellen auftauchen k\u00f6nnen. Gem\u00e4\u00df der Floskel \u201eGeschichte ist nicht logisch, sondern chronologisch\u201c, ist es f\u00fcr den Lernprozess dennoch sinnvoll, euch einen zeitlichen Ablaufplan zu erstellen und diesen nach Themen zu ordnen. Hier ein grobes Beispiel:<\/p>\n<div class=\"box info\">\n<ol>\n<li>Deutsches Kaiserreich und Imperialismus<\/li>\n<li>Erster Weltkrieg<\/li>\n<li>Weimarer Republik<\/li>\n<li>Nationalsozialismus<\/li>\n<li>Zweiter Weltkrieg<\/li>\n<li>Nachkriegsordnung und Ost-West-Konflikt<\/li>\n<\/ol>\n<\/div>\n<div class=\"study-geschichte-fullwidth\" id=\"study-4046186493\"><div class=\"ad fullwidth lernheft amz\">\r\n    <div class=\"inner\">\r\n        <div class=\"txt\">\r\n            <span class=\"firstline\">Unser Lernheft zum Geschichte-Abi'22<\/span>\r\n\t\t\t<span class=\"secondline\">Erkl\u00e4rungen + Klausuren + L\u00f6sungen!<\/span>\r\n            <div class=\"stars\">\r\n                <i class=\"fas fa-star\"><\/i>\r\n                <i class=\"fas fa-star\"><\/i>\r\n                <i class=\"fas fa-star\"><\/i>\r\n                <i class=\"fas fa-star\"><\/i>\r\n                <i class=\"fas fa-star\"><\/i>\r\n            <\/div>\r\n            <!--<div class=\"stars-counter\">\r\n                <small>5 von 5 Sternen<\/small>\r\n            <\/div>-->\r\n        <\/div>\r\n        <div class=\"btn-container\">\r\n            <a class=\"btn orange\" target=\"_blank\" href=\"%link%\"><img src=\"https:\/\/www.studyhelp.de\/online-lernen\/wp-content\/uploads\/2018\/06\/amz.png\" alt=\"Jetzt kaufen\" title=\"Jetzt kaufen\" \/><span>Auf Amazon ansehen<\/span><\/a>\r\n        <\/div>\r\n        <div class=\"media\">\r\n            <div class=\"img\">\r\n                <img src=\"https:\/\/www.studyhelp.de\/online-lernen\/wp-content\/uploads\/2018\/07\/geschichte-abiturvorbereitung-min.png\" alt=\"Geschichte Abiturvorbereitung\" title=\"Geschichte Abiturvorbereitung\" \/>\r\n            <\/div>\r\n        <\/div>\r\n    <\/div>\r\n    <div class=\"figure circle\"><\/div>\r\n    <div class=\"figure circle2\"><\/div>\r\n    <div class=\"figure square\"><\/div>\r\n    <div class=\"figure triangle\"><\/div>\r\n    <!--<div class=\"label red\"><p>15,99\u20ac<\/p><\/div>-->\r\n<\/div><\/div>\n<p>Oftmals gelingt die Vorbereitung dabei besser, wenn ihr den Stoff nicht einfach noch einmal herunterlest, sondern selbst f\u00fcr euch strukturiert und zusammenfasst. Legt euch dazu eine \u00dcbersicht an. Notiert das Datum oder die Jahreszahl zu einem historischen Ereignis und beschreibt dann kurz, was passiert ist. <\/p>\n<p>Auch hier ein kurzes Beispiel:<\/p>\n<div class=\"box info\">\n<p><strong>1870-1871 Deutsch-Franz\u00f6sischer Krieg <\/strong><br \/>\nKrieg zwischen Frankreich und den deutschen Staaten unter F\u00fchrung Preu\u00dfens. Der Krieg endete mit der Niederlage Frankreichs und f\u00fchrte zur Gr\u00fcndung des Deutschen Kaiserreiches.<\/p>\n<p><strong>18.01.1871 Kaiserproklamation in Versailles<\/strong><br \/>\nAusrufung des preu\u00dfischen K\u00f6nigs Wilhelm I. zum Deutschen Kaiser im Spiegelsaal von Versailles. Dem\u00fctigung des franz\u00f6sischen Kriegsgegners. Sp\u00e4ter als Gr\u00fcndungstag des Kaiserreiches gefeiert.<br \/>\n<\/div>\n<p>Seht euch dazu eure Unterlagen aus dem Unterricht an. Einige wichtige Daten findet ihr auch auf dieser Plattform. Informiert euch aber auch dar\u00fcber hinaus \u00fcber den historischen Kontext! Hierzu gibt es hilfreiche Sekund\u00e4rliteratur. Au\u00dferdem solltet ihr euch Personen merken, die im Zusammenhang mit diesen Ereignissen stehen. <\/p>\n<h2 class=\"anchor\" id=\"aufbau-abiturklausur\">Wie sind Abiturklausuren im Fach Geschichte aufgebaut?<\/h2>\n<p>Ihr habt in der Oberstufe bereits gelernt, wie Geschichtsklausuren aufgebaut sind. Der Aufbau der Abiturklausuren unterscheidet sich in der Regel nicht gro\u00dfartig davon. Sie folgen einem bestimmten Muster und<br \/>\nbestehen aus jeweils drei Aufgaben:<\/p>\n<ul>\n<li>Analyse der Quelle<\/li>\n<li>Einordnung der Quelle in ihren historischen Kontext<\/li>\n<li>Beurteilung oder Bewertung der Quelle und Formulierung eigener Thesen.<\/li>\n<\/ul>\n<p>Diese Aufgaben beziehen sich also immer auf eine historische Quelle, welche die Grundlage f\u00fcr die jeweilige Klausur darstellt. <\/p>\n<p>Bei Quellen kann es sich um zeitgen\u00f6ssische Texte (z. B. Reden), Bilder oder Karikaturen handeln, aber auch um Sachtexte von Historikern, die sich zu einem sp\u00e4teren Zeitpunkt mit dem jeweiligen Thema befasst haben. Was es mit ihnen genau auf sich hat und wie sie sich unterscheiden, werden wir uns an sp\u00e4terer Stelle ansehen. <\/p>\n<p>Die Idee einer sogenannten Quellenanalyse ist es, diese Quellen in einen historischen Bezug zu setzen, um aus ihnen Erkenntnisse \u00fcber ihre Entstehungszeit und \u00fcber ihren Informationswert f\u00fcr die Gegenwart zu ziehen. Professionelle Historiker nutzen dazu die sogenannte \u201eHistorische Methode\u201c, also den Dreischritt von Heuristik, Kritik und Interpretation. Keine Angst, in der Abiturpr\u00fcfung wird keiner von euch verlangen, diese Methode zu kennen oder zu beherrschen. Ihr werdet jedoch einzelne Elemente daraus in einer Art \u201eLight-Variante\u201c anwenden m\u00fcssen. Auch hier gilt: keine Panik! Denn auch dazu gibt es sp\u00e4ter mehr Informationen.<\/p>\n<p>Die Art der Quelle ist entscheidend f\u00fcr das weitere Vorgehen in der Klausur. Bevor ihr mit der Bearbeitung der Klausur beginnt, solltet ihr daher folgende Dinge unbedingt beachten:<\/p>\n<ol>\n<li>Nehmt euch gen\u00fcgend Zeit, um euch die Aufgaben und die Quelle genau anzuschauen. Lest sie mindestens zweimal durch. Ihr m\u00fcsst die Art der Quelle identifizieren und die Fragen der Klausur verstehen, um die Aufgaben richtig bearbeiten zu k\u00f6nnen. Jedes Detail ist wichtig!<\/li>\n<li>Macht euch Notizen zu Begriffen, Text- oder Bildelementen, die euch wichtig erscheinen, an den Rand der Quelle!<\/li>\n<\/ol>\n<p>Manchmal stehen auf dem Arbeitsblatt zur Klausur neben der Quelle und den Aufgaben noch weitere Informationen. Auch diese solltet ihr aufmerksam lesen, da sie f\u00fcr die Bearbeitung der Aufgaben wichtig sind.<\/p>\n<div class=\"study-geschichte-fullwidth\" id=\"study-2661389203\"><div class=\"ad fullwidth lernheft amz\">\r\n    <div class=\"inner\">\r\n        <div class=\"txt\">\r\n            <span class=\"firstline\">Unser Lernheft zum Geschichte-Abi'22<\/span>\r\n\t\t\t<span class=\"secondline\">Erkl\u00e4rungen + Klausuren + L\u00f6sungen!<\/span>\r\n            <div class=\"stars\">\r\n                <i class=\"fas fa-star\"><\/i>\r\n                <i class=\"fas fa-star\"><\/i>\r\n                <i class=\"fas fa-star\"><\/i>\r\n                <i class=\"fas fa-star\"><\/i>\r\n                <i class=\"fas fa-star\"><\/i>\r\n            <\/div>\r\n            <!--<div class=\"stars-counter\">\r\n                <small>5 von 5 Sternen<\/small>\r\n            <\/div>-->\r\n        <\/div>\r\n        <div class=\"btn-container\">\r\n            <a class=\"btn orange\" target=\"_blank\" href=\"%link%\"><img src=\"https:\/\/www.studyhelp.de\/online-lernen\/wp-content\/uploads\/2018\/06\/amz.png\" alt=\"Jetzt kaufen\" title=\"Jetzt kaufen\" \/><span>Auf Amazon ansehen<\/span><\/a>\r\n        <\/div>\r\n        <div class=\"media\">\r\n            <div class=\"img\">\r\n                <img src=\"https:\/\/www.studyhelp.de\/online-lernen\/wp-content\/uploads\/2018\/07\/geschichte-abiturvorbereitung-min.png\" alt=\"Geschichte Abiturvorbereitung\" title=\"Geschichte Abiturvorbereitung\" \/>\r\n            <\/div>\r\n        <\/div>\r\n    <\/div>\r\n    <div class=\"figure circle\"><\/div>\r\n    <div class=\"figure circle2\"><\/div>\r\n    <div class=\"figure square\"><\/div>\r\n    <div class=\"figure triangle\"><\/div>\r\n    <!--<div class=\"label red\"><p>15,99\u20ac<\/p><\/div>-->\r\n<\/div><\/div>\n<h2 class=\"anchor\" id=\"erlaubte-hilfsmittel\">Welche Hilfsmittel sind in der Abiturpr\u00fcfung zugelassen?<\/h2>\n<p>Eine Abiturklausur hat in der Regel eine L\u00e4nge von drei bis f\u00fcnf Zeitstunden. Diese Zeit ist reine Schreibzeit. <strong>Zur Auswahl des Klausurthemas bekommt ihr vorab bereits eine halbe Stunde Zeit.<\/strong> Ihr habt die M\u00f6glichkeit, euch ein W\u00f6rterbuch zur deutschen Rechtschreibung als Hilfsmittel mitzubringen. Das klingt erstmal unsinnig, kann aber sehr n\u00fctzlich sein. In den Quellen tauchen n\u00e4mlich h\u00e4ufig Begriffe auf, die heute nicht mehr gel\u00e4ufig sind oder eine andere Bedeutung tragen als fr\u00fcher. Im W\u00f6rterbuch findet ihr dann eine Erkl\u00e4rung und gegebenenfalls Synonyme.<\/p>\n<p>Bringt euch au\u00dferdem mehrere Stifte (Kulis, F\u00fcller etc.) mit f\u00fcr den Fall, dass euch die Tinte ausgehen sollte. Auch Textmarker solltet ihr dabeihaben, damit ihr euch wichtige W\u00f6rter oder Passagen markieren k\u00f6nnt.<\/p>\n<h2 class=\"anchor\" id=\"klausurthema-auswahl\">Auswahl und Bearbeitung des Klausurthemas<\/h2>\n<p>Vor Beginn der Schreibzeit erhaltet ihr eine halbe Stunde Zeit, euch ein Klausurthema auszusuchen. In den meisten Bundesl\u00e4ndern ist es so, dass ihr 2-4 verschiedene Klausurvorschl\u00e4ge erhaltet. Davon m\u00fcsst ihr aber nur ein einziges ausw\u00e4hlen und bearbeiten! Die Wahl solltet ihr sehr sorgf\u00e4ltig treffen. Lasst euch dabei Zeit und lest euch alle Klausurvorschl\u00e4ge aufmerksam mehrmals durch. W\u00e4hlt ein Thema aus, das euch liegt und bei dem ihr euch sicher f\u00fchlt! Das ist wichtig, denn ihr verliert wertvolle Zeit, wenn ihr euch w\u00e4hrend des Schreibprozesses f\u00fcr ein anderes Thema entscheidet, weil euch das ausgesuchte Thema doch nicht passt.<\/p>\n<p>M\u00f6glicherweise gibt euch der Lehrer auch einen Tipp oder spricht euch eine Empfehlung f\u00fcr ein bestimmtes Thema aus, dass ihr im Unterricht vielleicht besonders ausf\u00fchrlich behandelt habt. Wenn euch im Vorfeld etwas unklar ist, sprecht mit dem Lehrer! Vielleicht kann er euch helfen. Danach beginnt ihr mit der Bearbeitung der Aufgaben. <\/p>\n<div class=\"study-geschichte-fullwidth\" id=\"study-2044559594\"><div class=\"ad fullwidth lernheft amz\">\r\n    <div class=\"inner\">\r\n        <div class=\"txt\">\r\n            <span class=\"firstline\">Unser Lernheft zum Geschichte-Abi'22<\/span>\r\n\t\t\t<span class=\"secondline\">Erkl\u00e4rungen + Klausuren + L\u00f6sungen!<\/span>\r\n            <div class=\"stars\">\r\n                <i class=\"fas fa-star\"><\/i>\r\n                <i class=\"fas fa-star\"><\/i>\r\n                <i class=\"fas fa-star\"><\/i>\r\n                <i class=\"fas fa-star\"><\/i>\r\n                <i class=\"fas fa-star\"><\/i>\r\n            <\/div>\r\n            <!--<div class=\"stars-counter\">\r\n                <small>5 von 5 Sternen<\/small>\r\n            <\/div>-->\r\n        <\/div>\r\n        <div class=\"btn-container\">\r\n            <a class=\"btn orange\" target=\"_blank\" href=\"%link%\"><img src=\"https:\/\/www.studyhelp.de\/online-lernen\/wp-content\/uploads\/2018\/06\/amz.png\" alt=\"Jetzt kaufen\" title=\"Jetzt kaufen\" \/><span>Auf Amazon ansehen<\/span><\/a>\r\n        <\/div>\r\n        <div class=\"media\">\r\n            <div class=\"img\">\r\n                <img src=\"https:\/\/www.studyhelp.de\/online-lernen\/wp-content\/uploads\/2018\/07\/geschichte-abiturvorbereitung-min.png\" alt=\"Geschichte Abiturvorbereitung\" title=\"Geschichte Abiturvorbereitung\" \/>\r\n            <\/div>\r\n        <\/div>\r\n    <\/div>\r\n    <div class=\"figure circle\"><\/div>\r\n    <div class=\"figure circle2\"><\/div>\r\n    <div class=\"figure square\"><\/div>\r\n    <div class=\"figure triangle\"><\/div>\r\n    <!--<div class=\"label red\"><p>15,99\u20ac<\/p><\/div>-->\r\n<\/div><\/div>\n","protected":false},"excerpt":{"rendered":"<p>Deine Abiturvorbereitung in Geschichte hat begonnen und du bist dir noch nicht sicher, was du lernen sollst? Dann begr\u00fc\u00dfen wir dich hier auf unserer kostenlosen Online-Lernplattform, mit der du dich gezielt auf deine Abiturpr\u00fcfung in Geschichte vorbereiten kannst. Auf den folgenden Seiten wirst du viele Hilfestellungen, Tipps und Beispielklausuren finden, die dir jederzeit zur Verf\u00fcgung [&hellip;]<\/p>\n","protected":false},"author":3,"featured_media":0,"parent":9015,"menu_order":0,"comment_status":"closed","ping_status":"closed","template":"","meta":[],"categories":[40],"tags":[],"yoast_head":"<!-- This site is optimized with the Yoast SEO plugin v14.7 - https:\/\/yoast.com\/wordpress\/plugins\/seo\/ -->\n<title>Abiturvorbereitung Geschichte - StudyHelp Online-Lernen<\/title>\n<meta name=\"description\" content=\"Du m\u00f6chtest eine strukturierte Abiturvorbereitung f\u00fcr das Fach Geschichte haben? Wir zeigen sie dir! Inkl. ausf\u00fchrlichen Beispielklausuren!\" \/>\n<meta name=\"robots\" content=\"index, follow\" \/>\n<meta name=\"googlebot\" content=\"index, follow, max-snippet:-1, max-image-preview:large, max-video-preview:-1\" \/>\n<meta name=\"bingbot\" content=\"index, follow, max-snippet:-1, max-image-preview:large, max-video-preview:-1\" \/>\n<link rel=\"canonical\" href=\"https:\/\/www.studyhelp.de\/online-lernen\/geschichte\/abiturvorbereitung-geschichte\/\" \/>\n<meta property=\"og:locale\" content=\"de_DE\" \/>\n<meta property=\"og:type\" content=\"article\" \/>\n<meta property=\"og:title\" content=\"Abiturvorbereitung Geschichte - StudyHelp Online-Lernen\" \/>\n<meta property=\"og:description\" content=\"Du m\u00f6chtest eine strukturierte Abiturvorbereitung f\u00fcr das Fach Geschichte haben? Wir zeigen sie dir! Inkl. ausf\u00fchrlichen Beispielklausuren!\" \/>\n<meta property=\"og:url\" content=\"https:\/\/www.studyhelp.de\/online-lernen\/geschichte\/abiturvorbereitung-geschichte\/\" \/>\n<meta property=\"og:site_name\" content=\"StudyHelp Online-Lernen\" \/>\n<meta property=\"article:modified_time\" content=\"2018-11-14T14:53:23+00:00\" \/>\n<meta name=\"twitter:card\" content=\"summary_large_image\" \/>\n<script type=\"application\/ld+json\" class=\"yoast-schema-graph\">{\"@context\":\"https:\/\/schema.org\",\"@graph\":[{\"@type\":\"WebSite\",\"@id\":\"https:\/\/www.studyhelp.de\/online-lernen\/#website\",\"url\":\"https:\/\/www.studyhelp.de\/online-lernen\/\",\"name\":\"StudyHelp Online-Lernen\",\"description\":\"\",\"potentialAction\":[{\"@type\":\"SearchAction\",\"target\":\"https:\/\/www.studyhelp.de\/online-lernen\/?s={search_term_string}\",\"query-input\":\"required name=search_term_string\"}],\"inLanguage\":\"de-DE\"},{\"@type\":\"WebPage\",\"@id\":\"https:\/\/www.studyhelp.de\/online-lernen\/geschichte\/abiturvorbereitung-geschichte\/#webpage\",\"url\":\"https:\/\/www.studyhelp.de\/online-lernen\/geschichte\/abiturvorbereitung-geschichte\/\",\"name\":\"Abiturvorbereitung Geschichte - StudyHelp Online-Lernen\",\"isPartOf\":{\"@id\":\"https:\/\/www.studyhelp.de\/online-lernen\/#website\"},\"datePublished\":\"2018-07-19T08:46:32+00:00\",\"dateModified\":\"2018-11-14T14:53:23+00:00\",\"description\":\"Du m\\u00f6chtest eine strukturierte Abiturvorbereitung f\\u00fcr das Fach Geschichte haben? Wir zeigen sie dir! Inkl. ausf\\u00fchrlichen Beispielklausuren!\",\"inLanguage\":\"de-DE\",\"potentialAction\":[{\"@type\":\"ReadAction\",\"target\":[\"https:\/\/www.studyhelp.de\/online-lernen\/geschichte\/abiturvorbereitung-geschichte\/\"]}]}]}<\/script>\n<!-- \/ Yoast SEO plugin. -->","_links":{"self":[{"href":"https:\/\/www.studyhelp.de\/online-lernen\/wp-json\/wp\/v2\/pages\/9003"}],"collection":[{"href":"https:\/\/www.studyhelp.de\/online-lernen\/wp-json\/wp\/v2\/pages"}],"about":[{"href":"https:\/\/www.studyhelp.de\/online-lernen\/wp-json\/wp\/v2\/types\/page"}],"author":[{"embeddable":true,"href":"https:\/\/www.studyhelp.de\/online-lernen\/wp-json\/wp\/v2\/users\/3"}],"replies":[{"embeddable":true,"href":"https:\/\/www.studyhelp.de\/online-lernen\/wp-json\/wp\/v2\/comments?post=9003"}],"version-history":[{"count":17,"href":"https:\/\/www.studyhelp.de\/online-lernen\/wp-json\/wp\/v2\/pages\/9003\/revisions"}],"predecessor-version":[{"id":11442,"href":"https:\/\/www.studyhelp.de\/online-lernen\/wp-json\/wp\/v2\/pages\/9003\/revisions\/11442"}],"up":[{"embeddable":true,"href":"https:\/\/www.studyhelp.de\/online-lernen\/wp-json\/wp\/v2\/pages\/9015"}],"wp:attachment":[{"href":"https:\/\/www.studyhelp.de\/online-lernen\/wp-json\/wp\/v2\/media?parent=9003"}],"wp:term":[{"taxonomy":"category","embeddable":true,"href":"https:\/\/www.studyhelp.de\/online-lernen\/wp-json\/wp\/v2\/categories?post=9003"},{"taxonomy":"post_tag","embeddable":true,"href":"https:\/\/www.studyhelp.de\/online-lernen\/wp-json\/wp\/v2\/tags?post=9003"}],"curies":[{"name":"wp","href":"https:\/\/api.w.org\/{rel}","templated":true}]}}