{"id":9023,"date":"2018-07-20T09:30:19","date_gmt":"2018-07-20T07:30:19","guid":{"rendered":"https:\/\/www.studyhelp.de\/online-lernen\/?page_id=9023"},"modified":"2018-11-14T15:54:38","modified_gmt":"2018-11-14T14:54:38","slug":"operatoren-fuer-die-abiturpruefung","status":"publish","type":"page","link":"https:\/\/www.studyhelp.de\/online-lernen\/geschichte\/operatoren-fuer-die-abiturpruefung\/","title":{"rendered":"Operatoren f\u00fcr die Abiturpr\u00fcfung"},"content":{"rendered":"<p>In den Klausuraufgaben \u2013 und auch auf unserer Lernplattform \u2013 werdet ihr auf eine Reihe von Begriffen sto\u00dfen, die euch auf den ersten Blick sehr vertraut erscheinen. Im Kontext der Abiturpr\u00fcfungen haben sie aber ganz spezielle Bedeutungen, die von ihrer Nutzung in der Alltagssprache abweichen k\u00f6nnen. Dies sind die sogenannten Operatoren. <\/p>\n<p>Da ihr die Abituraufgaben nur dann erfolgreich l\u00f6sen k\u00f6nnt, wenn ihr versteht, was von euch verlangt wird, macht es Sinn, sich diese Operatoren einmal n\u00e4her anzuschauen. Gl\u00fccklicherweise ist das Schulministerium NRW so freundlich, auf seiner Homepage eine \u00dcbersicht der Operatoren bereitzustellen und sie aufzuschl\u00fcsseln.  Pr\u00e4gt euch die Definitionen gut ein, denn wenn ihr wisst, was mit einer speziellen Frage von euch verlangt wird, wisst ihr auch, was nicht von euch verlangt wird \u2013 und k\u00f6nnt damit Irrwege in der Argumentation und ein Verfehlen des Themas vermeiden.<\/p>\n<div class=\"Table\">\n<div class=\"Table-row Table-header\">\n<div class=\"Table-row-item\">Operator<\/div>\n<div class=\"Table-row-item\">Definition<\/div>\n<\/p><\/div>\n<div class=\"Table-row\">\n<div class=\"Table-row-item\" data-header=\"Operator\">\n<p><strong>er\u00f6rtern<\/strong><\/p>\n<\/div>\n<div class=\"Table-row-item\" data-header=\"Definition\">\n<p>Eine These oder Problemstellung auf ihren Wert und ihre Stichhaltigkeit hin abw\u00e4gend pr\u00fcfen und auf dieser Grundlage eine eigene Stellungnahme dazu entwickeln. Die Er\u00f6rterung einer historischen Darstellung setzt deren Analyse voraus.<\/p>\n<\/div><\/div>\n<div class=\"Table-row\">\n<div class=\"Table-row-item\" data-header=\"Operator\">\n<p><strong>interpretieren<\/strong><\/p>\n<\/div>\n<div class=\"Table-row-item\" data-header=\"Definition\">\n<p>Sinnzusammenh\u00e4nge aus Quellen erschlie\u00dfen und eine begr\u00fcndete Stellungnahme abgeben, die auf einer Analyse, Erl\u00e4uterung und Bewertung beruht.<\/p>\n<\/div><\/div>\n<div class=\"Table-row\">\n<div class=\"Table-row-item\" data-header=\"Operator\">\n<p><strong>analysieren<\/strong><\/p>\n<\/div>\n<div class=\"Table-row-item\" data-header=\"Definition\">\n<p>Formale Merkmale von Materialien untersuchen und Inhalt und Gedankengang von Materialien (Quellen, Darstellungen) wiedergeben bzw. Bildelemente (Karikaturen, historische Gem\u00e4lde) beschreiben.<\/p>\n<\/div><\/div>\n<div class=\"Table-row\">\n<div class=\"Table-row-item\" data-header=\"Operator\">\n<p><strong>begr\u00fcnden<\/strong><\/p>\n<\/div>\n<div class=\"Table-row-item\" data-header=\"Definition\">\n<p>Aussagen (z. B. Urteil, These, Wertung) durch Argumente st\u00fctzen, die auf historischen Beispielen und anderen Belegen gr\u00fcnden.<\/p>\n<\/div><\/div>\n<div class=\"Table-row\">\n<div class=\"Table-row-item\" data-header=\"Operator\">\n<p><strong>beschreiben<\/strong><\/p>\n<\/div>\n<div class=\"Table-row-item\" data-header=\"Definition\">\n<p>Merkmale \/ Aspekte eines Sachverhaltes oder eines Materials detailliert darstellen.<\/p>\n<\/div><\/div>\n<div class=\"Table-row\">\n<div class=\"Table-row-item\" data-header=\"Operator\">\n<p><strong>beurteilen<\/strong><\/p>\n<\/div>\n<div class=\"Table-row-item\" data-header=\"Definition\">\n<p>Den Stellenwert historischer Sachverhalte in einem Zusammenhang bestimmen, um ohne pers\u00f6nlichen Wertebezug zu einem begr\u00fcndeten Sachurteil zu gelangen.<\/p>\n<\/div><\/div>\n<div class=\"Table-row\">\n<div class=\"Table-row-item\" data-header=\"Operator\">\n<p><strong>bewerten<\/strong><\/p>\n<\/div>\n<div class=\"Table-row-item\" data-header=\"Definition\">\n<p>Wie Operator \u201ebeurteilen&#8220;, aber zus\u00e4tzlich mit Offenlegen und Begr\u00fcnden eigener Wertma\u00dfst\u00e4be, die Pluralit\u00e4t einschlie\u00dfen und zu einem Werturteil f\u00fchren, das auf den Wertvorstellungen des Grundgesetzes basiert.<\/p>\n<\/div><\/div>\n<div class=\"Table-row\">\n<div class=\"Table-row-item\" data-header=\"Operator\">\n<p><strong>einordnen<\/strong><\/p>\n<\/div>\n<div class=\"Table-row-item\" data-header=\"Definition\">\n<p>Einen oder mehrere historische Sachverhalte in einen historischen Zusammenhang stellen.<\/p>\n<\/div><\/div>\n<div class=\"Table-row\">\n<div class=\"Table-row-item\" data-header=\"Operator\">\n<p><strong>entwickeln<\/strong><\/p>\n<\/div>\n<div class=\"Table-row-item\" data-header=\"Definition\">\n<p>Auf der Grundlage erarbeiteter Ergebnisse zu einer eigenen Deutung gelangen; gewonnene Analyseergebnisse verwerten, um in einem vorgegebenen Textformat (z. B. Rede, Leserbrief, Diskussionsbeitrag) zu einer eigenen Deutung zu gelangen.<\/p>\n<\/div><\/div>\n<div class=\"Table-row\">\n<div class=\"Table-row-item\" data-header=\"Operator\">\n<p><strong>erl\u00e4utern<\/strong><\/p>\n<\/div>\n<div class=\"Table-row-item\" data-header=\"Definition\">\n<p>Historische Sachverhalte durch Wissen und Einsichten in einen Zusammenhang einordnen und durch zus\u00e4tzliche Informationen und Beispiele verdeutlichen.<\/p>\n<\/div><\/div>\n<div class=\"Table-row\">\n<div class=\"Table-row-item\" data-header=\"Operator\">\n<p><strong>herausarbeiten<\/strong><\/p>\n<\/div>\n<div class=\"Table-row-item\" data-header=\"Definition\">\n<p>Aus Materialien bestimmte historische Sachverhalte herausfinden, die nicht explizit genannt werden, und Zusammenh\u00e4nge zwischen ihnen herstellen.<\/p>\n<\/div><\/div>\n<div class=\"Table-row\">\n<div class=\"Table-row-item\" data-header=\"Operator\">\n<p><strong>nennen<\/strong><\/p>\n<\/div>\n<div class=\"Table-row-item\" data-header=\"Definition\">\n<p>Informationen \/ Sachverhalte \/ Merkmale zielgerichtet unkommentiert zusammentragen.<\/p>\n<\/div><\/div>\n<div class=\"Table-row\">\n<div class=\"Table-row-item\" data-header=\"Operator\">\n<p><strong>Stellung nehmen<\/strong><\/p>\n<\/div>\n<div class=\"Table-row-item\" data-header=\"Definition\">\n<p>Eine Problemstellung \/ eine Bewertung \/ eine Position auf der Grundlage fachlicher Kenntnisse pr\u00fcfen und nach sorgf\u00e4ltiger Abw\u00e4gung eine Einsch\u00e4tzung formulieren.<\/p>\n<\/div><\/div>\n<div class=\"Table-row\">\n<div class=\"Table-row-item\" data-header=\"Operator\">\n<p><strong>untersuchen<\/strong><\/p>\n<\/div>\n<div class=\"Table-row-item\" data-header=\"Definition\">\n<p>Materialien oder historische Sachverhalte kriterienorientiert bzw. aspektgeleitet erschlie\u00dfen.<\/p>\n<\/div><\/div>\n<div class=\"Table-row\">\n<div class=\"Table-row-item\" data-header=\"Operator\">\n<p><strong>vergleichen<\/strong><\/p>\n<\/div>\n<div class=\"Table-row-item\" data-header=\"Definition\">\n<p>Auf der Grundlage von Kriterien historische Sachverhalte problembezogen gegen\u00fcberstellen, um Gemeinsamkeiten, Unterschiede, Teil-Identit\u00e4ten, \u00c4hnlichkeiten, Abweichungen oder Gegens\u00e4tze darzustellen.<\/p>\n<\/div><\/div>\n<div class=\"Table-row\">\n<div class=\"Table-row-item\" data-header=\"Operator\">\n<p><strong>zusammenfassen<\/strong><\/p>\n<\/div>\n<div class=\"Table-row-item\" data-header=\"Definition\">\n<p>Sachverhalte \/ Aussagen komprimiert darstellen.<\/p>\n<\/div><\/div>\n<\/div>\n<p><em>Zitiert nach: Operatoren\u00fcbersicht, https:\/\/www.standardsicherung.schulministerium.nrw.de\/cms\/zentralabitur-gost\/faecher\/getfile.php?file=3946, abgerufen am 13.2.2018.<\/em><\/p>\n<div class=\"study-geschichte-fullwidth\" id=\"study-3212270144\"><div class=\"ad fullwidth lernheft amz\">\r\n    <div class=\"inner\">\r\n        <div class=\"txt\">\r\n            <span class=\"firstline\">Unser Lernheft zum Geschichte-Abi'22<\/span>\r\n\t\t\t<span class=\"secondline\">Erkl\u00e4rungen + Klausuren + L\u00f6sungen!<\/span>\r\n            <div class=\"stars\">\r\n                <i class=\"fas fa-star\"><\/i>\r\n                <i class=\"fas fa-star\"><\/i>\r\n                <i class=\"fas fa-star\"><\/i>\r\n                <i class=\"fas fa-star\"><\/i>\r\n                <i class=\"fas fa-star\"><\/i>\r\n            <\/div>\r\n            <!--<div class=\"stars-counter\">\r\n                <small>5 von 5 Sternen<\/small>\r\n            <\/div>-->\r\n        <\/div>\r\n        <div class=\"btn-container\">\r\n            <a class=\"btn orange\" target=\"_blank\" href=\"%link%\"><img src=\"https:\/\/www.studyhelp.de\/online-lernen\/wp-content\/uploads\/2018\/06\/amz.png\" alt=\"Jetzt kaufen\" title=\"Jetzt kaufen\" \/><span>Auf Amazon ansehen<\/span><\/a>\r\n        <\/div>\r\n        <div class=\"media\">\r\n            <div class=\"img\">\r\n                <img src=\"https:\/\/www.studyhelp.de\/online-lernen\/wp-content\/uploads\/2018\/07\/geschichte-abiturvorbereitung-min.png\" alt=\"Geschichte Abiturvorbereitung\" title=\"Geschichte Abiturvorbereitung\" \/>\r\n            <\/div>\r\n        <\/div>\r\n    <\/div>\r\n    <div class=\"figure circle\"><\/div>\r\n    <div class=\"figure circle2\"><\/div>\r\n    <div class=\"figure square\"><\/div>\r\n    <div class=\"figure triangle\"><\/div>\r\n    <!--<div class=\"label red\"><p>15,99\u20ac<\/p><\/div>-->\r\n<\/div><\/div>\n","protected":false},"excerpt":{"rendered":"<p>In den Klausuraufgaben \u2013 und auch auf unserer Lernplattform \u2013 werdet ihr auf eine Reihe von Begriffen sto\u00dfen, die euch auf den ersten Blick sehr vertraut erscheinen. Im Kontext der Abiturpr\u00fcfungen haben sie aber ganz spezielle Bedeutungen, die von ihrer Nutzung in der Alltagssprache abweichen k\u00f6nnen. Dies sind die sogenannten Operatoren. Da ihr die Abituraufgaben [&hellip;]<\/p>\n","protected":false},"author":3,"featured_media":0,"parent":9015,"menu_order":0,"comment_status":"closed","ping_status":"closed","template":"","meta":[],"categories":[40],"tags":[],"yoast_head":"<!-- This site is optimized with the Yoast SEO plugin v14.7 - https:\/\/yoast.com\/wordpress\/plugins\/seo\/ -->\n<title>Operatoren f\u00fcr die Abiturpr\u00fcfung - StudyHelp Online-Lernen<\/title>\n<meta name=\"description\" content=\"Hier findest du eine \u00dcbersicht \u00fcber alle Operatoren, die du f\u00fcr deine Abiturpr\u00fcfung in Geschichte ben\u00f6tigst!\" \/>\n<meta name=\"robots\" content=\"index, follow\" \/>\n<meta name=\"googlebot\" content=\"index, follow, max-snippet:-1, max-image-preview:large, max-video-preview:-1\" \/>\n<meta name=\"bingbot\" content=\"index, follow, max-snippet:-1, max-image-preview:large, max-video-preview:-1\" \/>\n<link rel=\"canonical\" href=\"https:\/\/www.studyhelp.de\/online-lernen\/geschichte\/operatoren-fuer-die-abiturpruefung\/\" \/>\n<meta property=\"og:locale\" content=\"de_DE\" \/>\n<meta property=\"og:type\" content=\"article\" \/>\n<meta property=\"og:title\" content=\"Operatoren f\u00fcr die Abiturpr\u00fcfung - StudyHelp Online-Lernen\" \/>\n<meta property=\"og:description\" content=\"Hier findest du eine \u00dcbersicht \u00fcber alle Operatoren, die du f\u00fcr deine Abiturpr\u00fcfung in Geschichte ben\u00f6tigst!\" \/>\n<meta property=\"og:url\" content=\"https:\/\/www.studyhelp.de\/online-lernen\/geschichte\/operatoren-fuer-die-abiturpruefung\/\" \/>\n<meta property=\"og:site_name\" content=\"StudyHelp Online-Lernen\" \/>\n<meta property=\"article:modified_time\" content=\"2018-11-14T14:54:38+00:00\" \/>\n<meta name=\"twitter:card\" content=\"summary_large_image\" \/>\n<script type=\"application\/ld+json\" class=\"yoast-schema-graph\">{\"@context\":\"https:\/\/schema.org\",\"@graph\":[{\"@type\":\"WebSite\",\"@id\":\"https:\/\/www.studyhelp.de\/online-lernen\/#website\",\"url\":\"https:\/\/www.studyhelp.de\/online-lernen\/\",\"name\":\"StudyHelp Online-Lernen\",\"description\":\"\",\"potentialAction\":[{\"@type\":\"SearchAction\",\"target\":\"https:\/\/www.studyhelp.de\/online-lernen\/?s={search_term_string}\",\"query-input\":\"required name=search_term_string\"}],\"inLanguage\":\"de-DE\"},{\"@type\":\"WebPage\",\"@id\":\"https:\/\/www.studyhelp.de\/online-lernen\/geschichte\/operatoren-fuer-die-abiturpruefung\/#webpage\",\"url\":\"https:\/\/www.studyhelp.de\/online-lernen\/geschichte\/operatoren-fuer-die-abiturpruefung\/\",\"name\":\"Operatoren f\\u00fcr die Abiturpr\\u00fcfung - StudyHelp Online-Lernen\",\"isPartOf\":{\"@id\":\"https:\/\/www.studyhelp.de\/online-lernen\/#website\"},\"datePublished\":\"2018-07-20T07:30:19+00:00\",\"dateModified\":\"2018-11-14T14:54:38+00:00\",\"description\":\"Hier findest du eine \\u00dcbersicht \\u00fcber alle Operatoren, die du f\\u00fcr deine Abiturpr\\u00fcfung in Geschichte ben\\u00f6tigst!\",\"inLanguage\":\"de-DE\",\"potentialAction\":[{\"@type\":\"ReadAction\",\"target\":[\"https:\/\/www.studyhelp.de\/online-lernen\/geschichte\/operatoren-fuer-die-abiturpruefung\/\"]}]}]}<\/script>\n<!-- \/ Yoast SEO plugin. -->","_links":{"self":[{"href":"https:\/\/www.studyhelp.de\/online-lernen\/wp-json\/wp\/v2\/pages\/9023"}],"collection":[{"href":"https:\/\/www.studyhelp.de\/online-lernen\/wp-json\/wp\/v2\/pages"}],"about":[{"href":"https:\/\/www.studyhelp.de\/online-lernen\/wp-json\/wp\/v2\/types\/page"}],"author":[{"embeddable":true,"href":"https:\/\/www.studyhelp.de\/online-lernen\/wp-json\/wp\/v2\/users\/3"}],"replies":[{"embeddable":true,"href":"https:\/\/www.studyhelp.de\/online-lernen\/wp-json\/wp\/v2\/comments?post=9023"}],"version-history":[{"count":6,"href":"https:\/\/www.studyhelp.de\/online-lernen\/wp-json\/wp\/v2\/pages\/9023\/revisions"}],"predecessor-version":[{"id":11444,"href":"https:\/\/www.studyhelp.de\/online-lernen\/wp-json\/wp\/v2\/pages\/9023\/revisions\/11444"}],"up":[{"embeddable":true,"href":"https:\/\/www.studyhelp.de\/online-lernen\/wp-json\/wp\/v2\/pages\/9015"}],"wp:attachment":[{"href":"https:\/\/www.studyhelp.de\/online-lernen\/wp-json\/wp\/v2\/media?parent=9023"}],"wp:term":[{"taxonomy":"category","embeddable":true,"href":"https:\/\/www.studyhelp.de\/online-lernen\/wp-json\/wp\/v2\/categories?post=9023"},{"taxonomy":"post_tag","embeddable":true,"href":"https:\/\/www.studyhelp.de\/online-lernen\/wp-json\/wp\/v2\/tags?post=9023"}],"curies":[{"name":"wp","href":"https:\/\/api.w.org\/{rel}","templated":true}]}}