{"id":9028,"date":"2018-07-20T11:11:38","date_gmt":"2018-07-20T09:11:38","guid":{"rendered":"https:\/\/www.studyhelp.de\/online-lernen\/?page_id=9028"},"modified":"2019-09-16T09:31:27","modified_gmt":"2019-09-16T07:31:27","slug":"welche-historischen-quellen-gibt-es","status":"publish","type":"page","link":"https:\/\/www.studyhelp.de\/online-lernen\/geschichte\/welche-historischen-quellen-gibt-es\/","title":{"rendered":"Welche historischen Quellen gibt es?"},"content":{"rendered":"<p>Bevor wir damit beginnen, uns mit den einzelnen Quellengattungen auseinanderzusetzen, m\u00fcsst ihr zun\u00e4chst verstehen, was historische Quellen eigentlich sind. <\/p>\n<p>Grunds\u00e4tzlich kann jeder beliebige Gegenstand zu einer historischen Quelle werden, egal ob es sich dabei um ein Buch, ein Bild, ein Kleidungsst\u00fcck, eine Ton- oder Bildaufnahme oder ein M\u00f6belst\u00fcck handelt. Ein Historiker ist in der Lage, basierend auf einer spezifischen Fragestellung unter Anwendung der sogenannten \u201eHistorischen Methode\u201c jeden Gegenstand in Bezug zur Vergangenheit zu setzen, somit zur Quelle zu machen und Informationen \u00fcber sie herauszuarbeiten.<\/p>\n<p>Generell wird zwischen <strong>zwei Typen von Quellen unterschieden<\/strong>. Zum einen gibt es die <strong>Prim\u00e4rquellen<\/strong>. Sie stammen aus der Zeit, \u00fcber die sie inhaltlich berichten. Ihr Autor\/Urheber war \u201elive\u201c an den historischen Ereignissen beteiligt oder konnte sie mitverfolgen. Daher beschreiben Prim\u00e4rquellen das Geschehen aus einer eng umgrenzten, durch die Zeitumst\u00e4nde und zeitgen\u00f6ssische Stellung des Urhebers bestimmten Perspektive heraus.<\/p>\n<div class=\"box info\">\n<p><strong>Beispiel f\u00fcr eine Prim\u00e4rquelle:<\/strong><br \/>\nEure Klausur hat das Thema Erster Weltkrieg und ihr sollt eine Rede von Kaiser Wilhelm II. analysieren. Kaiser Wilhelm II. lebte zur Zeit des Ersten Weltkriegs und war ma\u00dfgeblich am Geschehen beteiligt.<br \/>\n<\/div>\n<div class=\"study-geschichte-fullwidth\" id=\"study-1752438821\"><div class=\"ad fullwidth lernheft amz\">\r\n    <div class=\"inner\">\r\n        <div class=\"txt\">\r\n            <span class=\"firstline\">Unser Lernheft zum Geschichte-Abi'22<\/span>\r\n\t\t\t<span class=\"secondline\">Erkl\u00e4rungen + Klausuren + L\u00f6sungen!<\/span>\r\n            <div class=\"stars\">\r\n                <i class=\"fas fa-star\"><\/i>\r\n                <i class=\"fas fa-star\"><\/i>\r\n                <i class=\"fas fa-star\"><\/i>\r\n                <i class=\"fas fa-star\"><\/i>\r\n                <i class=\"fas fa-star\"><\/i>\r\n            <\/div>\r\n            <!--<div class=\"stars-counter\">\r\n                <small>5 von 5 Sternen<\/small>\r\n            <\/div>-->\r\n        <\/div>\r\n        <div class=\"btn-container\">\r\n            <a class=\"btn orange\" target=\"_blank\" href=\"%link%\"><img src=\"https:\/\/www.studyhelp.de\/online-lernen\/wp-content\/uploads\/2018\/06\/amz.png\" alt=\"Jetzt kaufen\" title=\"Jetzt kaufen\" \/><span>Auf Amazon ansehen<\/span><\/a>\r\n        <\/div>\r\n        <div class=\"media\">\r\n            <div class=\"img\">\r\n                <img src=\"https:\/\/www.studyhelp.de\/online-lernen\/wp-content\/uploads\/2018\/07\/geschichte-abiturvorbereitung-min.png\" alt=\"Geschichte Abiturvorbereitung\" title=\"Geschichte Abiturvorbereitung\" \/>\r\n            <\/div>\r\n        <\/div>\r\n    <\/div>\r\n    <div class=\"figure circle\"><\/div>\r\n    <div class=\"figure circle2\"><\/div>\r\n    <div class=\"figure square\"><\/div>\r\n    <div class=\"figure triangle\"><\/div>\r\n    <!--<div class=\"label red\"><p>15,99\u20ac<\/p><\/div>-->\r\n<\/div><\/div>\n<p>Neben den Prim\u00e4rquellen gibt es noch die sogenannten <strong>Sekund\u00e4rquellen<\/strong>. Hierbei kann es sich z. B. um wissenschaftliche Texte von Historikern handeln. Sekund\u00e4rquellen werden mit zeitlichem Abstand zum Geschehen verfasst. Sie liegen oft als Text vor, und der Autor war in den meisten F\u00e4llen nicht pers\u00f6nlich am Geschehen beteiligt. Sekund\u00e4rquellen beziehen sich auf Prim\u00e4rquellen. In Ihnen wird das Geschehen rekapituliert, reflektiert, beurteilt und kritisch hinterfragt. <\/p>\n<div class=\"box info\">\n<p><strong>Beispiel f\u00fcr eine Sekund\u00e4rquellen:<\/strong><br \/>\nEure Klausur hat das Thema Erster Weltkrieg und ihr sollt Texte von Fritz Fischer sowie Christopher Clark zu den Kriegsursachen vergleichend analysieren. Beide sind Historiker und haben zu unterschiedlichen Zeiten zu diesem Thema geforscht und ver\u00f6ffentlicht. Dabei sind beide zu sehr unterschiedlichen Ergebnissen gekommen.<br \/>\n<\/div>\n<p>Prim\u00e4rquellen erscheinen auf den ersten Blick sehr authentisch. Durch den eng begrenzten Blickwinkel ihres Urhebers sagen sie aber oft genau so viel (oder wenig) \u00fcber diesen selbst aus wie \u00fcber das Geschehen, \u00fcber das sie berichten. Aber auch Sekund\u00e4rquellen haben keinen nat\u00fcrlichen Anspruch auf Objektivit\u00e4t, da der Autor das Geschehen ebenfalls aus seiner eigenen Position heraus bewertet. Beide Quellenarten m\u00fcssen daher kritisch hinterfragt und analysiert werden.<\/p>\n<div class=\"box info\">\n<p><strong>Merkt euch:<\/strong><br \/>\nQuellen erz\u00e4hlen Geschichte, aber sie sind es selbst nicht. Sie m\u00fcssen interpretiert werden.<br \/>\n<\/div>\n<p>In den Abiturklausuren k\u00f6nnt ihr mit beiden Quellenarten konfrontiert werden. Dabei werdet ihr es in der Regel mit Text- und Bildquellen zu tun bekommen, weshalb wir uns in den folgenden Kapiteln auch nur mit diesen Quellengattungen besch\u00e4ftigen werden.<\/p>\n","protected":false},"excerpt":{"rendered":"<p>Bevor wir damit beginnen, uns mit den einzelnen Quellengattungen auseinanderzusetzen, m\u00fcsst ihr zun\u00e4chst verstehen, was historische Quellen eigentlich sind. Grunds\u00e4tzlich kann jeder beliebige Gegenstand zu einer historischen Quelle werden, egal ob es sich dabei um ein Buch, ein Bild, ein Kleidungsst\u00fcck, eine Ton- oder Bildaufnahme oder ein M\u00f6belst\u00fcck handelt. Ein Historiker ist in der Lage, [&hellip;]<\/p>\n","protected":false},"author":3,"featured_media":0,"parent":9015,"menu_order":0,"comment_status":"closed","ping_status":"closed","template":"","meta":[],"categories":[40],"tags":[],"yoast_head":"<!-- This site is optimized with the Yoast SEO plugin v14.7 - https:\/\/yoast.com\/wordpress\/plugins\/seo\/ -->\n<title>Welche Quellen gibt es? - StudyHelp Online-Lernen<\/title>\n<meta name=\"description\" content=\"Welchen Quellen gibt es? Wir erkl\u00e4ren euch den Unterschied zwischen den Prim\u00e4r- und Sekund\u00e4rquellen. Inklusive Beispiele zu den Quellen!\" \/>\n<meta name=\"robots\" content=\"index, follow\" \/>\n<meta name=\"googlebot\" content=\"index, follow, max-snippet:-1, max-image-preview:large, max-video-preview:-1\" \/>\n<meta name=\"bingbot\" content=\"index, follow, max-snippet:-1, max-image-preview:large, max-video-preview:-1\" \/>\n<link rel=\"canonical\" href=\"https:\/\/www.studyhelp.de\/online-lernen\/geschichte\/welche-historischen-quellen-gibt-es\/\" \/>\n<meta property=\"og:locale\" content=\"de_DE\" \/>\n<meta property=\"og:type\" content=\"article\" \/>\n<meta property=\"og:title\" content=\"Welche Quellen gibt es? - StudyHelp Online-Lernen\" \/>\n<meta property=\"og:description\" content=\"Welchen Quellen gibt es? Wir erkl\u00e4ren euch den Unterschied zwischen den Prim\u00e4r- und Sekund\u00e4rquellen. Inklusive Beispiele zu den Quellen!\" \/>\n<meta property=\"og:url\" content=\"https:\/\/www.studyhelp.de\/online-lernen\/geschichte\/welche-historischen-quellen-gibt-es\/\" \/>\n<meta property=\"og:site_name\" content=\"StudyHelp Online-Lernen\" \/>\n<meta property=\"article:modified_time\" content=\"2019-09-16T07:31:27+00:00\" \/>\n<meta name=\"twitter:card\" content=\"summary_large_image\" \/>\n<script type=\"application\/ld+json\" class=\"yoast-schema-graph\">{\"@context\":\"https:\/\/schema.org\",\"@graph\":[{\"@type\":\"WebSite\",\"@id\":\"https:\/\/www.studyhelp.de\/online-lernen\/#website\",\"url\":\"https:\/\/www.studyhelp.de\/online-lernen\/\",\"name\":\"StudyHelp Online-Lernen\",\"description\":\"\",\"potentialAction\":[{\"@type\":\"SearchAction\",\"target\":\"https:\/\/www.studyhelp.de\/online-lernen\/?s={search_term_string}\",\"query-input\":\"required name=search_term_string\"}],\"inLanguage\":\"de-DE\"},{\"@type\":\"WebPage\",\"@id\":\"https:\/\/www.studyhelp.de\/online-lernen\/geschichte\/welche-historischen-quellen-gibt-es\/#webpage\",\"url\":\"https:\/\/www.studyhelp.de\/online-lernen\/geschichte\/welche-historischen-quellen-gibt-es\/\",\"name\":\"Welche Quellen gibt es? - StudyHelp Online-Lernen\",\"isPartOf\":{\"@id\":\"https:\/\/www.studyhelp.de\/online-lernen\/#website\"},\"datePublished\":\"2018-07-20T09:11:38+00:00\",\"dateModified\":\"2019-09-16T07:31:27+00:00\",\"description\":\"Welchen Quellen gibt es? Wir erkl\\u00e4ren euch den Unterschied zwischen den Prim\\u00e4r- und Sekund\\u00e4rquellen. Inklusive Beispiele zu den Quellen!\",\"inLanguage\":\"de-DE\",\"potentialAction\":[{\"@type\":\"ReadAction\",\"target\":[\"https:\/\/www.studyhelp.de\/online-lernen\/geschichte\/welche-historischen-quellen-gibt-es\/\"]}]}]}<\/script>\n<!-- \/ Yoast SEO plugin. -->","_links":{"self":[{"href":"https:\/\/www.studyhelp.de\/online-lernen\/wp-json\/wp\/v2\/pages\/9028"}],"collection":[{"href":"https:\/\/www.studyhelp.de\/online-lernen\/wp-json\/wp\/v2\/pages"}],"about":[{"href":"https:\/\/www.studyhelp.de\/online-lernen\/wp-json\/wp\/v2\/types\/page"}],"author":[{"embeddable":true,"href":"https:\/\/www.studyhelp.de\/online-lernen\/wp-json\/wp\/v2\/users\/3"}],"replies":[{"embeddable":true,"href":"https:\/\/www.studyhelp.de\/online-lernen\/wp-json\/wp\/v2\/comments?post=9028"}],"version-history":[{"count":5,"href":"https:\/\/www.studyhelp.de\/online-lernen\/wp-json\/wp\/v2\/pages\/9028\/revisions"}],"predecessor-version":[{"id":14827,"href":"https:\/\/www.studyhelp.de\/online-lernen\/wp-json\/wp\/v2\/pages\/9028\/revisions\/14827"}],"up":[{"embeddable":true,"href":"https:\/\/www.studyhelp.de\/online-lernen\/wp-json\/wp\/v2\/pages\/9015"}],"wp:attachment":[{"href":"https:\/\/www.studyhelp.de\/online-lernen\/wp-json\/wp\/v2\/media?parent=9028"}],"wp:term":[{"taxonomy":"category","embeddable":true,"href":"https:\/\/www.studyhelp.de\/online-lernen\/wp-json\/wp\/v2\/categories?post=9028"},{"taxonomy":"post_tag","embeddable":true,"href":"https:\/\/www.studyhelp.de\/online-lernen\/wp-json\/wp\/v2\/tags?post=9028"}],"curies":[{"name":"wp","href":"https:\/\/api.w.org\/{rel}","templated":true}]}}