{"id":9072,"date":"2018-07-24T10:15:45","date_gmt":"2018-07-24T08:15:45","guid":{"rendered":"https:\/\/www.studyhelp.de\/online-lernen\/?page_id=9072"},"modified":"2020-05-26T14:08:11","modified_gmt":"2020-05-26T12:08:11","slug":"bildquellen-untersuchen","status":"publish","type":"page","link":"https:\/\/www.studyhelp.de\/online-lernen\/geschichte\/bildquellen-untersuchen\/","title":{"rendered":"Bildquellen untersuchen [Geschichte]"},"content":{"rendered":"<p>Bildquellen gelten neben <a href=\"https:\/\/www.studyhelp.de\/online-lernen\/geschichte\/textquellen-untersuchen\/\" target=\"_blank\" rel=\"noopener noreferrer\">Textquellen<\/a> als h\u00e4ufig verwendetes Element in der <a href=\"https:\/\/www.studyhelp.de\/online-lernen\/geschichte\/abiturvorbereitung-geschichte\/\" target=\"_blank\" rel=\"noopener noreferrer\">Abiturpr\u00fcfung im Fach Geschichte<\/a>. Wie ihr mit Karikaturen, Portraits und anderen Bildquellen in der Abiturpr\u00fcfung vorgehen solltet, zeigen wir euch in diesem Artikel.<\/p>\n<p><strong>Was dich auf dieser Seite erwartet:<\/strong><\/p>\n<ul>\n<li><a href=\"#portraits-und-gem\u00e4lde-als-bildquellen\">Portraits und Gem\u00e4lde als Bildquellen<\/a><\/li>\n<li><a href=\"#karikaturen-als-bildquelle\">Karikaturen als Bildquelle<\/a><\/li>\n<li><a href=\"#wahlplakate-als-bildquelle\">Wahlplakate als Bildquellen<\/a><\/li>\n<li><a href=\"#bildquellen-lernvideo\">Lernvideo zum Thema Bildquellen<\/a><\/li>\n<\/ul>\n<div class=\"study-geschichte-fullwidth\" id=\"study-1155766097\"><div class=\"ad fullwidth lernheft amz\">\r\n    <div class=\"inner\">\r\n        <div class=\"txt\">\r\n            <span class=\"firstline\">Unser Lernheft zum Geschichte-Abi'22<\/span>\r\n\t\t\t<span class=\"secondline\">Erkl\u00e4rungen + Klausuren + L\u00f6sungen!<\/span>\r\n            <div class=\"stars\">\r\n                <i class=\"fas fa-star\"><\/i>\r\n                <i class=\"fas fa-star\"><\/i>\r\n                <i class=\"fas fa-star\"><\/i>\r\n                <i class=\"fas fa-star\"><\/i>\r\n                <i class=\"fas fa-star\"><\/i>\r\n            <\/div>\r\n            <!--<div class=\"stars-counter\">\r\n                <small>5 von 5 Sternen<\/small>\r\n            <\/div>-->\r\n        <\/div>\r\n        <div class=\"btn-container\">\r\n            <a class=\"btn orange\" target=\"_blank\" href=\"%link%\"><img src=\"https:\/\/www.studyhelp.de\/online-lernen\/wp-content\/uploads\/2018\/06\/amz.png\" alt=\"Jetzt kaufen\" title=\"Jetzt kaufen\" \/><span>Auf Amazon ansehen<\/span><\/a>\r\n        <\/div>\r\n        <div class=\"media\">\r\n            <div class=\"img\">\r\n                <img src=\"https:\/\/www.studyhelp.de\/online-lernen\/wp-content\/uploads\/2018\/07\/geschichte-abiturvorbereitung-min.png\" alt=\"Geschichte Abiturvorbereitung\" title=\"Geschichte Abiturvorbereitung\" \/>\r\n            <\/div>\r\n        <\/div>\r\n    <\/div>\r\n    <div class=\"figure circle\"><\/div>\r\n    <div class=\"figure circle2\"><\/div>\r\n    <div class=\"figure square\"><\/div>\r\n    <div class=\"figure triangle\"><\/div>\r\n    <!--<div class=\"label red\"><p>15,99\u20ac<\/p><\/div>-->\r\n<\/div><\/div>\n<h2 id=\"portraits-und-gem\u00e4lde-als-bildquellen\" class=\"anchor\">Portraits und Gem\u00e4lde als Bildquellen<\/h2>\n<p>Historische Portraits und Gem\u00e4lde sind f\u00fcr die Geschichtswissenschaft als Bildquellen interessant. Portraits waren \u00fcber Jahrhunderte hinweg die bevorzugte Darstellungsform von Adeligen, Geistlichen und dem B\u00fcrgertum. Sie wurden erst im 19. Jahrhundert mit dem Aufkommen der Fotografie langsam verdr\u00e4ngt. Kunst und Malerei z\u00e4hlten zum angesehenen Handwerk. Bei vielen Werken handelt es sich daher um Auftragsarbeiten, die sich nur wohlhabende Menschen leisten konnten. Ein Portrait als Bildquelle erz\u00e4hlt uns viel \u00fcber<\/p>\n<div class=\"box info\">\n<ol>\n<li>den K\u00fcnstler, der es gemalt hat<\/li>\n<li>die darauf dargestellte Person<\/li>\n<li>den Auftraggeber und seine Intention\/Absicht<\/li>\n<li>den Malstil der historischen Epoche, in der es entstanden ist<\/li>\n<li>die gesellschaftlichen Konventionen der historischen Epoche.<\/li>\n<\/ol>\n<\/div>\n<p>Der K\u00fcnstler einer Bildquelle l\u00e4sst sich meist durch einen individuellen Malstil identifizieren. Au\u00dferdem hinterl\u00e4sst er h\u00e4ufig eine Signatur am unteren Bildrand, die ihn als Urheber des Werkes kennzeichnet. Die dargestellte Person k\u00f6nnt ihr oft an ihrem \u00c4u\u00dferen (Gestik, Mimik, Kleidung) erkennen.<\/p>\n<p>Manchmal tr\u00e4gt das Portrait auch einen Titel, der im Zusammenhang mit der Person steht. Der Auftraggeber ist h\u00e4ufig identisch mit der dargestellten Person oder stammt aus ihrem n\u00e4heren sozialen Umfeld.<\/p>\n<p>Der Malstil verweist nicht nur auf den K\u00fcnstler, sondern auch auf Konventionen und Techniken, die in bestimmten historischen Epochen besonders genutzt wurden. Hinweise auf die gesellschaftlichen Konventionen der Zeit k\u00f6nnt ihr anhand der Darstellungsweise und des Aussehens der dargestellten Person erhalten. Achtet besonders auf Kleidung und andere Gegenst\u00e4nde oder Symbole.<\/p>\n<p>\u00c4hnlich wie mit den Portraits verh\u00e4lt es sich mit historischen Gem\u00e4lden. Auch sie sind meist Auftragswerke, die nach den jeweiligen Vorstellungen ihrer Auftraggeber konzipiert werden und eine klare Intention enthalten. Dargestellt werden bedeutende historische Ereignisse, z. B. milit\u00e4rische Erfolge oder Kr\u00f6nungen. Der entscheidende Unterschied zum Portrait ist, dass im Zentrum des Bildes nicht zwingend eine Person stehen muss. Es k\u00f6nnen auch ganze Personengruppen, Geb\u00e4ude oder Landschaften zu sehen sein. Wichtig ist auch die Perspektive, aus der das Ereignis dargestellt wird.<\/p>\n<div class=\"box info\">\n<strong>Beispiel<\/strong><\/p>\n<p>Bei milit\u00e4rischen Konflikten wird das Geschehen meistens aus der Perspektive der Siegerseite gezeigt. Die Intention des Gem\u00e4ldes w\u00e4re in diesem Fall eine symbolische \u00dcberh\u00f6hung des Sieges, z.B. um das Nationalgef\u00fchl zu st\u00e4rken, zum weiteren Kampf zu mobilisieren oder eine Herrscherposition zu festigen.<\/p>\n<\/div>\n<div class=\"study-geschichte-fullwidth\" id=\"study-4168353471\"><div class=\"ad fullwidth lernheft amz\">\r\n    <div class=\"inner\">\r\n        <div class=\"txt\">\r\n            <span class=\"firstline\">Unser Lernheft zum Geschichte-Abi'22<\/span>\r\n\t\t\t<span class=\"secondline\">Erkl\u00e4rungen + Klausuren + L\u00f6sungen!<\/span>\r\n            <div class=\"stars\">\r\n                <i class=\"fas fa-star\"><\/i>\r\n                <i class=\"fas fa-star\"><\/i>\r\n                <i class=\"fas fa-star\"><\/i>\r\n                <i class=\"fas fa-star\"><\/i>\r\n                <i class=\"fas fa-star\"><\/i>\r\n            <\/div>\r\n            <!--<div class=\"stars-counter\">\r\n                <small>5 von 5 Sternen<\/small>\r\n            <\/div>-->\r\n        <\/div>\r\n        <div class=\"btn-container\">\r\n            <a class=\"btn orange\" target=\"_blank\" href=\"%link%\"><img src=\"https:\/\/www.studyhelp.de\/online-lernen\/wp-content\/uploads\/2018\/06\/amz.png\" alt=\"Jetzt kaufen\" title=\"Jetzt kaufen\" \/><span>Auf Amazon ansehen<\/span><\/a>\r\n        <\/div>\r\n        <div class=\"media\">\r\n            <div class=\"img\">\r\n                <img src=\"https:\/\/www.studyhelp.de\/online-lernen\/wp-content\/uploads\/2018\/07\/geschichte-abiturvorbereitung-min.png\" alt=\"Geschichte Abiturvorbereitung\" title=\"Geschichte Abiturvorbereitung\" \/>\r\n            <\/div>\r\n        <\/div>\r\n    <\/div>\r\n    <div class=\"figure circle\"><\/div>\r\n    <div class=\"figure circle2\"><\/div>\r\n    <div class=\"figure square\"><\/div>\r\n    <div class=\"figure triangle\"><\/div>\r\n    <!--<div class=\"label red\"><p>15,99\u20ac<\/p><\/div>-->\r\n<\/div><\/div>\n<h2 id=\"karikaturen-als-bildquelle\" class=\"anchor\">Karikaturen als Bildquelle<\/h2>\n<p>Der Begriff Karikatur l\u00e4sst sich von dem lateinischen Wort &#8218;caricare&#8216; ableiten, was auf Deutsch so viel wie &#8218;\u00fcberladen&#8216; bedeutet. Der Begriff ist hier jedoch im Sinne von \u201e\u00fcberzeichnet\u201c zu verstehen. Karikaturen sind demnach Zeichnungen, die meistens recht einfach gehalten sind, und die zeitgen\u00f6ssischen Personen, Sachverhalte oder Ereignisse abbilden.<br \/>\nDiese Dinge werden dabei nicht realit\u00e4tsgetreu, sondern verzerrt und \u00fcberzogen dargestellt. In ihrem Kern bleiben sie aber f\u00fcr den Betrachter erkennbar.<\/p>\n<p>H\u00e4ufig nutzen die Zeichner auch bildliche Metaphern. Oft werden Karikaturen in satirischen Zeitschriften ver\u00f6ffentlicht. Der Karikaturist m\u00f6chte mit ihnen z.B. auf f\u00fcr ihn relevante gesellschaftliche Missst\u00e4nde oder Verfehlungen von Personen aufmerksam machen und Kritik \u00fcben. Karikaturen nehmen also eine bestimmte Position ein und enthalten somit immer eine Wertung, welche auch ihrem Betrachter vermittelt werden soll.<\/p>\n<p>Auch bei Karikaturen lassen sich die sieben W-Fragen anwenden. Besonders wichtig ist es aber, dass ihr<\/p>\n<div class=\"box info\">\n<ol>\n<li>den Sachverhalt erkennt, auf den sich die Karikatur bezieht.<\/li>\n<li>die verwendeten Symbole und Metaphern, die verwendet werden, erkennt und einordnen k\u00f6nnt.<\/li>\n<li>feststellt, welche Position\/Meinung der Zeichner zum Geschehen einnimmt und welche Absicht er mit seiner Darstellung verfolgt.<\/li>\n<li>feststellt, ob und inwiefern die Darstellung dem realen Sachverhalt entspricht oder nicht.<\/li>\n<\/ol>\n<\/div>\n<p><strong>Schau dir zur Vertiefung das Einf\u00fchrungsvideo zum Thema Karikaturen an!<\/strong><\/p>\n<div class=\"lyte-wrapper\" style=\"width:420px;max-width:100%;margin:5px;\"><div class=\"lyMe\" id=\"WYL_N3isanf2y3g\"><div id=\"lyte_N3isanf2y3g\" data-src=\"https:\/\/www.studyhelp.de\/online-lernen\/wp-content\/plugins\/wp-youtube-lyte\/lyteCache.php?origThumbUrl=%2F%2Fi.ytimg.com%2Fvi%2FN3isanf2y3g%2Fhqdefault.jpg\" class=\"pL\"><div class=\"tC\"><div class=\"tT\"><\/div><\/div><div class=\"play\"><\/div><div class=\"ctrl\"><div class=\"Lctrl\"><\/div><div class=\"Rctrl\"><\/div><\/div><\/div><noscript><a href=\"https:\/\/youtu.be\/N3isanf2y3g\" rel=\"nofollow\"><img src=\"https:\/\/www.studyhelp.de\/online-lernen\/wp-content\/plugins\/wp-youtube-lyte\/lyteCache.php?origThumbUrl=https%3A%2F%2Fi.ytimg.com%2Fvi%2FN3isanf2y3g%2F0.jpg\" alt=\"YouTube-Video-Thumbnail\" width=\"420\" height=\"216\" \/><br \/>Dieses Video auf YouTube ansehen<\/a><\/noscript><\/div><\/div><div class=\"lL\" style=\"max-width:100%;width:420px;margin:5px;\"><\/div><\/p>\n<h2 id=\"wahlplakate-als-bildquelle\" class=\"anchor\">Wahlplakate als Bildquellen<\/h2>\n<p>Wahlplakate als Bildquellen sind f\u00fcr Abiturpr\u00fcfungen vor allem ab der Zeit der Weimarer Republik interessant. Zwar gab es bereits im Kaiserreich ein Parteiensystem, die Mitglieder des Parlaments hatten jedoch nur wenig Einfluss auf die Regierung. Dies \u00e4nderte sich nach der Abschaffung der Monarchie und der Etablierung der Republik infolge der Novemberrevolution 1918. Zur Zeit der Weimarer Republik l\u00e4sst sich ein erh\u00f6htes Aufkommen von Wahlplakaten feststellen. Das hatte zwei Gr\u00fcnde:<\/p>\n<div class=\"box info\">\n<ol>\n<li>Die Parteien hatten jetzt die M\u00f6glichkeit, deutlich gr\u00f6\u00dferen Einfluss auf die Politik auszu\u00fcben, und vieles hing von ihren Wahlerfolgen ab.<\/li>\n<li>Die Verfassung der Weimarer Republik erlaubte es in Artikel 25 dem Reichspr\u00e4sidenten, das Parlament aufzul\u00f6sen und Neuwahlen anzusetzen. Bedingt durch Phasen der Instabilit\u00e4t und ein zersplittertes Parteiensystem wurde davon zwischen 1920 und 1933 h\u00e4ufig Gebrauch gemacht. Daher kam es immer wieder zu neuen Wahlen.<\/li>\n<\/ol>\n<\/div>\n<div class=\"study-geschichte-fullwidth\" id=\"study-3861522523\"><div class=\"ad fullwidth lernheft amz\">\r\n    <div class=\"inner\">\r\n        <div class=\"txt\">\r\n            <span class=\"firstline\">Unser Lernheft zum Geschichte-Abi'22<\/span>\r\n\t\t\t<span class=\"secondline\">Erkl\u00e4rungen + Klausuren + L\u00f6sungen!<\/span>\r\n            <div class=\"stars\">\r\n                <i class=\"fas fa-star\"><\/i>\r\n                <i class=\"fas fa-star\"><\/i>\r\n                <i class=\"fas fa-star\"><\/i>\r\n                <i class=\"fas fa-star\"><\/i>\r\n                <i class=\"fas fa-star\"><\/i>\r\n            <\/div>\r\n            <!--<div class=\"stars-counter\">\r\n                <small>5 von 5 Sternen<\/small>\r\n            <\/div>-->\r\n        <\/div>\r\n        <div class=\"btn-container\">\r\n            <a class=\"btn orange\" target=\"_blank\" href=\"%link%\"><img src=\"https:\/\/www.studyhelp.de\/online-lernen\/wp-content\/uploads\/2018\/06\/amz.png\" alt=\"Jetzt kaufen\" title=\"Jetzt kaufen\" \/><span>Auf Amazon ansehen<\/span><\/a>\r\n        <\/div>\r\n        <div class=\"media\">\r\n            <div class=\"img\">\r\n                <img src=\"https:\/\/www.studyhelp.de\/online-lernen\/wp-content\/uploads\/2018\/07\/geschichte-abiturvorbereitung-min.png\" alt=\"Geschichte Abiturvorbereitung\" title=\"Geschichte Abiturvorbereitung\" \/>\r\n            <\/div>\r\n        <\/div>\r\n    <\/div>\r\n    <div class=\"figure circle\"><\/div>\r\n    <div class=\"figure circle2\"><\/div>\r\n    <div class=\"figure square\"><\/div>\r\n    <div class=\"figure triangle\"><\/div>\r\n    <!--<div class=\"label red\"><p>15,99\u20ac<\/p><\/div>-->\r\n<\/div><\/div>\n<p>Daran l\u00e4sst sich ableiten, warum Wahlplakate f\u00fcr diese Zeit so enorm wichtig waren. Sie sind ein Kommunikationsmedium, mit dem die deutsche Bev\u00f6lkerung auf die politischen Positionen und Meinungen der Parteien aufmerksam gemacht werden sollte.<\/p>\n<p>Was unterscheidet nun Wahlplakate von Karikaturen? Karikaturen sind zeichnerisch in den meisten F\u00e4llen schlicht gehalten und arbeiten einen Sachverhalt satirisch und kritisch auf. Wahlplakate haben sowohl auf der gestalterischen als auch auf der inhaltlichen Ebene deutlich vielf\u00e4ltigere M\u00f6glichkeiten. Sie zeichnen sich vor allem durch die folgenden Merkmale aus:<\/p>\n<div class=\"box info\">\n<ol>\n<li>klare und deutliche Bildaussagen und Symbole<\/li>\n<li>kurze und einfach verst\u00e4ndliche Slogans, die den Inhalt des Plakates bekr\u00e4ftigen<\/li>\n<li>auff\u00e4llige Farbgebung (Signalwirkung)<\/li>\n<li>Auseinandersetzung mit dem politischen Gegner<\/li>\n<li>M\u00f6glichkeiten der Identifikation f\u00fcr den potenziellen W\u00e4hler.<\/li>\n<\/ol>\n<\/div>\n<p>Liegt euch in der Klausur ein Wahlplakat vor, m\u00fcsst ihr euch auch dieses sehr gr\u00fcndlich anschauen. Genau wie bei Bildern und Karikaturen ist auch hier jedes einzelne Bildelement von Bedeutung, da ihr auch in diesem Fall nur \u00fcber wenige textliche Informationen verf\u00fcgt. Zuerst solltet ihr euch notieren, welchen Eindruck das Wahlplakat beim ersten Ansehen bei euch hinterl\u00e4sst. Im Anschluss daran solltet ihr das Plakat im Hinblick auf die sieben W-Fragen untersuchen.<\/p>\n<p>Nachdem wir nun die wichtigsten historischen Quellen kennengelernt haben, soll es im n\u00e4chsten Artikel darum gehen, wie diese in einer Abiturpr\u00fcfung bearbeitet werden m\u00fcssen.<\/p>\n<h2 id=\"bildquellen-lernvideo\" class=\"anchor\">Lernvideo zum Thema Bildquellen<\/h2>\n<div class=\"lyte-wrapper\" title=\"Bildquellen in Geschichte - Portraits, Gem&auml;lde, Karikaturen, Wahlplakate\" style=\"width:420px;max-width:100%;margin:5px;\"><div class=\"lyMe\" id=\"WYL_F6hlRZVwit0\"><div id=\"lyte_F6hlRZVwit0\" data-src=\"https:\/\/www.studyhelp.de\/online-lernen\/wp-content\/plugins\/wp-youtube-lyte\/lyteCache.php?origThumbUrl=https%3A%2F%2Fi.ytimg.com%2Fvi%2FF6hlRZVwit0%2Fhqdefault.jpg\" class=\"pL\"><div class=\"tC\"><div class=\"tT\">Bildquellen in Geschichte - Portraits, Gem\u00e4lde, Karikaturen, Wahlplakate<\/div><\/div><div class=\"play\"><\/div><div class=\"ctrl\"><div class=\"Lctrl\"><\/div><div class=\"Rctrl\"><\/div><\/div><\/div><noscript><a href=\"https:\/\/youtu.be\/F6hlRZVwit0\" rel=\"nofollow\"><img src=\"https:\/\/www.studyhelp.de\/online-lernen\/wp-content\/plugins\/wp-youtube-lyte\/lyteCache.php?origThumbUrl=https%3A%2F%2Fi.ytimg.com%2Fvi%2FF6hlRZVwit0%2F0.jpg\" alt=\"Bildquellen in Geschichte - Portraits, Gem&auml;lde, Karikaturen, Wahlplakate\" width=\"420\" height=\"216\" \/><br \/>Dieses Video auf YouTube ansehen<\/a><\/noscript><\/div><\/div><div class=\"lL\" style=\"max-width:100%;width:420px;margin:5px;\"><\/div><\/p>\n<div class=\"study-geschichte-fullwidth\" id=\"study-2324280444\"><div class=\"ad fullwidth lernheft amz\">\r\n    <div class=\"inner\">\r\n        <div class=\"txt\">\r\n            <span class=\"firstline\">Unser Lernheft zum Geschichte-Abi'22<\/span>\r\n\t\t\t<span class=\"secondline\">Erkl\u00e4rungen + Klausuren + L\u00f6sungen!<\/span>\r\n            <div class=\"stars\">\r\n                <i class=\"fas fa-star\"><\/i>\r\n                <i class=\"fas fa-star\"><\/i>\r\n                <i class=\"fas fa-star\"><\/i>\r\n                <i class=\"fas fa-star\"><\/i>\r\n                <i class=\"fas fa-star\"><\/i>\r\n            <\/div>\r\n            <!--<div class=\"stars-counter\">\r\n                <small>5 von 5 Sternen<\/small>\r\n            <\/div>-->\r\n        <\/div>\r\n        <div class=\"btn-container\">\r\n            <a class=\"btn orange\" target=\"_blank\" href=\"%link%\"><img src=\"https:\/\/www.studyhelp.de\/online-lernen\/wp-content\/uploads\/2018\/06\/amz.png\" alt=\"Jetzt kaufen\" title=\"Jetzt kaufen\" \/><span>Auf Amazon ansehen<\/span><\/a>\r\n        <\/div>\r\n        <div class=\"media\">\r\n            <div class=\"img\">\r\n                <img src=\"https:\/\/www.studyhelp.de\/online-lernen\/wp-content\/uploads\/2018\/07\/geschichte-abiturvorbereitung-min.png\" alt=\"Geschichte Abiturvorbereitung\" title=\"Geschichte Abiturvorbereitung\" \/>\r\n            <\/div>\r\n        <\/div>\r\n    <\/div>\r\n    <div class=\"figure circle\"><\/div>\r\n    <div class=\"figure circle2\"><\/div>\r\n    <div class=\"figure square\"><\/div>\r\n    <div class=\"figure triangle\"><\/div>\r\n    <!--<div class=\"label red\"><p>15,99\u20ac<\/p><\/div>-->\r\n<\/div><\/div>\n","protected":false},"excerpt":{"rendered":"<p>Bildquellen gelten neben Textquellen als h\u00e4ufig verwendetes Element in der Abiturpr\u00fcfung im Fach Geschichte. Wie ihr mit Karikaturen, Portraits und anderen Bildquellen in der Abiturpr\u00fcfung vorgehen solltet, zeigen wir euch in diesem Artikel. Was dich auf dieser Seite erwartet: Portraits und Gem\u00e4lde als Bildquellen Karikaturen als Bildquelle Wahlplakate als Bildquellen Lernvideo zum Thema Bildquellen Portraits [&hellip;]<\/p>\n","protected":false},"author":3,"featured_media":0,"parent":9015,"menu_order":0,"comment_status":"closed","ping_status":"closed","template":"","meta":[],"categories":[40],"tags":[],"yoast_head":"<!-- This site is optimized with the Yoast SEO plugin v14.7 - https:\/\/yoast.com\/wordpress\/plugins\/seo\/ -->\n<title>Bildquellen untersuchen [Geschichte] - StudyHelp Online-Lernen<\/title>\n<meta name=\"description\" content=\"Bildquellen k\u00f6nnen beispielsweise Fotografien, Gem\u00e4lde oder Karikaturen sein. Sie geben Aufschluss \u00fcber den Ersteller der Bildquelle und dessen Motiv.\" \/>\n<meta name=\"robots\" content=\"index, follow\" \/>\n<meta name=\"googlebot\" content=\"index, follow, max-snippet:-1, max-image-preview:large, max-video-preview:-1\" \/>\n<meta name=\"bingbot\" content=\"index, follow, max-snippet:-1, max-image-preview:large, max-video-preview:-1\" \/>\n<link rel=\"canonical\" href=\"https:\/\/www.studyhelp.de\/online-lernen\/geschichte\/bildquellen-untersuchen\/\" \/>\n<meta property=\"og:locale\" content=\"de_DE\" \/>\n<meta property=\"og:type\" content=\"article\" \/>\n<meta property=\"og:title\" content=\"Bildquellen untersuchen [Geschichte] - StudyHelp Online-Lernen\" \/>\n<meta property=\"og:description\" content=\"Bildquellen k\u00f6nnen beispielsweise Fotografien, Gem\u00e4lde oder Karikaturen sein. Sie geben Aufschluss \u00fcber den Ersteller der Bildquelle und dessen Motiv.\" \/>\n<meta property=\"og:url\" content=\"https:\/\/www.studyhelp.de\/online-lernen\/geschichte\/bildquellen-untersuchen\/\" \/>\n<meta property=\"og:site_name\" content=\"StudyHelp Online-Lernen\" \/>\n<meta property=\"article:modified_time\" content=\"2020-05-26T12:08:11+00:00\" \/>\n<meta name=\"twitter:card\" content=\"summary_large_image\" \/>\n<script type=\"application\/ld+json\" class=\"yoast-schema-graph\">{\"@context\":\"https:\/\/schema.org\",\"@graph\":[{\"@type\":\"WebSite\",\"@id\":\"https:\/\/www.studyhelp.de\/online-lernen\/#website\",\"url\":\"https:\/\/www.studyhelp.de\/online-lernen\/\",\"name\":\"StudyHelp Online-Lernen\",\"description\":\"\",\"potentialAction\":[{\"@type\":\"SearchAction\",\"target\":\"https:\/\/www.studyhelp.de\/online-lernen\/?s={search_term_string}\",\"query-input\":\"required name=search_term_string\"}],\"inLanguage\":\"de-DE\"},{\"@type\":\"WebPage\",\"@id\":\"https:\/\/www.studyhelp.de\/online-lernen\/geschichte\/bildquellen-untersuchen\/#webpage\",\"url\":\"https:\/\/www.studyhelp.de\/online-lernen\/geschichte\/bildquellen-untersuchen\/\",\"name\":\"Bildquellen untersuchen [Geschichte] - StudyHelp Online-Lernen\",\"isPartOf\":{\"@id\":\"https:\/\/www.studyhelp.de\/online-lernen\/#website\"},\"datePublished\":\"2018-07-24T08:15:45+00:00\",\"dateModified\":\"2020-05-26T12:08:11+00:00\",\"description\":\"Bildquellen k\\u00f6nnen beispielsweise Fotografien, Gem\\u00e4lde oder Karikaturen sein. Sie geben Aufschluss \\u00fcber den Ersteller der Bildquelle und dessen Motiv.\",\"inLanguage\":\"de-DE\",\"potentialAction\":[{\"@type\":\"ReadAction\",\"target\":[\"https:\/\/www.studyhelp.de\/online-lernen\/geschichte\/bildquellen-untersuchen\/\"]}]}]}<\/script>\n<!-- \/ Yoast SEO plugin. -->","_links":{"self":[{"href":"https:\/\/www.studyhelp.de\/online-lernen\/wp-json\/wp\/v2\/pages\/9072"}],"collection":[{"href":"https:\/\/www.studyhelp.de\/online-lernen\/wp-json\/wp\/v2\/pages"}],"about":[{"href":"https:\/\/www.studyhelp.de\/online-lernen\/wp-json\/wp\/v2\/types\/page"}],"author":[{"embeddable":true,"href":"https:\/\/www.studyhelp.de\/online-lernen\/wp-json\/wp\/v2\/users\/3"}],"replies":[{"embeddable":true,"href":"https:\/\/www.studyhelp.de\/online-lernen\/wp-json\/wp\/v2\/comments?post=9072"}],"version-history":[{"count":12,"href":"https:\/\/www.studyhelp.de\/online-lernen\/wp-json\/wp\/v2\/pages\/9072\/revisions"}],"predecessor-version":[{"id":15829,"href":"https:\/\/www.studyhelp.de\/online-lernen\/wp-json\/wp\/v2\/pages\/9072\/revisions\/15829"}],"up":[{"embeddable":true,"href":"https:\/\/www.studyhelp.de\/online-lernen\/wp-json\/wp\/v2\/pages\/9015"}],"wp:attachment":[{"href":"https:\/\/www.studyhelp.de\/online-lernen\/wp-json\/wp\/v2\/media?parent=9072"}],"wp:term":[{"taxonomy":"category","embeddable":true,"href":"https:\/\/www.studyhelp.de\/online-lernen\/wp-json\/wp\/v2\/categories?post=9072"},{"taxonomy":"post_tag","embeddable":true,"href":"https:\/\/www.studyhelp.de\/online-lernen\/wp-json\/wp\/v2\/tags?post=9072"}],"curies":[{"name":"wp","href":"https:\/\/api.w.org\/{rel}","templated":true}]}}