{"id":9083,"date":"2018-07-25T10:08:18","date_gmt":"2018-07-25T08:08:18","guid":{"rendered":"https:\/\/www.studyhelp.de\/online-lernen\/?page_id=9083"},"modified":"2018-08-14T14:57:46","modified_gmt":"2018-08-14T12:57:46","slug":"analyse-von-textquellen","status":"publish","type":"page","link":"https:\/\/www.studyhelp.de\/online-lernen\/geschichte\/analyse-von-textquellen\/","title":{"rendered":"Analyse von Textquellen"},"content":{"rendered":"<p>Die Analyse von Textquellen geh\u00f6rt zu einem der ersten Themen, die euch in der Abiturpr\u00fcfung in Geschichte begegnen werden.<\/p>\n<p>Wie bereits im Artikel <a href=\"https:\/\/www.studyhelp.de\/online-lernen\/geschichte\/abiturvorbereitung-geschichte\/\" rel=\"noopener\" target=\"_blank\">Abiturvorbereitung<\/a> erw\u00e4hnt sind Abiturklausuren im Fach Geschichte immer nach einem \u00e4hnlichen Schema aufgebaut und bestehen aus drei Teilen. Die Analyse von Textquellen geh\u00f6rt zum Ersten dieser drei Teile. Auch hier gilt: Geschichte ist kein Hexenwerk. Wer die Werkzeuge zur Analyse von Textquellen beherrscht, wird mit den Aufgaben keine Probleme haben. <\/p>\n<p><strong>Themen in diesem Artikel<\/strong><\/p>\n<ul>\n<li><a href=\"#analyiseren-der-quelle\">Analysieren der Quelle<\/a><\/li>\n<li><a href=\"#analyse-von-textquellen\">Analyse einer Textquellen<\/a><\/li>\n<\/ul>\n<div class=\"study-geschichte-fullwidth\" id=\"study-1932554702\"><div class=\"ad fullwidth lernheft amz\">\r\n    <div class=\"inner\">\r\n        <div class=\"txt\">\r\n            <span class=\"firstline\">Unser Lernheft zum Geschichte-Abi'22<\/span>\r\n\t\t\t<span class=\"secondline\">Erkl\u00e4rungen + Klausuren + L\u00f6sungen!<\/span>\r\n            <div class=\"stars\">\r\n                <i class=\"fas fa-star\"><\/i>\r\n                <i class=\"fas fa-star\"><\/i>\r\n                <i class=\"fas fa-star\"><\/i>\r\n                <i class=\"fas fa-star\"><\/i>\r\n                <i class=\"fas fa-star\"><\/i>\r\n            <\/div>\r\n            <!--<div class=\"stars-counter\">\r\n                <small>5 von 5 Sternen<\/small>\r\n            <\/div>-->\r\n        <\/div>\r\n        <div class=\"btn-container\">\r\n            <a class=\"btn orange\" target=\"_blank\" href=\"%link%\"><img src=\"https:\/\/www.studyhelp.de\/online-lernen\/wp-content\/uploads\/2018\/06\/amz.png\" alt=\"Jetzt kaufen\" title=\"Jetzt kaufen\" \/><span>Auf Amazon ansehen<\/span><\/a>\r\n        <\/div>\r\n        <div class=\"media\">\r\n            <div class=\"img\">\r\n                <img src=\"https:\/\/www.studyhelp.de\/online-lernen\/wp-content\/uploads\/2018\/07\/geschichte-abiturvorbereitung-min.png\" alt=\"Geschichte Abiturvorbereitung\" title=\"Geschichte Abiturvorbereitung\" \/>\r\n            <\/div>\r\n        <\/div>\r\n    <\/div>\r\n    <div class=\"figure circle\"><\/div>\r\n    <div class=\"figure circle2\"><\/div>\r\n    <div class=\"figure square\"><\/div>\r\n    <div class=\"figure triangle\"><\/div>\r\n    <!--<div class=\"label red\"><p>15,99\u20ac<\/p><\/div>-->\r\n<\/div><\/div>\n<h2 class=\"anchor\" id=\"analyiseren-der-quelle\">Analysieren der Quelle<\/h2>\n<p>In der ersten Aufgabe der Klausur wird von euch gefordert, dass ihr die vorliegende Quelle analysiert. Hier taucht also der erste der omin\u00f6sen Operatoren auf, die wir bereits im Artikel <a href=\"https:\/\/www.studyhelp.de\/online-lernen\/geschichte\/operatoren-fuer-die-abiturpruefung\/\" rel=\"noopener\" target=\"_blank\">Operatoren f\u00fcr die Abiturpr\u00fcfung<\/a> kennengelernt haben. Erinnert euch zur\u00fcck: Operatoren wirken auf den ersten Blick vertraut, in der Abiturpr\u00fcfung haben diese Begriffe aber ganz spezielle Bedeutungen, die von ihrer Nutzung in der Alltagssprache abweichen k\u00f6nnen.<\/p>\n<p>Wiederholen wir noch einmal, was euer Lehrer eigentlich von euch wissen m\u00f6chte. Analysieren bedeutet in diesem Zusammenhang also:<\/p>\n<div class=\"box info\">\n<p>Formale Merkmale von Materialien untersuchen und Inhalt und Gedankengang von Materialien (Quellen, Darstellungen) wiedergeben bzw. Bildelemente (Karikaturen, historische Gem\u00e4lde) beschreiben.<br \/>\n<\/div>\n<p>Um diesen ersten Teil bew\u00e4ltigen und Informationen rund um die Quelle bestimmen zu k\u00f6nnen ben\u00f6tigt ihr kein spezifisches historisches Vorwissen. Viele Dinge k\u00f6nnt ihr euch aus der Quelle selbst oder aus den zus\u00e4tzlichen Angaben auf eurem Aufgabenzettel erschlie\u00dfen.<br \/>\nZun\u00e4chst m\u00fcsst ihr die Art der Quelle bestimmen. Dies ist kein Problem, denn die f\u00fcr Abiturpr\u00fcfungen relevanten Quellengattungen haben wir ja bereits im Artikel <a href=\"https:\/\/www.studyhelp.de\/online-lernen\/geschichte\/welche-historischen-quellen-gibt-es\/\" rel=\"noopener\" target=\"_blank\">&#8222;Welche Quellen gibt es?&#8220;<\/a> kennengelernt.<br \/>\nDanach widmet ihr euch den Formalia. Dazu gibt es einen Katalog mit W-Fragen, die ihr anhand der Quelle und der beigef\u00fcgten Informationen beantworten m\u00fcsst:<\/p>\n<div class=\"box info\">\n<p><strong>Die sieben W-Fragen:<\/strong><\/p>\n<ol>\n<li><strong>Wer<\/strong> ist der Autor\/Urheber der Quelle?<\/li>\n<li>Um <strong>was<\/strong> f\u00fcr eine Quelle handelt es sich (Form und Thema)?<\/li>\n<li><strong>Wann<\/strong> wurde die Quelle ver\u00f6ffentlicht?<\/li>\n<li><strong>Wo<\/strong> ist die Quelle entstanden?<\/li>\n<li><strong>Warum<\/strong> wurde die Quelle ver\u00f6ffentlicht?<\/li>\n<li><strong>Wie<\/strong> oder unter welchen Umst\u00e4nden ist das geschehen?<\/li>\n<li><strong>Wozu<\/strong> (zu welchem Zweck) ist das geschehen?<\/li>\n<\/ol>\n<\/div>\n<p>Lernt die W-Fragen am besten auswendig, denn so k\u00f6nnt ihr euch in der Klausur schnell und leicht einige Punkte sichern. Im Anschluss daran muss die Quelle inhaltlich erfasst werden. <\/p>\n<h2 class=\"anchor\" id=\"analyse-von-textquellen\">Analyse von Textquellen<\/h2>\n<p>Besonders der erste Teil der Quellenanalyse ist abh\u00e4ngig von der Form der Quelle und muss, je nachdem was f\u00fcr eine Quelle euch vorliegt, auf unterschiedliche Weise bearbeitet werden. Wenn euch in der Klausur eine Textquelle, also z. B. ein Brief oder eine Rede, vorliegt, lest euch den Text zwei- bis dreimal gr\u00fcndlich durch, bevor ihr mit der Bearbeitung der Aufgaben beginnt. Das ist wichtig, um den Inhalt der Quelle verstehen zu k\u00f6nnen. Auch die Aufgabestellung solltet ihr sehr sorgf\u00e4ltig lesen, da Missverst\u00e4ndnisse zu Fehlern bei der Bearbeitung f\u00fchren. Hier noch ein paar kurze Tipps zur Vorbereitung:<\/p>\n<div class=\"box info\">\n<ol>\n<li>Macht euch Notizen zu Begriffen, die ihr nicht versteht oder die euch wichtig erscheinen, an den Rand des Textes!<\/li>\n<li>Markiert die zentralen Passagen und Thesen des Textes farblich!<\/li>\n<li>Sucht im Text nach auff\u00e4lligen Formulierungen und h\u00e4ufig verwendeten rhetorischen Mitteln!<\/li>\n<li>Teilt den Text in Sinnabschnitte ein, da ihr so seine Struktur erkennen und nachvollziehen k\u00f6nnt!<\/li>\n<\/ol>\n<\/div>\n<div class=\"study-geschichte-fullwidth\" id=\"study-667127239\"><div class=\"ad fullwidth lernheft amz\">\r\n    <div class=\"inner\">\r\n        <div class=\"txt\">\r\n            <span class=\"firstline\">Unser Lernheft zum Geschichte-Abi'22<\/span>\r\n\t\t\t<span class=\"secondline\">Erkl\u00e4rungen + Klausuren + L\u00f6sungen!<\/span>\r\n            <div class=\"stars\">\r\n                <i class=\"fas fa-star\"><\/i>\r\n                <i class=\"fas fa-star\"><\/i>\r\n                <i class=\"fas fa-star\"><\/i>\r\n                <i class=\"fas fa-star\"><\/i>\r\n                <i class=\"fas fa-star\"><\/i>\r\n            <\/div>\r\n            <!--<div class=\"stars-counter\">\r\n                <small>5 von 5 Sternen<\/small>\r\n            <\/div>-->\r\n        <\/div>\r\n        <div class=\"btn-container\">\r\n            <a class=\"btn orange\" target=\"_blank\" href=\"%link%\"><img src=\"https:\/\/www.studyhelp.de\/online-lernen\/wp-content\/uploads\/2018\/06\/amz.png\" alt=\"Jetzt kaufen\" title=\"Jetzt kaufen\" \/><span>Auf Amazon ansehen<\/span><\/a>\r\n        <\/div>\r\n        <div class=\"media\">\r\n            <div class=\"img\">\r\n                <img src=\"https:\/\/www.studyhelp.de\/online-lernen\/wp-content\/uploads\/2018\/07\/geschichte-abiturvorbereitung-min.png\" alt=\"Geschichte Abiturvorbereitung\" title=\"Geschichte Abiturvorbereitung\" \/>\r\n            <\/div>\r\n        <\/div>\r\n    <\/div>\r\n    <div class=\"figure circle\"><\/div>\r\n    <div class=\"figure circle2\"><\/div>\r\n    <div class=\"figure square\"><\/div>\r\n    <div class=\"figure triangle\"><\/div>\r\n    <!--<div class=\"label red\"><p>15,99\u20ac<\/p><\/div>-->\r\n<\/div><\/div>\n<p>H\u00e4ufig auftauchende Begriffe k\u00f6nnen wichtig f\u00fcr das Verst\u00e4ndnis des Textes sein und stehen oft in Verbindung mit den Thesen und Argumenten des Autors. Beim Markieren von Textpassagen solltet ihr dieser Faustregel folgen:<\/p>\n<div class=\"box info\">\n<strong>&#8222;So viel wie n\u00f6tig, so wenig wie m\u00f6glich&#8220;<\/strong><\/p>\n<\/div>\n<p>Zu viele Markierungen sorgen nicht nur f\u00fcr Chaos, sondern laufen auch dem Zweck des Markierens zuwider.<\/p>\n<p><a href=\"https:\/\/www.studyhelp.de\/online-lernen\/deutsch\/rhetorik\/\" rel=\"noopener\" target=\"_blank\">Rhetorische Mittel<\/a> und auff\u00e4llige Formulierungen bekr\u00e4ftigen meistens die Argumentationsstruktur des Autors. Durch sie k\u00f6nnt ihr Erkenntnisse \u00fcber seine Absichten gewinnen. Eine Einteilung in Sinnabschnitte ist besonders f\u00fcr das Verst\u00e4ndnis und die Inhaltsangabe eines Textes wichtig. Da euch in diesem Fall eine Textquelle vorliegt, m\u00fcsst ihr zun\u00e4chst herausfinden, ob es sich um eine Prim\u00e4r- oder eine Sekund\u00e4rquelle handelt, um danach ihre literarische Form zu bestimmen. Falls ihr nochmals nachlesen wollt, was prim\u00e4re- und sekund\u00e4re Quellen sind, k\u00f6nnt ihr das im Artikel <a href=\"https:\/\/www.studyhelp.de\/online-lernen\/geschichte\/abiturvorbereitung-geschichte\/\" rel=\"noopener\" target=\"_blank\">Abiturvorbereitung Geschichte<\/a>.<\/p>\n<p>Im ersten Arbeitsschritt der Analyse ben\u00f6tigt ihr also die oben genannten W-Fragen. Dann folgt der zweite Arbeitsschritt \u2013 die Inhaltsangabe. Dazu ist es hilfreich, wenn ihr die Quelle vor der Bearbeitung der Aufgaben in Sinnabschnitte eingeteilt habt. Diese Sinnabschnitte legt ihr fest, indem ihr den Text inhaltlich unterteilt. Folgendes solltet ihr dabei beachten:<\/p>\n<div class=\"box info\">\n<p><strong>Einteilung des Textes in Sinnabschnitte:<\/strong><\/p>\n<ol>\n<li>Lest euch den Text aufmerksam durch und achtet auf Themenwechsel und auf neu angesprochene Aspekte!<\/li>\n<li>Die Struktur des Textes kann Hinweise auf thematische Wechsel geben. Achtet daher verst\u00e4rkt auf Abs\u00e4tze. Aber Vorsicht, denn das ist aber nicht immer der Fall!<\/li>\n<li>Legt nicht zu wenige oder zu viele Sinnabschnitte fest. <\/li>\n<\/ol>\n<p><strong>Faustregel:<\/strong> Vier bis sechs Abschnitte bei einem ein- bis zweiseitigen Text!<br \/>\n<\/div>\n<div class=\"study-geschichte-fullwidth\" id=\"study-678422137\"><div class=\"ad fullwidth lernheft amz\">\r\n    <div class=\"inner\">\r\n        <div class=\"txt\">\r\n            <span class=\"firstline\">Unser Lernheft zum Geschichte-Abi'22<\/span>\r\n\t\t\t<span class=\"secondline\">Erkl\u00e4rungen + Klausuren + L\u00f6sungen!<\/span>\r\n            <div class=\"stars\">\r\n                <i class=\"fas fa-star\"><\/i>\r\n                <i class=\"fas fa-star\"><\/i>\r\n                <i class=\"fas fa-star\"><\/i>\r\n                <i class=\"fas fa-star\"><\/i>\r\n                <i class=\"fas fa-star\"><\/i>\r\n            <\/div>\r\n            <!--<div class=\"stars-counter\">\r\n                <small>5 von 5 Sternen<\/small>\r\n            <\/div>-->\r\n        <\/div>\r\n        <div class=\"btn-container\">\r\n            <a class=\"btn orange\" target=\"_blank\" href=\"%link%\"><img src=\"https:\/\/www.studyhelp.de\/online-lernen\/wp-content\/uploads\/2018\/06\/amz.png\" alt=\"Jetzt kaufen\" title=\"Jetzt kaufen\" \/><span>Auf Amazon ansehen<\/span><\/a>\r\n        <\/div>\r\n        <div class=\"media\">\r\n            <div class=\"img\">\r\n                <img src=\"https:\/\/www.studyhelp.de\/online-lernen\/wp-content\/uploads\/2018\/07\/geschichte-abiturvorbereitung-min.png\" alt=\"Geschichte Abiturvorbereitung\" title=\"Geschichte Abiturvorbereitung\" \/>\r\n            <\/div>\r\n        <\/div>\r\n    <\/div>\r\n    <div class=\"figure circle\"><\/div>\r\n    <div class=\"figure circle2\"><\/div>\r\n    <div class=\"figure square\"><\/div>\r\n    <div class=\"figure triangle\"><\/div>\r\n    <!--<div class=\"label red\"><p>15,99\u20ac<\/p><\/div>-->\r\n<\/div><\/div>\n<p>Nachdem ihr den Text in Sinnabschnitte eingeteilt habt, schreibt ihr in chronologischer Reihenfolge eine kurze Inhaltsangabe von ein bis drei S\u00e4tzen zu jedem der Abschnitte. Gebt dabei auch die Textzeilen, die den jeweiligen Sinnabschnitt umfassen, mit an!<\/p>\n<p>Die Analyse der Quelle umfasst bei Textquellen auch, dass ihr die Struktur des Textes untersucht. Das bedeutet, ihr m\u00fcsst das Argumentationsmuster und den Sprachstil des Textes genau unter die Lupe nehmen. An dieser Stelle habt ihr den Vorteil, dass ihr den Text bereits bei der Vorarbeit auf rhetorische Mittel, Schl\u00fcsselbegriffe und auff\u00e4llige Formulierungen hin untersucht habt. Ihr m\u00fcsst die Argumentation und die Sichtweise des Autors verstehen und herausfinden, welche Absichten bzw. Zwecke er verfolgt.<\/p>\n<p>Es gibt verschiedene Typen von Argumenten, die ein Autor nutzen kann, um seine eigene Position oder Meinung zum Geschehen zu verdeutlichen. Einige dieser Argumente kennt ihr bestimmt schon aus dem Deutschunterricht. Die wichtigsten <strong>Argumenttypen<\/strong> haben wir in der folgenden Tabelle f\u00fcr euch zusammengestellt:<\/p>\n<div class=\"Table\">\n<div class=\"Table-row Table-header\">\n<div class=\"Table-row-item\">Argumenttyp<\/div>\n<div class=\"Table-row-item\">Erkl\u00e4rung<\/div>\n<\/p><\/div>\n<div class=\"Table-row\">\n<div class=\"Table-row-item\" data-header=\"Argumenttyp\">\n<p><strong>Faktenargument<\/strong><\/p>\n<\/div>\n<div class=\"Table-row-item\" data-header=\"Erkl\u00e4rung\">\n<p>Der Autor st\u00fctzt seine These, indem er auf nachvollziehbare und belegbare Tatsachen verweist.<\/p>\n<\/div><\/div>\n<div class=\"Table-row\">\n<div class=\"Table-row-item\" data-header=\"Argumenttyp\">\n<p><strong>Normatives Argument<\/strong><\/p>\n<\/div>\n<div class=\"Table-row-item\" data-header=\"Erkl\u00e4rung\">\n<p>Der Autor beruft sich auf ein allgemein akzeptiertes gesellschaftliches Normen- und Wertesystem.<\/p>\n<\/div><\/div>\n<div class=\"Table-row\">\n<div class=\"Table-row-item\" data-header=\"Argumenttyp\">\n<p><strong>Indirektes Argument<\/strong><\/p>\n<\/div>\n<div class=\"Table-row-item\" data-header=\"Erkl\u00e4rung\">\n<p>Der Autor erl\u00e4utert die Gegenposition zu seiner These, um deren Nachteile und M\u00e4ngel aufzuzeigen. Dadurch st\u00e4rkt er seine eigene Position.<\/p>\n<\/div><\/div>\n<div class=\"Table-row\">\n<div class=\"Table-row-item\" data-header=\"Argumenttyp\">\n<p><strong>Autorit\u00e4tsargument<\/strong><\/p>\n<\/div>\n<div class=\"Table-row-item\" data-header=\"Erkl\u00e4rung\">\n<p>Der Autor beruft sich auf eine h\u00f6hergestellte Person oder Institution, um die eigene These zu bekr\u00e4ftigen.<\/p>\n<\/div><\/div>\n<div class=\"Table-row\">\n<div class=\"Table-row-item\" data-header=\"Argumenttyp\">\n<p><strong>Analogisierendes Argument<\/strong><\/p>\n<\/div>\n<div class=\"Table-row-item\" data-header=\"Erkl\u00e4rung\">\n<p>Der Autor nennt ein Beispiel aus einem anderen Bereich und wendet dieses auf seine eigene These an.<\/p>\n<\/div><\/div>\n<div class=\"Table-row\">\n<div class=\"Table-row-item\" data-header=\"Argumenttyp\">\n<p><strong>Plausibilit\u00e4tsargument<\/strong><\/p>\n<\/div>\n<div class=\"Table-row-item\" data-header=\"Erkl\u00e4rung\">\n<p>Der Autor st\u00fctzt seine These dadurch, dass sie f\u00fcr den Empf\u00e4nger besonders nachvollziehbar erscheint.<\/p>\n<\/div><\/div>\n<div class=\"Table-row\">\n<div class=\"Table-row-item\" data-header=\"Argumenttyp\">\n<p><strong>Scheinargument<\/strong><\/p>\n<\/div>\n<div class=\"Table-row-item\" data-header=\"Erkl\u00e4rung\">\n<p>Der Autor st\u00fctzt seine These mit Argumenten, die keine innere Logik besitzen, z. B. pers\u00f6nliche Angriffe, Totschlagargumente, Drohungen oder Scheinrationalit\u00e4t.<\/p>\n<\/div><\/div>\n<\/p><\/div>\n<p>Ihr m\u00fcsst in einer Quellenanalyse nicht genauso detailliert vorgehen, wie ihr es in einer Analyse im Fach Deutsch tun w\u00fcrdet. Die Fachbegriffe f\u00fcr die verschiedenen Argumenttypen m\u00fcsst ihr nicht unbedingt auswendig k\u00f6nnen. Es reicht, wenn ihr das grundlegende Argumentationsmuster des Autors versteht und beschreiben k\u00f6nnt, wie er vorgeht.<\/p>\n<div class=\"box info\">\n<strong>Tipp:<\/strong><\/p>\n<p>Argumentationsmuster unterscheiden sich h\u00e4ufig, abh\u00e4ngig von der Form der jeweiligen Quelle. Der Autor einer Rede verfolgt andere Absichten als der Autor eines Tagebucheintrages oder eines Zeitungsartikels.<br \/>\n<\/div>\n<p>Neben Argumentationsmustern m\u00fcsst ihr euch auch mit dem in der Quelle verwendeten Sprachstil auseinandersetzen. Auch auff\u00e4llige Formulierungen und Schl\u00fcsselbegriffe helfen dabei, die Absichten des Verfassers aufzudecken. Es gilt: Je h\u00e4ufiger ein bestimmter Begriff verwendet wird, desto wichtiger ist er einerseits f\u00fcr den Autor und andererseits f\u00fcr das Verst\u00e4ndnis und den Inhalt der Quelle.<\/p>\n<p>M\u00f6glicherweise hat der Verfasser auch rhetorische Mittel verwendet, um bestimmte Teile des Textes besonders hervorzuheben. Viele dieser Stilmittel kennt ihr bestimmt ebenfalls bereits aus dem Deutschunterricht. Wir haben euch bereits in <a href=\"https:\/\/www.studyhelp.de\/online-lernen\/deutsch\/rhetorik\/\" rel=\"noopener\" target=\"_blank\">diesem Artikel zur Rhetorik<\/a> eine Tabelle mit den wichtigsten rhetorischen Mittel bereitgestellt.<\/p>\n<p><strong>Auch hier gilt:<\/strong> Beschr\u00e4nkt euch bei der Analyse der Quelle auf die auff\u00e4lligsten Stilmittel. Ihr m\u00fcsst beispielsweise nicht jede Alliteration oder Anapher nennen, sondern nur die Stilmittel, die mit wichtigen Aussagen der Quelle in Verbindung stehen.<\/p>\n<div class=\"box info\">\n<strong>Zu beachten ist, dass ihr die Quelle gem\u00e4\u00df den Ma\u00dfst\u00e4ben ihrer Zeit und nicht nach denen der Gegenwart analysiert!<\/strong><br \/>\n<\/div>\n<p>Besonders in Bezug auf den im Text verwendeten Sprachstil ist es wichtig zu wissen, dass sich viele W\u00f6rter und Begriffe \u00fcber die Zeit ver\u00e4ndert haben und fr\u00fcher anders gebraucht wurden als heute.<\/p>\n<div class=\"study-geschichte-fullwidth\" id=\"study-3258108821\"><div class=\"ad fullwidth lernheft amz\">\r\n    <div class=\"inner\">\r\n        <div class=\"txt\">\r\n            <span class=\"firstline\">Unser Lernheft zum Geschichte-Abi'22<\/span>\r\n\t\t\t<span class=\"secondline\">Erkl\u00e4rungen + Klausuren + L\u00f6sungen!<\/span>\r\n            <div class=\"stars\">\r\n                <i class=\"fas fa-star\"><\/i>\r\n                <i class=\"fas fa-star\"><\/i>\r\n                <i class=\"fas fa-star\"><\/i>\r\n                <i class=\"fas fa-star\"><\/i>\r\n                <i class=\"fas fa-star\"><\/i>\r\n            <\/div>\r\n            <!--<div class=\"stars-counter\">\r\n                <small>5 von 5 Sternen<\/small>\r\n            <\/div>-->\r\n        <\/div>\r\n        <div class=\"btn-container\">\r\n            <a class=\"btn orange\" target=\"_blank\" href=\"%link%\"><img src=\"https:\/\/www.studyhelp.de\/online-lernen\/wp-content\/uploads\/2018\/06\/amz.png\" alt=\"Jetzt kaufen\" title=\"Jetzt kaufen\" \/><span>Auf Amazon ansehen<\/span><\/a>\r\n        <\/div>\r\n        <div class=\"media\">\r\n            <div class=\"img\">\r\n                <img src=\"https:\/\/www.studyhelp.de\/online-lernen\/wp-content\/uploads\/2018\/07\/geschichte-abiturvorbereitung-min.png\" alt=\"Geschichte Abiturvorbereitung\" title=\"Geschichte Abiturvorbereitung\" \/>\r\n            <\/div>\r\n        <\/div>\r\n    <\/div>\r\n    <div class=\"figure circle\"><\/div>\r\n    <div class=\"figure circle2\"><\/div>\r\n    <div class=\"figure square\"><\/div>\r\n    <div class=\"figure triangle\"><\/div>\r\n    <!--<div class=\"label red\"><p>15,99\u20ac<\/p><\/div>-->\r\n<\/div><\/div>\n","protected":false},"excerpt":{"rendered":"<p>Die Analyse von Textquellen geh\u00f6rt zu einem der ersten Themen, die euch in der Abiturpr\u00fcfung in Geschichte begegnen werden. Wie bereits im Artikel Abiturvorbereitung erw\u00e4hnt sind Abiturklausuren im Fach Geschichte immer nach einem \u00e4hnlichen Schema aufgebaut und bestehen aus drei Teilen. Die Analyse von Textquellen geh\u00f6rt zum Ersten dieser drei Teile. Auch hier gilt: Geschichte [&hellip;]<\/p>\n","protected":false},"author":3,"featured_media":0,"parent":9015,"menu_order":0,"comment_status":"closed","ping_status":"closed","template":"","meta":[],"categories":[40],"tags":[],"yoast_head":"<!-- This site is optimized with the Yoast SEO plugin v14.7 - https:\/\/yoast.com\/wordpress\/plugins\/seo\/ -->\n<title>Analyse von Textquellen - StudyHelp Online-Lernen<\/title>\n<meta name=\"description\" content=\"Die Analyse von Textquellen geh\u00f6rt zu dem ersten Teil der Abiturpr\u00fcfung im Fach Geschichte. Wir erkl\u00e4ren dir das vollst\u00e4ndige Vorgehen bei der Analyse!\" \/>\n<meta name=\"robots\" content=\"index, follow\" \/>\n<meta name=\"googlebot\" content=\"index, follow, max-snippet:-1, max-image-preview:large, max-video-preview:-1\" \/>\n<meta name=\"bingbot\" content=\"index, follow, max-snippet:-1, max-image-preview:large, max-video-preview:-1\" \/>\n<link rel=\"canonical\" href=\"https:\/\/www.studyhelp.de\/online-lernen\/geschichte\/analyse-von-textquellen\/\" \/>\n<meta property=\"og:locale\" content=\"de_DE\" \/>\n<meta property=\"og:type\" content=\"article\" \/>\n<meta property=\"og:title\" content=\"Analyse von Textquellen - StudyHelp Online-Lernen\" \/>\n<meta property=\"og:description\" content=\"Die Analyse von Textquellen geh\u00f6rt zu dem ersten Teil der Abiturpr\u00fcfung im Fach Geschichte. Wir erkl\u00e4ren dir das vollst\u00e4ndige Vorgehen bei der Analyse!\" \/>\n<meta property=\"og:url\" content=\"https:\/\/www.studyhelp.de\/online-lernen\/geschichte\/analyse-von-textquellen\/\" \/>\n<meta property=\"og:site_name\" content=\"StudyHelp Online-Lernen\" \/>\n<meta property=\"article:modified_time\" content=\"2018-08-14T12:57:46+00:00\" \/>\n<meta name=\"twitter:card\" content=\"summary_large_image\" \/>\n<script type=\"application\/ld+json\" class=\"yoast-schema-graph\">{\"@context\":\"https:\/\/schema.org\",\"@graph\":[{\"@type\":\"WebSite\",\"@id\":\"https:\/\/www.studyhelp.de\/online-lernen\/#website\",\"url\":\"https:\/\/www.studyhelp.de\/online-lernen\/\",\"name\":\"StudyHelp Online-Lernen\",\"description\":\"\",\"potentialAction\":[{\"@type\":\"SearchAction\",\"target\":\"https:\/\/www.studyhelp.de\/online-lernen\/?s={search_term_string}\",\"query-input\":\"required name=search_term_string\"}],\"inLanguage\":\"de-DE\"},{\"@type\":\"WebPage\",\"@id\":\"https:\/\/www.studyhelp.de\/online-lernen\/geschichte\/analyse-von-textquellen\/#webpage\",\"url\":\"https:\/\/www.studyhelp.de\/online-lernen\/geschichte\/analyse-von-textquellen\/\",\"name\":\"Analyse von Textquellen - StudyHelp Online-Lernen\",\"isPartOf\":{\"@id\":\"https:\/\/www.studyhelp.de\/online-lernen\/#website\"},\"datePublished\":\"2018-07-25T08:08:18+00:00\",\"dateModified\":\"2018-08-14T12:57:46+00:00\",\"description\":\"Die Analyse von Textquellen geh\\u00f6rt zu dem ersten Teil der Abiturpr\\u00fcfung im Fach Geschichte. Wir erkl\\u00e4ren dir das vollst\\u00e4ndige Vorgehen bei der Analyse!\",\"inLanguage\":\"de-DE\",\"potentialAction\":[{\"@type\":\"ReadAction\",\"target\":[\"https:\/\/www.studyhelp.de\/online-lernen\/geschichte\/analyse-von-textquellen\/\"]}]}]}<\/script>\n<!-- \/ Yoast SEO plugin. -->","_links":{"self":[{"href":"https:\/\/www.studyhelp.de\/online-lernen\/wp-json\/wp\/v2\/pages\/9083"}],"collection":[{"href":"https:\/\/www.studyhelp.de\/online-lernen\/wp-json\/wp\/v2\/pages"}],"about":[{"href":"https:\/\/www.studyhelp.de\/online-lernen\/wp-json\/wp\/v2\/types\/page"}],"author":[{"embeddable":true,"href":"https:\/\/www.studyhelp.de\/online-lernen\/wp-json\/wp\/v2\/users\/3"}],"replies":[{"embeddable":true,"href":"https:\/\/www.studyhelp.de\/online-lernen\/wp-json\/wp\/v2\/comments?post=9083"}],"version-history":[{"count":19,"href":"https:\/\/www.studyhelp.de\/online-lernen\/wp-json\/wp\/v2\/pages\/9083\/revisions"}],"predecessor-version":[{"id":9477,"href":"https:\/\/www.studyhelp.de\/online-lernen\/wp-json\/wp\/v2\/pages\/9083\/revisions\/9477"}],"up":[{"embeddable":true,"href":"https:\/\/www.studyhelp.de\/online-lernen\/wp-json\/wp\/v2\/pages\/9015"}],"wp:attachment":[{"href":"https:\/\/www.studyhelp.de\/online-lernen\/wp-json\/wp\/v2\/media?parent=9083"}],"wp:term":[{"taxonomy":"category","embeddable":true,"href":"https:\/\/www.studyhelp.de\/online-lernen\/wp-json\/wp\/v2\/categories?post=9083"},{"taxonomy":"post_tag","embeddable":true,"href":"https:\/\/www.studyhelp.de\/online-lernen\/wp-json\/wp\/v2\/tags?post=9083"}],"curies":[{"name":"wp","href":"https:\/\/api.w.org\/{rel}","templated":true}]}}