{"id":9106,"date":"2018-07-25T11:26:26","date_gmt":"2018-07-25T09:26:26","guid":{"rendered":"https:\/\/www.studyhelp.de\/online-lernen\/?page_id=9106"},"modified":"2018-07-28T08:50:30","modified_gmt":"2018-07-28T06:50:30","slug":"analyse-von-bildquellen","status":"publish","type":"page","link":"https:\/\/www.studyhelp.de\/online-lernen\/geschichte\/analyse-von-bildquellen\/","title":{"rendered":"Analyse von Bildquellen"},"content":{"rendered":"<p>Die Analyse von Bildquellen gestaltet sich deutlich anders als bei Textquellen. <\/p>\n<p>Offensichtlich ist, dass ihr viel weniger Text habt, um euch Informationen \u00fcber den Inhalt der Quelle zu verschaffen. In einigen F\u00e4llen sind auf dem Bild zwar W\u00f6rter oder S\u00e4tze zu sehen, den ma\u00dfgeblichen Teil der Informationen erhaltet ihr hier aber durch das genaue Betrachten der Bildquelle. \u00c4hnlich wie bei Textquellen gilt also auch bei Bildquellen, dass ihr euch diese genau anschaut. Daf\u00fcr solltet ihr ruhig ein paar Minuten Zeit einplanen.<\/p>\n<div class=\"study-geschichte-fullwidth\" id=\"study-311723122\"><div class=\"ad fullwidth lernheft amz\">\r\n    <div class=\"inner\">\r\n        <div class=\"txt\">\r\n            <span class=\"firstline\">Unser Lernheft zum Geschichte-Abi'22<\/span>\r\n\t\t\t<span class=\"secondline\">Erkl\u00e4rungen + Klausuren + L\u00f6sungen!<\/span>\r\n            <div class=\"stars\">\r\n                <i class=\"fas fa-star\"><\/i>\r\n                <i class=\"fas fa-star\"><\/i>\r\n                <i class=\"fas fa-star\"><\/i>\r\n                <i class=\"fas fa-star\"><\/i>\r\n                <i class=\"fas fa-star\"><\/i>\r\n            <\/div>\r\n            <!--<div class=\"stars-counter\">\r\n                <small>5 von 5 Sternen<\/small>\r\n            <\/div>-->\r\n        <\/div>\r\n        <div class=\"btn-container\">\r\n            <a class=\"btn orange\" target=\"_blank\" href=\"%link%\"><img src=\"https:\/\/www.studyhelp.de\/online-lernen\/wp-content\/uploads\/2018\/06\/amz.png\" alt=\"Jetzt kaufen\" title=\"Jetzt kaufen\" \/><span>Auf Amazon ansehen<\/span><\/a>\r\n        <\/div>\r\n        <div class=\"media\">\r\n            <div class=\"img\">\r\n                <img src=\"https:\/\/www.studyhelp.de\/online-lernen\/wp-content\/uploads\/2018\/07\/geschichte-abiturvorbereitung-min.png\" alt=\"Geschichte Abiturvorbereitung\" title=\"Geschichte Abiturvorbereitung\" \/>\r\n            <\/div>\r\n        <\/div>\r\n    <\/div>\r\n    <div class=\"figure circle\"><\/div>\r\n    <div class=\"figure circle2\"><\/div>\r\n    <div class=\"figure square\"><\/div>\r\n    <div class=\"figure triangle\"><\/div>\r\n    <!--<div class=\"label red\"><p>15,99\u20ac<\/p><\/div>-->\r\n<\/div><\/div>\n<p>Bei Bildquellen findet ihr fast immer zus\u00e4tzliche Informationen zur Quelle in Textform, da ihr den Urheber, die Umst\u00e4nde, das Datum und den Ort der Ver\u00f6ffentlichung h\u00e4ufig nicht direkt aus dem Bild entnehmen k\u00f6nnt. Um Informationen aus den Bildern ziehen zu k\u00f6nnen, helfen euch die W-Fragen, die ihr bereits kennengelernt habt. <\/p>\n<p>Da das bei Bildern nicht so einfach wie bei Texten ist, m\u00fcssen wir die W-Fragen weiter differenzieren. Zun\u00e4chst muss nach den \u00e4u\u00dferen Faktoren gefragt werden:<\/p>\n<div class=\"box info\">\n<ol>\n<li>Um was f\u00fcr eine Bildquelle handelt es sich?<\/li>\n<li>Wer ist der Urheber oder Auftraggeber des Bildes?<\/li>\n<li>Was ist das Thema des Bildes bzw. hat das Bild einen Titel?<\/li>\n<li>Wann und wo wurde das Bild ver\u00f6ffentlicht?<\/li>\n<li>An wen ist das Bild adressiert?<\/li>\n<\/ol>\n<\/div>\n<p>Mit diesen Fragen k\u00f6nnt ihr die \u00e4u\u00dferen Umst\u00e4nde der Quelle bestimmen. Im Anschluss daran gilt es, direkt auf die Quelle einzugehen. Dabei m\u00fcsst ihr zwischen der bildlichen und der textlichen Ebene der Bildquelle unterscheiden. In Aufgabe 1 m\u00fcsst ihr lediglich auf die bildliche Ebene eingehen. Es geht darum, das Dargestellte zu erkennen und zu beschreiben. Daf\u00fcr k\u00f6nnt ihr die folgenden Fragen an die Quelle stellen:<\/p>\n<div class=\"box info\">\n<ol>\n<li>Welche Bildelemente sind zu erkennen (Personen, Orte, Gegenst\u00e4nde, Schrift, etc.)?<\/li>\n<li>Wie sind die Bildelemente angeordnet (Vordergrund \u2013 Mittelgrund \u2013 Hintergrund)?<\/li>\n<li>Wie werden die Personen dargestellt (Gestik, Mimik, K\u00f6rperhaltung)?<\/li>\n<li>In welchen Farben ist das Bild gehalten und l\u00e4sst sich m\u00f6glicherweise ein bestimmter Malstil erkennen?<\/li>\n<\/ol>\n<\/div>\n<p>Die Interpretation des Bildes nehmt ihr in Aufgabe 2 bei der Beschreibung des Kontextes vor. Jedes Bildelement hat eine bestimmte Bedeutung. Eure Aufgabe ist es, diese Bedeutungen zu erkennen und herauszuarbeiten. Dabei helfen euch folgende Fragen:<\/p>\n<div class=\"study-geschichte-fullwidth\" id=\"study-915616009\"><div class=\"ad fullwidth lernheft amz\">\r\n    <div class=\"inner\">\r\n        <div class=\"txt\">\r\n            <span class=\"firstline\">Unser Lernheft zum Geschichte-Abi'22<\/span>\r\n\t\t\t<span class=\"secondline\">Erkl\u00e4rungen + Klausuren + L\u00f6sungen!<\/span>\r\n            <div class=\"stars\">\r\n                <i class=\"fas fa-star\"><\/i>\r\n                <i class=\"fas fa-star\"><\/i>\r\n                <i class=\"fas fa-star\"><\/i>\r\n                <i class=\"fas fa-star\"><\/i>\r\n                <i class=\"fas fa-star\"><\/i>\r\n            <\/div>\r\n            <!--<div class=\"stars-counter\">\r\n                <small>5 von 5 Sternen<\/small>\r\n            <\/div>-->\r\n        <\/div>\r\n        <div class=\"btn-container\">\r\n            <a class=\"btn orange\" target=\"_blank\" href=\"%link%\"><img src=\"https:\/\/www.studyhelp.de\/online-lernen\/wp-content\/uploads\/2018\/06\/amz.png\" alt=\"Jetzt kaufen\" title=\"Jetzt kaufen\" \/><span>Auf Amazon ansehen<\/span><\/a>\r\n        <\/div>\r\n        <div class=\"media\">\r\n            <div class=\"img\">\r\n                <img src=\"https:\/\/www.studyhelp.de\/online-lernen\/wp-content\/uploads\/2018\/07\/geschichte-abiturvorbereitung-min.png\" alt=\"Geschichte Abiturvorbereitung\" title=\"Geschichte Abiturvorbereitung\" \/>\r\n            <\/div>\r\n        <\/div>\r\n    <\/div>\r\n    <div class=\"figure circle\"><\/div>\r\n    <div class=\"figure circle2\"><\/div>\r\n    <div class=\"figure square\"><\/div>\r\n    <div class=\"figure triangle\"><\/div>\r\n    <!--<div class=\"label red\"><p>15,99\u20ac<\/p><\/div>-->\r\n<\/div><\/div>\n<div class=\"box info\">\n<ol>\n<li>Welcher Sachverhalt wird in dem Bild dargestellt?<\/li>\n<li>Welche Perspektive nimmt der Betrachter zum Geschehen ein?<\/li>\n<li>Handelt es sich um eine realistische Darstellung des Geschehens?<\/li>\n<li>Was m\u00f6chte der Urheber mit dem Bild erreichen?<\/li>\n<li>Wird in dem Bild ein Standpunkt in Bezug auf das Geschehen deutlich?<\/li>\n<\/ol>\n<\/div>\n<p>Mit der Beantwortung dieser Fragen k\u00f6nnt ihr das Bild interpretieren. <\/p>\n<p>Diese Interpretation ist f\u00fcr euch eine wichtige Grundlage, um den Zusammenhang der Bildquelle mit dem historischen Kontext in Aufgabenteil 2 zu verstehen.<\/p>\n<p><strong>Vorsicht!<\/strong> Wie bereits gesagt, bieten euch Bildquellen in den meisten F\u00e4llen deutlich weniger Hinweise auf Kontext-Wissen als Textquellen. Darum auch hier nochmal der Hinweis, dass ihr euch auf alle inhaltlich relevanten Themen f\u00fcr das Abitur gr\u00fcndlich vorbereiten solltet, damit ihr Jahreszahlen, Ereignisse und Personen historisch richtig zuordnen k\u00f6nnt.<\/p>\n<div class=\"study-geschichte-fullwidth\" id=\"study-2075125824\"><div class=\"ad fullwidth lernheft amz\">\r\n    <div class=\"inner\">\r\n        <div class=\"txt\">\r\n            <span class=\"firstline\">Unser Lernheft zum Geschichte-Abi'22<\/span>\r\n\t\t\t<span class=\"secondline\">Erkl\u00e4rungen + Klausuren + L\u00f6sungen!<\/span>\r\n            <div class=\"stars\">\r\n                <i class=\"fas fa-star\"><\/i>\r\n                <i class=\"fas fa-star\"><\/i>\r\n                <i class=\"fas fa-star\"><\/i>\r\n                <i class=\"fas fa-star\"><\/i>\r\n                <i class=\"fas fa-star\"><\/i>\r\n            <\/div>\r\n            <!--<div class=\"stars-counter\">\r\n                <small>5 von 5 Sternen<\/small>\r\n            <\/div>-->\r\n        <\/div>\r\n        <div class=\"btn-container\">\r\n            <a class=\"btn orange\" target=\"_blank\" href=\"%link%\"><img src=\"https:\/\/www.studyhelp.de\/online-lernen\/wp-content\/uploads\/2018\/06\/amz.png\" alt=\"Jetzt kaufen\" title=\"Jetzt kaufen\" \/><span>Auf Amazon ansehen<\/span><\/a>\r\n        <\/div>\r\n        <div class=\"media\">\r\n            <div class=\"img\">\r\n                <img src=\"https:\/\/www.studyhelp.de\/online-lernen\/wp-content\/uploads\/2018\/07\/geschichte-abiturvorbereitung-min.png\" alt=\"Geschichte Abiturvorbereitung\" title=\"Geschichte Abiturvorbereitung\" \/>\r\n            <\/div>\r\n        <\/div>\r\n    <\/div>\r\n    <div class=\"figure circle\"><\/div>\r\n    <div class=\"figure circle2\"><\/div>\r\n    <div class=\"figure square\"><\/div>\r\n    <div class=\"figure triangle\"><\/div>\r\n    <!--<div class=\"label red\"><p>15,99\u20ac<\/p><\/div>-->\r\n<\/div><\/div>\n","protected":false},"excerpt":{"rendered":"<p>Die Analyse von Bildquellen gestaltet sich deutlich anders als bei Textquellen. Offensichtlich ist, dass ihr viel weniger Text habt, um euch Informationen \u00fcber den Inhalt der Quelle zu verschaffen. In einigen F\u00e4llen sind auf dem Bild zwar W\u00f6rter oder S\u00e4tze zu sehen, den ma\u00dfgeblichen Teil der Informationen erhaltet ihr hier aber durch das genaue Betrachten [&hellip;]<\/p>\n","protected":false},"author":3,"featured_media":0,"parent":9015,"menu_order":0,"comment_status":"closed","ping_status":"closed","template":"","meta":[],"categories":[40],"tags":[],"yoast_head":"<!-- This site is optimized with the Yoast SEO plugin v14.7 - https:\/\/yoast.com\/wordpress\/plugins\/seo\/ -->\n<title>Analyse von Bildquellen [Geschichte] - StudyHelp Online-Lernen<\/title>\n<meta name=\"description\" content=\"Die Analyse von Bildquellen ist Bestandteil der ersten Aufgabenstellung der Abiturpr\u00fcfung im Fach Geschichte. Wir erkl\u00e4ren dir das vollst\u00e4ndige Vorgehen!\" \/>\n<meta name=\"robots\" content=\"index, follow\" \/>\n<meta name=\"googlebot\" content=\"index, follow, max-snippet:-1, max-image-preview:large, max-video-preview:-1\" \/>\n<meta name=\"bingbot\" content=\"index, follow, max-snippet:-1, max-image-preview:large, max-video-preview:-1\" \/>\n<link rel=\"canonical\" href=\"https:\/\/www.studyhelp.de\/online-lernen\/geschichte\/analyse-von-bildquellen\/\" \/>\n<meta property=\"og:locale\" content=\"de_DE\" \/>\n<meta property=\"og:type\" content=\"article\" \/>\n<meta property=\"og:title\" content=\"Analyse von Bildquellen [Geschichte] - StudyHelp Online-Lernen\" \/>\n<meta property=\"og:description\" content=\"Die Analyse von Bildquellen ist Bestandteil der ersten Aufgabenstellung der Abiturpr\u00fcfung im Fach Geschichte. Wir erkl\u00e4ren dir das vollst\u00e4ndige Vorgehen!\" \/>\n<meta property=\"og:url\" content=\"https:\/\/www.studyhelp.de\/online-lernen\/geschichte\/analyse-von-bildquellen\/\" \/>\n<meta property=\"og:site_name\" content=\"StudyHelp Online-Lernen\" \/>\n<meta property=\"article:modified_time\" content=\"2018-07-28T06:50:30+00:00\" \/>\n<meta name=\"twitter:card\" content=\"summary_large_image\" \/>\n<script type=\"application\/ld+json\" class=\"yoast-schema-graph\">{\"@context\":\"https:\/\/schema.org\",\"@graph\":[{\"@type\":\"WebSite\",\"@id\":\"https:\/\/www.studyhelp.de\/online-lernen\/#website\",\"url\":\"https:\/\/www.studyhelp.de\/online-lernen\/\",\"name\":\"StudyHelp Online-Lernen\",\"description\":\"\",\"potentialAction\":[{\"@type\":\"SearchAction\",\"target\":\"https:\/\/www.studyhelp.de\/online-lernen\/?s={search_term_string}\",\"query-input\":\"required name=search_term_string\"}],\"inLanguage\":\"de-DE\"},{\"@type\":\"WebPage\",\"@id\":\"https:\/\/www.studyhelp.de\/online-lernen\/geschichte\/analyse-von-bildquellen\/#webpage\",\"url\":\"https:\/\/www.studyhelp.de\/online-lernen\/geschichte\/analyse-von-bildquellen\/\",\"name\":\"Analyse von Bildquellen [Geschichte] - StudyHelp Online-Lernen\",\"isPartOf\":{\"@id\":\"https:\/\/www.studyhelp.de\/online-lernen\/#website\"},\"datePublished\":\"2018-07-25T09:26:26+00:00\",\"dateModified\":\"2018-07-28T06:50:30+00:00\",\"description\":\"Die Analyse von Bildquellen ist Bestandteil der ersten Aufgabenstellung der Abiturpr\\u00fcfung im Fach Geschichte. Wir erkl\\u00e4ren dir das vollst\\u00e4ndige Vorgehen!\",\"inLanguage\":\"de-DE\",\"potentialAction\":[{\"@type\":\"ReadAction\",\"target\":[\"https:\/\/www.studyhelp.de\/online-lernen\/geschichte\/analyse-von-bildquellen\/\"]}]}]}<\/script>\n<!-- \/ Yoast SEO plugin. -->","_links":{"self":[{"href":"https:\/\/www.studyhelp.de\/online-lernen\/wp-json\/wp\/v2\/pages\/9106"}],"collection":[{"href":"https:\/\/www.studyhelp.de\/online-lernen\/wp-json\/wp\/v2\/pages"}],"about":[{"href":"https:\/\/www.studyhelp.de\/online-lernen\/wp-json\/wp\/v2\/types\/page"}],"author":[{"embeddable":true,"href":"https:\/\/www.studyhelp.de\/online-lernen\/wp-json\/wp\/v2\/users\/3"}],"replies":[{"embeddable":true,"href":"https:\/\/www.studyhelp.de\/online-lernen\/wp-json\/wp\/v2\/comments?post=9106"}],"version-history":[{"count":5,"href":"https:\/\/www.studyhelp.de\/online-lernen\/wp-json\/wp\/v2\/pages\/9106\/revisions"}],"predecessor-version":[{"id":9108,"href":"https:\/\/www.studyhelp.de\/online-lernen\/wp-json\/wp\/v2\/pages\/9106\/revisions\/9108"}],"up":[{"embeddable":true,"href":"https:\/\/www.studyhelp.de\/online-lernen\/wp-json\/wp\/v2\/pages\/9015"}],"wp:attachment":[{"href":"https:\/\/www.studyhelp.de\/online-lernen\/wp-json\/wp\/v2\/media?parent=9106"}],"wp:term":[{"taxonomy":"category","embeddable":true,"href":"https:\/\/www.studyhelp.de\/online-lernen\/wp-json\/wp\/v2\/categories?post=9106"},{"taxonomy":"post_tag","embeddable":true,"href":"https:\/\/www.studyhelp.de\/online-lernen\/wp-json\/wp\/v2\/tags?post=9106"}],"curies":[{"name":"wp","href":"https:\/\/api.w.org\/{rel}","templated":true}]}}