{"id":915,"date":"2016-02-10T09:18:14","date_gmt":"2016-02-10T08:18:14","guid":{"rendered":"https:\/\/www.studyhelp.de\/mathe\/?page_id=915"},"modified":"2021-09-22T14:26:55","modified_gmt":"2021-09-22T12:26:55","slug":"negative-zahlen","status":"publish","type":"page","link":"https:\/\/www.studyhelp.de\/online-lernen\/mathe\/negative-zahlen\/","title":{"rendered":"Negative Zahlen"},"content":{"rendered":"\n<p>Negative Zahlen k\u00f6nnen dem Einen oder Anderen das Leben schwer machen. Mit diesen Regeln geben wir euch eine \u00dcbersicht, mit der ihr beim Rechnen mit negativen Zahlen keine Probleme mehr haben solltet:<\/p>\n<h2>Addition &amp; Subtraktion<\/h2>\n<p style=\"padding-left: 40px;\">+ (+) = +\u00a0 \u00a0 \u00a0 \u00a0 Beispiel: + (+7) = 7<\/p>\n<p style=\"padding-left: 40px;\">+ (-) = &#8211;\u00a0 \u00a0 \u00a0 \u00a0 Beispiel: + (-7) = -7<\/p>\n<p style=\"padding-left: 40px;\">&#8211; (+) = &#8211;\u00a0 \u00a0 \u00a0 \u00a0Beispiel: &#8211; (+7) = -7<\/p>\n<p style=\"padding-left: 40px;\">&#8211; (-) = +\u00a0 \u00a0 \u00a0 \u00a0 Beispiel: &#8211; (-7) = 7<\/p>\n<p>&nbsp;<\/p>\n<h2>Multiplikation<\/h2>\n<p style=\"padding-left: 40px;\">&#8211; \u2022 (-) = +\u00a0 \u00a0 \u00a0 \u00a0Beispiel: (-2) \u2022 (-3) = 6<\/p>\n<p style=\"padding-left: 40px;\">&#8211; \u2022 (+) = &#8211;\u00a0 \u00a0 \u00a0 Beispiel: (-2) \u2022 (+3) = -6<\/p>\n<p style=\"padding-left: 40px;\">+ \u2022 (-) = &#8211;\u00a0 \u00a0 \u00a0 \u00a0Beispiel: (+2) \u2022 (-3) = -6<\/p>\n<p style=\"padding-left: 40px;\">+ \u2022 (+) = +\u00a0 \u00a0 \u00a0 \u00a0Beispiel: (+2) \u2022 (+3) = 6<\/p>\n<p>&nbsp;<\/p>\n<h2>Division<\/h2>\n<p style=\"padding-left: 40px;\">&#8211; \u00f7 (-) = +\u00a0 \u00a0 \u00a0 \u00a0Beispiel: (-6) \u00f7 (-3) = 2<\/p>\n<p style=\"padding-left: 40px;\">&#8211; \u00f7 (+) = &#8211;\u00a0 \u00a0 \u00a0 Beispiel: (-6) \u00f7 (+3) = -2<\/p>\n<p style=\"padding-left: 40px;\">+ \u00f7 (-) = &#8211;\u00a0 \u00a0 \u00a0 \u00a0Beispiel: (+6) \u00f7 (-3) = -2<\/p>\n<p style=\"padding-left: 40px;\">+ \u00f7 (+) = +\u00a0 \u00a0 \u00a0 \u00a0Beispiel: (+6) \u00f7 (+3) = 2<\/p>\n<p>&nbsp;<br \/>\n<strong>Mehr Informationen zum Rechnen mit negativen Zahlen bekommt ihr auch in unseren Lernvideos:<\/strong><\/p>\n<div class=\"lyte-wrapper\" title=\"Rechnen mit negativen Zahlen Teil 1, Hilfe in Mathe, einfach erkl&auml;rt | Mathe by Daniel Jung\" style=\"width:420px;max-width:100%;margin:5px;\"><div class=\"lyMe\" id=\"WYL_SWq6hP_iG3c\"><div id=\"lyte_SWq6hP_iG3c\" data-src=\"https:\/\/www.studyhelp.de\/online-lernen\/wp-content\/plugins\/wp-youtube-lyte\/lyteCache.php?origThumbUrl=https%3A%2F%2Fi.ytimg.com%2Fvi%2FSWq6hP_iG3c%2Fhqdefault.jpg\" class=\"pL\"><div class=\"tC\"><div class=\"tT\">Rechnen mit negativen Zahlen Teil 1, Hilfe in Mathe, einfach erkl\u00e4rt | Mathe by Daniel Jung<\/div><\/div><div class=\"play\"><\/div><div class=\"ctrl\"><div class=\"Lctrl\"><\/div><div class=\"Rctrl\"><\/div><\/div><\/div><noscript><a href=\"https:\/\/youtu.be\/SWq6hP_iG3c\" rel=\"nofollow\"><img src=\"https:\/\/www.studyhelp.de\/online-lernen\/wp-content\/plugins\/wp-youtube-lyte\/lyteCache.php?origThumbUrl=https%3A%2F%2Fi.ytimg.com%2Fvi%2FSWq6hP_iG3c%2F0.jpg\" alt=\"Rechnen mit negativen Zahlen Teil 1, Hilfe in Mathe, einfach erkl&auml;rt | Mathe by Daniel Jung\" width=\"420\" height=\"216\" \/><br \/>Dieses Video auf YouTube ansehen<\/a><\/noscript><\/div><\/div><div class=\"lL\" style=\"max-width:100%;width:420px;margin:5px;\"><\/div><br \/>\n<\/p>\n","protected":false},"excerpt":{"rendered":"<p>Negative Zahlen k\u00f6nnen dem Einen oder Anderen das Leben schwer machen. Mit diesen Regeln geben wir euch eine \u00dcbersicht, mit der ihr beim Rechnen mit negativen Zahlen keine Probleme mehr haben solltet: Addition &amp; Subtraktion + (+) = +\u00a0 \u00a0 \u00a0 \u00a0 Beispiel: + (+7) = 7 + (-) = &#8211;\u00a0 \u00a0 \u00a0 \u00a0 Beispiel: [&hellip;]<\/p>\n","protected":false},"author":5,"featured_media":0,"parent":6291,"menu_order":0,"comment_status":"closed","ping_status":"open","template":"","meta":[],"categories":[16],"tags":[],"yoast_head":"<!-- This site is optimized with the Yoast SEO plugin v14.7 - https:\/\/yoast.com\/wordpress\/plugins\/seo\/ -->\n<title>Negative Zahlen - StudyHelp<\/title>\n<meta name=\"description\" content=\"Das Rechnen mit negativen Zahlen f\u00e4llt nicht jedem leicht. Hier findet ihr eine verst\u00e4ndliche Erkl\u00e4rung rund um das Thema negative Zahlen.\" \/>\n<meta name=\"robots\" content=\"index, follow\" \/>\n<meta name=\"googlebot\" content=\"index, follow, max-snippet:-1, max-image-preview:large, max-video-preview:-1\" \/>\n<meta name=\"bingbot\" content=\"index, follow, max-snippet:-1, max-image-preview:large, max-video-preview:-1\" \/>\n<link rel=\"canonical\" href=\"https:\/\/www.studyhelp.de\/online-lernen\/mathe\/negative-zahlen\/\" \/>\n<meta property=\"og:locale\" content=\"de_DE\" \/>\n<meta property=\"og:type\" content=\"article\" \/>\n<meta property=\"og:title\" content=\"Negative Zahlen - StudyHelp\" \/>\n<meta property=\"og:description\" content=\"Das Rechnen mit negativen Zahlen f\u00e4llt nicht jedem leicht. Hier findet ihr eine verst\u00e4ndliche Erkl\u00e4rung rund um das Thema negative Zahlen.\" \/>\n<meta property=\"og:url\" content=\"https:\/\/www.studyhelp.de\/online-lernen\/mathe\/negative-zahlen\/\" \/>\n<meta property=\"og:site_name\" content=\"StudyHelp Online-Lernen\" \/>\n<meta property=\"article:modified_time\" content=\"2021-09-22T12:26:55+00:00\" \/>\n<meta name=\"twitter:card\" content=\"summary_large_image\" \/>\n<script type=\"application\/ld+json\" class=\"yoast-schema-graph\">{\"@context\":\"https:\/\/schema.org\",\"@graph\":[{\"@type\":\"WebSite\",\"@id\":\"https:\/\/www.studyhelp.de\/online-lernen\/#website\",\"url\":\"https:\/\/www.studyhelp.de\/online-lernen\/\",\"name\":\"StudyHelp Online-Lernen\",\"description\":\"\",\"potentialAction\":[{\"@type\":\"SearchAction\",\"target\":\"https:\/\/www.studyhelp.de\/online-lernen\/?s={search_term_string}\",\"query-input\":\"required name=search_term_string\"}],\"inLanguage\":\"de-DE\"},{\"@type\":\"WebPage\",\"@id\":\"https:\/\/www.studyhelp.de\/online-lernen\/mathe\/negative-zahlen\/#webpage\",\"url\":\"https:\/\/www.studyhelp.de\/online-lernen\/mathe\/negative-zahlen\/\",\"name\":\"Negative Zahlen - StudyHelp\",\"isPartOf\":{\"@id\":\"https:\/\/www.studyhelp.de\/online-lernen\/#website\"},\"datePublished\":\"2016-02-10T08:18:14+00:00\",\"dateModified\":\"2021-09-22T12:26:55+00:00\",\"description\":\"Das Rechnen mit negativen Zahlen f\\u00e4llt nicht jedem leicht. Hier findet ihr eine verst\\u00e4ndliche Erkl\\u00e4rung rund um das Thema negative Zahlen.\",\"inLanguage\":\"de-DE\",\"potentialAction\":[{\"@type\":\"ReadAction\",\"target\":[\"https:\/\/www.studyhelp.de\/online-lernen\/mathe\/negative-zahlen\/\"]}]}]}<\/script>\n<!-- \/ Yoast SEO plugin. -->","_links":{"self":[{"href":"https:\/\/www.studyhelp.de\/online-lernen\/wp-json\/wp\/v2\/pages\/915"}],"collection":[{"href":"https:\/\/www.studyhelp.de\/online-lernen\/wp-json\/wp\/v2\/pages"}],"about":[{"href":"https:\/\/www.studyhelp.de\/online-lernen\/wp-json\/wp\/v2\/types\/page"}],"author":[{"embeddable":true,"href":"https:\/\/www.studyhelp.de\/online-lernen\/wp-json\/wp\/v2\/users\/5"}],"replies":[{"embeddable":true,"href":"https:\/\/www.studyhelp.de\/online-lernen\/wp-json\/wp\/v2\/comments?post=915"}],"version-history":[{"count":24,"href":"https:\/\/www.studyhelp.de\/online-lernen\/wp-json\/wp\/v2\/pages\/915\/revisions"}],"predecessor-version":[{"id":16848,"href":"https:\/\/www.studyhelp.de\/online-lernen\/wp-json\/wp\/v2\/pages\/915\/revisions\/16848"}],"up":[{"embeddable":true,"href":"https:\/\/www.studyhelp.de\/online-lernen\/wp-json\/wp\/v2\/pages\/6291"}],"wp:attachment":[{"href":"https:\/\/www.studyhelp.de\/online-lernen\/wp-json\/wp\/v2\/media?parent=915"}],"wp:term":[{"taxonomy":"category","embeddable":true,"href":"https:\/\/www.studyhelp.de\/online-lernen\/wp-json\/wp\/v2\/categories?post=915"},{"taxonomy":"post_tag","embeddable":true,"href":"https:\/\/www.studyhelp.de\/online-lernen\/wp-json\/wp\/v2\/tags?post=915"}],"curies":[{"name":"wp","href":"https:\/\/api.w.org\/{rel}","templated":true}]}}