{"id":9293,"date":"2018-08-03T14:03:34","date_gmt":"2018-08-03T12:03:34","guid":{"rendered":"https:\/\/www.studyhelp.de\/online-lernen\/?page_id=9293"},"modified":"2018-11-05T14:40:00","modified_gmt":"2018-11-05T13:40:00","slug":"skelettformel","status":"publish","type":"page","link":"https:\/\/www.studyhelp.de\/online-lernen\/chemie\/skelettformel\/","title":{"rendered":"Die Skelettformel"},"content":{"rendered":"<h2>Die Skelettformel (auch Ger\u00fcstformel)<\/h2>\n<p>Die sogenannte Skelettformel (oder auch\u00a0 Ger\u00fcstformel genannt) wurde entwickelt, um organische Verbindungen \u00fcbersichtlicher, einfacher und schneller darstellen zu k\u00f6nnen.<\/p>\n<p>Bisher wurden Strukturformeln ausf\u00fchrlich mit den Elementsymbolen dargestellt. Bei der Skelettformel wird das Elementsymbol C f\u00fcr Kohlenstoffatome und H f\u00fcr Wasserstoffatome nicht mehr gezeichnet.<\/p>\n\n<p>Die Kohlenstoffatome werden durch das Zeichnen der Bindungen zwischen den Kohlenstoffatomen symbolisiert. Dabei stellt jede Ecke ein Kohlenstoffatom dar:<img decoding=\"async\" loading=\"lazy\" class=\"wp-image-9301 aligncenter\" src=\"https:\/\/www.studyhelp.de\/online-lernen\/wp-content\/uploads\/2018\/08\/Skelettformel_ecken-1-300x160.jpg\" alt=\"\" width=\"255\" height=\"135\" srcset=\"https:\/\/www.studyhelp.de\/online-lernen\/wp-content\/uploads\/2018\/08\/Skelettformel_ecken-1-300x160.jpg 300w, https:\/\/www.studyhelp.de\/online-lernen\/wp-content\/uploads\/2018\/08\/Skelettformel_ecken-1-768x409.jpg 768w, https:\/\/www.studyhelp.de\/online-lernen\/wp-content\/uploads\/2018\/08\/Skelettformel_ecken-1.jpg 799w\" sizes=\"(max-width: 255px) 100vw, 255px\" \/><\/p>\n<p>Die Anzahl der Wasserstoffatome kann man berechnen, indem man in der Skelettformel die Anzahl der Bindungen eines Kohlenstoffatoms z\u00e4hlt und anschlie\u00dfend auf vier Bindungen auff\u00fcllt.<\/p>\n<p>Hat ein Kohlenstoffatom z. B. zwei Bindungen, so m\u00fcssen wir uns hier zwei Wasserstoffatome vorstellen, damit das Kohlenstoffatom vier Bindungen ausbildet. Hat ein Kohlenstoffatom nur eine Bindung, dann sind hier entsprechend drei Wasserstoffatome gebunden.<\/p>\n<p><img decoding=\"async\" loading=\"lazy\" class=\"size-medium wp-image-9299 aligncenter\" src=\"https:\/\/www.studyhelp.de\/online-lernen\/wp-content\/uploads\/2018\/08\/Skelettformel_grundlage-300x120.jpg\" alt=\"\" width=\"300\" height=\"120\" srcset=\"https:\/\/www.studyhelp.de\/online-lernen\/wp-content\/uploads\/2018\/08\/Skelettformel_grundlage-300x120.jpg 300w, https:\/\/www.studyhelp.de\/online-lernen\/wp-content\/uploads\/2018\/08\/Skelettformel_grundlage.jpg 514w\" sizes=\"(max-width: 300px) 100vw, 300px\" \/><\/p>\n<p>Alle anderen Atome werden wie gewohnt mit ihren Elementsymbolen gezeichnet. Auch die Wasserstoffatome von funktionellen Gruppen werden in der Skelettformel mit eingezeichnet:<\/p>\n<p><img decoding=\"async\" loading=\"lazy\" class=\"wp-image-9304 aligncenter\" src=\"https:\/\/www.studyhelp.de\/online-lernen\/wp-content\/uploads\/2018\/08\/Skelettformel_beispiel-1.jpg\" alt=\"\" width=\"769\" height=\"171\" srcset=\"https:\/\/www.studyhelp.de\/online-lernen\/wp-content\/uploads\/2018\/08\/Skelettformel_beispiel-1.jpg 1016w, https:\/\/www.studyhelp.de\/online-lernen\/wp-content\/uploads\/2018\/08\/Skelettformel_beispiel-1-300x67.jpg 300w, https:\/\/www.studyhelp.de\/online-lernen\/wp-content\/uploads\/2018\/08\/Skelettformel_beispiel-1-768x171.jpg 768w\" sizes=\"(max-width: 769px) 100vw, 769px\" \/><\/p>\n<p>&nbsp;<\/p>\n\n<p><strong>Schau dir zum Abschluss das Lernvideo zum Thema Skelettformel an!<\/strong><br \/>\n<div class=\"lyte-wrapper\" style=\"width:420px;max-width:100%;margin:5px;\"><div class=\"lyMe\" id=\"WYL_7K9IBXzXR9s\"><div id=\"lyte_7K9IBXzXR9s\" data-src=\"https:\/\/www.studyhelp.de\/online-lernen\/wp-content\/plugins\/wp-youtube-lyte\/lyteCache.php?origThumbUrl=%2F%2Fi.ytimg.com%2Fvi%2F7K9IBXzXR9s%2Fhqdefault.jpg\" class=\"pL\"><div class=\"tC\"><div class=\"tT\"><\/div><\/div><div class=\"play\"><\/div><div class=\"ctrl\"><div class=\"Lctrl\"><\/div><div class=\"Rctrl\"><\/div><\/div><\/div><noscript><a href=\"https:\/\/youtu.be\/7K9IBXzXR9s\" rel=\"nofollow\"><img src=\"https:\/\/www.studyhelp.de\/online-lernen\/wp-content\/plugins\/wp-youtube-lyte\/lyteCache.php?origThumbUrl=https%3A%2F%2Fi.ytimg.com%2Fvi%2F7K9IBXzXR9s%2F0.jpg\" alt=\"YouTube-Video-Thumbnail\" width=\"420\" height=\"216\" \/><br \/>Dieses Video auf YouTube ansehen<\/a><\/noscript><\/div><\/div><div class=\"lL\" style=\"max-width:100%;width:420px;margin:5px;\"><\/div><\/p>\n","protected":false},"excerpt":{"rendered":"<p>Die Skelettformel (auch Ger\u00fcstformel) Die sogenannte Skelettformel (oder auch\u00a0 Ger\u00fcstformel genannt) wurde entwickelt, um organische Verbindungen \u00fcbersichtlicher, einfacher und schneller darstellen zu k\u00f6nnen. Bisher wurden Strukturformeln ausf\u00fchrlich mit den Elementsymbolen dargestellt. Bei der Skelettformel wird das Elementsymbol C f\u00fcr Kohlenstoffatome und H f\u00fcr Wasserstoffatome nicht mehr gezeichnet. Die Kohlenstoffatome werden durch das Zeichnen der Bindungen [&hellip;]<\/p>\n","protected":false},"author":3,"featured_media":0,"parent":9325,"menu_order":0,"comment_status":"closed","ping_status":"closed","template":"","meta":[],"categories":[47],"tags":[],"yoast_head":"<!-- This site is optimized with the Yoast SEO plugin v14.7 - https:\/\/yoast.com\/wordpress\/plugins\/seo\/ -->\n<title>Die Skelettformel verst\u00e4ndlich erkl\u00e4rt - StudyHelp Online-Lernen<\/title>\n<meta name=\"description\" content=\"Die sogenannte Skelettformel wurde entwickelt, um organische Verbindungen \u00fcbersichtlicher, einfacher und schneller darstellen zu k\u00f6nnen.\" \/>\n<meta name=\"robots\" content=\"index, follow\" \/>\n<meta name=\"googlebot\" content=\"index, follow, max-snippet:-1, max-image-preview:large, max-video-preview:-1\" \/>\n<meta name=\"bingbot\" content=\"index, follow, max-snippet:-1, max-image-preview:large, max-video-preview:-1\" \/>\n<link rel=\"canonical\" href=\"https:\/\/www.studyhelp.de\/online-lernen\/chemie\/skelettformel\/\" \/>\n<meta property=\"og:locale\" content=\"de_DE\" \/>\n<meta property=\"og:type\" content=\"article\" \/>\n<meta property=\"og:title\" content=\"Die Skelettformel verst\u00e4ndlich erkl\u00e4rt - StudyHelp Online-Lernen\" \/>\n<meta property=\"og:description\" content=\"Die sogenannte Skelettformel wurde entwickelt, um organische Verbindungen \u00fcbersichtlicher, einfacher und schneller darstellen zu k\u00f6nnen.\" \/>\n<meta property=\"og:url\" content=\"https:\/\/www.studyhelp.de\/online-lernen\/chemie\/skelettformel\/\" \/>\n<meta property=\"og:site_name\" content=\"StudyHelp Online-Lernen\" \/>\n<meta property=\"article:modified_time\" content=\"2018-11-05T13:40:00+00:00\" \/>\n<meta property=\"og:image\" content=\"https:\/\/www.studyhelp.de\/online-lernen\/wp-content\/uploads\/2018\/08\/Skelettformel_ecken-1-300x160.jpg\" \/>\n<meta name=\"twitter:card\" content=\"summary_large_image\" \/>\n<script type=\"application\/ld+json\" class=\"yoast-schema-graph\">{\"@context\":\"https:\/\/schema.org\",\"@graph\":[{\"@type\":\"WebSite\",\"@id\":\"https:\/\/www.studyhelp.de\/online-lernen\/#website\",\"url\":\"https:\/\/www.studyhelp.de\/online-lernen\/\",\"name\":\"StudyHelp Online-Lernen\",\"description\":\"\",\"potentialAction\":[{\"@type\":\"SearchAction\",\"target\":\"https:\/\/www.studyhelp.de\/online-lernen\/?s={search_term_string}\",\"query-input\":\"required name=search_term_string\"}],\"inLanguage\":\"de-DE\"},{\"@type\":\"ImageObject\",\"@id\":\"https:\/\/www.studyhelp.de\/online-lernen\/chemie\/skelettformel\/#primaryimage\",\"inLanguage\":\"de-DE\",\"url\":\"https:\/\/www.studyhelp.de\/online-lernen\/wp-content\/uploads\/2018\/08\/Skelettformel_ecken-1.jpg\",\"width\":799,\"height\":425},{\"@type\":\"WebPage\",\"@id\":\"https:\/\/www.studyhelp.de\/online-lernen\/chemie\/skelettformel\/#webpage\",\"url\":\"https:\/\/www.studyhelp.de\/online-lernen\/chemie\/skelettformel\/\",\"name\":\"Die Skelettformel verst\\u00e4ndlich erkl\\u00e4rt - StudyHelp Online-Lernen\",\"isPartOf\":{\"@id\":\"https:\/\/www.studyhelp.de\/online-lernen\/#website\"},\"primaryImageOfPage\":{\"@id\":\"https:\/\/www.studyhelp.de\/online-lernen\/chemie\/skelettformel\/#primaryimage\"},\"datePublished\":\"2018-08-03T12:03:34+00:00\",\"dateModified\":\"2018-11-05T13:40:00+00:00\",\"description\":\"Die sogenannte Skelettformel wurde entwickelt, um organische Verbindungen \\u00fcbersichtlicher, einfacher und schneller darstellen zu k\\u00f6nnen.\",\"inLanguage\":\"de-DE\",\"potentialAction\":[{\"@type\":\"ReadAction\",\"target\":[\"https:\/\/www.studyhelp.de\/online-lernen\/chemie\/skelettformel\/\"]}]}]}<\/script>\n<!-- \/ Yoast SEO plugin. -->","_links":{"self":[{"href":"https:\/\/www.studyhelp.de\/online-lernen\/wp-json\/wp\/v2\/pages\/9293"}],"collection":[{"href":"https:\/\/www.studyhelp.de\/online-lernen\/wp-json\/wp\/v2\/pages"}],"about":[{"href":"https:\/\/www.studyhelp.de\/online-lernen\/wp-json\/wp\/v2\/types\/page"}],"author":[{"embeddable":true,"href":"https:\/\/www.studyhelp.de\/online-lernen\/wp-json\/wp\/v2\/users\/3"}],"replies":[{"embeddable":true,"href":"https:\/\/www.studyhelp.de\/online-lernen\/wp-json\/wp\/v2\/comments?post=9293"}],"version-history":[{"count":11,"href":"https:\/\/www.studyhelp.de\/online-lernen\/wp-json\/wp\/v2\/pages\/9293\/revisions"}],"predecessor-version":[{"id":11251,"href":"https:\/\/www.studyhelp.de\/online-lernen\/wp-json\/wp\/v2\/pages\/9293\/revisions\/11251"}],"up":[{"embeddable":true,"href":"https:\/\/www.studyhelp.de\/online-lernen\/wp-json\/wp\/v2\/pages\/9325"}],"wp:attachment":[{"href":"https:\/\/www.studyhelp.de\/online-lernen\/wp-json\/wp\/v2\/media?parent=9293"}],"wp:term":[{"taxonomy":"category","embeddable":true,"href":"https:\/\/www.studyhelp.de\/online-lernen\/wp-json\/wp\/v2\/categories?post=9293"},{"taxonomy":"post_tag","embeddable":true,"href":"https:\/\/www.studyhelp.de\/online-lernen\/wp-json\/wp\/v2\/tags?post=9293"}],"curies":[{"name":"wp","href":"https:\/\/api.w.org\/{rel}","templated":true}]}}