{"id":9312,"date":"2018-08-03T15:19:45","date_gmt":"2018-08-03T13:19:45","guid":{"rendered":"https:\/\/www.studyhelp.de\/online-lernen\/?page_id=9312"},"modified":"2020-01-15T11:10:35","modified_gmt":"2020-01-15T10:10:35","slug":"isomerie","status":"publish","type":"page","link":"https:\/\/www.studyhelp.de\/online-lernen\/chemie\/isomerie\/","title":{"rendered":"Isomerie"},"content":{"rendered":"<p>Unter <strong>Isomerie<\/strong> versteht man folgendes: zwei oder mehrere Verbindungen haben die gleiche Summenformel und somit auch die gleiche Molek\u00fclmasse. Jedoch sind die Atome unterschiedlich verkn\u00fcpft oder r\u00e4umlich angeordnet.<\/p>\n\n<p>Es gibt dabei verschiedene Arten von Isomerie. Im Folgenden ist eine \u00dcbersicht abgebildet:<\/p>\n<p><img decoding=\"async\" loading=\"lazy\" class=\"aligncenter wp-image-9313\" title=\"Isomerie \u00dcbersicht\" src=\"https:\/\/www.studyhelp.de\/online-lernen\/wp-content\/uploads\/2018\/08\/Isomerie_\u00dcbersicht.jpg\" alt=\"Isomerie \u00dcbersicht\" width=\"667\" height=\"406\" srcset=\"https:\/\/www.studyhelp.de\/online-lernen\/wp-content\/uploads\/2018\/08\/Isomerie_\u00dcbersicht.jpg 890w, https:\/\/www.studyhelp.de\/online-lernen\/wp-content\/uploads\/2018\/08\/Isomerie_\u00dcbersicht-300x183.jpg 300w, https:\/\/www.studyhelp.de\/online-lernen\/wp-content\/uploads\/2018\/08\/Isomerie_\u00dcbersicht-768x468.jpg 768w\" sizes=\"(max-width: 667px) 100vw, 667px\" \/><\/p>\n<p><strong>Schau dir zum Einstieg das Erkl\u00e4rvideo zum Thema Isomerie von Die Merkhilfe an!<\/strong><br \/>\n<div class=\"lyte-wrapper\" style=\"width:420px;max-width:100%;margin:5px;\"><div class=\"lyMe\" id=\"WYL_OET-kLUwz00\"><div id=\"lyte_OET-kLUwz00\" data-src=\"https:\/\/www.studyhelp.de\/online-lernen\/wp-content\/plugins\/wp-youtube-lyte\/lyteCache.php?origThumbUrl=%2F%2Fi.ytimg.com%2Fvi%2FOET-kLUwz00%2Fhqdefault.jpg\" class=\"pL\"><div class=\"tC\"><div class=\"tT\"><\/div><\/div><div class=\"play\"><\/div><div class=\"ctrl\"><div class=\"Lctrl\"><\/div><div class=\"Rctrl\"><\/div><\/div><\/div><noscript><a href=\"https:\/\/youtu.be\/OET-kLUwz00\" rel=\"nofollow\"><img src=\"https:\/\/www.studyhelp.de\/online-lernen\/wp-content\/plugins\/wp-youtube-lyte\/lyteCache.php?origThumbUrl=https%3A%2F%2Fi.ytimg.com%2Fvi%2FOET-kLUwz00%2F0.jpg\" alt=\"YouTube-Video-Thumbnail\" width=\"420\" height=\"216\" \/><br \/>Dieses Video auf YouTube ansehen<\/a><\/noscript><\/div><\/div><div class=\"lL\" style=\"max-width:100%;width:420px;margin:5px;\"><\/div><\/p>\n<h2 class=\"anchor\" id=\"isomerie-arten\">Isomerie Arten &#8211; Konstitutionsisomerie<\/h2>\n<p>Unter <strong>Konstitutionsisomerie<\/strong> versteht man die Isomerie, bei der zwei oder mehrere Molek\u00fcle die gleiche Summenformel besitzen, die Atome jedoch unterschiedlich miteinander verkn\u00fcpft sind.<\/p>\n<p>Bsp.: Betrachten wir die Summenformel $C_5 H_{12}$. Hier k\u00f6nnen drei verschiedene Verkn\u00fcpfungen vorgenommen werden, sodass die Anzahl der Kohlenstoff- und Wasserstoffatome immer dieselbe ist. Folgende Molek\u00fcle k\u00f6nnen aus dieser Summenformel gebildet werden:<\/p>\n<p><img decoding=\"async\" loading=\"lazy\" class=\"aligncenter wp-image-9317 size-full\" title=\"Isomerie \u00dcbersicht - Konstitutionsisomerie\" src=\"https:\/\/www.studyhelp.de\/online-lernen\/wp-content\/uploads\/2018\/08\/Isomerie_\u00dcbersicht_summenformel.jpg\" alt=\"Isomerie \u00dcbersicht - Konstitutionsisomerie\" width=\"896\" height=\"595\" srcset=\"https:\/\/www.studyhelp.de\/online-lernen\/wp-content\/uploads\/2018\/08\/Isomerie_\u00dcbersicht_summenformel.jpg 896w, https:\/\/www.studyhelp.de\/online-lernen\/wp-content\/uploads\/2018\/08\/Isomerie_\u00dcbersicht_summenformel-300x199.jpg 300w, https:\/\/www.studyhelp.de\/online-lernen\/wp-content\/uploads\/2018\/08\/Isomerie_\u00dcbersicht_summenformel-768x510.jpg 768w\" sizes=\"(max-width: 896px) 100vw, 896px\" \/><\/p>\n<p>Unter <strong>Stereoisomerie<\/strong> versteht man die Isomerie, bei der zwei oder mehrere Molek\u00fcle die gleiche Summenformel besitzen, die Atome an denselben Stellen verkn\u00fcpft sind, sich aber in der r\u00e4umlichen Anordnung unterscheiden. Dabei k\u00f6nnen noch weitere Arten unterschieden werden:<\/p>\n<ol>\n<li>Bei der <strong>Konformationsisomerie<\/strong> handelt es sich um die unterschiedliche r\u00e4umliche Anordnung von Atomgruppen innerhalb eines Molek\u00fcls, die sich durch die Drehung um eine Einfachbindung ergibt. Durch eine solche Drehung k\u00f6nnen bestimmte Atomgruppen n\u00e4her oder weiter entfernt angeordnet sein. In der folgenden Abbildung schaut man jeweils von links auf das Molek\u00fcl, wodurch die beiden Kohlenstoffatome hintereinanderliegen. In den unteren Darstellungen ist das hintere Kohlenstoffatom durch den Kreis dargestellt. Die untereinanderliegenden Molek\u00fcle sind also identisch.\n\n<p><img decoding=\"async\" loading=\"lazy\" class=\"aligncenter wp-image-9318 size-full\" title=\"Isomerie \u00dcbersicht - Konformationsisomerie\" src=\"https:\/\/www.studyhelp.de\/online-lernen\/wp-content\/uploads\/2018\/08\/Konformationsisomerie.jpg\" alt=\"Isomerie \u00dcbersicht - Konformationsisomerie\" width=\"539\" height=\"326\" srcset=\"https:\/\/www.studyhelp.de\/online-lernen\/wp-content\/uploads\/2018\/08\/Konformationsisomerie.jpg 539w, https:\/\/www.studyhelp.de\/online-lernen\/wp-content\/uploads\/2018\/08\/Konformationsisomerie-300x181.jpg 300w\" sizes=\"(max-width: 539px) 100vw, 539px\" \/>Bei dieser Art von Isomerie k\u00f6nnen die Molek\u00fcle durch Drehungen um Einfachbindungen ineinander \u00fcberf\u00fchrt werden.<\/li>\n<li>Bei <strong>Konfigurationsisomeren<\/strong> handelt es sich ebenfalls um Molek\u00fcle, die sich in der r\u00e4umlichen Anordnung der Atome unterscheiden. Im Gegensatz zu den Konformationsisomeren k\u00f6nnen diese Molek\u00fcle nicht durch Drehung um Einfachbindungen ineinander \u00fcberf\u00fchrt werden. Man unterscheidet hier Diastereomerie und Enantiomerie.<strong>Diastereomere<\/strong> sind Isomere, die sich durch Drehung um Einfachbindungen nicht ineinander \u00fcberf\u00fchren lassen und sich dabei auch nicht wie Bild und Spiegelbild verhalten. Das findet man vor allem bei Doppelbindungen und Kohlenhydraten. Enantiomere sind Molek\u00fcle, die sich gegenseitig verhalten wie Bild und Spiegelbild.\n<p><img decoding=\"async\" loading=\"lazy\" class=\"aligncenter wp-image-9319 size-full\" title=\"Isomerie \u00dcbersicht - Kondifurationsisomerie\" src=\"https:\/\/www.studyhelp.de\/online-lernen\/wp-content\/uploads\/2018\/08\/2-Hand-Regel.jpg\" alt=\"Isomerie \u00dcbersicht - Kondifurationsisomerie\" width=\"349\" height=\"275\" srcset=\"https:\/\/www.studyhelp.de\/online-lernen\/wp-content\/uploads\/2018\/08\/2-Hand-Regel.jpg 349w, https:\/\/www.studyhelp.de\/online-lernen\/wp-content\/uploads\/2018\/08\/2-Hand-Regel-300x236.jpg 300w\" sizes=\"(max-width: 349px) 100vw, 349px\" \/><\/li>\n<\/ol>\n\n","protected":false},"excerpt":{"rendered":"<p>Unter Isomerie versteht man folgendes: zwei oder mehrere Verbindungen haben die gleiche Summenformel und somit auch die gleiche Molek\u00fclmasse. Jedoch sind die Atome unterschiedlich verkn\u00fcpft oder r\u00e4umlich angeordnet. Es gibt dabei verschiedene Arten von Isomerie. Im Folgenden ist eine \u00dcbersicht abgebildet: Schau dir zum Einstieg das Erkl\u00e4rvideo zum Thema Isomerie von Die Merkhilfe an! Dieses [&hellip;]<\/p>\n","protected":false},"author":3,"featured_media":0,"parent":9325,"menu_order":0,"comment_status":"closed","ping_status":"closed","template":"","meta":[],"categories":[47],"tags":[],"yoast_head":"<!-- This site is optimized with the Yoast SEO plugin v14.7 - https:\/\/yoast.com\/wordpress\/plugins\/seo\/ -->\n<title>Isomerie [Chemie Grundlagen] - StudyHelp Online-Lernen<\/title>\n<meta name=\"description\" content=\"Isomerie bedeutet: zwei oder mehrere Verbindungen haben die gleiche Summenformel und somit auch die gleiche Molek\u00fclmasse. Jedoch...\" \/>\n<meta name=\"robots\" content=\"index, follow\" \/>\n<meta name=\"googlebot\" content=\"index, follow, max-snippet:-1, max-image-preview:large, max-video-preview:-1\" \/>\n<meta name=\"bingbot\" content=\"index, follow, max-snippet:-1, max-image-preview:large, max-video-preview:-1\" \/>\n<link rel=\"canonical\" href=\"https:\/\/www.studyhelp.de\/online-lernen\/chemie\/isomerie\/\" \/>\n<meta property=\"og:locale\" content=\"de_DE\" \/>\n<meta property=\"og:type\" content=\"article\" \/>\n<meta property=\"og:title\" content=\"Isomerie [Chemie Grundlagen] - StudyHelp Online-Lernen\" \/>\n<meta property=\"og:description\" content=\"Isomerie bedeutet: zwei oder mehrere Verbindungen haben die gleiche Summenformel und somit auch die gleiche Molek\u00fclmasse. Jedoch...\" \/>\n<meta property=\"og:url\" content=\"https:\/\/www.studyhelp.de\/online-lernen\/chemie\/isomerie\/\" \/>\n<meta property=\"og:site_name\" content=\"StudyHelp Online-Lernen\" \/>\n<meta property=\"article:modified_time\" content=\"2020-01-15T10:10:35+00:00\" \/>\n<meta property=\"og:image\" content=\"https:\/\/www.studyhelp.de\/online-lernen\/wp-content\/uploads\/2018\/08\/Isomerie_\u00dcbersicht.jpg\" \/>\n<meta name=\"twitter:card\" content=\"summary_large_image\" \/>\n<script type=\"application\/ld+json\" class=\"yoast-schema-graph\">{\"@context\":\"https:\/\/schema.org\",\"@graph\":[{\"@type\":\"WebSite\",\"@id\":\"https:\/\/www.studyhelp.de\/online-lernen\/#website\",\"url\":\"https:\/\/www.studyhelp.de\/online-lernen\/\",\"name\":\"StudyHelp Online-Lernen\",\"description\":\"\",\"potentialAction\":[{\"@type\":\"SearchAction\",\"target\":\"https:\/\/www.studyhelp.de\/online-lernen\/?s={search_term_string}\",\"query-input\":\"required name=search_term_string\"}],\"inLanguage\":\"de-DE\"},{\"@type\":\"ImageObject\",\"@id\":\"https:\/\/www.studyhelp.de\/online-lernen\/chemie\/isomerie\/#primaryimage\",\"inLanguage\":\"de-DE\",\"url\":\"https:\/\/www.studyhelp.de\/online-lernen\/wp-content\/uploads\/2018\/08\/Isomerie_\\u00dcbersicht.jpg\",\"width\":890,\"height\":542},{\"@type\":\"WebPage\",\"@id\":\"https:\/\/www.studyhelp.de\/online-lernen\/chemie\/isomerie\/#webpage\",\"url\":\"https:\/\/www.studyhelp.de\/online-lernen\/chemie\/isomerie\/\",\"name\":\"Isomerie [Chemie Grundlagen] - StudyHelp Online-Lernen\",\"isPartOf\":{\"@id\":\"https:\/\/www.studyhelp.de\/online-lernen\/#website\"},\"primaryImageOfPage\":{\"@id\":\"https:\/\/www.studyhelp.de\/online-lernen\/chemie\/isomerie\/#primaryimage\"},\"datePublished\":\"2018-08-03T13:19:45+00:00\",\"dateModified\":\"2020-01-15T10:10:35+00:00\",\"description\":\"Isomerie bedeutet: zwei oder mehrere Verbindungen haben die gleiche Summenformel und somit auch die gleiche Molek\\u00fclmasse. Jedoch...\",\"inLanguage\":\"de-DE\",\"potentialAction\":[{\"@type\":\"ReadAction\",\"target\":[\"https:\/\/www.studyhelp.de\/online-lernen\/chemie\/isomerie\/\"]}]}]}<\/script>\n<!-- \/ Yoast SEO plugin. -->","_links":{"self":[{"href":"https:\/\/www.studyhelp.de\/online-lernen\/wp-json\/wp\/v2\/pages\/9312"}],"collection":[{"href":"https:\/\/www.studyhelp.de\/online-lernen\/wp-json\/wp\/v2\/pages"}],"about":[{"href":"https:\/\/www.studyhelp.de\/online-lernen\/wp-json\/wp\/v2\/types\/page"}],"author":[{"embeddable":true,"href":"https:\/\/www.studyhelp.de\/online-lernen\/wp-json\/wp\/v2\/users\/3"}],"replies":[{"embeddable":true,"href":"https:\/\/www.studyhelp.de\/online-lernen\/wp-json\/wp\/v2\/comments?post=9312"}],"version-history":[{"count":13,"href":"https:\/\/www.studyhelp.de\/online-lernen\/wp-json\/wp\/v2\/pages\/9312\/revisions"}],"predecessor-version":[{"id":15364,"href":"https:\/\/www.studyhelp.de\/online-lernen\/wp-json\/wp\/v2\/pages\/9312\/revisions\/15364"}],"up":[{"embeddable":true,"href":"https:\/\/www.studyhelp.de\/online-lernen\/wp-json\/wp\/v2\/pages\/9325"}],"wp:attachment":[{"href":"https:\/\/www.studyhelp.de\/online-lernen\/wp-json\/wp\/v2\/media?parent=9312"}],"wp:term":[{"taxonomy":"category","embeddable":true,"href":"https:\/\/www.studyhelp.de\/online-lernen\/wp-json\/wp\/v2\/categories?post=9312"},{"taxonomy":"post_tag","embeddable":true,"href":"https:\/\/www.studyhelp.de\/online-lernen\/wp-json\/wp\/v2\/tags?post=9312"}],"curies":[{"name":"wp","href":"https:\/\/api.w.org\/{rel}","templated":true}]}}