{"id":9334,"date":"2018-08-06T15:06:36","date_gmt":"2018-08-06T13:06:36","guid":{"rendered":"https:\/\/www.studyhelp.de\/online-lernen\/?page_id=9334"},"modified":"2020-01-15T11:11:53","modified_gmt":"2020-01-15T10:11:53","slug":"mesomerie","status":"publish","type":"page","link":"https:\/\/www.studyhelp.de\/online-lernen\/chemie\/mesomerie\/","title":{"rendered":"Mesomerie"},"content":{"rendered":"<h2>Was ist Mesomerie?<\/h2>\n<p>Der Begriff Mesomerie beschreibt das Ph\u00e4nomen, bei dem Bindungsverh\u00e4ltnisse von manchen Molek\u00fclen nicht durch eine einzige Strukturformel dargestellt werden k\u00f6nnen.<\/p>\n<p>Eine einzige Strukturformel reicht nicht aus, da der Zustand mancher Molek\u00fcls nicht starr ist, sondern sich st\u00e4ndig anpasst. Diese Anpassung erfolgt durch \u00e4u\u00dferlichen Einfl\u00fcssen. So k\u00f6nnen sich Elektronen in einem Molek\u00fcl verschieben. Durch diese Verschiebung ver\u00e4ndern sich auch die Bindungsverh\u00e4ltnisse. Diese sich \u00e4ndernden Bindungsverh\u00e4ltnisse werden durch Grenzstrukturen dargestellt, die den Zustand des Molek\u00fcls versuchen zu beschreiben.<\/p>\n<p>Wichtig: Durch die st\u00e4ndige Ver\u00e4nderung des Molek\u00fcls befindet sich dessen Zustand in der Realit\u00e4t zwischen den Grenzstrukturen und kann nicht klar erfasst werden.<br \/>\nEs gilt auch: Je mehr mesomere Grenzstrukturen es zu einem Molek\u00fcl gibt, desto stabiler ist es.<\/p>\n<p>Die Elektronen dieser Molek\u00fcle sind delokalisiert. Dies bedeutet, dass sie nicht einem bestimmten Atom zugeordnet werden k\u00f6nnen, sondern sich bewegen.<\/p>\n<p>Die einzelnen Grenzstrukturen werden mit einem sogenannten Mesomerie-Pfeil \u2194 symbolisiert (diesen bitte nicht mit einem Gleichgewichtspfeil verwechseln).<br \/>\nM\u00f6chte man nun die verschiedenen Grenzstrukturen eines Molek\u00fcls aufstellen, so muss man diese Regeln befolgen:<\/p>\n<div class=\"box info\">\n<ol>\n<li>Elektronenpaare \u2013 entweder freie Elektronenpaare oder Elektronenpaare aus Doppelbindungen \u2013 werden umgeklappt.<\/li>\n<li>Elektronenpaare k\u00f6nnen immer nur zum Nachbaratom geklappt werden und nicht \u00fcber zwei Atome hinweg.<\/li>\n<li>Sind an dem Atom, zu dem das Elektronenpaar geklappt wurde nun zu viele Elektronen, so muss hier ein Elektronenpaar weggeklappt werden. Wenn das nicht geht, ist diese Grenzstruktur nicht m\u00f6glich.<\/li>\n<\/ol>\n<p>Am Besten schauen wir uns das an einem Beispiel an!<br \/>\n<\/div>\n<p><strong>Zur weiteren Vertiefung schau dir das Lernvideo zum Thema Mesomerie von Die Merkhilfe an!<\/strong><br \/>\n<div class=\"lyte-wrapper\" style=\"width:420px;max-width:100%;margin:5px;\"><div class=\"lyMe\" id=\"WYL_Tc7xMauoyeU\"><div id=\"lyte_Tc7xMauoyeU\" data-src=\"https:\/\/www.studyhelp.de\/online-lernen\/wp-content\/plugins\/wp-youtube-lyte\/lyteCache.php?origThumbUrl=%2F%2Fi.ytimg.com%2Fvi%2FTc7xMauoyeU%2Fhqdefault.jpg\" class=\"pL\"><div class=\"tC\"><div class=\"tT\"><\/div><\/div><div class=\"play\"><\/div><div class=\"ctrl\"><div class=\"Lctrl\"><\/div><div class=\"Rctrl\"><\/div><\/div><\/div><noscript><a href=\"https:\/\/youtu.be\/Tc7xMauoyeU\" rel=\"nofollow\"><img src=\"https:\/\/www.studyhelp.de\/online-lernen\/wp-content\/plugins\/wp-youtube-lyte\/lyteCache.php?origThumbUrl=https%3A%2F%2Fi.ytimg.com%2Fvi%2FTc7xMauoyeU%2F0.jpg\" alt=\"YouTube-Video-Thumbnail\" width=\"420\" height=\"216\" \/><br \/>Dieses Video auf YouTube ansehen<\/a><\/noscript><\/div><\/div><div class=\"lL\" style=\"max-width:100%;width:420px;margin:5px;\"><\/div><\/p>\n<h2>Mesomerie Beispiel: Benzol<\/h2>\n<p>Das folgende Beispiel kann auf den ersten Blick unverst\u00e4ndlich wirken. Nehmt euch die n\u00f6tige Zeit um es nachzuvollziehen!<\/p>\n<p><img decoding=\"async\" loading=\"lazy\" class=\"wp-image-9335 aligncenter\" src=\"https:\/\/www.studyhelp.de\/online-lernen\/wp-content\/uploads\/2018\/08\/Mesomerie.jpg\" alt=\"Mesomerie Benzol\" width=\"538\" height=\"322\" srcset=\"https:\/\/www.studyhelp.de\/online-lernen\/wp-content\/uploads\/2018\/08\/Mesomerie.jpg 1065w, https:\/\/www.studyhelp.de\/online-lernen\/wp-content\/uploads\/2018\/08\/Mesomerie-300x179.jpg 300w, https:\/\/www.studyhelp.de\/online-lernen\/wp-content\/uploads\/2018\/08\/Mesomerie-768x459.jpg 768w, https:\/\/www.studyhelp.de\/online-lernen\/wp-content\/uploads\/2018\/08\/Mesomerie-1024x612.jpg 1024w\" sizes=\"(max-width: 538px) 100vw, 538px\" \/><\/p>\n<p>Wird das erste Elektronenpaar (hier aus einer Doppelbindung) zum Nachbaratom geklappt, so wird aus der Doppelbindung ein freies Elektronenpaar am Kohlenstoffatom.<\/p>\n<p>Klappen wir dieses Elektronenpaar nun eine Position weiter, so bekommen wir am oberen Kohlenstoffatom ein Problem (Grenzstruktur 3), da f\u00fcnf Bindungen am Kohlenstoffatom sind, jedoch nur vier m\u00f6glich w\u00e4ren (hier nicht vergessen, dass an jedem Kohlenstoffatom noch ein Wasserstoffatom gebunden ist).<\/p>\n\n<p>Also m\u00fcssen wir hier das Elektronenpaar der Doppelbindung weiterklappen. Hierbei entsteht wieder ein freies Elektronenpaar an einem Kohlenstoffatom. Dieses Verfahren wird so lange wiederholt, bis wir wieder bei der urspr\u00fcnglichen Grenzstruktur ankommen. In diesem Fall entstehen dann acht m\u00f6gliche Grenzstrukturformeln.<\/p>\n<p><img decoding=\"async\" loading=\"lazy\" class=\"wp-image-9336 aligncenter\" src=\"https:\/\/www.studyhelp.de\/online-lernen\/wp-content\/uploads\/2018\/08\/Mesomerie-Beispiel-2.jpg\" alt=\"Mesomerie Beispiel 2\" width=\"633\" height=\"243\" srcset=\"https:\/\/www.studyhelp.de\/online-lernen\/wp-content\/uploads\/2018\/08\/Mesomerie-Beispiel-2.jpg 1065w, https:\/\/www.studyhelp.de\/online-lernen\/wp-content\/uploads\/2018\/08\/Mesomerie-Beispiel-2-300x115.jpg 300w, https:\/\/www.studyhelp.de\/online-lernen\/wp-content\/uploads\/2018\/08\/Mesomerie-Beispiel-2-768x295.jpg 768w, https:\/\/www.studyhelp.de\/online-lernen\/wp-content\/uploads\/2018\/08\/Mesomerie-Beispiel-2-1024x393.jpg 1024w\" sizes=\"(max-width: 633px) 100vw, 633px\" \/><\/p>\n<h2>Mesomerie Beispiel: Anilin<\/h2>\n<p><img decoding=\"async\" loading=\"lazy\" class=\"wp-image-9337 aligncenter\" src=\"https:\/\/www.studyhelp.de\/online-lernen\/wp-content\/uploads\/2018\/08\/Mesomerie-Beispiel-Anilin.jpg\" alt=\"Mesomerie Beispiel Anilin\" width=\"628\" height=\"163\" srcset=\"https:\/\/www.studyhelp.de\/online-lernen\/wp-content\/uploads\/2018\/08\/Mesomerie-Beispiel-Anilin.jpg 1063w, https:\/\/www.studyhelp.de\/online-lernen\/wp-content\/uploads\/2018\/08\/Mesomerie-Beispiel-Anilin-300x78.jpg 300w, https:\/\/www.studyhelp.de\/online-lernen\/wp-content\/uploads\/2018\/08\/Mesomerie-Beispiel-Anilin-768x199.jpg 768w, https:\/\/www.studyhelp.de\/online-lernen\/wp-content\/uploads\/2018\/08\/Mesomerie-Beispiel-Anilin-1024x266.jpg 1024w\" sizes=\"(max-width: 628px) 100vw, 628px\" \/><\/p>\n","protected":false},"excerpt":{"rendered":"<p>Was ist Mesomerie? Der Begriff Mesomerie beschreibt das Ph\u00e4nomen, bei dem Bindungsverh\u00e4ltnisse von manchen Molek\u00fclen nicht durch eine einzige Strukturformel dargestellt werden k\u00f6nnen. Eine einzige Strukturformel reicht nicht aus, da der Zustand mancher Molek\u00fcls nicht starr ist, sondern sich st\u00e4ndig anpasst. Diese Anpassung erfolgt durch \u00e4u\u00dferlichen Einfl\u00fcssen. So k\u00f6nnen sich Elektronen in einem Molek\u00fcl verschieben. [&hellip;]<\/p>\n","protected":false},"author":3,"featured_media":0,"parent":9325,"menu_order":0,"comment_status":"closed","ping_status":"closed","template":"","meta":[],"categories":[47],"tags":[],"yoast_head":"<!-- This site is optimized with the Yoast SEO plugin v14.7 - https:\/\/yoast.com\/wordpress\/plugins\/seo\/ -->\n<title>Mesomerie [Chemie Grundlagen] - StudyHelp Online-Lernen<\/title>\n<meta name=\"description\" content=\"Mesomerie beschreibt das Ph\u00e4nomen, bei dem die Bindungsverh\u00e4ltnisse von manchen Molek\u00fclen nicht durch eine einzige Strukturformel dargestellt werden k\u00f6nnen.\" \/>\n<meta name=\"robots\" content=\"index, follow\" \/>\n<meta name=\"googlebot\" content=\"index, follow, max-snippet:-1, max-image-preview:large, max-video-preview:-1\" \/>\n<meta name=\"bingbot\" content=\"index, follow, max-snippet:-1, max-image-preview:large, max-video-preview:-1\" \/>\n<link rel=\"canonical\" href=\"https:\/\/www.studyhelp.de\/online-lernen\/chemie\/mesomerie\/\" \/>\n<meta property=\"og:locale\" content=\"de_DE\" \/>\n<meta property=\"og:type\" content=\"article\" \/>\n<meta property=\"og:title\" content=\"Mesomerie [Chemie Grundlagen] - StudyHelp Online-Lernen\" \/>\n<meta property=\"og:description\" content=\"Mesomerie beschreibt das Ph\u00e4nomen, bei dem die Bindungsverh\u00e4ltnisse von manchen Molek\u00fclen nicht durch eine einzige Strukturformel dargestellt werden k\u00f6nnen.\" \/>\n<meta property=\"og:url\" content=\"https:\/\/www.studyhelp.de\/online-lernen\/chemie\/mesomerie\/\" \/>\n<meta property=\"og:site_name\" content=\"StudyHelp Online-Lernen\" \/>\n<meta property=\"article:modified_time\" content=\"2020-01-15T10:11:53+00:00\" \/>\n<meta property=\"og:image\" content=\"https:\/\/www.studyhelp.de\/online-lernen\/wp-content\/uploads\/2018\/08\/Mesomerie.jpg\" \/>\n<meta name=\"twitter:card\" content=\"summary_large_image\" \/>\n<script type=\"application\/ld+json\" class=\"yoast-schema-graph\">{\"@context\":\"https:\/\/schema.org\",\"@graph\":[{\"@type\":\"WebSite\",\"@id\":\"https:\/\/www.studyhelp.de\/online-lernen\/#website\",\"url\":\"https:\/\/www.studyhelp.de\/online-lernen\/\",\"name\":\"StudyHelp Online-Lernen\",\"description\":\"\",\"potentialAction\":[{\"@type\":\"SearchAction\",\"target\":\"https:\/\/www.studyhelp.de\/online-lernen\/?s={search_term_string}\",\"query-input\":\"required name=search_term_string\"}],\"inLanguage\":\"de-DE\"},{\"@type\":\"ImageObject\",\"@id\":\"https:\/\/www.studyhelp.de\/online-lernen\/chemie\/mesomerie\/#primaryimage\",\"inLanguage\":\"de-DE\",\"url\":\"https:\/\/www.studyhelp.de\/online-lernen\/wp-content\/uploads\/2018\/08\/Mesomerie.jpg\",\"width\":1065,\"height\":637,\"caption\":\"Mesomerie Benzol\"},{\"@type\":\"WebPage\",\"@id\":\"https:\/\/www.studyhelp.de\/online-lernen\/chemie\/mesomerie\/#webpage\",\"url\":\"https:\/\/www.studyhelp.de\/online-lernen\/chemie\/mesomerie\/\",\"name\":\"Mesomerie [Chemie Grundlagen] - StudyHelp Online-Lernen\",\"isPartOf\":{\"@id\":\"https:\/\/www.studyhelp.de\/online-lernen\/#website\"},\"primaryImageOfPage\":{\"@id\":\"https:\/\/www.studyhelp.de\/online-lernen\/chemie\/mesomerie\/#primaryimage\"},\"datePublished\":\"2018-08-06T13:06:36+00:00\",\"dateModified\":\"2020-01-15T10:11:53+00:00\",\"description\":\"Mesomerie beschreibt das Ph\\u00e4nomen, bei dem die Bindungsverh\\u00e4ltnisse von manchen Molek\\u00fclen nicht durch eine einzige Strukturformel dargestellt werden k\\u00f6nnen.\",\"inLanguage\":\"de-DE\",\"potentialAction\":[{\"@type\":\"ReadAction\",\"target\":[\"https:\/\/www.studyhelp.de\/online-lernen\/chemie\/mesomerie\/\"]}]}]}<\/script>\n<!-- \/ Yoast SEO plugin. -->","_links":{"self":[{"href":"https:\/\/www.studyhelp.de\/online-lernen\/wp-json\/wp\/v2\/pages\/9334"}],"collection":[{"href":"https:\/\/www.studyhelp.de\/online-lernen\/wp-json\/wp\/v2\/pages"}],"about":[{"href":"https:\/\/www.studyhelp.de\/online-lernen\/wp-json\/wp\/v2\/types\/page"}],"author":[{"embeddable":true,"href":"https:\/\/www.studyhelp.de\/online-lernen\/wp-json\/wp\/v2\/users\/3"}],"replies":[{"embeddable":true,"href":"https:\/\/www.studyhelp.de\/online-lernen\/wp-json\/wp\/v2\/comments?post=9334"}],"version-history":[{"count":9,"href":"https:\/\/www.studyhelp.de\/online-lernen\/wp-json\/wp\/v2\/pages\/9334\/revisions"}],"predecessor-version":[{"id":15365,"href":"https:\/\/www.studyhelp.de\/online-lernen\/wp-json\/wp\/v2\/pages\/9334\/revisions\/15365"}],"up":[{"embeddable":true,"href":"https:\/\/www.studyhelp.de\/online-lernen\/wp-json\/wp\/v2\/pages\/9325"}],"wp:attachment":[{"href":"https:\/\/www.studyhelp.de\/online-lernen\/wp-json\/wp\/v2\/media?parent=9334"}],"wp:term":[{"taxonomy":"category","embeddable":true,"href":"https:\/\/www.studyhelp.de\/online-lernen\/wp-json\/wp\/v2\/categories?post=9334"},{"taxonomy":"post_tag","embeddable":true,"href":"https:\/\/www.studyhelp.de\/online-lernen\/wp-json\/wp\/v2\/tags?post=9334"}],"curies":[{"name":"wp","href":"https:\/\/api.w.org\/{rel}","templated":true}]}}