{"id":941,"date":"2016-02-10T09:26:10","date_gmt":"2016-02-10T08:26:10","guid":{"rendered":"https:\/\/www.studyhelp.de\/mathe\/?page_id=941"},"modified":"2020-01-30T15:47:52","modified_gmt":"2020-01-30T14:47:52","slug":"satz-des-pythagoras","status":"publish","type":"page","link":"https:\/\/www.studyhelp.de\/online-lernen\/mathe\/satz-des-pythagoras\/","title":{"rendered":"Satz des Pythagoras"},"content":{"rendered":"\n<p>Dieser Artikel bietet dir Erkl\u00e4rungen, Aufgaben und Videos zum &#8222;Satz des Pythagoras&#8220;. Im speziellen gehen wir auf folgende Themen ein:<\/p>\n<ul>\n<li><a href=\"#allgemeines\">Allgemeines zum Satz des Pythagoras<\/a><\/li>\n<li><a href=\"#gleichschenklige-gleichseitige-dreiecke\">Der Satz des Pythagoras im gleichschenkligen und im gleichseitigen Dreieck<\/a><\/li>\n<li><a href=\"#hoehen-kathetensatz\">H\u00f6hen- und Kathetensatz<\/a><\/li>\n<\/ul>\n\n<h2 class=\"anchor\" id=\"allgemeines\">Allgemeines zum Satz des Pythagoras<\/h2>\n<p>Der Satz des Pythagoras <strong>darf nur in rechtwinkligen Dreiecken angewendet werden.<\/strong> Dazu betrachten wir die folgende Abbildung:<img decoding=\"async\" loading=\"lazy\" class=\"aligncenter wp-image-1233\" src=\"https:\/\/www.studyhelp.de\/online-lernen\/wp-content\/uploads\/2016\/02\/bil_pythagoras.png\" alt=\"bil_pythagoras\" width=\"149\" height=\"135\" \/><\/p>\n<p>Wir erkennen, dass es sich bei diesem Dreieck um einen rechtwinkliges Dreieck handelt, da wir einen rechten Winkel im Punkt $A$ haben. Als n\u00e4chstes wollen wir die Hypotenuse und die beiden Katheten identifizieren. Die Hypotenuse kann einfach dadurch identifiziert werden, dass sie dem rechten Winkel stets gegen\u00fcber liegt. Gegen\u00fcber unseres rechten Winkels liegt die Seite $a$. Diese ist also unsere Hypotenuse. Folglich m\u00fcssen unsere beiden \u00fcbrig gebliebenen Seiten die Katheten sein, n\u00e4mlich $b$ und $c$.<\/p>\n<p>Nachdem wir also alle Seiten in unserem Dreieck identifiziert haben, gucken wir uns den eigentlichen Satz des Pythagoras an. Er lautet:<\/p>\n<p>\\[{(Kathete)}^2+{(Kathete)}^2={(Hypotenuse)}^2\\]<\/p>\n<p>Auf unser Dreieck bezogen bedeutet das also:<\/p>\n<p>\\[b^2+c^2=a^2\\]<\/p>\n<p>Einige von euch werden jetzt verwirrt sein und sagen, dass der Satz des Pythagoras doch immer $a^2+b^2=c^2$ lautet. Das wird in der Schule auch h\u00e4ufig so beigebracht, ber\u00fccksichtigt aber nicht die Lage des rechten Winkels. Denn wie wir vorhin festgestellt haben, befindet sich die Hypotenuse immer gegen\u00fcber des rechten Winkels. In unserem Dreieck ist $c$ aber nicht die Hypotenuse, sondern $a$.<\/p>\n<p>Macht euch dieses Vorgehen klar und ber\u00fccksichtigt stets die Lage des rechten Winkels und somit auch die Lage der Hypotenuse. Danach k\u00f6nnt ihr den entsprechenden Satz des Pythagoras aufstellen und damit weiter rechnen.<br \/>\n<div class=\"box exercise\">\n<h3>\u00dcbungsaufgabe<\/h3>\n<p>Eine 5 m lange Leiter steht in 4 m Entfernung an eine Hauswand gelehnt.<\/p>\n<ol>\n<li>Fertige eine Skizze zu diesem Sachverhalt an.<\/li>\n<li>In welcher H\u00f6he trifft die Leiter auf die Hauswand?<\/li>\n<\/ol>\n<p>Wir betrachten die\u00a0nachfolgende Skizze.<img decoding=\"async\" loading=\"lazy\" class=\"aligncenter wp-image-1234\" src=\"https:\/\/www.studyhelp.de\/online-lernen\/wp-content\/uploads\/2016\/02\/bil_pythagoras_bsp.png\" alt=\"bil_pythagoras_bsp\" width=\"241\" height=\"189\" srcset=\"https:\/\/www.studyhelp.de\/online-lernen\/wp-content\/uploads\/2016\/02\/bil_pythagoras_bsp.png 478w, https:\/\/www.studyhelp.de\/online-lernen\/wp-content\/uploads\/2016\/02\/bil_pythagoras_bsp-300x235.png 300w\" sizes=\"(max-width: 241px) 100vw, 241px\" \/><br \/>\nDie Seite $a$ repr\u00e4sentiert unsere $5\\ m$\u00a0lange Leiter. Die Entfernung zur Hauswand betr\u00e4gt $c=4\\ m$. In diesem Dreieck gilt also:<br \/>\n\\[b^2+(4m)^2=(5m)^2\\]<br \/>\nDiese Gleichung werden wir jetzt nach $b$ aufl\u00f6sen, um die H\u00f6he unserer Hauswand zu bestimmen:<br \/>\n\\[b^2+(4m)^2=(5m)^2  |-(4m)^2\\]<br \/>\n\\[b^2=(5m)^2{-\\ (4m)}^2\\]<br \/>\n$5m^2{-\\ 4m}^2$ rechnen wir einfach aus und erhalten:<br \/>\n\\[b^2=25m^2-16m^2\\]<br \/>\n\\[b^2=9m^2\\]<br \/>\nZum Schluss ziehen wir noch die Wurzel:<br \/>\n\\[b^2=9m^2  |\\sqrt{}\\]<br \/>\n\\[b=\\pm 3m\\]<br \/>\nIn unserem Kontext macht die negative L\u00f6sung nat\u00fcrlich keinen Sinn. Eine Hauswand kann selbstverst\u00e4ndlich nicht $-3\\ m$ hoch sein. Also lautet die L\u00f6sung f\u00fcr die H\u00f6he unserer Hauswand $b=3\\ m$.<\/p>\n<p>An dieser Stelle noch ein weiterer Hinweis. Merkt euch, dass die Hypotenuse immer die l\u00e4ngste Seite in einem rechtwinkligen Dreieck ist. Solltet ihr also gegens\u00e4tzliche L\u00f6sungen herausbekommen, m\u00fcsst ihr euch die Rechnung noch mal angucken.<br \/>\n<\/div>\n\n<h2 class=\"anchor\" id=\"gleichschenklige-gleichseitige-dreiecke\">Der Satz des Pythagoras im gleichschenkligen und im gleichseitigen Dreieck<\/h2>\n<p>Man kann sowohl gleichschenklige als auch gleichseitige Dreiecke durch die Erg\u00e4nzung der H\u00f6he in zwei deckungsgleiche, rechtwinklige Dreiecke verwandeln. Dazu betrachten wir das folgende, gleichschenklige Dreieck:<\/p>\n<p><img decoding=\"async\" loading=\"lazy\" class=\"aligncenter wp-image-1235\" src=\"https:\/\/www.studyhelp.de\/online-lernen\/wp-content\/uploads\/2016\/02\/bil_pythagoras1.png\" alt=\"bil_pythagoras1\" width=\"279\" height=\"141\" srcset=\"https:\/\/www.studyhelp.de\/online-lernen\/wp-content\/uploads\/2016\/02\/bil_pythagoras1.png 441w, https:\/\/www.studyhelp.de\/online-lernen\/wp-content\/uploads\/2016\/02\/bil_pythagoras1-300x152.png 300w\" sizes=\"(max-width: 279px) 100vw, 279px\" \/><br \/>\nDie beiden sogenannten Schenkel $a$ und $b$ sind gleich lang. Au\u00dferdem sind die beiden Basiswinkel $\\alpha $ und $\\beta $ gleich gro\u00df. Die Seite $c$ ist die Basis.<\/p>\n<p>Wenn wir jetzt die H\u00f6he der Seite $c$ erg\u00e4nzen, erhalten wir zwei deckungsgleiche Dreiecke, in welchen der Satz des Pythagoras wieder angewendet werden darf. Denkt au\u00dferdem daran, dass die Basis $c$ durch die Erg\u00e4nzung der H\u00f6he in zwei gleich lange Abschnitte unterteilt wird. Au\u00dferdem wird der Winkel $\\gamma $ durch die Erg\u00e4nzung der H\u00f6he ebenfalls halbiert.<\/p>\n<p><img decoding=\"async\" loading=\"lazy\" class=\"aligncenter wp-image-1236\" src=\"https:\/\/www.studyhelp.de\/online-lernen\/wp-content\/uploads\/2016\/02\/bil_pythagoras2.png\" alt=\"bil_pythagoras2\" width=\"277\" height=\"150\" srcset=\"https:\/\/www.studyhelp.de\/online-lernen\/wp-content\/uploads\/2016\/02\/bil_pythagoras2.png 468w, https:\/\/www.studyhelp.de\/online-lernen\/wp-content\/uploads\/2016\/02\/bil_pythagoras2-300x162.png 300w\" sizes=\"(max-width: 277px) 100vw, 277px\" \/><\/p>\n<p>In diesem Dreieck gelten also nach dem Satz des Pythagoras die folgenden Zusammenh\u00e4nge:<\/p>\n<p>$h^2+{\\left(\\frac{c}{2}\\right)}^2=a^2\\ \\ \\ \u00a0$und $\\ \\ \\ h^2+{\\left(\\frac{c}{2}\\right)}^2=b^2$<\/p>\n<p>Die Anwendung im gleichseitigen Dreieck funktioniert nach dem gleichen Schema. Der einzige Unterschied ist lediglich die Tatsache, dass alle Seiten gleich lang und alle drei Winkel gleich gro\u00df sind ($60{}^\\circ $).<\/p>\n<div class=\"lyte-wrapper\" title=\"Satz des Pythagoras f&uuml;r rechtwinklige Dreiecke, Nachhilfe online, Hilfe in Mathe, Lernvideo\" style=\"width:420px;max-width:100%;margin:5px;\"><div class=\"lyMe\" id=\"WYL_cIzM2XBduuY\"><div id=\"lyte_cIzM2XBduuY\" data-src=\"https:\/\/www.studyhelp.de\/online-lernen\/wp-content\/plugins\/wp-youtube-lyte\/lyteCache.php?origThumbUrl=https%3A%2F%2Fi.ytimg.com%2Fvi%2FcIzM2XBduuY%2Fhqdefault.jpg\" class=\"pL\"><div class=\"tC\"><div class=\"tT\">Satz des Pythagoras f\u00fcr rechtwinklige Dreiecke, Nachhilfe online, Hilfe in Mathe, Lernvideo<\/div><\/div><div class=\"play\"><\/div><div class=\"ctrl\"><div class=\"Lctrl\"><\/div><div class=\"Rctrl\"><\/div><\/div><\/div><noscript><a href=\"https:\/\/youtu.be\/cIzM2XBduuY\" rel=\"nofollow\"><img src=\"https:\/\/www.studyhelp.de\/online-lernen\/wp-content\/plugins\/wp-youtube-lyte\/lyteCache.php?origThumbUrl=https%3A%2F%2Fi.ytimg.com%2Fvi%2FcIzM2XBduuY%2F0.jpg\" alt=\"Satz des Pythagoras f&uuml;r rechtwinklige Dreiecke, Nachhilfe online, Hilfe in Mathe, Lernvideo\" width=\"420\" height=\"216\" \/><br \/>Dieses Video auf YouTube ansehen<\/a><\/noscript><\/div><\/div><div class=\"lL\" style=\"max-width:100%;width:420px;margin:5px;\"><\/div><br \/>\n<\/p>\n<h2 class=\"anchor\" id=\"hoehen-kathetensatz\">H\u00f6hen- und Kathetensatz<\/h2>\n<p>Der H\u00f6hen- und Kathetensatz sind weitere mathematische Methoden, welche euch behilflich sein k\u00f6nnen. Im Gegensatz zum Satz des Pythagoras k\u00f6nnen in einem beliebigen Dreieck durch Einf\u00fchrung einer H\u00f6he $h$ drei weitere interessante Gr\u00f6\u00dfen ohne Umwege berechnet werden. Wir gucken uns das folgende Dreieck an:<\/p>\n<p><img decoding=\"async\" loading=\"lazy\" class=\"aligncenter wp-image-1239 size-medium\" src=\"https:\/\/www.studyhelp.de\/online-lernen\/wp-content\/uploads\/2016\/02\/bil_kathetensatz-300x178.png\" alt=\"bil_kathetensatz\" width=\"300\" height=\"178\" srcset=\"https:\/\/www.studyhelp.de\/online-lernen\/wp-content\/uploads\/2016\/02\/bil_kathetensatz-300x178.png 300w, https:\/\/www.studyhelp.de\/online-lernen\/wp-content\/uploads\/2016\/02\/bil_kathetensatz.png 505w\" sizes=\"(max-width: 300px) 100vw, 300px\" \/><\/p>\n<p>Unser urspr\u00fcngliches Dreieck, ohne die H\u00f6he, ist kein rechtwinkliges Dreieck. Jedoch erhalten wir, dadurch, dass wir die H\u00f6he erg\u00e4nzen, zwei rechtwinklige Dreiecke. In einer solchen Konstruktion gelten die folgenden Formeln:<\/p>\n<div class=\"box formula\">\n<strong>H\u00f6hensatz:<\/strong> $h^2=q\\cdot p$<br \/>\n<\/div>\n<div class=\"box formula\">\n<strong>Kathetensatz:<\/strong>\u00a0$a^2=c\\cdot p$ und $b^2=c\\cdot q$<br \/>\n<\/div>\n<div class=\"lyte-wrapper\" title=\"H&ouml;hensatz, Kathetensatz im Dreieck, Nachhilfe online, Hilfe in Mathe, einfach erkl&auml;rt, Lernvideo\" style=\"width:420px;max-width:100%;margin:5px;\"><div class=\"lyMe\" id=\"WYL_ujUCsWMjH9Y\"><div id=\"lyte_ujUCsWMjH9Y\" data-src=\"https:\/\/www.studyhelp.de\/online-lernen\/wp-content\/plugins\/wp-youtube-lyte\/lyteCache.php?origThumbUrl=https%3A%2F%2Fi.ytimg.com%2Fvi%2FujUCsWMjH9Y%2Fhqdefault.jpg\" class=\"pL\"><div class=\"tC\"><div class=\"tT\">H\u00f6hensatz, Kathetensatz im Dreieck, Nachhilfe online, Hilfe in Mathe, einfach erkl\u00e4rt, Lernvideo<\/div><\/div><div class=\"play\"><\/div><div class=\"ctrl\"><div class=\"Lctrl\"><\/div><div class=\"Rctrl\"><\/div><\/div><\/div><noscript><a href=\"https:\/\/youtu.be\/ujUCsWMjH9Y\" rel=\"nofollow\"><img src=\"https:\/\/www.studyhelp.de\/online-lernen\/wp-content\/plugins\/wp-youtube-lyte\/lyteCache.php?origThumbUrl=https%3A%2F%2Fi.ytimg.com%2Fvi%2FujUCsWMjH9Y%2F0.jpg\" alt=\"H&ouml;hensatz, Kathetensatz im Dreieck, Nachhilfe online, Hilfe in Mathe, einfach erkl&auml;rt, Lernvideo\" width=\"420\" height=\"216\" \/><br \/>Dieses Video auf YouTube ansehen<\/a><\/noscript><\/div><\/div><div class=\"lL\" style=\"max-width:100%;width:420px;margin:5px;\"><\/div><br \/>\n<\/p>\n<p><strong>Zur Satz des Pythagoras Playlist von Daniel<\/strong><\/p>\n<div class=\"lyte-wrapper\" title=\"Playlist: Satzgruppe des Pythagoras, Berechnungen am Dreieck, a^2+b^2=c^2\" style=\"width:420px;max-width:100%;margin:5px;\"><div class=\"lyMe playlist\" id=\"WYL_PLLTAHuUj-zHgCcNWha7A2N_gR6UGAeQe2\"><div id=\"lyte_PLLTAHuUj-zHgCcNWha7A2N_gR6UGAeQe2\" data-src=\"https:\/\/www.studyhelp.de\/online-lernen\/wp-content\/plugins\/wp-youtube-lyte\/lyteCache.php?origThumbUrl=https%3A%2F%2Fi.ytimg.com%2Fvi%2FXZr9f38NwDo%2Fhqdefault.jpg\" class=\"pL\"><div class=\"tC\"><div class=\"tT\">Playlist: Satzgruppe des Pythagoras, Berechnungen am Dreieck, a^2+b^2=c^2<\/div><\/div><div class=\"play\"><\/div><div class=\"ctrl\"><div class=\"Lctrl\"><\/div><div class=\"Rctrl\"><\/div><\/div><\/div><noscript><a href=\"https:\/\/youtube.com\/playlist?list=PLLTAHuUj-zHgCcNWha7A2N_gR6UGAeQe2\" rel=\"nofollow\"><br \/>Diese Wiedergabeliste auf YouTube ansehen<\/a><\/noscript><\/div><\/div><br \/>\n<\/p>\n","protected":false},"excerpt":{"rendered":"<p>Dieser Artikel bietet dir Erkl\u00e4rungen, Aufgaben und Videos zum &#8222;Satz des Pythagoras&#8220;. Im speziellen gehen wir auf folgende Themen ein: Allgemeines zum Satz des Pythagoras Der Satz des Pythagoras im gleichschenkligen und im gleichseitigen Dreieck H\u00f6hen- und Kathetensatz Allgemeines zum Satz des Pythagoras Der Satz des Pythagoras darf nur in rechtwinkligen Dreiecken angewendet werden. Dazu [&hellip;]<\/p>\n","protected":false},"author":5,"featured_media":0,"parent":6291,"menu_order":16,"comment_status":"closed","ping_status":"open","template":"","meta":[],"categories":[16],"tags":[],"yoast_head":"<!-- This site is optimized with the Yoast SEO plugin v14.7 - https:\/\/yoast.com\/wordpress\/plugins\/seo\/ -->\n<title>Satz des Pythagoras Erkl\u00e4rung inkl. Lernvideos - StudyHelp<\/title>\n<meta name=\"description\" content=\"Du lernst den Satz des Pythagoras, brauchst dabei aber noch Hilfe? Die findest du auf dieser Seite. Wir zeigen dir, wie man den Satz des Pythagors rechnet!\" \/>\n<meta name=\"robots\" content=\"index, follow\" \/>\n<meta name=\"googlebot\" content=\"index, follow, max-snippet:-1, max-image-preview:large, max-video-preview:-1\" \/>\n<meta name=\"bingbot\" content=\"index, follow, max-snippet:-1, max-image-preview:large, max-video-preview:-1\" \/>\n<link rel=\"canonical\" href=\"https:\/\/www.studyhelp.de\/online-lernen\/mathe\/satz-des-pythagoras\/\" \/>\n<meta property=\"og:locale\" content=\"de_DE\" \/>\n<meta property=\"og:type\" content=\"article\" \/>\n<meta property=\"og:title\" content=\"Satz des Pythagoras Erkl\u00e4rung inkl. Lernvideos - StudyHelp\" \/>\n<meta property=\"og:description\" content=\"Du lernst den Satz des Pythagoras, brauchst dabei aber noch Hilfe? Die findest du auf dieser Seite. Wir zeigen dir, wie man den Satz des Pythagors rechnet!\" \/>\n<meta property=\"og:url\" content=\"https:\/\/www.studyhelp.de\/online-lernen\/mathe\/satz-des-pythagoras\/\" \/>\n<meta property=\"og:site_name\" content=\"StudyHelp Online-Lernen\" \/>\n<meta property=\"article:modified_time\" content=\"2020-01-30T14:47:52+00:00\" \/>\n<meta property=\"og:image\" content=\"https:\/\/www.studyhelp.de\/online-lernen\/wp-content\/uploads\/2016\/02\/bil_pythagoras.png\" \/>\n<meta name=\"twitter:card\" content=\"summary_large_image\" \/>\n<script type=\"application\/ld+json\" class=\"yoast-schema-graph\">{\"@context\":\"https:\/\/schema.org\",\"@graph\":[{\"@type\":\"WebSite\",\"@id\":\"https:\/\/www.studyhelp.de\/online-lernen\/#website\",\"url\":\"https:\/\/www.studyhelp.de\/online-lernen\/\",\"name\":\"StudyHelp Online-Lernen\",\"description\":\"\",\"potentialAction\":[{\"@type\":\"SearchAction\",\"target\":\"https:\/\/www.studyhelp.de\/online-lernen\/?s={search_term_string}\",\"query-input\":\"required name=search_term_string\"}],\"inLanguage\":\"de-DE\"},{\"@type\":\"ImageObject\",\"@id\":\"https:\/\/www.studyhelp.de\/online-lernen\/mathe\/satz-des-pythagoras\/#primaryimage\",\"inLanguage\":\"de-DE\",\"url\":\"https:\/\/www.studyhelp.de\/online-lernen\/wp-content\/uploads\/2016\/02\/bil_pythagoras.png\",\"width\":263,\"height\":239},{\"@type\":\"WebPage\",\"@id\":\"https:\/\/www.studyhelp.de\/online-lernen\/mathe\/satz-des-pythagoras\/#webpage\",\"url\":\"https:\/\/www.studyhelp.de\/online-lernen\/mathe\/satz-des-pythagoras\/\",\"name\":\"Satz des Pythagoras Erkl\\u00e4rung inkl. Lernvideos - StudyHelp\",\"isPartOf\":{\"@id\":\"https:\/\/www.studyhelp.de\/online-lernen\/#website\"},\"primaryImageOfPage\":{\"@id\":\"https:\/\/www.studyhelp.de\/online-lernen\/mathe\/satz-des-pythagoras\/#primaryimage\"},\"datePublished\":\"2016-02-10T08:26:10+00:00\",\"dateModified\":\"2020-01-30T14:47:52+00:00\",\"description\":\"Du lernst den Satz des Pythagoras, brauchst dabei aber noch Hilfe? Die findest du auf dieser Seite. Wir zeigen dir, wie man den Satz des Pythagors rechnet!\",\"inLanguage\":\"de-DE\",\"potentialAction\":[{\"@type\":\"ReadAction\",\"target\":[\"https:\/\/www.studyhelp.de\/online-lernen\/mathe\/satz-des-pythagoras\/\"]}]}]}<\/script>\n<!-- \/ Yoast SEO plugin. -->","_links":{"self":[{"href":"https:\/\/www.studyhelp.de\/online-lernen\/wp-json\/wp\/v2\/pages\/941"}],"collection":[{"href":"https:\/\/www.studyhelp.de\/online-lernen\/wp-json\/wp\/v2\/pages"}],"about":[{"href":"https:\/\/www.studyhelp.de\/online-lernen\/wp-json\/wp\/v2\/types\/page"}],"author":[{"embeddable":true,"href":"https:\/\/www.studyhelp.de\/online-lernen\/wp-json\/wp\/v2\/users\/5"}],"replies":[{"embeddable":true,"href":"https:\/\/www.studyhelp.de\/online-lernen\/wp-json\/wp\/v2\/comments?post=941"}],"version-history":[{"count":16,"href":"https:\/\/www.studyhelp.de\/online-lernen\/wp-json\/wp\/v2\/pages\/941\/revisions"}],"predecessor-version":[{"id":15522,"href":"https:\/\/www.studyhelp.de\/online-lernen\/wp-json\/wp\/v2\/pages\/941\/revisions\/15522"}],"up":[{"embeddable":true,"href":"https:\/\/www.studyhelp.de\/online-lernen\/wp-json\/wp\/v2\/pages\/6291"}],"wp:attachment":[{"href":"https:\/\/www.studyhelp.de\/online-lernen\/wp-json\/wp\/v2\/media?parent=941"}],"wp:term":[{"taxonomy":"category","embeddable":true,"href":"https:\/\/www.studyhelp.de\/online-lernen\/wp-json\/wp\/v2\/categories?post=941"},{"taxonomy":"post_tag","embeddable":true,"href":"https:\/\/www.studyhelp.de\/online-lernen\/wp-json\/wp\/v2\/tags?post=941"}],"curies":[{"name":"wp","href":"https:\/\/api.w.org\/{rel}","templated":true}]}}