{"id":9490,"date":"2018-08-16T13:57:27","date_gmt":"2018-08-16T11:57:27","guid":{"rendered":"https:\/\/www.studyhelp.de\/online-lernen\/?page_id=9490"},"modified":"2018-10-08T15:07:34","modified_gmt":"2018-10-08T13:07:34","slug":"ester","status":"publish","type":"page","link":"https:\/\/www.studyhelp.de\/online-lernen\/chemie\/ester\/","title":{"rendered":"Ester"},"content":{"rendered":"<p>Bei Estern handelt es sich um das Kondensationsprodukt aus <a href=\"https:\/\/www.studyhelp.de\/online-lernen\/chemie\/alkohole\/\" rel=\"noopener\" target=\"_blank\">Alkoholen<\/a> und Carbons\u00e4uren.<\/p>\n<p><img decoding=\"async\" loading=\"lazy\" src=\"https:\/\/www.studyhelp.de\/online-lernen\/wp-content\/uploads\/2018\/08\/Ester.jpg\" alt=\"\" width=\"275\" height=\"135\" class=\"alignnone size-full wp-image-9491\" \/><\/p>\n<h2>Esterhydrolyse\/Verseifung<\/h2>\n<p>Bei der Veresterung handelt es sich um eine reversible Reaktion, die irgendwann einen Gleichgewichtszustand erreicht. Die R\u00fcckreaktion nennt man Verseifung oder Esterhydrolyse. Je nachdem, ob man mehr Ester oder mehr Carbons\u00e4uren und <a href=\"https:\/\/www.studyhelp.de\/online-lernen\/chemie\/carbonsaeure\/\" rel=\"noopener\" target=\"_blank\">Alkohole<\/a> m\u00f6chte, kann man nach dem Prinzip von le Chatelier das Gleichgewicht durch \u00e4u\u00dfere Einfl\u00fcsse verschieben. (siehe AC)<\/p>\n\n","protected":false},"excerpt":{"rendered":"<p>Bei Estern handelt es sich um das Kondensationsprodukt aus Alkoholen und Carbons\u00e4uren. Esterhydrolyse\/Verseifung Bei der Veresterung handelt es sich um eine reversible Reaktion, die irgendwann einen Gleichgewichtszustand erreicht. Die R\u00fcckreaktion nennt man Verseifung oder Esterhydrolyse. Je nachdem, ob man mehr Ester oder mehr Carbons\u00e4uren und Alkohole m\u00f6chte, kann man nach dem Prinzip von le Chatelier [&hellip;]<\/p>\n","protected":false},"author":3,"featured_media":0,"parent":9325,"menu_order":0,"comment_status":"closed","ping_status":"closed","template":"","meta":[],"categories":[47],"tags":[],"yoast_head":"<!-- This site is optimized with the Yoast SEO plugin v14.7 - https:\/\/yoast.com\/wordpress\/plugins\/seo\/ -->\n<title>Ester [Chemie Grundlagen]- StudyHelp Online-Lernen<\/title>\n<meta name=\"description\" content=\"Estern ist das Kondensationsprodukt aus Alkoholen und Carbons\u00e4uren. Ester kann sowohl in der organischen- als auch in der anorganischen Chemie vorkommen.\" \/>\n<meta name=\"robots\" content=\"index, follow\" \/>\n<meta name=\"googlebot\" content=\"index, follow, max-snippet:-1, max-image-preview:large, max-video-preview:-1\" \/>\n<meta name=\"bingbot\" content=\"index, follow, max-snippet:-1, max-image-preview:large, max-video-preview:-1\" \/>\n<link rel=\"canonical\" href=\"https:\/\/www.studyhelp.de\/online-lernen\/chemie\/ester\/\" \/>\n<meta property=\"og:locale\" content=\"de_DE\" \/>\n<meta property=\"og:type\" content=\"article\" \/>\n<meta property=\"og:title\" content=\"Ester [Chemie Grundlagen]- StudyHelp Online-Lernen\" \/>\n<meta property=\"og:description\" content=\"Estern ist das Kondensationsprodukt aus Alkoholen und Carbons\u00e4uren. Ester kann sowohl in der organischen- als auch in der anorganischen Chemie vorkommen.\" \/>\n<meta property=\"og:url\" content=\"https:\/\/www.studyhelp.de\/online-lernen\/chemie\/ester\/\" \/>\n<meta property=\"og:site_name\" content=\"StudyHelp Online-Lernen\" \/>\n<meta property=\"article:modified_time\" content=\"2018-10-08T13:07:34+00:00\" \/>\n<meta property=\"og:image\" content=\"https:\/\/www.studyhelp.de\/online-lernen\/wp-content\/uploads\/2018\/08\/Ester.jpg\" \/>\n<meta name=\"twitter:card\" content=\"summary_large_image\" \/>\n<script type=\"application\/ld+json\" class=\"yoast-schema-graph\">{\"@context\":\"https:\/\/schema.org\",\"@graph\":[{\"@type\":\"WebSite\",\"@id\":\"https:\/\/www.studyhelp.de\/online-lernen\/#website\",\"url\":\"https:\/\/www.studyhelp.de\/online-lernen\/\",\"name\":\"StudyHelp Online-Lernen\",\"description\":\"\",\"potentialAction\":[{\"@type\":\"SearchAction\",\"target\":\"https:\/\/www.studyhelp.de\/online-lernen\/?s={search_term_string}\",\"query-input\":\"required name=search_term_string\"}],\"inLanguage\":\"de-DE\"},{\"@type\":\"ImageObject\",\"@id\":\"https:\/\/www.studyhelp.de\/online-lernen\/chemie\/ester\/#primaryimage\",\"inLanguage\":\"de-DE\",\"url\":\"https:\/\/www.studyhelp.de\/online-lernen\/wp-content\/uploads\/2018\/08\/Ester.jpg\",\"width\":275,\"height\":135},{\"@type\":\"WebPage\",\"@id\":\"https:\/\/www.studyhelp.de\/online-lernen\/chemie\/ester\/#webpage\",\"url\":\"https:\/\/www.studyhelp.de\/online-lernen\/chemie\/ester\/\",\"name\":\"Ester [Chemie Grundlagen]- StudyHelp Online-Lernen\",\"isPartOf\":{\"@id\":\"https:\/\/www.studyhelp.de\/online-lernen\/#website\"},\"primaryImageOfPage\":{\"@id\":\"https:\/\/www.studyhelp.de\/online-lernen\/chemie\/ester\/#primaryimage\"},\"datePublished\":\"2018-08-16T11:57:27+00:00\",\"dateModified\":\"2018-10-08T13:07:34+00:00\",\"description\":\"Estern ist das Kondensationsprodukt aus Alkoholen und Carbons\\u00e4uren. Ester kann sowohl in der organischen- als auch in der anorganischen Chemie vorkommen.\",\"inLanguage\":\"de-DE\",\"potentialAction\":[{\"@type\":\"ReadAction\",\"target\":[\"https:\/\/www.studyhelp.de\/online-lernen\/chemie\/ester\/\"]}]}]}<\/script>\n<!-- \/ Yoast SEO plugin. -->","_links":{"self":[{"href":"https:\/\/www.studyhelp.de\/online-lernen\/wp-json\/wp\/v2\/pages\/9490"}],"collection":[{"href":"https:\/\/www.studyhelp.de\/online-lernen\/wp-json\/wp\/v2\/pages"}],"about":[{"href":"https:\/\/www.studyhelp.de\/online-lernen\/wp-json\/wp\/v2\/types\/page"}],"author":[{"embeddable":true,"href":"https:\/\/www.studyhelp.de\/online-lernen\/wp-json\/wp\/v2\/users\/3"}],"replies":[{"embeddable":true,"href":"https:\/\/www.studyhelp.de\/online-lernen\/wp-json\/wp\/v2\/comments?post=9490"}],"version-history":[{"count":3,"href":"https:\/\/www.studyhelp.de\/online-lernen\/wp-json\/wp\/v2\/pages\/9490\/revisions"}],"predecessor-version":[{"id":10254,"href":"https:\/\/www.studyhelp.de\/online-lernen\/wp-json\/wp\/v2\/pages\/9490\/revisions\/10254"}],"up":[{"embeddable":true,"href":"https:\/\/www.studyhelp.de\/online-lernen\/wp-json\/wp\/v2\/pages\/9325"}],"wp:attachment":[{"href":"https:\/\/www.studyhelp.de\/online-lernen\/wp-json\/wp\/v2\/media?parent=9490"}],"wp:term":[{"taxonomy":"category","embeddable":true,"href":"https:\/\/www.studyhelp.de\/online-lernen\/wp-json\/wp\/v2\/categories?post=9490"},{"taxonomy":"post_tag","embeddable":true,"href":"https:\/\/www.studyhelp.de\/online-lernen\/wp-json\/wp\/v2\/tags?post=9490"}],"curies":[{"name":"wp","href":"https:\/\/api.w.org\/{rel}","templated":true}]}}