{"id":9494,"date":"2018-08-16T15:42:39","date_gmt":"2018-08-16T13:42:39","guid":{"rendered":"https:\/\/www.studyhelp.de\/online-lernen\/?page_id=9494"},"modified":"2018-10-08T15:25:03","modified_gmt":"2018-10-08T13:25:03","slug":"was-sind-amine","status":"publish","type":"page","link":"https:\/\/www.studyhelp.de\/online-lernen\/chemie\/was-sind-amine\/","title":{"rendered":"Was sind Amine?"},"content":{"rendered":"\n<p>Amine sind organische Verbindungen, die als organische Abk\u00f6mmlinge von Ammoniak bezeichnet werden. <\/p>\n<p>Ein Amin erh\u00e4lt man, in dem man eines oder mehrerer Ammoniak-Wasserstoffatome durch organische Reste ersetzt. Je nach Anzahl der Reste ergeben sich prim\u00e4re, sekund\u00e4re oder terti\u00e4re Amine.<\/p>\n<p><img decoding=\"async\" loading=\"lazy\" src=\"https:\/\/www.studyhelp.de\/online-lernen\/wp-content\/uploads\/2018\/08\/Amine.jpg\" alt=\"Amine\" width=\"1395\" height=\"302\" class=\"alignnone size-full wp-image-9495\" srcset=\"https:\/\/www.studyhelp.de\/online-lernen\/wp-content\/uploads\/2018\/08\/Amine.jpg 1395w, https:\/\/www.studyhelp.de\/online-lernen\/wp-content\/uploads\/2018\/08\/Amine-300x65.jpg 300w, https:\/\/www.studyhelp.de\/online-lernen\/wp-content\/uploads\/2018\/08\/Amine-768x166.jpg 768w, https:\/\/www.studyhelp.de\/online-lernen\/wp-content\/uploads\/2018\/08\/Amine-1024x222.jpg 1024w\" sizes=\"(max-width: 1395px) 100vw, 1395px\" \/><\/p>\n<h2>Basizit\u00e4t Amine<\/h2>\n<p>Am Stickstoffatom von Aminen befindet sich ein freies Elektronenpaar. Durch dieses freie Elektronenpaar k\u00f6nnen Amine ein Proton aufnehmen, weshalb sie als Basen bezeichnet werden.<\/p>\n<p>Die <strong>Basenst\u00e4rke<\/strong> eines Amins ist abh\u00e4ngig von den am Stickstoffatom gebundenen organischen Resten. Je mehr elektronenschiebende Substituenten an das Stickstoffatom gebunden sind, desto h\u00f6her ist die Elektronendichte am Stickstoffatom, und desto leichter teilt es sein freies Elektronenpaar mit einem Proton. Daraus resultiert eine h\u00f6here Basizit\u00e4t.<\/p>\n<p>Je mehr <strong>elektronenziehende Substituenten<\/strong> an das Stickstoffatom gebunden sind, desto geringer ist die Elektronendichte am Stickstoffatom, und desto weniger teilt es sein freies Elektronenpaar mit einem Proton. Die Basizit\u00e4t wird verringert. <\/p>\n<p><img decoding=\"async\" loading=\"lazy\" src=\"https:\/\/www.studyhelp.de\/online-lernen\/wp-content\/uploads\/2018\/08\/Amine-Basizitaet.jpg\" alt=\"Amine Basizit\u00e4t\" width=\"1291\" height=\"457\" class=\"alignnone size-full wp-image-9498\" srcset=\"https:\/\/www.studyhelp.de\/online-lernen\/wp-content\/uploads\/2018\/08\/Amine-Basizitaet.jpg 1291w, https:\/\/www.studyhelp.de\/online-lernen\/wp-content\/uploads\/2018\/08\/Amine-Basizitaet-300x106.jpg 300w, https:\/\/www.studyhelp.de\/online-lernen\/wp-content\/uploads\/2018\/08\/Amine-Basizitaet-768x272.jpg 768w, https:\/\/www.studyhelp.de\/online-lernen\/wp-content\/uploads\/2018\/08\/Amine-Basizitaet-1024x362.jpg 1024w\" sizes=\"(max-width: 1291px) 100vw, 1291px\" \/><\/p>\n<h2>Elektrophile aromatische Zweitsubstitution &#8211;  Beispiel Anilin<\/h2>\n<p>Da es sich bei Anilin um eine aromatische Verbindung mit einer Aminogruppe als Substituent handelt, kann diese Verbindung in einer<a href=\"https:\/\/www.studyhelp.de\/online-lernen\/chemie\/aromaten\/\" rel=\"noopener\" target=\"_blank\"> elektrophilen aromatischen Zweitsubstitution<\/a> reagieren. Betrachtet man die Effekte der Aminogruppe, so stellt man fest, dass sie einen <a href=\"https:\/\/www.studyhelp.de\/online-lernen\/chemie\/induktiver-effekt\/\" rel=\"noopener\" target=\"_blank\">-I-Effekt<\/a> und einen <a href=\"https:\/\/www.studyhelp.de\/online-lernen\/chemie\/mesomerer-effekt\/\" rel=\"noopener\" target=\"_blank\">+M-Effekt<\/a> besitzt. Da <a href=\"https:\/\/www.studyhelp.de\/online-lernen\/chemie\/mesomerer-effekt\/\" rel=\"noopener\" target=\"_blank\">mesomere Effekte<\/a> st\u00e4rker wirken als induktive Effekte, wird die Position des Zweitsubstituenten durch den elektronenschiebenden +M-Effekt bestimmt. Die Zweitsubstituenten werden also in ortho- bzw. para-Stellung gebunden.<\/p>\n\n<p><img decoding=\"async\" loading=\"lazy\" src=\"https:\/\/www.studyhelp.de\/online-lernen\/wp-content\/uploads\/2018\/08\/Elektrophile-aromatische-Zweitsubstitution.jpg\" alt=\"Elektrophile aromatische Zweitsubstitution\" width=\"1387\" height=\"404\" class=\"alignnone size-full wp-image-9499\" srcset=\"https:\/\/www.studyhelp.de\/online-lernen\/wp-content\/uploads\/2018\/08\/Elektrophile-aromatische-Zweitsubstitution.jpg 1387w, https:\/\/www.studyhelp.de\/online-lernen\/wp-content\/uploads\/2018\/08\/Elektrophile-aromatische-Zweitsubstitution-300x87.jpg 300w, https:\/\/www.studyhelp.de\/online-lernen\/wp-content\/uploads\/2018\/08\/Elektrophile-aromatische-Zweitsubstitution-768x224.jpg 768w, https:\/\/www.studyhelp.de\/online-lernen\/wp-content\/uploads\/2018\/08\/Elektrophile-aromatische-Zweitsubstitution-1024x298.jpg 1024w\" sizes=\"(max-width: 1387px) 100vw, 1387px\" \/><\/p>\n","protected":false},"excerpt":{"rendered":"<p>Amine sind organische Verbindungen, die als organische Abk\u00f6mmlinge von Ammoniak bezeichnet werden. Ein Amin erh\u00e4lt man, in dem man eines oder mehrerer Ammoniak-Wasserstoffatome durch organische Reste ersetzt. Je nach Anzahl der Reste ergeben sich prim\u00e4re, sekund\u00e4re oder terti\u00e4re Amine. Basizit\u00e4t Amine Am Stickstoffatom von Aminen befindet sich ein freies Elektronenpaar. Durch dieses freie Elektronenpaar k\u00f6nnen [&hellip;]<\/p>\n","protected":false},"author":3,"featured_media":0,"parent":9325,"menu_order":0,"comment_status":"closed","ping_status":"closed","template":"","meta":[],"categories":[47],"tags":[],"yoast_head":"<!-- This site is optimized with the Yoast SEO plugin v14.7 - https:\/\/yoast.com\/wordpress\/plugins\/seo\/ -->\n<title>Was sind Amine? [Stoffklassen] - StudyHelp Online-Lernen<\/title>\n<meta name=\"description\" content=\"Ein Amin erh\u00e4lt man, in dem man eines oder mehrerer Ammoniak-Wasserstoffatome durch organische Reste ersetzt. Wichtig zu wissen ist, dass Amine..\" \/>\n<meta name=\"robots\" content=\"index, follow\" \/>\n<meta name=\"googlebot\" content=\"index, follow, max-snippet:-1, max-image-preview:large, max-video-preview:-1\" \/>\n<meta name=\"bingbot\" content=\"index, follow, max-snippet:-1, max-image-preview:large, max-video-preview:-1\" \/>\n<link rel=\"canonical\" href=\"https:\/\/www.studyhelp.de\/online-lernen\/chemie\/was-sind-amine\/\" \/>\n<meta property=\"og:locale\" content=\"de_DE\" \/>\n<meta property=\"og:type\" content=\"article\" \/>\n<meta property=\"og:title\" content=\"Was sind Amine? [Stoffklassen] - StudyHelp Online-Lernen\" \/>\n<meta property=\"og:description\" content=\"Ein Amin erh\u00e4lt man, in dem man eines oder mehrerer Ammoniak-Wasserstoffatome durch organische Reste ersetzt. Wichtig zu wissen ist, dass Amine..\" \/>\n<meta property=\"og:url\" content=\"https:\/\/www.studyhelp.de\/online-lernen\/chemie\/was-sind-amine\/\" \/>\n<meta property=\"og:site_name\" content=\"StudyHelp Online-Lernen\" \/>\n<meta property=\"article:modified_time\" content=\"2018-10-08T13:25:03+00:00\" \/>\n<meta property=\"og:image\" content=\"https:\/\/www.studyhelp.de\/online-lernen\/wp-content\/uploads\/2018\/08\/Amine.jpg\" \/>\n<meta name=\"twitter:card\" content=\"summary_large_image\" \/>\n<script type=\"application\/ld+json\" class=\"yoast-schema-graph\">{\"@context\":\"https:\/\/schema.org\",\"@graph\":[{\"@type\":\"WebSite\",\"@id\":\"https:\/\/www.studyhelp.de\/online-lernen\/#website\",\"url\":\"https:\/\/www.studyhelp.de\/online-lernen\/\",\"name\":\"StudyHelp Online-Lernen\",\"description\":\"\",\"potentialAction\":[{\"@type\":\"SearchAction\",\"target\":\"https:\/\/www.studyhelp.de\/online-lernen\/?s={search_term_string}\",\"query-input\":\"required name=search_term_string\"}],\"inLanguage\":\"de-DE\"},{\"@type\":\"ImageObject\",\"@id\":\"https:\/\/www.studyhelp.de\/online-lernen\/chemie\/was-sind-amine\/#primaryimage\",\"inLanguage\":\"de-DE\",\"url\":\"https:\/\/www.studyhelp.de\/online-lernen\/wp-content\/uploads\/2018\/08\/Amine.jpg\",\"width\":1395,\"height\":302,\"caption\":\"Amine\"},{\"@type\":\"WebPage\",\"@id\":\"https:\/\/www.studyhelp.de\/online-lernen\/chemie\/was-sind-amine\/#webpage\",\"url\":\"https:\/\/www.studyhelp.de\/online-lernen\/chemie\/was-sind-amine\/\",\"name\":\"Was sind Amine? [Stoffklassen] - StudyHelp Online-Lernen\",\"isPartOf\":{\"@id\":\"https:\/\/www.studyhelp.de\/online-lernen\/#website\"},\"primaryImageOfPage\":{\"@id\":\"https:\/\/www.studyhelp.de\/online-lernen\/chemie\/was-sind-amine\/#primaryimage\"},\"datePublished\":\"2018-08-16T13:42:39+00:00\",\"dateModified\":\"2018-10-08T13:25:03+00:00\",\"description\":\"Ein Amin erh\\u00e4lt man, in dem man eines oder mehrerer Ammoniak-Wasserstoffatome durch organische Reste ersetzt. Wichtig zu wissen ist, dass Amine..\",\"inLanguage\":\"de-DE\",\"potentialAction\":[{\"@type\":\"ReadAction\",\"target\":[\"https:\/\/www.studyhelp.de\/online-lernen\/chemie\/was-sind-amine\/\"]}]}]}<\/script>\n<!-- \/ Yoast SEO plugin. -->","_links":{"self":[{"href":"https:\/\/www.studyhelp.de\/online-lernen\/wp-json\/wp\/v2\/pages\/9494"}],"collection":[{"href":"https:\/\/www.studyhelp.de\/online-lernen\/wp-json\/wp\/v2\/pages"}],"about":[{"href":"https:\/\/www.studyhelp.de\/online-lernen\/wp-json\/wp\/v2\/types\/page"}],"author":[{"embeddable":true,"href":"https:\/\/www.studyhelp.de\/online-lernen\/wp-json\/wp\/v2\/users\/3"}],"replies":[{"embeddable":true,"href":"https:\/\/www.studyhelp.de\/online-lernen\/wp-json\/wp\/v2\/comments?post=9494"}],"version-history":[{"count":9,"href":"https:\/\/www.studyhelp.de\/online-lernen\/wp-json\/wp\/v2\/pages\/9494\/revisions"}],"predecessor-version":[{"id":10299,"href":"https:\/\/www.studyhelp.de\/online-lernen\/wp-json\/wp\/v2\/pages\/9494\/revisions\/10299"}],"up":[{"embeddable":true,"href":"https:\/\/www.studyhelp.de\/online-lernen\/wp-json\/wp\/v2\/pages\/9325"}],"wp:attachment":[{"href":"https:\/\/www.studyhelp.de\/online-lernen\/wp-json\/wp\/v2\/media?parent=9494"}],"wp:term":[{"taxonomy":"category","embeddable":true,"href":"https:\/\/www.studyhelp.de\/online-lernen\/wp-json\/wp\/v2\/categories?post=9494"},{"taxonomy":"post_tag","embeddable":true,"href":"https:\/\/www.studyhelp.de\/online-lernen\/wp-json\/wp\/v2\/tags?post=9494"}],"curies":[{"name":"wp","href":"https:\/\/api.w.org\/{rel}","templated":true}]}}