{"id":9511,"date":"2018-08-17T10:13:01","date_gmt":"2018-08-17T08:13:01","guid":{"rendered":"https:\/\/www.studyhelp.de\/online-lernen\/?page_id=9511"},"modified":"2018-10-08T15:18:57","modified_gmt":"2018-10-08T13:18:57","slug":"phenole","status":"publish","type":"page","link":"https:\/\/www.studyhelp.de\/online-lernen\/chemie\/phenole\/","title":{"rendered":"Phenole"},"content":{"rendered":"<p>Phenole sind <a href=\"https:\/\/www.studyhelp.de\/online-lernen\/chemie\/aromaten\/\" rel=\"noopener\" target=\"_blank\">aromatische<\/a> Hydroxyverbindung, bei denen bis zu drei Hydroxygruppen an die Kohlenstoffatome des Benzolrings gebunden sein k\u00f6nnen.<\/p>\n\n<p><img decoding=\"async\" loading=\"lazy\" src=\"https:\/\/www.studyhelp.de\/online-lernen\/wp-content\/uploads\/2018\/08\/Phenole.jpg\" alt=\"\" width=\"118\" height=\"201\" class=\"alignnone size-full wp-image-9512\" \/><\/p>\n<h2>Acidit\u00e4t &#8211; Phenole als S\u00e4uren<\/h2>\n<p>Phenole sind im Vergleich zu Alkanolen die deutlich st\u00e4rkeren S\u00e4uren. Doch woran liegt es, dass die Hydroxydgruppe der Phenole leichter ein Proton abgibt als die von Alkanolen?<br \/>\nDazu betrachten wir die Struktur eines deprotonierten Phenols. Man stellt schnell fest, dass es hier mesomere Grenzstrukturen gibt (bei Alkanolaten ist dies nicht der Fall). Daher ist das Phenolat deutlich stabiler als Alkanolate. <\/p>\n<p><img decoding=\"async\" loading=\"lazy\" src=\"https:\/\/www.studyhelp.de\/online-lernen\/wp-content\/uploads\/2018\/08\/Phenole-Eigenschaften.jpg\" alt=\"\" width=\"1055\" height=\"262\" class=\"alignnone size-full wp-image-9513\" srcset=\"https:\/\/www.studyhelp.de\/online-lernen\/wp-content\/uploads\/2018\/08\/Phenole-Eigenschaften.jpg 1055w, https:\/\/www.studyhelp.de\/online-lernen\/wp-content\/uploads\/2018\/08\/Phenole-Eigenschaften-300x75.jpg 300w, https:\/\/www.studyhelp.de\/online-lernen\/wp-content\/uploads\/2018\/08\/Phenole-Eigenschaften-768x191.jpg 768w, https:\/\/www.studyhelp.de\/online-lernen\/wp-content\/uploads\/2018\/08\/Phenole-Eigenschaften-1024x254.jpg 1024w\" sizes=\"(max-width: 1055px) 100vw, 1055px\" \/><\/p>\n<p>Vergleicht man die Grenzstrukturen des Phenolations mit denen des Phenols, so stellt man fest, dass gleich viele Grenzstrukturen formuliert werden k\u00f6nnen. Bei drei der vier Grenzstrukturen des Phenols entsteht eine positive Ladung am Sauerstoffatom, wodurch diese Grenzstrukturen deutlich instabiler sind als die des Phenolations. Da durch Deprotonierung also ein stabileres Molek\u00fcl entsteht, l\u00e4uft diese Reaktion sehr gut ab.<\/p>\n<p><img decoding=\"async\" loading=\"lazy\" src=\"https:\/\/www.studyhelp.de\/online-lernen\/wp-content\/uploads\/2018\/08\/Phenole-Reaktion.jpg\" alt=\"Phenole Reaktion\" width=\"1061\" height=\"267\" class=\"alignnone size-full wp-image-9514\" srcset=\"https:\/\/www.studyhelp.de\/online-lernen\/wp-content\/uploads\/2018\/08\/Phenole-Reaktion.jpg 1061w, https:\/\/www.studyhelp.de\/online-lernen\/wp-content\/uploads\/2018\/08\/Phenole-Reaktion-300x75.jpg 300w, https:\/\/www.studyhelp.de\/online-lernen\/wp-content\/uploads\/2018\/08\/Phenole-Reaktion-768x193.jpg 768w, https:\/\/www.studyhelp.de\/online-lernen\/wp-content\/uploads\/2018\/08\/Phenole-Reaktion-1024x258.jpg 1024w\" sizes=\"(max-width: 1061px) 100vw, 1061px\" \/><\/p>\n<h2>Elektrophile aromatische Zweitsubstitution<\/h2>\n<p>Da es sich bei Phenol um eine aromatische Verbindung mit einer Hydroxygruppe als Substituent handelt, kann diese Verbindung in einer elektrophilen aromatischen Zweitsubstitution reagieren. Betrachtet man die Effekte der Hydroxygruppe, so stellt man fest, dass sie einen <a href=\"https:\/\/www.studyhelp.de\/online-lernen\/chemie\/induktiver-effekt\/\" rel=\"noopener\" target=\"_blank\">-I-Effekt<\/a> und einen +M-Effekt besitzt. Da <a href=\"https:\/\/www.studyhelp.de\/online-lernen\/chemie\/mesomerer-effekt\/\" rel=\"noopener\" target=\"_blank\">mesomere Effekte<\/a> st\u00e4rker wirken als induktive Effekte, wird die Position des Zweitsubstituenten durch den elektronenschiebenden <a href=\"https:\/\/www.studyhelp.de\/online-lernen\/chemie\/mesomerer-effekt\/\" rel=\"noopener\" target=\"_blank\">+M-Effekt<\/a> bestimmt. Die Zweitsubstituenten werden also in ortho- bzw. para-Stellung gebunden. <\/p>\n\n","protected":false},"excerpt":{"rendered":"<p>Phenole sind aromatische Hydroxyverbindung, bei denen bis zu drei Hydroxygruppen an die Kohlenstoffatome des Benzolrings gebunden sein k\u00f6nnen. Acidit\u00e4t &#8211; Phenole als S\u00e4uren Phenole sind im Vergleich zu Alkanolen die deutlich st\u00e4rkeren S\u00e4uren. Doch woran liegt es, dass die Hydroxydgruppe der Phenole leichter ein Proton abgibt als die von Alkanolen? Dazu betrachten wir die Struktur [&hellip;]<\/p>\n","protected":false},"author":3,"featured_media":0,"parent":9325,"menu_order":0,"comment_status":"closed","ping_status":"closed","template":"","meta":[],"categories":[47],"tags":[],"yoast_head":"<!-- This site is optimized with the Yoast SEO plugin v14.7 - https:\/\/yoast.com\/wordpress\/plugins\/seo\/ -->\n<title>Phenole [Chemie Grundlagen] - StudyHelp Online-Lernen<\/title>\n<meta name=\"description\" content=\"Phenole sind aromatische Verbindung, bei denen bis zu drei Hydroxygruppen an die Kohlenstoffatome des Benzolrings gebunden sein k\u00f6nnen. Phenole sind..\" \/>\n<meta name=\"robots\" content=\"index, follow\" \/>\n<meta name=\"googlebot\" content=\"index, follow, max-snippet:-1, max-image-preview:large, max-video-preview:-1\" \/>\n<meta name=\"bingbot\" content=\"index, follow, max-snippet:-1, max-image-preview:large, max-video-preview:-1\" \/>\n<link rel=\"canonical\" href=\"https:\/\/www.studyhelp.de\/online-lernen\/chemie\/phenole\/\" \/>\n<meta property=\"og:locale\" content=\"de_DE\" \/>\n<meta property=\"og:type\" content=\"article\" \/>\n<meta property=\"og:title\" content=\"Phenole [Chemie Grundlagen] - StudyHelp Online-Lernen\" \/>\n<meta property=\"og:description\" content=\"Phenole sind aromatische Verbindung, bei denen bis zu drei Hydroxygruppen an die Kohlenstoffatome des Benzolrings gebunden sein k\u00f6nnen. Phenole sind..\" \/>\n<meta property=\"og:url\" content=\"https:\/\/www.studyhelp.de\/online-lernen\/chemie\/phenole\/\" \/>\n<meta property=\"og:site_name\" content=\"StudyHelp Online-Lernen\" \/>\n<meta property=\"article:modified_time\" content=\"2018-10-08T13:18:57+00:00\" \/>\n<meta property=\"og:image\" content=\"https:\/\/www.studyhelp.de\/online-lernen\/wp-content\/uploads\/2018\/08\/Phenole.jpg\" \/>\n<meta name=\"twitter:card\" content=\"summary_large_image\" \/>\n<script type=\"application\/ld+json\" class=\"yoast-schema-graph\">{\"@context\":\"https:\/\/schema.org\",\"@graph\":[{\"@type\":\"WebSite\",\"@id\":\"https:\/\/www.studyhelp.de\/online-lernen\/#website\",\"url\":\"https:\/\/www.studyhelp.de\/online-lernen\/\",\"name\":\"StudyHelp Online-Lernen\",\"description\":\"\",\"potentialAction\":[{\"@type\":\"SearchAction\",\"target\":\"https:\/\/www.studyhelp.de\/online-lernen\/?s={search_term_string}\",\"query-input\":\"required name=search_term_string\"}],\"inLanguage\":\"de-DE\"},{\"@type\":\"ImageObject\",\"@id\":\"https:\/\/www.studyhelp.de\/online-lernen\/chemie\/phenole\/#primaryimage\",\"inLanguage\":\"de-DE\",\"url\":\"https:\/\/www.studyhelp.de\/online-lernen\/wp-content\/uploads\/2018\/08\/Phenole.jpg\",\"width\":118,\"height\":201,\"caption\":\"Phenole\"},{\"@type\":\"WebPage\",\"@id\":\"https:\/\/www.studyhelp.de\/online-lernen\/chemie\/phenole\/#webpage\",\"url\":\"https:\/\/www.studyhelp.de\/online-lernen\/chemie\/phenole\/\",\"name\":\"Phenole [Chemie Grundlagen] - StudyHelp Online-Lernen\",\"isPartOf\":{\"@id\":\"https:\/\/www.studyhelp.de\/online-lernen\/#website\"},\"primaryImageOfPage\":{\"@id\":\"https:\/\/www.studyhelp.de\/online-lernen\/chemie\/phenole\/#primaryimage\"},\"datePublished\":\"2018-08-17T08:13:01+00:00\",\"dateModified\":\"2018-10-08T13:18:57+00:00\",\"description\":\"Phenole sind aromatische Verbindung, bei denen bis zu drei Hydroxygruppen an die Kohlenstoffatome des Benzolrings gebunden sein k\\u00f6nnen. Phenole sind..\",\"inLanguage\":\"de-DE\",\"potentialAction\":[{\"@type\":\"ReadAction\",\"target\":[\"https:\/\/www.studyhelp.de\/online-lernen\/chemie\/phenole\/\"]}]}]}<\/script>\n<!-- \/ Yoast SEO plugin. -->","_links":{"self":[{"href":"https:\/\/www.studyhelp.de\/online-lernen\/wp-json\/wp\/v2\/pages\/9511"}],"collection":[{"href":"https:\/\/www.studyhelp.de\/online-lernen\/wp-json\/wp\/v2\/pages"}],"about":[{"href":"https:\/\/www.studyhelp.de\/online-lernen\/wp-json\/wp\/v2\/types\/page"}],"author":[{"embeddable":true,"href":"https:\/\/www.studyhelp.de\/online-lernen\/wp-json\/wp\/v2\/users\/3"}],"replies":[{"embeddable":true,"href":"https:\/\/www.studyhelp.de\/online-lernen\/wp-json\/wp\/v2\/comments?post=9511"}],"version-history":[{"count":6,"href":"https:\/\/www.studyhelp.de\/online-lernen\/wp-json\/wp\/v2\/pages\/9511\/revisions"}],"predecessor-version":[{"id":10277,"href":"https:\/\/www.studyhelp.de\/online-lernen\/wp-json\/wp\/v2\/pages\/9511\/revisions\/10277"}],"up":[{"embeddable":true,"href":"https:\/\/www.studyhelp.de\/online-lernen\/wp-json\/wp\/v2\/pages\/9325"}],"wp:attachment":[{"href":"https:\/\/www.studyhelp.de\/online-lernen\/wp-json\/wp\/v2\/media?parent=9511"}],"wp:term":[{"taxonomy":"category","embeddable":true,"href":"https:\/\/www.studyhelp.de\/online-lernen\/wp-json\/wp\/v2\/categories?post=9511"},{"taxonomy":"post_tag","embeddable":true,"href":"https:\/\/www.studyhelp.de\/online-lernen\/wp-json\/wp\/v2\/tags?post=9511"}],"curies":[{"name":"wp","href":"https:\/\/api.w.org\/{rel}","templated":true}]}}