{"id":9561,"date":"2018-08-23T16:28:05","date_gmt":"2018-08-23T14:28:05","guid":{"rendered":"https:\/\/www.studyhelp.de\/online-lernen\/?page_id=9561"},"modified":"2018-11-14T16:05:21","modified_gmt":"2018-11-14T15:05:21","slug":"reaktionen-in-der-organischen-chemie","status":"publish","type":"page","link":"https:\/\/www.studyhelp.de\/online-lernen\/chemie\/reaktionen-in-der-organischen-chemie\/","title":{"rendered":"Reaktionen in der organischen Chemie"},"content":{"rendered":"<h2>Grundlagen zu Reaktionen in der organischen Chemie<\/h2>\n<p>Damit eine Reaktion stattfinden kann, muss ein positiviertes Atom zu finden sein, eine positive Ladung vorliegen oder eine positive Ladung durch mesomere Grenzstrukturen gebildet werden k\u00f6nnen. Wenn dies der Fall ist, liegt an dieser Stelle ein Elektronenmangel vor, welcher ausgeglichen werden m\u00f6chte.   <\/p>\n<p>Dieser Elektronenmangel kann ausgeglichen werden, indem ein Elektronenpaar an der M\u00e4ngelstelle &#8222;angreift&#8220;. Dieses Elektronenpaar kann ein generell freies Elektronenpaar sein, oder aus einer Mehrfachbindung stammen. <\/p>\n<p><strong>Zur Einf\u00fchrung in das Thema Reaktionen haben wir dir folgendes Lernvideo zur Verf\u00fcgung gestellt:<\/strong><br \/>\n<div class=\"lyte-wrapper\" style=\"width:420px;max-width:100%;margin:5px;\"><div class=\"lyMe\" id=\"WYL_vFkLYmb5JmM\"><div id=\"lyte_vFkLYmb5JmM\" data-src=\"https:\/\/www.studyhelp.de\/online-lernen\/wp-content\/plugins\/wp-youtube-lyte\/lyteCache.php?origThumbUrl=%2F%2Fi.ytimg.com%2Fvi%2FvFkLYmb5JmM%2Fhqdefault.jpg\" class=\"pL\"><div class=\"tC\"><div class=\"tT\"><\/div><\/div><div class=\"play\"><\/div><div class=\"ctrl\"><div class=\"Lctrl\"><\/div><div class=\"Rctrl\"><\/div><\/div><\/div><noscript><a href=\"https:\/\/youtu.be\/vFkLYmb5JmM\" rel=\"nofollow\"><img src=\"https:\/\/www.studyhelp.de\/online-lernen\/wp-content\/plugins\/wp-youtube-lyte\/lyteCache.php?origThumbUrl=https%3A%2F%2Fi.ytimg.com%2Fvi%2FvFkLYmb5JmM%2F0.jpg\" alt=\"YouTube-Video-Thumbnail\" width=\"420\" height=\"216\" \/><br \/>Dieses Video auf YouTube ansehen<\/a><\/noscript><\/div><\/div><div class=\"lL\" style=\"max-width:100%;width:420px;margin:5px;\"><\/div><\/p>\n<h2 class=\"anchor\" id=\"elektrophile-und-nucleophile\">Elektrophilie und Nucleophilie<\/h2>\n<ul>\n<li>Elektrophile sind Teilchen, welche einen Elektronenmangel haben und daher nach mehr Elektronen streben.<\/li>\n<li>Nucleophile sind dagegen Teilchen, welche einen Elektronen\u00fcberschuss haben und daher Elektronen abgeben wollen und sich mit einem Atom mit Elektronenmangel zusammentun wollen.<\/li>\n<\/ul>\n<h2 class=\"anchor\" id=\"radikalische-substitution\">Radikalische Substitution<\/h2>\n<p>Bei der radikalischen Substitution handelt es sich um eine Reaktion, bei der ein Radikal (ein Teilchen mit ungepaartem Elektron \u2013 symbolisiert mit einem Punkt) ein Atom in einem Molek\u00fcl ersetzt. Dabei wird das ersetzte Atom aus der Verbindung entfernt und das Radikal an das Molek\u00fcl gebunden. Bei dieser Reaktion gibt es drei wesentliche Schritte: Startreaktion, Kettenreaktion und Kettenabbruch.<\/p>\n\n<h3 class=\"anchor\" id=\"startreaktion\">Startreaktion<\/h3>\n<p>Bei der Startreaktion werden mithilfe von Energie Radikale gebildet. Diese entstehen durch eine homolytische Spaltung einer Einfachbindung. Die getrennten Verbindungselektronen werden gleichm\u00e4\u00dfig auf die beiden Atome aufgeteilt. <img decoding=\"async\" loading=\"lazy\" src=\"https:\/\/www.studyhelp.de\/online-lernen\/wp-content\/uploads\/2018\/08\/homolytische-spaltung.jpg\" alt=\"homolytische spaltung\" width=\"913\" height=\"118\" class=\"aligncenter size-full wp-image-9570\" srcset=\"https:\/\/www.studyhelp.de\/online-lernen\/wp-content\/uploads\/2018\/08\/homolytische-spaltung.jpg 913w, https:\/\/www.studyhelp.de\/online-lernen\/wp-content\/uploads\/2018\/08\/homolytische-spaltung-300x39.jpg 300w, https:\/\/www.studyhelp.de\/online-lernen\/wp-content\/uploads\/2018\/08\/homolytische-spaltung-768x99.jpg 768w\" sizes=\"(max-width: 913px) 100vw, 913px\" \/><\/p>\n<h3 class=\"anchor\" id=\"kettenreaktion\">Kettenreaktion<\/h3>\n<p>Eine Kettenreaktion ist eine chemische Reaktion, die aus gleichartigen und einander bedingenden Teilreaktionen besteht. Dabei ist ein Produkt einer Einzelreaktion Ausgangsprodukt f\u00fcr eine Folgereaktion.<br \/>\nBei der radikalischen Substitution handelt es sich bei den Teilreaktionen immer um eine Reaktion eines Radikals mit einer Einfachbindung. Das entstehende Radikal reagiert dann wieder mit einer anderen Einfachbindung eines anderen Molek\u00fcls. Diese Art von Reaktion kann unendlich oft durchgef\u00fchrt werden.<br \/>\n<img decoding=\"async\" loading=\"lazy\" src=\"https:\/\/www.studyhelp.de\/online-lernen\/wp-content\/uploads\/2018\/08\/Kettenreaktion.jpg\" alt=\"Kettenreaktion\" width=\"1169\" height=\"216\" class=\"aligncenter size-full wp-image-9571\" srcset=\"https:\/\/www.studyhelp.de\/online-lernen\/wp-content\/uploads\/2018\/08\/Kettenreaktion.jpg 1169w, https:\/\/www.studyhelp.de\/online-lernen\/wp-content\/uploads\/2018\/08\/Kettenreaktion-300x55.jpg 300w, https:\/\/www.studyhelp.de\/online-lernen\/wp-content\/uploads\/2018\/08\/Kettenreaktion-768x142.jpg 768w, https:\/\/www.studyhelp.de\/online-lernen\/wp-content\/uploads\/2018\/08\/Kettenreaktion-1024x189.jpg 1024w\" sizes=\"(max-width: 1169px) 100vw, 1169px\" \/><br \/>\n<img decoding=\"async\" loading=\"lazy\" src=\"https:\/\/www.studyhelp.de\/online-lernen\/wp-content\/uploads\/2018\/08\/Kettenreaktion-2.jpg\" alt=\"Kettenreaktion 2\" width=\"1130\" height=\"206\" class=\"aligncenter size-full wp-image-9572\" srcset=\"https:\/\/www.studyhelp.de\/online-lernen\/wp-content\/uploads\/2018\/08\/Kettenreaktion-2.jpg 1130w, https:\/\/www.studyhelp.de\/online-lernen\/wp-content\/uploads\/2018\/08\/Kettenreaktion-2-300x55.jpg 300w, https:\/\/www.studyhelp.de\/online-lernen\/wp-content\/uploads\/2018\/08\/Kettenreaktion-2-768x140.jpg 768w, https:\/\/www.studyhelp.de\/online-lernen\/wp-content\/uploads\/2018\/08\/Kettenreaktion-2-1024x187.jpg 1024w\" sizes=\"(max-width: 1130px) 100vw, 1130px\" \/><\/p>\n\n<h3 class=\"anchor\" id=\"kettenabbruch\">Kettenabbruch<\/h3>\n<p>Die Kettenreaktion endet, sobald zwei Radikale aufeinandertreffen und miteinander reagieren, indem sie eine Einfachbindung bildet. Dabei handelt es sich dann um den Kettenabbruch, da diese Radikale anschlie\u00dfend nicht mehr f\u00fcr eine Kettenreaktion zur Verf\u00fcgung stehen. Dabei k\u00f6nnen ganz verschiedene Produkte entstehen. Das h\u00e4ngt davon ab, welche Radikale miteinander reagieren. Im Folgenden sind drei verschiedene Beispiele abgebildet:<br \/>\n<img decoding=\"async\" loading=\"lazy\" src=\"https:\/\/www.studyhelp.de\/online-lernen\/wp-content\/uploads\/2018\/08\/Kettenabbruch.jpg\" alt=\"Kettenabbruch\" width=\"1083\" height=\"624\" class=\"aligncenter size-full wp-image-9573\" srcset=\"https:\/\/www.studyhelp.de\/online-lernen\/wp-content\/uploads\/2018\/08\/Kettenabbruch.jpg 1083w, https:\/\/www.studyhelp.de\/online-lernen\/wp-content\/uploads\/2018\/08\/Kettenabbruch-300x173.jpg 300w, https:\/\/www.studyhelp.de\/online-lernen\/wp-content\/uploads\/2018\/08\/Kettenabbruch-768x443.jpg 768w, https:\/\/www.studyhelp.de\/online-lernen\/wp-content\/uploads\/2018\/08\/Kettenabbruch-1024x590.jpg 1024w\" sizes=\"(max-width: 1083px) 100vw, 1083px\" \/><\/p>\n","protected":false},"excerpt":{"rendered":"<p>Grundlagen zu Reaktionen in der organischen Chemie Damit eine Reaktion stattfinden kann, muss ein positiviertes Atom zu finden sein, eine positive Ladung vorliegen oder eine positive Ladung durch mesomere Grenzstrukturen gebildet werden k\u00f6nnen. Wenn dies der Fall ist, liegt an dieser Stelle ein Elektronenmangel vor, welcher ausgeglichen werden m\u00f6chte. Dieser Elektronenmangel kann ausgeglichen werden, indem [&hellip;]<\/p>\n","protected":false},"author":3,"featured_media":0,"parent":9325,"menu_order":0,"comment_status":"closed","ping_status":"closed","template":"","meta":[],"categories":[47],"tags":[],"yoast_head":"<!-- This site is optimized with the Yoast SEO plugin v14.7 - https:\/\/yoast.com\/wordpress\/plugins\/seo\/ -->\n<title>Reaktionen in der Chemie - StudyHelp Online-Lernen<\/title>\n<meta name=\"description\" content=\"Bei einer chemischen Reaktion gehen ein oder mehrere Stoffe eine Verbindung ein, wodurch ein neuer Stoff entsteht. Wichtig zu wissen ist, dass Reaktionen..\" \/>\n<meta name=\"robots\" content=\"index, follow\" \/>\n<meta name=\"googlebot\" content=\"index, follow, max-snippet:-1, max-image-preview:large, max-video-preview:-1\" \/>\n<meta name=\"bingbot\" content=\"index, follow, max-snippet:-1, max-image-preview:large, max-video-preview:-1\" \/>\n<link rel=\"canonical\" href=\"https:\/\/www.studyhelp.de\/online-lernen\/chemie\/reaktionen-in-der-organischen-chemie\/\" \/>\n<meta property=\"og:locale\" content=\"de_DE\" \/>\n<meta property=\"og:type\" content=\"article\" \/>\n<meta property=\"og:title\" content=\"Reaktionen in der Chemie - StudyHelp Online-Lernen\" \/>\n<meta property=\"og:description\" content=\"Bei einer chemischen Reaktion gehen ein oder mehrere Stoffe eine Verbindung ein, wodurch ein neuer Stoff entsteht. Wichtig zu wissen ist, dass Reaktionen..\" \/>\n<meta property=\"og:url\" content=\"https:\/\/www.studyhelp.de\/online-lernen\/chemie\/reaktionen-in-der-organischen-chemie\/\" \/>\n<meta property=\"og:site_name\" content=\"StudyHelp Online-Lernen\" \/>\n<meta property=\"article:modified_time\" content=\"2018-11-14T15:05:21+00:00\" \/>\n<meta property=\"og:image\" content=\"https:\/\/www.studyhelp.de\/online-lernen\/wp-content\/uploads\/2018\/08\/homolytische-spaltung.jpg\" \/>\n<meta name=\"twitter:card\" content=\"summary_large_image\" \/>\n<script type=\"application\/ld+json\" class=\"yoast-schema-graph\">{\"@context\":\"https:\/\/schema.org\",\"@graph\":[{\"@type\":\"WebSite\",\"@id\":\"https:\/\/www.studyhelp.de\/online-lernen\/#website\",\"url\":\"https:\/\/www.studyhelp.de\/online-lernen\/\",\"name\":\"StudyHelp Online-Lernen\",\"description\":\"\",\"potentialAction\":[{\"@type\":\"SearchAction\",\"target\":\"https:\/\/www.studyhelp.de\/online-lernen\/?s={search_term_string}\",\"query-input\":\"required name=search_term_string\"}],\"inLanguage\":\"de-DE\"},{\"@type\":\"ImageObject\",\"@id\":\"https:\/\/www.studyhelp.de\/online-lernen\/chemie\/reaktionen-in-der-organischen-chemie\/#primaryimage\",\"inLanguage\":\"de-DE\",\"url\":\"https:\/\/www.studyhelp.de\/online-lernen\/wp-content\/uploads\/2018\/08\/homolytische-spaltung.jpg\",\"width\":913,\"height\":118,\"caption\":\"homolytische spaltung\"},{\"@type\":\"WebPage\",\"@id\":\"https:\/\/www.studyhelp.de\/online-lernen\/chemie\/reaktionen-in-der-organischen-chemie\/#webpage\",\"url\":\"https:\/\/www.studyhelp.de\/online-lernen\/chemie\/reaktionen-in-der-organischen-chemie\/\",\"name\":\"Reaktionen in der Chemie - StudyHelp Online-Lernen\",\"isPartOf\":{\"@id\":\"https:\/\/www.studyhelp.de\/online-lernen\/#website\"},\"primaryImageOfPage\":{\"@id\":\"https:\/\/www.studyhelp.de\/online-lernen\/chemie\/reaktionen-in-der-organischen-chemie\/#primaryimage\"},\"datePublished\":\"2018-08-23T14:28:05+00:00\",\"dateModified\":\"2018-11-14T15:05:21+00:00\",\"description\":\"Bei einer chemischen Reaktion gehen ein oder mehrere Stoffe eine Verbindung ein, wodurch ein neuer Stoff entsteht. Wichtig zu wissen ist, dass Reaktionen..\",\"inLanguage\":\"de-DE\",\"potentialAction\":[{\"@type\":\"ReadAction\",\"target\":[\"https:\/\/www.studyhelp.de\/online-lernen\/chemie\/reaktionen-in-der-organischen-chemie\/\"]}]}]}<\/script>\n<!-- \/ Yoast SEO plugin. -->","_links":{"self":[{"href":"https:\/\/www.studyhelp.de\/online-lernen\/wp-json\/wp\/v2\/pages\/9561"}],"collection":[{"href":"https:\/\/www.studyhelp.de\/online-lernen\/wp-json\/wp\/v2\/pages"}],"about":[{"href":"https:\/\/www.studyhelp.de\/online-lernen\/wp-json\/wp\/v2\/types\/page"}],"author":[{"embeddable":true,"href":"https:\/\/www.studyhelp.de\/online-lernen\/wp-json\/wp\/v2\/users\/3"}],"replies":[{"embeddable":true,"href":"https:\/\/www.studyhelp.de\/online-lernen\/wp-json\/wp\/v2\/comments?post=9561"}],"version-history":[{"count":11,"href":"https:\/\/www.studyhelp.de\/online-lernen\/wp-json\/wp\/v2\/pages\/9561\/revisions"}],"predecessor-version":[{"id":11447,"href":"https:\/\/www.studyhelp.de\/online-lernen\/wp-json\/wp\/v2\/pages\/9561\/revisions\/11447"}],"up":[{"embeddable":true,"href":"https:\/\/www.studyhelp.de\/online-lernen\/wp-json\/wp\/v2\/pages\/9325"}],"wp:attachment":[{"href":"https:\/\/www.studyhelp.de\/online-lernen\/wp-json\/wp\/v2\/media?parent=9561"}],"wp:term":[{"taxonomy":"category","embeddable":true,"href":"https:\/\/www.studyhelp.de\/online-lernen\/wp-json\/wp\/v2\/categories?post=9561"},{"taxonomy":"post_tag","embeddable":true,"href":"https:\/\/www.studyhelp.de\/online-lernen\/wp-json\/wp\/v2\/tags?post=9561"}],"curies":[{"name":"wp","href":"https:\/\/api.w.org\/{rel}","templated":true}]}}