{"id":960,"date":"2016-02-10T09:34:30","date_gmt":"2016-02-10T08:34:30","guid":{"rendered":"https:\/\/www.studyhelp.de\/mathe\/?page_id=960"},"modified":"2018-06-14T15:50:11","modified_gmt":"2018-06-14T13:50:11","slug":"tabellenkalkulation","status":"publish","type":"page","link":"https:\/\/www.studyhelp.de\/online-lernen\/mathe\/tabellenkalkulation\/","title":{"rendered":"Tabellenkalkulation (Excel)"},"content":{"rendered":"\n<p>In den vergangenen Jahren ist es immer wieder vorgekommen, dass ihr in der Pr\u00fcfung eine kurze Aufgabe zum Thema Tabellenkalkulation (Excel) l\u00f6sen solltet. Aus Erfahrung wissen wir, dass nicht alle von euch mit dem Thema Tabellenkalkulation (Excel) vertraut sind und dieses Thema auch in der Schule sehr h\u00e4ufig \u00fcberhaupt nicht angesprochen wird. Deswegen wollen wir uns an dieser Stelle einer solchen Aufgabe widmen.<\/p>\n<hr \/>\n\n<hr \/>\n<p>Dazu wollen wir uns den folgenden Sachverhalt angucken:<\/p>\n<p>Ein Sportverein m\u00f6chte seine Einnahmen der ersten f\u00fcnf Spieltage unter Zuhilfenahme eines Tabellenkalkulationsprogramms darstellen und analysieren. Bei der Erstellung sind leider einige Werte verloren gegangen.<\/p>\n<p><img decoding=\"async\" loading=\"lazy\" class=\"aligncenter wp-image-1311\" src=\"https:\/\/www.studyhelp.de\/online-lernen\/wp-content\/uploads\/2016\/02\/bil_excel.png\" alt=\"bil_excel\" width=\"455\" height=\"206\" srcset=\"https:\/\/www.studyhelp.de\/online-lernen\/wp-content\/uploads\/2016\/02\/bil_excel.png 815w, https:\/\/www.studyhelp.de\/online-lernen\/wp-content\/uploads\/2016\/02\/bil_excel-300x136.png 300w, https:\/\/www.studyhelp.de\/online-lernen\/wp-content\/uploads\/2016\/02\/bil_excel-768x348.png 768w\" sizes=\"(max-width: 455px) 100vw, 455px\" \/><\/p>\n<p><strong>a) Erg\u00e4nze die fehlenden Werte in der Tabelle.<\/strong><\/p>\n<p>Bevor wir diese Teilaufgabe l\u00f6sen, wollen wir uns kurz klarmachen, was in dieser Tabelle \u00fcberhaupt dargestellt wurde. In der ersten Spalte (A) wurden die vorher angesprochenen f\u00fcnf Spieltage durchnummeriert. In der zweiten Spalte (B) k\u00f6nnt ihr sehen, wie viele Zuschauer am jeweiligen Spieltag zugegen waren. Dort sehen wir, dass zum Beispiel am 3. Spieltag 12.050 Zuschauer anwesend waren. Die dritte Spalte (C) gibt den Eintrittspreis (17 \u20ac) an. In der vierten Spalte (D) kann man die Einnahmen sortiert nach den einzelnen Spieltagen sehen. Am ersten Spieltag betrugen diese 212.500 \u20ac.<\/p>\n<p>Wir schauen uns jetzt die leeren Zellen an. Die erste leergebliebene Zelle ist D4. In dieser Zelle sollten also normalerweise die Einnahmen des 3. Spieltags einzusehen sein.<br \/>\nWir erg\u00e4nzen diesen Wert, indem wir die folgende Rechnung durchf\u00fchren:<\/p>\n<p>12.050 multipliziert mit dem Eintrittspreis von 17 \u20ac ergibt 204.850 \u20ac.<\/p>\n<p>Das bedeutet, dass am 3. Spieltag Einnahmen in H\u00f6he von 204.850 \u20ac erzielt wurden. Die n\u00e4chste leere Zelle ist B5. In der Spalte B wird angegeben, wie viele Zuschauer am jeweiligen Spieltag im Stadion waren. Wir kennen in diesem Fall aber nur die Einnahmen und den konstanten Eintrittspreis.<\/p>\n<p>Jetzt k\u00f6nnen wir die Gesamteinnahmen in H\u00f6he von 188.700 \u20ac durch den Eintrittspreis von 17 \u20ac teilen und erhalten dann die Anzahl der Zuschauer. Also, 188.700 \u20ac geteilt durch 17 \u20ac macht 11.100.<br \/>\nAm vierten Spieltag waren also 11.100 Zuschauer anwesend. Die letzte freigebliebene Zelle D6 wird nach dem gleichen Schema wie D4 berechnet. Dort erhalten wir 169.830 \u20ac.<br \/>\nJetzt werfen wir noch einen abschlie\u00dfenden Blick auf unsere vollst\u00e4ndig ausgef\u00fcllte Tabelle:<\/p>\n<p><img decoding=\"async\" loading=\"lazy\" class=\"aligncenter wp-image-1312\" src=\"https:\/\/www.studyhelp.de\/online-lernen\/wp-content\/uploads\/2016\/02\/bil_excel1.png\" alt=\"bil_excel1\" width=\"426\" height=\"194\" srcset=\"https:\/\/www.studyhelp.de\/online-lernen\/wp-content\/uploads\/2016\/02\/bil_excel1.png 817w, https:\/\/www.studyhelp.de\/online-lernen\/wp-content\/uploads\/2016\/02\/bil_excel1-300x137.png 300w, https:\/\/www.studyhelp.de\/online-lernen\/wp-content\/uploads\/2016\/02\/bil_excel1-768x350.png 768w\" sizes=\"(max-width: 426px) 100vw, 426px\" \/><\/p>\n<p><strong>b) Gib eine Formel zur Berechnung der Zellen D3 und B7 an.<\/strong><\/p>\n<p>Um diese Frage beantworten zu k\u00f6nnen, solltet ihr euch klarmachen, dass Tabellenkalkulationsprogramme unter anderem auch mit Formeln arbeiten. In der Zelle D3 finden wir die Einnahmen des 2. Spieltags. Diese werden berechnet, indem wir die Anzahl der Zuschauer (11.300) mit dem Eintrittspreis von 17 \u20ac multiplizieren. Anders gesagt, wir multiplizieren den Wert aus der Zelle B3 mit dem Wert aus der Zelle C3. Hier habt ihr nun unterschiedliche M\u00f6glichkeiten der Darstellung. Dabei symbolisieren *, x und $\\cdot$, dass hier eine Multiplikation stattfinden soll.<\/p>\n<ul>\n<li>B3 * C3<\/li>\n<li>B3 x C3<\/li>\n<li>B3 $\\cdot$ C3<\/li>\n<\/ul>\n<p><strong>c) Wie hoch sind die durchschnittlichen Einnahmen an den ersten f\u00fcnf Spieltagen?<\/strong><\/p>\n<p>Bei dieser Fragestellung spielt der Mittelwert oder das arithmetische Mittel eine Rolle. Normalerweise w\u00fcrdet ihr jetzt die Einnahmen der f\u00fcnf Spieltage addieren und danach durch die Anzahl der vorhandenen Spieltage, also f\u00fcnf, teilen. Gl\u00fccklicherweise stehen in der Zelle D7 bereits die Gesamteinnahmen. Diese teilt ihr durch die Anzahl der Spieltage.<br \/>\nAlso, 967.980 \u20ac : 5 = 193.596 \u20ac.<\/p>\n<p>Die durchschnittlichen Einnahmen betragen also 193.596 \u20ac.<\/p>\n<div class=\"box exercise\">\n<h2>Beispielaufgabe Tabellenkalkulation<\/h2>\n<p>Julian organisiert das Sommerfest der Firma StudyHelp. Eine seiner Hauptaufgaben ist der Einkauf der Getr\u00e4nke. Zur besseren \u00dcbersicht verwaltet er alle Daten mit Hilfe einer Tabellenkalkulation:<br \/>\n<img decoding=\"async\" loading=\"lazy\" class=\"alignnone wp-image-4925\" src=\"https:\/\/www.studyhelp.de\/online-lernen\/wp-content\/uploads\/2016\/02\/Tabellenkalkulation-300x92.png\" alt=\"tabellenkalkulation\" width=\"463\" height=\"142\" srcset=\"https:\/\/www.studyhelp.de\/online-lernen\/wp-content\/uploads\/2016\/02\/Tabellenkalkulation-300x92.png 300w, https:\/\/www.studyhelp.de\/online-lernen\/wp-content\/uploads\/2016\/02\/Tabellenkalkulation-768x236.png 768w, https:\/\/www.studyhelp.de\/online-lernen\/wp-content\/uploads\/2016\/02\/Tabellenkalkulation-1024x314.png 1024w, https:\/\/www.studyhelp.de\/online-lernen\/wp-content\/uploads\/2016\/02\/Tabellenkalkulation.png 1258w\" sizes=\"(max-width: 463px) 100vw, 463px\" \/><\/p>\n<ol>\n<li>Beschreibe mit eigenen Worten, welchen Wert der Betrag in Zelle D6 angibt.<\/li>\n<li>Gib eine Formel zur Berechnung des Werts in Zelle D3 an.<\/li>\n<\/ol>\n<p><strong>L\u00f6sungen<\/strong><\/p>\n<ol>\n<li>Der Betrag in Zelle D6 gibt die Gesamtkosten an. Wir erhalten ihn durch die Addition der Zellen D2 \u2013 D6.<\/li>\n<li>Der Wert in Zelle D3 beschreibt die Kosten, welche f\u00fcr 10 Flaschen Limonade anfallen. Wir k\u00f6nnen ihn berechnen, indem wir den Wert aus Zelle B3 mit dem Wert aus Zelle C3 multiplizieren (B3*C3).<\/li>\n<\/ol>\n<\/div>\n\n","protected":false},"excerpt":{"rendered":"<p>In den vergangenen Jahren ist es immer wieder vorgekommen, dass ihr in der Pr\u00fcfung eine kurze Aufgabe zum Thema Tabellenkalkulation (Excel) l\u00f6sen solltet. Aus Erfahrung wissen wir, dass nicht alle von euch mit dem Thema Tabellenkalkulation (Excel) vertraut sind und dieses Thema auch in der Schule sehr h\u00e4ufig \u00fcberhaupt nicht angesprochen wird. Deswegen wollen wir [&hellip;]<\/p>\n","protected":false},"author":5,"featured_media":0,"parent":6291,"menu_order":25,"comment_status":"closed","ping_status":"open","template":"","meta":[],"categories":[16],"tags":[],"yoast_head":"<!-- This site is optimized with the Yoast SEO plugin v14.7 - https:\/\/yoast.com\/wordpress\/plugins\/seo\/ -->\n<title>Tabellenkalkulation Einf\u00fchrung - StudyHelp Abiturvorbereitung<\/title>\n<meta name=\"description\" content=\"Du hast Interesse an Excel und suchst eine verst\u00e4ndliche Einleitung in das Thema Tabellenkalkulation? Wir geben dir einen \u00dcberblick.\" \/>\n<meta name=\"robots\" content=\"index, follow\" \/>\n<meta name=\"googlebot\" content=\"index, follow, max-snippet:-1, max-image-preview:large, max-video-preview:-1\" \/>\n<meta name=\"bingbot\" content=\"index, follow, max-snippet:-1, max-image-preview:large, max-video-preview:-1\" \/>\n<link rel=\"canonical\" href=\"https:\/\/www.studyhelp.de\/online-lernen\/mathe\/tabellenkalkulation\/\" \/>\n<meta property=\"og:locale\" content=\"de_DE\" \/>\n<meta property=\"og:type\" content=\"article\" \/>\n<meta property=\"og:title\" content=\"Tabellenkalkulation Einf\u00fchrung - StudyHelp Abiturvorbereitung\" \/>\n<meta property=\"og:description\" content=\"Du hast Interesse an Excel und suchst eine verst\u00e4ndliche Einleitung in das Thema Tabellenkalkulation? Wir geben dir einen \u00dcberblick.\" \/>\n<meta property=\"og:url\" content=\"https:\/\/www.studyhelp.de\/online-lernen\/mathe\/tabellenkalkulation\/\" \/>\n<meta property=\"og:site_name\" content=\"StudyHelp Online-Lernen\" \/>\n<meta property=\"article:modified_time\" content=\"2018-06-14T13:50:11+00:00\" \/>\n<meta property=\"og:image\" content=\"https:\/\/www.studyhelp.de\/online-lernen\/wp-content\/uploads\/2016\/02\/bil_excel.png\" \/>\n<meta name=\"twitter:card\" content=\"summary_large_image\" \/>\n<script type=\"application\/ld+json\" class=\"yoast-schema-graph\">{\"@context\":\"https:\/\/schema.org\",\"@graph\":[{\"@type\":\"WebSite\",\"@id\":\"https:\/\/www.studyhelp.de\/online-lernen\/#website\",\"url\":\"https:\/\/www.studyhelp.de\/online-lernen\/\",\"name\":\"StudyHelp Online-Lernen\",\"description\":\"\",\"potentialAction\":[{\"@type\":\"SearchAction\",\"target\":\"https:\/\/www.studyhelp.de\/online-lernen\/?s={search_term_string}\",\"query-input\":\"required name=search_term_string\"}],\"inLanguage\":\"de-DE\"},{\"@type\":\"ImageObject\",\"@id\":\"https:\/\/www.studyhelp.de\/online-lernen\/mathe\/tabellenkalkulation\/#primaryimage\",\"inLanguage\":\"de-DE\",\"url\":\"https:\/\/www.studyhelp.de\/online-lernen\/wp-content\/uploads\/2016\/02\/bil_excel.png\",\"width\":815,\"height\":369},{\"@type\":\"WebPage\",\"@id\":\"https:\/\/www.studyhelp.de\/online-lernen\/mathe\/tabellenkalkulation\/#webpage\",\"url\":\"https:\/\/www.studyhelp.de\/online-lernen\/mathe\/tabellenkalkulation\/\",\"name\":\"Tabellenkalkulation Einf\\u00fchrung - StudyHelp Abiturvorbereitung\",\"isPartOf\":{\"@id\":\"https:\/\/www.studyhelp.de\/online-lernen\/#website\"},\"primaryImageOfPage\":{\"@id\":\"https:\/\/www.studyhelp.de\/online-lernen\/mathe\/tabellenkalkulation\/#primaryimage\"},\"datePublished\":\"2016-02-10T08:34:30+00:00\",\"dateModified\":\"2018-06-14T13:50:11+00:00\",\"description\":\"Du hast Interesse an Excel und suchst eine verst\\u00e4ndliche Einleitung in das Thema Tabellenkalkulation? Wir geben dir einen \\u00dcberblick.\",\"inLanguage\":\"de-DE\",\"potentialAction\":[{\"@type\":\"ReadAction\",\"target\":[\"https:\/\/www.studyhelp.de\/online-lernen\/mathe\/tabellenkalkulation\/\"]}]}]}<\/script>\n<!-- \/ Yoast SEO plugin. -->","_links":{"self":[{"href":"https:\/\/www.studyhelp.de\/online-lernen\/wp-json\/wp\/v2\/pages\/960"}],"collection":[{"href":"https:\/\/www.studyhelp.de\/online-lernen\/wp-json\/wp\/v2\/pages"}],"about":[{"href":"https:\/\/www.studyhelp.de\/online-lernen\/wp-json\/wp\/v2\/types\/page"}],"author":[{"embeddable":true,"href":"https:\/\/www.studyhelp.de\/online-lernen\/wp-json\/wp\/v2\/users\/5"}],"replies":[{"embeddable":true,"href":"https:\/\/www.studyhelp.de\/online-lernen\/wp-json\/wp\/v2\/comments?post=960"}],"version-history":[{"count":9,"href":"https:\/\/www.studyhelp.de\/online-lernen\/wp-json\/wp\/v2\/pages\/960\/revisions"}],"predecessor-version":[{"id":8404,"href":"https:\/\/www.studyhelp.de\/online-lernen\/wp-json\/wp\/v2\/pages\/960\/revisions\/8404"}],"up":[{"embeddable":true,"href":"https:\/\/www.studyhelp.de\/online-lernen\/wp-json\/wp\/v2\/pages\/6291"}],"wp:attachment":[{"href":"https:\/\/www.studyhelp.de\/online-lernen\/wp-json\/wp\/v2\/media?parent=960"}],"wp:term":[{"taxonomy":"category","embeddable":true,"href":"https:\/\/www.studyhelp.de\/online-lernen\/wp-json\/wp\/v2\/categories?post=960"},{"taxonomy":"post_tag","embeddable":true,"href":"https:\/\/www.studyhelp.de\/online-lernen\/wp-json\/wp\/v2\/tags?post=960"}],"curies":[{"name":"wp","href":"https:\/\/api.w.org\/{rel}","templated":true}]}}