{"id":9613,"date":"2018-09-03T11:42:48","date_gmt":"2018-09-03T09:42:48","guid":{"rendered":"https:\/\/www.studyhelp.de\/online-lernen\/?page_id=9613"},"modified":"2018-09-03T14:15:30","modified_gmt":"2018-09-03T12:15:30","slug":"nucleophile-substitution","status":"publish","type":"page","link":"https:\/\/www.studyhelp.de\/online-lernen\/chemie\/nucleophile-substitution\/","title":{"rendered":"Nucleophile Substitution"},"content":{"rendered":"<p>Die Nucleophile Substitution ist eine Substitutionsreaktion, bei der ein Nucleophil an ein Molek\u00fcl gebunden wird. Damit diese Bindung eingegangen werden kann, muss ein anderes Teilchen aus dem Molek\u00fcl austreten. Bei der Nucleophile Substitution ist das austretende Teilchen ein kleines stabiles Molek\u00fcl wie z.B. Wasser.<\/p>\n<p>Um die Nucleophile Substitution besser verstehen zu k\u00f6nnen, haben wir f\u00fcr euch ein Beispiel aufbereitet: wir betrachten die Reaktion von Carbons\u00e4ure (Elektronenpaardonor) und einem Alkohol (Elektronenpaarakzeptor).<\/p>\n<h2>Beispiel Nucleophile Substitution<\/h2>\n<p><img decoding=\"async\" loading=\"lazy\" src=\"https:\/\/www.studyhelp.de\/online-lernen\/wp-content\/uploads\/2018\/09\/Nucleophile-Substitution-Carbons\u00e4ure-und-Alkohol.jpg\" alt=\"\" width=\"365\" height=\"158\" class=\"aligncenter size-full wp-image-9614\" srcset=\"https:\/\/www.studyhelp.de\/online-lernen\/wp-content\/uploads\/2018\/09\/Nucleophile-Substitution-Carbons\u00e4ure-und-Alkohol.jpg 365w, https:\/\/www.studyhelp.de\/online-lernen\/wp-content\/uploads\/2018\/09\/Nucleophile-Substitution-Carbons\u00e4ure-und-Alkohol-300x130.jpg 300w\" sizes=\"(max-width: 365px) 100vw, 365px\" \/><\/p>\n<p>Zu Beginn der Nucleophilen Substitution betrachten wir die Carbons\u00e4ure- und Alkoholmolek\u00fcle genauer, um positivierte- Atome oder Ladungen zu finden. <\/p>\n<p>Bei der Carbons\u00e4ure kann man durch <a href=\"https:\/\/www.studyhelp.de\/online-lernen\/chemie\/mesomerie\/\" rel=\"noopener\" target=\"_blank\">mesomere Grenzstrukturen eine positive Ladung erzeugen.<\/p>\n<p><\/a> <img decoding=\"async\" loading=\"lazy\" src=\"https:\/\/www.studyhelp.de\/online-lernen\/wp-content\/uploads\/2018\/09\/Carbons\u00e4ure-Mesomere-Grenzstruktur.jpg\" alt=\"Carbons\u00e4ure Mesomere Grenzstruktur\" width=\"468\" height=\"187\" class=\"aligncenter size-full wp-image-9615\" srcset=\"https:\/\/www.studyhelp.de\/online-lernen\/wp-content\/uploads\/2018\/09\/Carbons\u00e4ure-Mesomere-Grenzstruktur.jpg 468w, https:\/\/www.studyhelp.de\/online-lernen\/wp-content\/uploads\/2018\/09\/Carbons\u00e4ure-Mesomere-Grenzstruktur-300x120.jpg 300w\" sizes=\"(max-width: 468px) 100vw, 468px\" \/><\/p>\n<p>Die entstandene positive Ladung in der Carbons\u00e4ure muss durch ein angreifendes Elektronenpar wieder ausgeglichen werden. An dieser Stelle f\u00fcgen wir das Alkoholmolek\u00fcl hinzu. Wir nutzen ein freies Elektronenpaar des Alkohols um die positive Ladung auszugleichen.<\/p>\n<p><img decoding=\"async\" loading=\"lazy\" src=\"https:\/\/www.studyhelp.de\/online-lernen\/wp-content\/uploads\/2018\/09\/Nucleophile-Substitution-Carbons\u00e4ure-Ausgleich-positiver-Ladung.jpg\" alt=\"Nucleophile Substitution Carbons\u00e4ure Ausgleich positiver Ladung\" width=\"720\" height=\"192\" class=\"aligncenter size-full wp-image-9616\" srcset=\"https:\/\/www.studyhelp.de\/online-lernen\/wp-content\/uploads\/2018\/09\/Nucleophile-Substitution-Carbons\u00e4ure-Ausgleich-positiver-Ladung.jpg 720w, https:\/\/www.studyhelp.de\/online-lernen\/wp-content\/uploads\/2018\/09\/Nucleophile-Substitution-Carbons\u00e4ure-Ausgleich-positiver-Ladung-300x80.jpg 300w\" sizes=\"(max-width: 720px) 100vw, 720px\" \/><\/p>\n<p>Nach diesem ersten Reaktionsschritt muss ebenfalls \u00fcberpr\u00fcft werden, ob Ladungen entstanden sind.<\/p>\n<p><img decoding=\"async\" loading=\"lazy\" src=\"https:\/\/www.studyhelp.de\/online-lernen\/wp-content\/uploads\/2018\/09\/Carbons\u00e4ure-Alkohole-positive-Ladungen.jpg\" alt=\"Carbons\u00e4ure &amp; Alkohole positive Ladungen\" width=\"842\" height=\"277\" class=\"aligncenter size-full wp-image-9617\" srcset=\"https:\/\/www.studyhelp.de\/online-lernen\/wp-content\/uploads\/2018\/09\/Carbons\u00e4ure-Alkohole-positive-Ladungen.jpg 842w, https:\/\/www.studyhelp.de\/online-lernen\/wp-content\/uploads\/2018\/09\/Carbons\u00e4ure-Alkohole-positive-Ladungen-300x99.jpg 300w, https:\/\/www.studyhelp.de\/online-lernen\/wp-content\/uploads\/2018\/09\/Carbons\u00e4ure-Alkohole-positive-Ladungen-768x253.jpg 768w\" sizes=\"(max-width: 842px) 100vw, 842px\" \/><\/p>\n<p>Die entstandene positive Ladung k\u00f6nnen wir dieses Mal ebenfalls nicht durch ein Elektronenpaar ausgleichen, da das Sauerstoffatom bereits die maximale Anzahl an Elektronen besitzt und daher keinen freie Platz auf der Valenzschale zu vergeben hat. <\/p>\n<p>Die positive Ladung kann nur ausgleichen werden, indem eines der bindenden Elektronenpaare nicht mehr geteilt wird. Es muss sich die Frage gestellt werden,welche der Bindungen am leichtesten zu trennen ist. Wie schon im Beispiel bei der <a href=\"https:\/\/www.studyhelp.de\/online-lernen\/chemie\/nucleophile-addition\/\">Nucleophilen Addition<\/a> kann die O-H-Bindung am leichtesten getrennt werden, da hier die Elektronegativit\u00e4tsdifferenz am gr\u00f6\u00dften ist. Es wird ein Proton (H^+) abgespalten, welches durch eine intramolekulare Protonenwanderung innerhalb des Molek\u00fcls umgelagert wird.  <\/p>\n<p>Doch wohin wandert das Proton? Da es positiv geladen ist, k\u00f6nnte es zu der negativen Ladung am oberen Sauerstoffatom wandern.<\/p>\n<p><img decoding=\"async\" loading=\"lazy\" src=\"https:\/\/www.studyhelp.de\/online-lernen\/wp-content\/uploads\/2018\/09\/Protonwanderung-Nucleophile-Substitution.jpg\" alt=\"Protonwanderung Nucleophile Substitution\" width=\"225\" height=\"173\" class=\"aligncenter size-full wp-image-9620\" \/><\/p>\n<p>Hier kommt ein wichtiges Prinzip der organischen Chemie ins Spiel: Sobald durch eine intramolekulare Protonenwanderung im Bereich des Reaktionsgeschehens Wasser abgespalten werden kann, passiert dies auch.<\/p>\n<p>Folglich wird das Proton durch ein freies Elektronenpaar des Sauerstoffatoms in der Alkoholgruppe aufgenommen.<br \/>\n<img decoding=\"async\" loading=\"lazy\" src=\"https:\/\/www.studyhelp.de\/online-lernen\/wp-content\/uploads\/2018\/09\/Protonwanderung-Nucleophile-Substitution-Wasser-Abspaltung.jpg\" alt=\"Protonwanderung Nucleophile Substitution Wasser Abspaltung\" width=\"571\" height=\"198\" class=\"aligncenter size-full wp-image-9621\" srcset=\"https:\/\/www.studyhelp.de\/online-lernen\/wp-content\/uploads\/2018\/09\/Protonwanderung-Nucleophile-Substitution-Wasser-Abspaltung.jpg 571w, https:\/\/www.studyhelp.de\/online-lernen\/wp-content\/uploads\/2018\/09\/Protonwanderung-Nucleophile-Substitution-Wasser-Abspaltung-300x104.jpg 300w\" sizes=\"(max-width: 571px) 100vw, 571px\" \/><\/p>\n<p>Die entstandene positive Ladung am Sauerstoffatom muss ausgeglichen werden, was wieder nur passiert, wenn ein bindendes Elektronenpaar nicht mehr geteilt wird.<br \/>\nHierf\u00fcr wird die Einfachbindung zwischen dem Kohlenstoffatom und dem Sauerstoffatom getrennt, da dies zur Folge hat, dass Wasser abgespalten wird.<br \/>\nW\u00fcrde die Einfachbindung zwischen einem Wasserstoffatom und dem Sauerstoffatom getrennt werden, w\u00fcrden wir den vorherigen Reaktionsschritt wieder r\u00fcckg\u00e4ngig machen.<\/p>\n<p><img decoding=\"async\" loading=\"lazy\" src=\"https:\/\/www.studyhelp.de\/online-lernen\/wp-content\/uploads\/2018\/09\/Protonwanderung-Nucleophile-Substitution-Doppelbindung-aufl\u00f6sen.jpg\" alt=\"Protonwanderung Nucleophile Substitution Doppelbindung aufl\u00f6sen\" width=\"755\" height=\"198\" class=\"aligncenter size-full wp-image-9622\" srcset=\"https:\/\/www.studyhelp.de\/online-lernen\/wp-content\/uploads\/2018\/09\/Protonwanderung-Nucleophile-Substitution-Doppelbindung-aufl\u00f6sen.jpg 755w, https:\/\/www.studyhelp.de\/online-lernen\/wp-content\/uploads\/2018\/09\/Protonwanderung-Nucleophile-Substitution-Doppelbindung-aufl\u00f6sen-300x79.jpg 300w\" sizes=\"(max-width: 755px) 100vw, 755px\" \/><\/p>\n<p>Jetzt ist eine positive Ladung am Kohlenstoffatom entstanden, welche ausgeglichen werden muss. Wir bilden die mesomere Grenzstruktur und &#8222;klappen&#8220; das freie Elektronenpaar des Sauerstoffatoms herein.<\/p>\n<p><img decoding=\"async\" loading=\"lazy\" src=\"https:\/\/www.studyhelp.de\/online-lernen\/wp-content\/uploads\/2018\/09\/Positive-Ladung-im-Kohlenstoffatom.jpg\" alt=\"Positive Ladung im Kohlenstoffatom\" width=\"538\" height=\"157\" class=\"aligncenter size-full wp-image-9623\" srcset=\"https:\/\/www.studyhelp.de\/online-lernen\/wp-content\/uploads\/2018\/09\/Positive-Ladung-im-Kohlenstoffatom.jpg 538w, https:\/\/www.studyhelp.de\/online-lernen\/wp-content\/uploads\/2018\/09\/Positive-Ladung-im-Kohlenstoffatom-300x88.jpg 300w\" sizes=\"(max-width: 538px) 100vw, 538px\" \/><\/p>\n<p>Wir sehen, dass keine positive Ladung mehr vorhanden ist und somit unsere Nucleophile Substitution abgeschlossen ist.<\/p>\n<p><strong>Auch hier schauen wir uns noch den Namen des Mechanismus an: &#8222;Nucleophile Substitution.&#8220;<\/strong> <\/p>\n<ul>\n<li>Substitution bedeutet, dass ein Teilchen an ein Molek\u00fcl angebaut wurde und dass daf\u00fcr ein anderes aus dem Molek\u00fcl rausgeworfen werden musste.<\/il>\n<li>Das Teilchen, das angreift, ist hier ein Alkohol, welcher an einem positiv polarisierten Atom angreift und somit als Nucleophil reagiert.<\/li>\n<li>Bei dem Reaktionsprodukt handelt es sich um einen Ester, weshalb es sich bei dieser Nucleophilen Substitutaion um eine besondere handelt, n\u00e4mlich die Veresterung. Die R\u00fcckreaktion w\u00e4re entsprechend die Verseifung.<\/li>\n<\/ul>\n","protected":false},"excerpt":{"rendered":"<p>Die Nucleophile Substitution ist eine Substitutionsreaktion, bei der ein Nucleophil an ein Molek\u00fcl gebunden wird. Damit diese Bindung eingegangen werden kann, muss ein anderes Teilchen aus dem Molek\u00fcl austreten. Bei der Nucleophile Substitution ist das austretende Teilchen ein kleines stabiles Molek\u00fcl wie z.B. Wasser. Um die Nucleophile Substitution besser verstehen zu k\u00f6nnen, haben wir f\u00fcr [&hellip;]<\/p>\n","protected":false},"author":3,"featured_media":0,"parent":9325,"menu_order":0,"comment_status":"closed","ping_status":"closed","template":"","meta":[],"categories":[47],"tags":[],"yoast_head":"<!-- This site is optimized with the Yoast SEO plugin v14.7 - https:\/\/yoast.com\/wordpress\/plugins\/seo\/ -->\n<title>Nucleophile Substitution erkl\u00e4rt [mit Beispiel] - StudyHelp Online-Lernen<\/title>\n<meta name=\"description\" content=\"Die Nucleophile Substitution ist eine Substitutionsreaktion, bei der ein Nucleophil an ein Molek\u00fcl gebunden wird. Hier findest du den Ablauf der Reaktion!\" \/>\n<meta name=\"robots\" content=\"index, follow\" \/>\n<meta name=\"googlebot\" content=\"index, follow, max-snippet:-1, max-image-preview:large, max-video-preview:-1\" \/>\n<meta name=\"bingbot\" content=\"index, follow, max-snippet:-1, max-image-preview:large, max-video-preview:-1\" \/>\n<link rel=\"canonical\" href=\"https:\/\/www.studyhelp.de\/online-lernen\/chemie\/nucleophile-substitution\/\" \/>\n<meta property=\"og:locale\" content=\"de_DE\" \/>\n<meta property=\"og:type\" content=\"article\" \/>\n<meta property=\"og:title\" content=\"Nucleophile Substitution erkl\u00e4rt [mit Beispiel] - StudyHelp Online-Lernen\" \/>\n<meta property=\"og:description\" content=\"Die Nucleophile Substitution ist eine Substitutionsreaktion, bei der ein Nucleophil an ein Molek\u00fcl gebunden wird. Hier findest du den Ablauf der Reaktion!\" \/>\n<meta property=\"og:url\" content=\"https:\/\/www.studyhelp.de\/online-lernen\/chemie\/nucleophile-substitution\/\" \/>\n<meta property=\"og:site_name\" content=\"StudyHelp Online-Lernen\" \/>\n<meta property=\"article:modified_time\" content=\"2018-09-03T12:15:30+00:00\" \/>\n<meta property=\"og:image\" content=\"https:\/\/www.studyhelp.de\/online-lernen\/wp-content\/uploads\/2018\/09\/Nucleophile-Substitution-Carbons\u00e4ure-und-Alkohol.jpg\" \/>\n<meta name=\"twitter:card\" content=\"summary_large_image\" \/>\n<script type=\"application\/ld+json\" class=\"yoast-schema-graph\">{\"@context\":\"https:\/\/schema.org\",\"@graph\":[{\"@type\":\"WebSite\",\"@id\":\"https:\/\/www.studyhelp.de\/online-lernen\/#website\",\"url\":\"https:\/\/www.studyhelp.de\/online-lernen\/\",\"name\":\"StudyHelp Online-Lernen\",\"description\":\"\",\"potentialAction\":[{\"@type\":\"SearchAction\",\"target\":\"https:\/\/www.studyhelp.de\/online-lernen\/?s={search_term_string}\",\"query-input\":\"required name=search_term_string\"}],\"inLanguage\":\"de-DE\"},{\"@type\":\"ImageObject\",\"@id\":\"https:\/\/www.studyhelp.de\/online-lernen\/chemie\/nucleophile-substitution\/#primaryimage\",\"inLanguage\":\"de-DE\",\"url\":\"https:\/\/www.studyhelp.de\/online-lernen\/wp-content\/uploads\/2018\/09\/Nucleophile-Substitution-Carbons\\u00e4ure-und-Alkohol.jpg\",\"width\":365,\"height\":158},{\"@type\":\"WebPage\",\"@id\":\"https:\/\/www.studyhelp.de\/online-lernen\/chemie\/nucleophile-substitution\/#webpage\",\"url\":\"https:\/\/www.studyhelp.de\/online-lernen\/chemie\/nucleophile-substitution\/\",\"name\":\"Nucleophile Substitution erkl\\u00e4rt [mit Beispiel] - StudyHelp Online-Lernen\",\"isPartOf\":{\"@id\":\"https:\/\/www.studyhelp.de\/online-lernen\/#website\"},\"primaryImageOfPage\":{\"@id\":\"https:\/\/www.studyhelp.de\/online-lernen\/chemie\/nucleophile-substitution\/#primaryimage\"},\"datePublished\":\"2018-09-03T09:42:48+00:00\",\"dateModified\":\"2018-09-03T12:15:30+00:00\",\"description\":\"Die Nucleophile Substitution ist eine Substitutionsreaktion, bei der ein Nucleophil an ein Molek\\u00fcl gebunden wird. Hier findest du den Ablauf der Reaktion!\",\"inLanguage\":\"de-DE\",\"potentialAction\":[{\"@type\":\"ReadAction\",\"target\":[\"https:\/\/www.studyhelp.de\/online-lernen\/chemie\/nucleophile-substitution\/\"]}]}]}<\/script>\n<!-- \/ Yoast SEO plugin. -->","_links":{"self":[{"href":"https:\/\/www.studyhelp.de\/online-lernen\/wp-json\/wp\/v2\/pages\/9613"}],"collection":[{"href":"https:\/\/www.studyhelp.de\/online-lernen\/wp-json\/wp\/v2\/pages"}],"about":[{"href":"https:\/\/www.studyhelp.de\/online-lernen\/wp-json\/wp\/v2\/types\/page"}],"author":[{"embeddable":true,"href":"https:\/\/www.studyhelp.de\/online-lernen\/wp-json\/wp\/v2\/users\/3"}],"replies":[{"embeddable":true,"href":"https:\/\/www.studyhelp.de\/online-lernen\/wp-json\/wp\/v2\/comments?post=9613"}],"version-history":[{"count":3,"href":"https:\/\/www.studyhelp.de\/online-lernen\/wp-json\/wp\/v2\/pages\/9613\/revisions"}],"predecessor-version":[{"id":9624,"href":"https:\/\/www.studyhelp.de\/online-lernen\/wp-json\/wp\/v2\/pages\/9613\/revisions\/9624"}],"up":[{"embeddable":true,"href":"https:\/\/www.studyhelp.de\/online-lernen\/wp-json\/wp\/v2\/pages\/9325"}],"wp:attachment":[{"href":"https:\/\/www.studyhelp.de\/online-lernen\/wp-json\/wp\/v2\/media?parent=9613"}],"wp:term":[{"taxonomy":"category","embeddable":true,"href":"https:\/\/www.studyhelp.de\/online-lernen\/wp-json\/wp\/v2\/categories?post=9613"},{"taxonomy":"post_tag","embeddable":true,"href":"https:\/\/www.studyhelp.de\/online-lernen\/wp-json\/wp\/v2\/tags?post=9613"}],"curies":[{"name":"wp","href":"https:\/\/api.w.org\/{rel}","templated":true}]}}