{"id":9655,"date":"2018-09-04T14:55:05","date_gmt":"2018-09-04T12:55:05","guid":{"rendered":"https:\/\/www.studyhelp.de\/online-lernen\/?page_id=9655"},"modified":"2018-10-08T15:11:34","modified_gmt":"2018-10-08T13:11:34","slug":"licht","status":"publish","type":"page","link":"https:\/\/www.studyhelp.de\/online-lernen\/chemie\/licht\/","title":{"rendered":"Licht"},"content":{"rendered":"<h2>Was ist Licht?<\/h2>\n<p>Licht sind elektromagnetische Strahlen, die auf unsere Augen treffen. Diese elektromagnetischen Strahlen besitzen verschiedene Energieniveaus. Je nach H\u00f6he des Energieniveaus haben die elektromagnetischen Strahlen verschiedene Wellenl\u00e4ngen. Ein hohes Energieniveau bedeutet eine kurze Wellenl\u00e4nge, wobei ein niedriges Energieniveau eine lange Wellenl\u00e4nge bedeutet.  <\/p>\n\n<h2>Licht und das menschliche Auge<\/h2>\n<p>Licht kann vom menschlichen Auge nur innerhalb bestimmter Wellenl\u00e4ngen wahrgenommen werden. Diese wahrnehmbaren Wellenl\u00e4ngen liegen im Bereich zwischen \u03bb=380nm und \u03bb=780nm. Dieser Bereich wird  sichtbarer Bereich genannt.<br \/>\nDie vom menschlichen Auge wahrnehmbaren Wellenl\u00e4ngen liegen im Vergleich zu den nicht sichtbaren Wellenl\u00e4ngen in einem sehr kleinen Bereich. Wir sehen also nur einen sehr kleinen Ausschnitt der Wellenl\u00e4ngen, die in der Natur vorkommen. <\/p>\n<p><img decoding=\"async\" loading=\"lazy\" src=\"https:\/\/www.studyhelp.de\/online-lernen\/wp-content\/uploads\/2018\/09\/Licht-Grundlagen.jpg\" alt=\"Licht Grundlagen\" width=\"854\" height=\"458\" class=\"aligncenter size-full wp-image-9657\" srcset=\"https:\/\/www.studyhelp.de\/online-lernen\/wp-content\/uploads\/2018\/09\/Licht-Grundlagen.jpg 854w, https:\/\/www.studyhelp.de\/online-lernen\/wp-content\/uploads\/2018\/09\/Licht-Grundlagen-300x161.jpg 300w, https:\/\/www.studyhelp.de\/online-lernen\/wp-content\/uploads\/2018\/09\/Licht-Grundlagen-768x412.jpg 768w\" sizes=\"(max-width: 854px) 100vw, 854px\" \/><\/p>\n<h2>Was hat das Licht mit Farben zu tun?<\/h2>\n<p>Wenn ein Gegenstand f\u00fcr uns farbig erscheint, dann liegt das daran, dass Licht einer bestimmten Wellenl\u00e4nge vom Gegenstand absorbiert wird, andere Wellenl\u00e4ngen jedoch reflektiert werden. Die wahrgenommene Farbe ergibt sich also als Mischfarbe aus allen reflektieren Farben. Es handelt sich hierbei um die Komplement\u00e4rfarbe des absorbierten Lichts. Werden alle Farben reflektiert, so erscheint der Gegenstand wei\u00df. Werden alle Farben absorbiert, so erscheint der Gegenstand schwarz.<\/p>\n<p>In der folgenden Tabelle findest du die Wellenl\u00e4ngen des sichtbaren Bereichs mit entsprechender absorbierter und sichtbarer Farbe:<\/p>\n<p><img decoding=\"async\" loading=\"lazy\" src=\"https:\/\/www.studyhelp.de\/online-lernen\/wp-content\/uploads\/2018\/09\/Wellenl\u00e4nge-und-Farbe.jpg\" alt=\"Wellenl\u00e4nge und Farbe\" width=\"488\" height=\"264\" class=\"aligncenter size-full wp-image-9662\" srcset=\"https:\/\/www.studyhelp.de\/online-lernen\/wp-content\/uploads\/2018\/09\/Wellenl\u00e4nge-und-Farbe.jpg 488w, https:\/\/www.studyhelp.de\/online-lernen\/wp-content\/uploads\/2018\/09\/Wellenl\u00e4nge-und-Farbe-300x162.jpg 300w\" sizes=\"(max-width: 488px) 100vw, 488px\" \/><\/p>\n\n","protected":false},"excerpt":{"rendered":"<p>Was ist Licht? Licht sind elektromagnetische Strahlen, die auf unsere Augen treffen. Diese elektromagnetischen Strahlen besitzen verschiedene Energieniveaus. Je nach H\u00f6he des Energieniveaus haben die elektromagnetischen Strahlen verschiedene Wellenl\u00e4ngen. Ein hohes Energieniveau bedeutet eine kurze Wellenl\u00e4nge, wobei ein niedriges Energieniveau eine lange Wellenl\u00e4nge bedeutet. Licht und das menschliche Auge Licht kann vom menschlichen Auge nur [&hellip;]<\/p>\n","protected":false},"author":3,"featured_media":0,"parent":9325,"menu_order":0,"comment_status":"closed","ping_status":"closed","template":"","meta":[],"categories":[47],"tags":[],"yoast_head":"<!-- This site is optimized with the Yoast SEO plugin v14.7 - https:\/\/yoast.com\/wordpress\/plugins\/seo\/ -->\n<title>Was ist Licht und warum sehen wir es? StudyHelp Online-Lernen<\/title>\n<meta name=\"description\" content=\"Licht sind elektromagnetische Strahlen, die auf unsere Augen treffen. Diese elektromagnetischen Strahlen besitzen verschiedene Energieniveaus. Licht ist..\" \/>\n<meta name=\"robots\" content=\"index, follow\" \/>\n<meta name=\"googlebot\" content=\"index, follow, max-snippet:-1, max-image-preview:large, max-video-preview:-1\" \/>\n<meta name=\"bingbot\" content=\"index, follow, max-snippet:-1, max-image-preview:large, max-video-preview:-1\" \/>\n<link rel=\"canonical\" href=\"https:\/\/www.studyhelp.de\/online-lernen\/chemie\/licht\/\" \/>\n<meta property=\"og:locale\" content=\"de_DE\" \/>\n<meta property=\"og:type\" content=\"article\" \/>\n<meta property=\"og:title\" content=\"Was ist Licht und warum sehen wir es? StudyHelp Online-Lernen\" \/>\n<meta property=\"og:description\" content=\"Licht sind elektromagnetische Strahlen, die auf unsere Augen treffen. Diese elektromagnetischen Strahlen besitzen verschiedene Energieniveaus. Licht ist..\" \/>\n<meta property=\"og:url\" content=\"https:\/\/www.studyhelp.de\/online-lernen\/chemie\/licht\/\" \/>\n<meta property=\"og:site_name\" content=\"StudyHelp Online-Lernen\" \/>\n<meta property=\"article:modified_time\" content=\"2018-10-08T13:11:34+00:00\" \/>\n<meta property=\"og:image\" content=\"https:\/\/www.studyhelp.de\/online-lernen\/wp-content\/uploads\/2018\/09\/Licht-Grundlagen.jpg\" \/>\n<meta name=\"twitter:card\" content=\"summary_large_image\" \/>\n<script type=\"application\/ld+json\" class=\"yoast-schema-graph\">{\"@context\":\"https:\/\/schema.org\",\"@graph\":[{\"@type\":\"WebSite\",\"@id\":\"https:\/\/www.studyhelp.de\/online-lernen\/#website\",\"url\":\"https:\/\/www.studyhelp.de\/online-lernen\/\",\"name\":\"StudyHelp Online-Lernen\",\"description\":\"\",\"potentialAction\":[{\"@type\":\"SearchAction\",\"target\":\"https:\/\/www.studyhelp.de\/online-lernen\/?s={search_term_string}\",\"query-input\":\"required name=search_term_string\"}],\"inLanguage\":\"de-DE\"},{\"@type\":\"ImageObject\",\"@id\":\"https:\/\/www.studyhelp.de\/online-lernen\/chemie\/licht\/#primaryimage\",\"inLanguage\":\"de-DE\",\"url\":\"https:\/\/www.studyhelp.de\/online-lernen\/wp-content\/uploads\/2018\/09\/Licht-Grundlagen.jpg\",\"width\":854,\"height\":458,\"caption\":\"Licht Grundlagen\"},{\"@type\":\"WebPage\",\"@id\":\"https:\/\/www.studyhelp.de\/online-lernen\/chemie\/licht\/#webpage\",\"url\":\"https:\/\/www.studyhelp.de\/online-lernen\/chemie\/licht\/\",\"name\":\"Was ist Licht und warum sehen wir es? StudyHelp Online-Lernen\",\"isPartOf\":{\"@id\":\"https:\/\/www.studyhelp.de\/online-lernen\/#website\"},\"primaryImageOfPage\":{\"@id\":\"https:\/\/www.studyhelp.de\/online-lernen\/chemie\/licht\/#primaryimage\"},\"datePublished\":\"2018-09-04T12:55:05+00:00\",\"dateModified\":\"2018-10-08T13:11:34+00:00\",\"description\":\"Licht sind elektromagnetische Strahlen, die auf unsere Augen treffen. Diese elektromagnetischen Strahlen besitzen verschiedene Energieniveaus. Licht ist..\",\"inLanguage\":\"de-DE\",\"potentialAction\":[{\"@type\":\"ReadAction\",\"target\":[\"https:\/\/www.studyhelp.de\/online-lernen\/chemie\/licht\/\"]}]}]}<\/script>\n<!-- \/ Yoast SEO plugin. -->","_links":{"self":[{"href":"https:\/\/www.studyhelp.de\/online-lernen\/wp-json\/wp\/v2\/pages\/9655"}],"collection":[{"href":"https:\/\/www.studyhelp.de\/online-lernen\/wp-json\/wp\/v2\/pages"}],"about":[{"href":"https:\/\/www.studyhelp.de\/online-lernen\/wp-json\/wp\/v2\/types\/page"}],"author":[{"embeddable":true,"href":"https:\/\/www.studyhelp.de\/online-lernen\/wp-json\/wp\/v2\/users\/3"}],"replies":[{"embeddable":true,"href":"https:\/\/www.studyhelp.de\/online-lernen\/wp-json\/wp\/v2\/comments?post=9655"}],"version-history":[{"count":6,"href":"https:\/\/www.studyhelp.de\/online-lernen\/wp-json\/wp\/v2\/pages\/9655\/revisions"}],"predecessor-version":[{"id":10268,"href":"https:\/\/www.studyhelp.de\/online-lernen\/wp-json\/wp\/v2\/pages\/9655\/revisions\/10268"}],"up":[{"embeddable":true,"href":"https:\/\/www.studyhelp.de\/online-lernen\/wp-json\/wp\/v2\/pages\/9325"}],"wp:attachment":[{"href":"https:\/\/www.studyhelp.de\/online-lernen\/wp-json\/wp\/v2\/media?parent=9655"}],"wp:term":[{"taxonomy":"category","embeddable":true,"href":"https:\/\/www.studyhelp.de\/online-lernen\/wp-json\/wp\/v2\/categories?post=9655"},{"taxonomy":"post_tag","embeddable":true,"href":"https:\/\/www.studyhelp.de\/online-lernen\/wp-json\/wp\/v2\/tags?post=9655"}],"curies":[{"name":"wp","href":"https:\/\/api.w.org\/{rel}","templated":true}]}}