{"id":9669,"date":"2018-09-05T12:48:23","date_gmt":"2018-09-05T10:48:23","guid":{"rendered":"https:\/\/www.studyhelp.de\/online-lernen\/?page_id=9669"},"modified":"2018-10-08T15:01:49","modified_gmt":"2018-10-08T13:01:49","slug":"azofarbstoffe","status":"publish","type":"page","link":"https:\/\/www.studyhelp.de\/online-lernen\/chemie\/azofarbstoffe\/","title":{"rendered":"Azofarbstoffe"},"content":{"rendered":"<p>Azofarbstoffe werden in der Industrie daf\u00fcr verwendet viele verschiedene Materialien, wie z.B. Textilien oder auch Lebensmittel, zu f\u00e4rben. Mit ihren \u00fcber mehrere Tausend verschiedenen Farben sind sie f\u00fcr diesen Gebrauch besonders gut geeignet. Seit dem Jahr 2010 m\u00fcssen die Farbstoffe mit dem Buchstaben &#8222;E&#8220; gekennzeichnet werden. <\/p>\n\n<p>Aus Sicht der Chemie weisen Azofarbstoffe ein bestimmtes Sutrukturmerkmal auf: Sie bestehen aus einer sogenannten <strong>Azogruppe<\/strong>. Dies ist eine Verbindung, die Stickstoff-Atome  enth\u00e4lt, die durch eine Doppelbindung miteinander verbunden sind &#8211; Sie wird auch aromatische Verbindung genannt. <\/p>\n<p><img decoding=\"async\" loading=\"lazy\" src=\"https:\/\/www.studyhelp.de\/online-lernen\/wp-content\/uploads\/2018\/09\/Azofarbstoffe.jpg\" alt=\"\" width=\"338\" height=\"94\" class=\"aligncenter size-full wp-image-9670\" srcset=\"https:\/\/www.studyhelp.de\/online-lernen\/wp-content\/uploads\/2018\/09\/Azofarbstoffe.jpg 338w, https:\/\/www.studyhelp.de\/online-lernen\/wp-content\/uploads\/2018\/09\/Azofarbstoffe-300x83.jpg 300w\" sizes=\"(max-width: 338px) 100vw, 338px\" \/><\/p>\n<p>Azofarbstoffe sind farbig, da sie ein ausgedehntes delokalisiertes \u03c0-Elektronensystem besitzen und somit Licht aus dem sichtbaren Bereich absorbieren. <\/p>\n<p><img decoding=\"async\" loading=\"lazy\" src=\"https:\/\/www.studyhelp.de\/online-lernen\/wp-content\/uploads\/2018\/09\/Azofarbstoffe-Elektronensystem.jpg\" alt=\"Azofarbstoffe Elektronensystem\" width=\"577\" height=\"129\" class=\"aligncenter size-full wp-image-9675\" srcset=\"https:\/\/www.studyhelp.de\/online-lernen\/wp-content\/uploads\/2018\/09\/Azofarbstoffe-Elektronensystem.jpg 577w, https:\/\/www.studyhelp.de\/online-lernen\/wp-content\/uploads\/2018\/09\/Azofarbstoffe-Elektronensystem-300x67.jpg 300w\" sizes=\"(max-width: 577px) 100vw, 577px\" \/><\/p>\n<p>Da Azofarbstoffe ein delokalisiertes \u03c0-Elektronensystem besitzen gibt es auch hier <a href=\"https:\/\/www.studyhelp.de\/online-lernen\/chemie\/mesomerie\/\" rel=\"noopener\" target=\"_blank\">mesomere Grenzstrukturen<\/a>:<\/p>\n<p><img decoding=\"async\" loading=\"lazy\" src=\"https:\/\/www.studyhelp.de\/online-lernen\/wp-content\/uploads\/2018\/09\/Azofarbstoffe-mesomere-Grenzstrukturen.jpg\" alt=\"Azofarbstoffe mesomere Grenzstrukturen\" width=\"846\" height=\"254\" class=\"aligncenter size-full wp-image-9676\" srcset=\"https:\/\/www.studyhelp.de\/online-lernen\/wp-content\/uploads\/2018\/09\/Azofarbstoffe-mesomere-Grenzstrukturen.jpg 846w, https:\/\/www.studyhelp.de\/online-lernen\/wp-content\/uploads\/2018\/09\/Azofarbstoffe-mesomere-Grenzstrukturen-300x90.jpg 300w, https:\/\/www.studyhelp.de\/online-lernen\/wp-content\/uploads\/2018\/09\/Azofarbstoffe-mesomere-Grenzstrukturen-768x231.jpg 768w\" sizes=\"(max-width: 846px) 100vw, 846px\" \/><\/p>\n\n<h2>Herstellung von Azofarbstoffe<\/h2>\n<p>Die Herstellung von Azofarbstoffen erfolgt nach einem bestimmten Mechanismus, der in zwei Schritten abl\u00e4uft. Als Erstes erfolgt die sogenannte Diazotierung. Als Zweites erfolgt die Azokupplung.<br \/>\nF\u00fcr die Diazotierung wird ein Nitrosylkation NO^+ ben\u00f6tigt. Dieses Ion entsteht unter folgender Reaktion zwischen salpetriger S\u00e4ure und einem Oxoniumion:<\/p>\n<p><img decoding=\"async\" loading=\"lazy\" src=\"https:\/\/www.studyhelp.de\/online-lernen\/wp-content\/uploads\/2018\/09\/Reaktion-salpetriger-S\u00e4ure-und-Oxoniumion.jpg\" alt=\"Reaktion salpetriger S\u00e4ure und Oxoniumion\" width=\"405\" height=\"49\" class=\"aligncenter size-full wp-image-9678\" srcset=\"https:\/\/www.studyhelp.de\/online-lernen\/wp-content\/uploads\/2018\/09\/Reaktion-salpetriger-S\u00e4ure-und-Oxoniumion.jpg 405w, https:\/\/www.studyhelp.de\/online-lernen\/wp-content\/uploads\/2018\/09\/Reaktion-salpetriger-S\u00e4ure-und-Oxoniumion-300x36.jpg 300w\" sizes=\"(max-width: 405px) 100vw, 405px\" \/><\/p>\n<p>Das Nitrosylkation kann jetzt mit Anilin unter einer <a href=\"https:\/\/www.studyhelp.de\/online-lernen\/chemie\/elektrophile-substitution\/\" rel=\"noopener\" target=\"_blank\">elektrophilen Substitution<\/a> reagieren, indem das freie Elektronenpaar des Stickstoffatoms im Anilinmolek\u00fcls an der positiven Ladung des Nitrosylkations angreift.<\/p>\n<p><img decoding=\"async\" loading=\"lazy\" src=\"https:\/\/www.studyhelp.de\/online-lernen\/wp-content\/uploads\/2018\/09\/Anilinmolek\u00fcls-an-positiver-Ladung-des-Nitrosylkations.jpg\" alt=\"Anilinmolek\u00fcls an positiver Ladung des Nitrosylkations\" width=\"807\" height=\"125\" class=\"aligncenter size-full wp-image-9679\" srcset=\"https:\/\/www.studyhelp.de\/online-lernen\/wp-content\/uploads\/2018\/09\/Anilinmolek\u00fcls-an-positiver-Ladung-des-Nitrosylkations.jpg 807w, https:\/\/www.studyhelp.de\/online-lernen\/wp-content\/uploads\/2018\/09\/Anilinmolek\u00fcls-an-positiver-Ladung-des-Nitrosylkations-300x46.jpg 300w, https:\/\/www.studyhelp.de\/online-lernen\/wp-content\/uploads\/2018\/09\/Anilinmolek\u00fcls-an-positiver-Ladung-des-Nitrosylkations-768x119.jpg 768w\" sizes=\"(max-width: 807px) 100vw, 807px\" \/><\/p>\n<p>Durch diesen Reaktionsschritt entsteht eine positive Ladung am Stickstoffatom, welche nun ausgeglichen werden muss. Dieser Ausgleich gelingt nur, wenn eine Einfachbindung nicht mehr geteilt werden muss. Aus diesem Grund wird ein Proton abgegeben. Jetzt stellt sich die Frage, wo dieses Proton hinwandert. Hierzu gibt es zwei M\u00f6glichkeiten: das freie Elektronenpaar des Stickstoffatoms-, oder das freie Elektronenpaar des Sauerstoffatoms nimmt das Proton auf. In unserem Fall wird das Proton am Sauerstoffatom aufgenommen, da noch ein zweites Proton zur Verf\u00fcgung steht. Dieses Proton hat die M\u00f6glichkeit zu wandern, was zur Folge hat, dass Wasser abgespalten werden kann (hier gilt wieder das Prinzip: wenn durch intramolekulare Protonenwanderung Wasser abgespalten werden kann, ohne, dass dadurch Probleme entstehen, wird die Abspaltung eintreten!)<\/p>\n<p><img decoding=\"async\" loading=\"lazy\" src=\"https:\/\/www.studyhelp.de\/online-lernen\/wp-content\/uploads\/2018\/09\/Anilinmolek\u00fcls-an-positiver-Ladung-des-Nitrosylkations-2.jpg\" alt=\"Anilinmolek\u00fcls an positiver Ladung des Nitrosylkations 2\" width=\"752\" height=\"146\" class=\"aligncenter size-full wp-image-9680\" srcset=\"https:\/\/www.studyhelp.de\/online-lernen\/wp-content\/uploads\/2018\/09\/Anilinmolek\u00fcls-an-positiver-Ladung-des-Nitrosylkations-2.jpg 752w, https:\/\/www.studyhelp.de\/online-lernen\/wp-content\/uploads\/2018\/09\/Anilinmolek\u00fcls-an-positiver-Ladung-des-Nitrosylkations-2-300x58.jpg 300w\" sizes=\"(max-width: 752px) 100vw, 752px\" \/><\/p>\n<p>Um das zweite Proton am Sauerstoffatom zu binden wird die Doppelbindung verwendet.<\/p>\n<p><img decoding=\"async\" loading=\"lazy\" src=\"https:\/\/www.studyhelp.de\/online-lernen\/wp-content\/uploads\/2018\/09\/Anilinmolek\u00fcls-an-positiver-Ladung-des-Nitrosylkations-3.jpg\" alt=\"Anilinmolek\u00fcls an positiver Ladung des Nitrosylkations 3\" width=\"745\" height=\"115\" class=\"aligncenter size-full wp-image-9681\" srcset=\"https:\/\/www.studyhelp.de\/online-lernen\/wp-content\/uploads\/2018\/09\/Anilinmolek\u00fcls-an-positiver-Ladung-des-Nitrosylkations-3.jpg 745w, https:\/\/www.studyhelp.de\/online-lernen\/wp-content\/uploads\/2018\/09\/Anilinmolek\u00fcls-an-positiver-Ladung-des-Nitrosylkations-3-300x46.jpg 300w\" sizes=\"(max-width: 745px) 100vw, 745px\" \/><\/p>\n<p>Wenn nun die Einfachbindung zwischen dem Stickstoffatom und dem Sauerstoffatom getrennt wird, wird auch Wasser abgespalten. Dabei entsteht eine positive Ladung am Stickstoffatom. Bei dem entstandenen Molek\u00fcl handelt es sich um ein sogenanntes Diazoniumion, wodurch die Diazotierung abgeschlossen ist.<\/p>\n<p><img decoding=\"async\" loading=\"lazy\" src=\"https:\/\/www.studyhelp.de\/online-lernen\/wp-content\/uploads\/2018\/09\/Anilinmolek\u00fcls-an-positiver-Ladung-des-Nitrosylkations-4.jpg\" alt=\"Anilinmolek\u00fcls an positiver Ladung des Nitrosylkations 4\" width=\"805\" height=\"105\" class=\"aligncenter size-full wp-image-9682\" srcset=\"https:\/\/www.studyhelp.de\/online-lernen\/wp-content\/uploads\/2018\/09\/Anilinmolek\u00fcls-an-positiver-Ladung-des-Nitrosylkations-4.jpg 805w, https:\/\/www.studyhelp.de\/online-lernen\/wp-content\/uploads\/2018\/09\/Anilinmolek\u00fcls-an-positiver-Ladung-des-Nitrosylkations-4-300x39.jpg 300w, https:\/\/www.studyhelp.de\/online-lernen\/wp-content\/uploads\/2018\/09\/Anilinmolek\u00fcls-an-positiver-Ladung-des-Nitrosylkations-4-768x100.jpg 768w\" sizes=\"(max-width: 805px) 100vw, 805px\" \/><\/p>\n\n<p>Im n\u00e4chsten Schritt folgt die Azokupplung. Dabei reagiert das Diazoniumion mit einem weiteren Anilinmolek\u00fcl in einer <a href=\"https:\/\/www.studyhelp.de\/online-lernen\/chemie\/elektrophile-substitution\/\" rel=\"noopener\" target=\"_blank\">elektrophilen aromatischen Substitution<\/a>. Ein Elektronenpaar aus einer Doppelbindung des Aromaten greift an der positiven Ladung des Diazoniumions an. Hier solltest du dir immer \u00fcberlegen, an welcher Position das Diazoniumion gebunden wird. Dazu m\u00fcssen wir den Effekt der Aminogruppe des Anilins betrachten. Diese Gruppe hat einen <a href=\"https:\/\/www.studyhelp.de\/online-lernen\/chemie\/mesomerer-effekt\/\" rel=\"noopener\" target=\"_blank\">+M-Effekt<\/a> und ist daher ortho- und paradirigierend. Aus Platzgr\u00fcnden binden wir das Diazoniumion nun an der Position para:<\/p>\n<p><img decoding=\"async\" loading=\"lazy\" src=\"https:\/\/www.studyhelp.de\/online-lernen\/wp-content\/uploads\/2018\/09\/Anilinmolek\u00fcls-an-positiver-Ladung-des-Nitrosylkations-5.jpg\" alt=\"Anilinmolek\u00fcls an positiver Ladung des Nitrosylkations 5\" width=\"798\" height=\"248\" class=\"aligncenter size-full wp-image-9683\" srcset=\"https:\/\/www.studyhelp.de\/online-lernen\/wp-content\/uploads\/2018\/09\/Anilinmolek\u00fcls-an-positiver-Ladung-des-Nitrosylkations-5.jpg 798w, https:\/\/www.studyhelp.de\/online-lernen\/wp-content\/uploads\/2018\/09\/Anilinmolek\u00fcls-an-positiver-Ladung-des-Nitrosylkations-5-300x93.jpg 300w, https:\/\/www.studyhelp.de\/online-lernen\/wp-content\/uploads\/2018\/09\/Anilinmolek\u00fcls-an-positiver-Ladung-des-Nitrosylkations-5-768x239.jpg 768w\" sizes=\"(max-width: 798px) 100vw, 798px\" \/><\/p>\n<p>Durch diesen Reaktionsschritt entsteht eine positive Ladung an einem Kohlenstoffatom im Ring und das aromatische System besteht nicht mehr. Die positive Ladung muss ausgeglichen und das aromatische System wiederhergestellt werden. Das ist nur m\u00f6glich, indem das Proton an der Stelle, an der das Diazoniumion gebunden wurde, abgespalten wird und das Elektronenpaar der Einfachbindung in den Ring geklappt wird. Das Proton kann von dem vorhandenen Wassermolek\u00fcl aufgenommen werden, wodurch ein Oxoniumion entsteht.<\/p>\n<p><img decoding=\"async\" loading=\"lazy\" src=\"https:\/\/www.studyhelp.de\/online-lernen\/wp-content\/uploads\/2018\/09\/Anilinmolek\u00fcls-an-positiver-Ladung-des-Nitrosylkations-6.jpg\" alt=\"Anilinmolek\u00fcls an positiver Ladung des Nitrosylkations 6\" width=\"810\" height=\"288\" class=\"aligncenter size-full wp-image-9684\" srcset=\"https:\/\/www.studyhelp.de\/online-lernen\/wp-content\/uploads\/2018\/09\/Anilinmolek\u00fcls-an-positiver-Ladung-des-Nitrosylkations-6.jpg 810w, https:\/\/www.studyhelp.de\/online-lernen\/wp-content\/uploads\/2018\/09\/Anilinmolek\u00fcls-an-positiver-Ladung-des-Nitrosylkations-6-300x107.jpg 300w, https:\/\/www.studyhelp.de\/online-lernen\/wp-content\/uploads\/2018\/09\/Anilinmolek\u00fcls-an-positiver-Ladung-des-Nitrosylkations-6-768x273.jpg 768w\" sizes=\"(max-width: 810px) 100vw, 810px\" \/><\/p>\n<p>Das aromatische System ist wiederhergestellt und es existiert keine problematische positive Ladung mehr in dem Molek\u00fcl. Die Reaktion ist also abgeschlossen und es wurde ein Azofarbstoff hergestellt. <\/p>\n\n","protected":false},"excerpt":{"rendered":"<p>Azofarbstoffe werden in der Industrie daf\u00fcr verwendet viele verschiedene Materialien, wie z.B. Textilien oder auch Lebensmittel, zu f\u00e4rben. Mit ihren \u00fcber mehrere Tausend verschiedenen Farben sind sie f\u00fcr diesen Gebrauch besonders gut geeignet. Seit dem Jahr 2010 m\u00fcssen die Farbstoffe mit dem Buchstaben &#8222;E&#8220; gekennzeichnet werden. Aus Sicht der Chemie weisen Azofarbstoffe ein bestimmtes Sutrukturmerkmal [&hellip;]<\/p>\n","protected":false},"author":3,"featured_media":0,"parent":9325,"menu_order":0,"comment_status":"closed","ping_status":"closed","template":"","meta":[],"categories":[47],"tags":[],"yoast_head":"<!-- This site is optimized with the Yoast SEO plugin v14.7 - https:\/\/yoast.com\/wordpress\/plugins\/seo\/ -->\n<title>Azofarbstoffe verst\u00e4ndlich erkl\u00e4rt - StudyHelp Online-Lernen<\/title>\n<meta name=\"description\" content=\"Azofarbstoffe sind Farbstoffe mit einem bestimmten Strukturmerkmal: eine sogenannte Azogruppe, welche zwei aromatische Systeme miteinander verbindet.\" \/>\n<meta name=\"robots\" content=\"index, follow\" \/>\n<meta name=\"googlebot\" content=\"index, follow, max-snippet:-1, max-image-preview:large, max-video-preview:-1\" \/>\n<meta name=\"bingbot\" content=\"index, follow, max-snippet:-1, max-image-preview:large, max-video-preview:-1\" \/>\n<link rel=\"canonical\" href=\"https:\/\/www.studyhelp.de\/online-lernen\/chemie\/azofarbstoffe\/\" \/>\n<meta property=\"og:locale\" content=\"de_DE\" \/>\n<meta property=\"og:type\" content=\"article\" \/>\n<meta property=\"og:title\" content=\"Azofarbstoffe verst\u00e4ndlich erkl\u00e4rt - StudyHelp Online-Lernen\" \/>\n<meta property=\"og:description\" content=\"Azofarbstoffe sind Farbstoffe mit einem bestimmten Strukturmerkmal: eine sogenannte Azogruppe, welche zwei aromatische Systeme miteinander verbindet.\" \/>\n<meta property=\"og:url\" content=\"https:\/\/www.studyhelp.de\/online-lernen\/chemie\/azofarbstoffe\/\" \/>\n<meta property=\"og:site_name\" content=\"StudyHelp Online-Lernen\" \/>\n<meta property=\"article:modified_time\" content=\"2018-10-08T13:01:49+00:00\" \/>\n<meta property=\"og:image\" content=\"https:\/\/www.studyhelp.de\/online-lernen\/wp-content\/uploads\/2018\/09\/Azofarbstoffe.jpg\" \/>\n<meta name=\"twitter:card\" content=\"summary_large_image\" \/>\n<script type=\"application\/ld+json\" class=\"yoast-schema-graph\">{\"@context\":\"https:\/\/schema.org\",\"@graph\":[{\"@type\":\"WebSite\",\"@id\":\"https:\/\/www.studyhelp.de\/online-lernen\/#website\",\"url\":\"https:\/\/www.studyhelp.de\/online-lernen\/\",\"name\":\"StudyHelp Online-Lernen\",\"description\":\"\",\"potentialAction\":[{\"@type\":\"SearchAction\",\"target\":\"https:\/\/www.studyhelp.de\/online-lernen\/?s={search_term_string}\",\"query-input\":\"required name=search_term_string\"}],\"inLanguage\":\"de-DE\"},{\"@type\":\"ImageObject\",\"@id\":\"https:\/\/www.studyhelp.de\/online-lernen\/chemie\/azofarbstoffe\/#primaryimage\",\"inLanguage\":\"de-DE\",\"url\":\"https:\/\/www.studyhelp.de\/online-lernen\/wp-content\/uploads\/2018\/09\/Azofarbstoffe.jpg\",\"width\":338,\"height\":94},{\"@type\":\"WebPage\",\"@id\":\"https:\/\/www.studyhelp.de\/online-lernen\/chemie\/azofarbstoffe\/#webpage\",\"url\":\"https:\/\/www.studyhelp.de\/online-lernen\/chemie\/azofarbstoffe\/\",\"name\":\"Azofarbstoffe verst\\u00e4ndlich erkl\\u00e4rt - StudyHelp Online-Lernen\",\"isPartOf\":{\"@id\":\"https:\/\/www.studyhelp.de\/online-lernen\/#website\"},\"primaryImageOfPage\":{\"@id\":\"https:\/\/www.studyhelp.de\/online-lernen\/chemie\/azofarbstoffe\/#primaryimage\"},\"datePublished\":\"2018-09-05T10:48:23+00:00\",\"dateModified\":\"2018-10-08T13:01:49+00:00\",\"description\":\"Azofarbstoffe sind Farbstoffe mit einem bestimmten Strukturmerkmal: eine sogenannte Azogruppe, welche zwei aromatische Systeme miteinander verbindet.\",\"inLanguage\":\"de-DE\",\"potentialAction\":[{\"@type\":\"ReadAction\",\"target\":[\"https:\/\/www.studyhelp.de\/online-lernen\/chemie\/azofarbstoffe\/\"]}]}]}<\/script>\n<!-- \/ Yoast SEO plugin. -->","_links":{"self":[{"href":"https:\/\/www.studyhelp.de\/online-lernen\/wp-json\/wp\/v2\/pages\/9669"}],"collection":[{"href":"https:\/\/www.studyhelp.de\/online-lernen\/wp-json\/wp\/v2\/pages"}],"about":[{"href":"https:\/\/www.studyhelp.de\/online-lernen\/wp-json\/wp\/v2\/types\/page"}],"author":[{"embeddable":true,"href":"https:\/\/www.studyhelp.de\/online-lernen\/wp-json\/wp\/v2\/users\/3"}],"replies":[{"embeddable":true,"href":"https:\/\/www.studyhelp.de\/online-lernen\/wp-json\/wp\/v2\/comments?post=9669"}],"version-history":[{"count":9,"href":"https:\/\/www.studyhelp.de\/online-lernen\/wp-json\/wp\/v2\/pages\/9669\/revisions"}],"predecessor-version":[{"id":10239,"href":"https:\/\/www.studyhelp.de\/online-lernen\/wp-json\/wp\/v2\/pages\/9669\/revisions\/10239"}],"up":[{"embeddable":true,"href":"https:\/\/www.studyhelp.de\/online-lernen\/wp-json\/wp\/v2\/pages\/9325"}],"wp:attachment":[{"href":"https:\/\/www.studyhelp.de\/online-lernen\/wp-json\/wp\/v2\/media?parent=9669"}],"wp:term":[{"taxonomy":"category","embeddable":true,"href":"https:\/\/www.studyhelp.de\/online-lernen\/wp-json\/wp\/v2\/categories?post=9669"},{"taxonomy":"post_tag","embeddable":true,"href":"https:\/\/www.studyhelp.de\/online-lernen\/wp-json\/wp\/v2\/tags?post=9669"}],"curies":[{"name":"wp","href":"https:\/\/api.w.org\/{rel}","templated":true}]}}