{"id":9726,"date":"2018-09-06T15:02:53","date_gmt":"2018-09-06T13:02:53","guid":{"rendered":"https:\/\/www.studyhelp.de\/online-lernen\/?page_id=9726"},"modified":"2018-10-08T16:58:15","modified_gmt":"2018-10-08T14:58:15","slug":"chlorophyll","status":"publish","type":"page","link":"https:\/\/www.studyhelp.de\/online-lernen\/chemie\/chlorophyll\/","title":{"rendered":"Chlorophyll"},"content":{"rendered":"<p>Der wichtigste Naturfarbstoff ist der gr\u00fcne Farbstoff der Pflanzen, das Chlorophyll (Blattgr\u00fcn). Durch das Chlorophyll k\u00f6nnen Pflanzen mittels Photosynthese Lichtenergie in innere Energie umwandeln. Diese innere Energie wir in Traubenzucker gespeichert.<\/p>\n<p><img decoding=\"async\" loading=\"lazy\" src=\"https:\/\/www.studyhelp.de\/online-lernen\/wp-content\/uploads\/2018\/09\/Naturfarbstoffe.jpg\" alt=\"Naturfarbstoffe\" width=\"328\" height=\"88\" class=\"aligncenter size-full wp-image-9727\" srcset=\"https:\/\/www.studyhelp.de\/online-lernen\/wp-content\/uploads\/2018\/09\/Naturfarbstoffe.jpg 328w, https:\/\/www.studyhelp.de\/online-lernen\/wp-content\/uploads\/2018\/09\/Naturfarbstoffe-300x80.jpg 300w\" sizes=\"(max-width: 328px) 100vw, 328px\" \/><\/p>\n<p>In der Natur kommen zwei verschiedene Varianten des Chlorophylls vor: Chlorophyll a und Chlorophyll b. Die beiden Molek\u00fcle unterscheiden sich nur in einem Rest R. Beim Chlorophyll a handelt es sich um eine Methylgruppe (-CH_3), beim Chlorophyll b ist der Rest eine Carbonylgruppe (-CHO). <\/p>\n<p><img decoding=\"async\" loading=\"lazy\" src=\"https:\/\/www.studyhelp.de\/online-lernen\/wp-content\/uploads\/2018\/09\/Chlorophyll.jpg\" alt=\"Chlorophyll\" width=\"845\" height=\"450\" class=\"aligncenter size-full wp-image-9728\" srcset=\"https:\/\/www.studyhelp.de\/online-lernen\/wp-content\/uploads\/2018\/09\/Chlorophyll.jpg 845w, https:\/\/www.studyhelp.de\/online-lernen\/wp-content\/uploads\/2018\/09\/Chlorophyll-300x160.jpg 300w, https:\/\/www.studyhelp.de\/online-lernen\/wp-content\/uploads\/2018\/09\/Chlorophyll-768x409.jpg 768w\" sizes=\"(max-width: 845px) 100vw, 845px\" \/><\/p>\n<p>Die gr\u00fcne Farbe der beiden Molek\u00fcle resultiert aus dem ausgedehnten \u03c0-Elektronensystem im oberen Teil des Molek\u00fcls. Es werden \u00fcberwiegend blaues und rotes Licht absorbiert, woraus sich eine gelbgr\u00fcne Farbe ergibt. Chlorophyll b hat sein Absorptionsmaximum im kurzwelligeren Bereich als Chlorophyll a, was an der Carbonylgruppe liegt. Da das konjugierte System ist hier um eine Doppelbindung gr\u00f6\u00dfer, wodurch weniger Energie ben\u00f6tigt wird, um die Elektronen anzuregen.<\/p>\n","protected":false},"excerpt":{"rendered":"<p>Der wichtigste Naturfarbstoff ist der gr\u00fcne Farbstoff der Pflanzen, das Chlorophyll (Blattgr\u00fcn). Durch das Chlorophyll k\u00f6nnen Pflanzen mittels Photosynthese Lichtenergie in innere Energie umwandeln. Diese innere Energie wir in Traubenzucker gespeichert. In der Natur kommen zwei verschiedene Varianten des Chlorophylls vor: Chlorophyll a und Chlorophyll b. Die beiden Molek\u00fcle unterscheiden sich nur in einem Rest [&hellip;]<\/p>\n","protected":false},"author":3,"featured_media":0,"parent":9325,"menu_order":0,"comment_status":"closed","ping_status":"closed","template":"","meta":[],"categories":[47],"tags":[],"yoast_head":"<!-- This site is optimized with the Yoast SEO plugin v14.7 - https:\/\/yoast.com\/wordpress\/plugins\/seo\/ -->\n<title>Chlorophyll erkl\u00e4rt [Chemie] - StudyHelp Online-Lernen<\/title>\n<meta name=\"description\" content=\"Der wichtigste Naturfarbstoff ist der gr\u00fcne Farbstoff der Pflanzen, das Chlorophyll (Blattgr\u00fcn). Durch das Chlorophyll k\u00f6nnen Pflanzen...\" \/>\n<meta name=\"robots\" content=\"index, follow\" \/>\n<meta name=\"googlebot\" content=\"index, follow, max-snippet:-1, max-image-preview:large, max-video-preview:-1\" \/>\n<meta name=\"bingbot\" content=\"index, follow, max-snippet:-1, max-image-preview:large, max-video-preview:-1\" \/>\n<link rel=\"canonical\" href=\"https:\/\/www.studyhelp.de\/online-lernen\/chemie\/chlorophyll\/\" \/>\n<meta property=\"og:locale\" content=\"de_DE\" \/>\n<meta property=\"og:type\" content=\"article\" \/>\n<meta property=\"og:title\" content=\"Chlorophyll erkl\u00e4rt [Chemie] - StudyHelp Online-Lernen\" \/>\n<meta property=\"og:description\" content=\"Der wichtigste Naturfarbstoff ist der gr\u00fcne Farbstoff der Pflanzen, das Chlorophyll (Blattgr\u00fcn). Durch das Chlorophyll k\u00f6nnen Pflanzen...\" \/>\n<meta property=\"og:url\" content=\"https:\/\/www.studyhelp.de\/online-lernen\/chemie\/chlorophyll\/\" \/>\n<meta property=\"og:site_name\" content=\"StudyHelp Online-Lernen\" \/>\n<meta property=\"article:modified_time\" content=\"2018-10-08T14:58:15+00:00\" \/>\n<meta property=\"og:image\" content=\"https:\/\/www.studyhelp.de\/online-lernen\/wp-content\/uploads\/2018\/09\/Naturfarbstoffe.jpg\" \/>\n<meta name=\"twitter:card\" content=\"summary_large_image\" \/>\n<script type=\"application\/ld+json\" class=\"yoast-schema-graph\">{\"@context\":\"https:\/\/schema.org\",\"@graph\":[{\"@type\":\"WebSite\",\"@id\":\"https:\/\/www.studyhelp.de\/online-lernen\/#website\",\"url\":\"https:\/\/www.studyhelp.de\/online-lernen\/\",\"name\":\"StudyHelp Online-Lernen\",\"description\":\"\",\"potentialAction\":[{\"@type\":\"SearchAction\",\"target\":\"https:\/\/www.studyhelp.de\/online-lernen\/?s={search_term_string}\",\"query-input\":\"required name=search_term_string\"}],\"inLanguage\":\"de-DE\"},{\"@type\":\"ImageObject\",\"@id\":\"https:\/\/www.studyhelp.de\/online-lernen\/chemie\/chlorophyll\/#primaryimage\",\"inLanguage\":\"de-DE\",\"url\":\"https:\/\/www.studyhelp.de\/online-lernen\/wp-content\/uploads\/2018\/09\/Naturfarbstoffe.jpg\",\"width\":328,\"height\":88,\"caption\":\"Naturfarbstoffe\"},{\"@type\":\"WebPage\",\"@id\":\"https:\/\/www.studyhelp.de\/online-lernen\/chemie\/chlorophyll\/#webpage\",\"url\":\"https:\/\/www.studyhelp.de\/online-lernen\/chemie\/chlorophyll\/\",\"name\":\"Chlorophyll erkl\\u00e4rt [Chemie] - StudyHelp Online-Lernen\",\"isPartOf\":{\"@id\":\"https:\/\/www.studyhelp.de\/online-lernen\/#website\"},\"primaryImageOfPage\":{\"@id\":\"https:\/\/www.studyhelp.de\/online-lernen\/chemie\/chlorophyll\/#primaryimage\"},\"datePublished\":\"2018-09-06T13:02:53+00:00\",\"dateModified\":\"2018-10-08T14:58:15+00:00\",\"description\":\"Der wichtigste Naturfarbstoff ist der gr\\u00fcne Farbstoff der Pflanzen, das Chlorophyll (Blattgr\\u00fcn). Durch das Chlorophyll k\\u00f6nnen Pflanzen...\",\"inLanguage\":\"de-DE\",\"potentialAction\":[{\"@type\":\"ReadAction\",\"target\":[\"https:\/\/www.studyhelp.de\/online-lernen\/chemie\/chlorophyll\/\"]}]}]}<\/script>\n<!-- \/ Yoast SEO plugin. -->","_links":{"self":[{"href":"https:\/\/www.studyhelp.de\/online-lernen\/wp-json\/wp\/v2\/pages\/9726"}],"collection":[{"href":"https:\/\/www.studyhelp.de\/online-lernen\/wp-json\/wp\/v2\/pages"}],"about":[{"href":"https:\/\/www.studyhelp.de\/online-lernen\/wp-json\/wp\/v2\/types\/page"}],"author":[{"embeddable":true,"href":"https:\/\/www.studyhelp.de\/online-lernen\/wp-json\/wp\/v2\/users\/3"}],"replies":[{"embeddable":true,"href":"https:\/\/www.studyhelp.de\/online-lernen\/wp-json\/wp\/v2\/comments?post=9726"}],"version-history":[{"count":1,"href":"https:\/\/www.studyhelp.de\/online-lernen\/wp-json\/wp\/v2\/pages\/9726\/revisions"}],"predecessor-version":[{"id":9729,"href":"https:\/\/www.studyhelp.de\/online-lernen\/wp-json\/wp\/v2\/pages\/9726\/revisions\/9729"}],"up":[{"embeddable":true,"href":"https:\/\/www.studyhelp.de\/online-lernen\/wp-json\/wp\/v2\/pages\/9325"}],"wp:attachment":[{"href":"https:\/\/www.studyhelp.de\/online-lernen\/wp-json\/wp\/v2\/media?parent=9726"}],"wp:term":[{"taxonomy":"category","embeddable":true,"href":"https:\/\/www.studyhelp.de\/online-lernen\/wp-json\/wp\/v2\/categories?post=9726"},{"taxonomy":"post_tag","embeddable":true,"href":"https:\/\/www.studyhelp.de\/online-lernen\/wp-json\/wp\/v2\/tags?post=9726"}],"curies":[{"name":"wp","href":"https:\/\/api.w.org\/{rel}","templated":true}]}}