{"id":9733,"date":"2018-09-06T16:36:12","date_gmt":"2018-09-06T14:36:12","guid":{"rendered":"https:\/\/www.studyhelp.de\/online-lernen\/?page_id=9733"},"modified":"2018-10-08T15:11:12","modified_gmt":"2018-10-08T13:11:12","slug":"kunststoff","status":"publish","type":"page","link":"https:\/\/www.studyhelp.de\/online-lernen\/chemie\/kunststoff\/","title":{"rendered":"Kunststoff"},"content":{"rendered":"<p>Ein Kunststoff besteht aus Makromolek\u00fcle (sehr gro\u00dfe Molek\u00fcle), die synthetisch hergestellt werden oder durch Abwandlung von Naturprodukten entstehen. Diese Makromolek\u00fcle bestehen aus einer gro\u00dfen Zahl an Monomeren (Bausteinen), welche chemisch verbunden sind. Daher hei\u00dfen sie auch Polymere.<\/p>\n\n<p><strong>Inhalte auf dieser Seite<\/strong><\/p>\n<ul>\n<li><a href=\"#herstellung-von-kunststoff\">Herstellung von Kunstoff<\/a><\/li>\n<li><a href=\"#radikale-polymerisation\">Radikalische Polymerisation<\/a><\/li>\n<li><a href=\"#polykondensation\">Polykondensation: Polyester und Polyamide<\/a><\/li>\n<li><a href=\"#polyaddition\">Polyaddition<\/a><\/li>\n<li><a href=\"#thermoplaste\">Thermoplaste<\/a><\/li>\n<li><a href=\"#Duroplaste\">Duroplaste<\/a><\/li>\n<li><a href=\"#Elastomere\">Elastomere<\/a><\/li>\n<\/ul>\n<h2 class=\"anchor\" id=\"herstellung-von-kunststoff\">Herstellung von Kunstoff<\/h2>\n<h3 class=\"anchor\" id=\"radikale-polymerisation\">Radikalische Polymerisation<\/h3>\n<p>Monomere mit Mehrfachbindungen werden zu einem Polymer mit Einfachbindungen verkn\u00fcpft.<br \/>\n<img decoding=\"async\" loading=\"lazy\" src=\"https:\/\/www.studyhelp.de\/online-lernen\/wp-content\/uploads\/2018\/09\/Polymerase.jpg\" alt=\"Polymerase\" width=\"503\" height=\"164\" class=\"aligncenter size-full wp-image-9736\" srcset=\"https:\/\/www.studyhelp.de\/online-lernen\/wp-content\/uploads\/2018\/09\/Polymerase.jpg 503w, https:\/\/www.studyhelp.de\/online-lernen\/wp-content\/uploads\/2018\/09\/Polymerase-300x98.jpg 300w\" sizes=\"(max-width: 503px) 100vw, 503px\" \/><\/p>\n<p><strong>Startreaktion der Polymerisation<\/strong><br \/>\nUm die radikalische Reaktion zu starten, werden zun\u00e4chst Radikale ben\u00f6tigt. Diese werden durch homolytische Spaltung einer Einfachbindung erzeugt.<\/p>\n<p><img decoding=\"async\" loading=\"lazy\" src=\"https:\/\/www.studyhelp.de\/online-lernen\/wp-content\/uploads\/2018\/09\/Startreaktion-Polymerase.jpg\" alt=\"Startreaktion Polymerase\" width=\"340\" height=\"36\" class=\"aligncenter size-full wp-image-9742\" srcset=\"https:\/\/www.studyhelp.de\/online-lernen\/wp-content\/uploads\/2018\/09\/Startreaktion-Polymerase.jpg 340w, https:\/\/www.studyhelp.de\/online-lernen\/wp-content\/uploads\/2018\/09\/Startreaktion-Polymerase-300x32.jpg 300w\" sizes=\"(max-width: 340px) 100vw, 340px\" \/><\/p>\n<p><strong>Kettenstart<\/strong><br \/>\nSobald die ben\u00f6tigten Radikale gebildet sind, beginnt die Polymerisation, indem das ungepaarte Elektron des Radikals sich mit einem Elektron aus der Doppelbindung paaren. Dabei bleibt ein einzelnes Elektron aus der Doppelbindung \u00fcbrig, was zu einem Radikal an einer anderen Stelle f\u00fchrt. <\/p>\n<p><img decoding=\"async\" loading=\"lazy\" src=\"https:\/\/www.studyhelp.de\/online-lernen\/wp-content\/uploads\/2018\/09\/Polymerisation-Kettenreaktion.jpg\" alt=\"Polymerisation Kettenstart\" width=\"546\" height=\"142\" class=\"aligncenter size-full wp-image-9743\" srcset=\"https:\/\/www.studyhelp.de\/online-lernen\/wp-content\/uploads\/2018\/09\/Polymerisation-Kettenreaktion.jpg 546w, https:\/\/www.studyhelp.de\/online-lernen\/wp-content\/uploads\/2018\/09\/Polymerisation-Kettenreaktion-300x78.jpg 300w\" sizes=\"(max-width: 546px) 100vw, 546px\" \/><\/p>\n<p><strong>Kettenreaktion<\/strong><br \/>\nDas neu entstandene Radikal kann wieder, auf dieselbe Weise, mit einem Ethenmolek\u00fcl reagieren. Diese Reaktion l\u00e4uft immer wieder ab, wodurch eine immer l\u00e4ngere Kette entsteht.<\/p>\n<p><img decoding=\"async\" loading=\"lazy\" src=\"https:\/\/www.studyhelp.de\/online-lernen\/wp-content\/uploads\/2018\/09\/Kettenreaktion-Polymerisation.jpg\" alt=\"Kettenreaktion Polymerisation\" width=\"720\" height=\"131\" class=\"aligncenter size-full wp-image-9744\" srcset=\"https:\/\/www.studyhelp.de\/online-lernen\/wp-content\/uploads\/2018\/09\/Kettenreaktion-Polymerisation.jpg 720w, https:\/\/www.studyhelp.de\/online-lernen\/wp-content\/uploads\/2018\/09\/Kettenreaktion-Polymerisation-300x55.jpg 300w\" sizes=\"(max-width: 720px) 100vw, 720px\" \/><\/p>\n\n<p><strong>Kettenabbruch<\/strong><br \/>\nWie bei der radikalischen Substitution, endet auch hier die Kettenreaktion, indem zwei Radikale miteinander reagieren, und dabei eine Einfachbindung ausbilden. Dabei k\u00f6nnen alle vorhandenen Radikale beliebig miteinander kombiniert werden. Beispielsweise kann ein Radikal aus der Kettenreaktion mit einem der urspr\u00fcnglichen Radikale reagieren.<\/p>\n<p><img decoding=\"async\" loading=\"lazy\" src=\"https:\/\/www.studyhelp.de\/online-lernen\/wp-content\/uploads\/2018\/09\/Kettenabbruch-Polymerisation.jpg\" alt=\"Kettenabbruch Polymerisation\" width=\"749\" height=\"122\" class=\"aligncenter size-full wp-image-9745\" srcset=\"https:\/\/www.studyhelp.de\/online-lernen\/wp-content\/uploads\/2018\/09\/Kettenabbruch-Polymerisation.jpg 749w, https:\/\/www.studyhelp.de\/online-lernen\/wp-content\/uploads\/2018\/09\/Kettenabbruch-Polymerisation-300x49.jpg 300w\" sizes=\"(max-width: 749px) 100vw, 749px\" \/><\/p>\n<p>Es k\u00f6nnen aber auch zwei Radikale aus der Kettenreaktion k\u00f6nnen miteinander reagieren.  <\/p>\n<p><img decoding=\"async\" loading=\"lazy\" src=\"https:\/\/www.studyhelp.de\/online-lernen\/wp-content\/uploads\/2018\/09\/Kettenabbruch-Polymerisation-2-Radikale.jpg\" alt=\"Kettenabbruch Polymerisation 2 Radikale\" width=\"844\" height=\"129\" class=\"aligncenter size-full wp-image-9746\" srcset=\"https:\/\/www.studyhelp.de\/online-lernen\/wp-content\/uploads\/2018\/09\/Kettenabbruch-Polymerisation-2-Radikale.jpg 844w, https:\/\/www.studyhelp.de\/online-lernen\/wp-content\/uploads\/2018\/09\/Kettenabbruch-Polymerisation-2-Radikale-300x46.jpg 300w, https:\/\/www.studyhelp.de\/online-lernen\/wp-content\/uploads\/2018\/09\/Kettenabbruch-Polymerisation-2-Radikale-768x117.jpg 768w\" sizes=\"(max-width: 844px) 100vw, 844px\" \/><\/p>\n<p>Sobald keine Radikale mehr vorhanden sind, kann auch keine Kettenreaktion mehr ablaufen. Das Polymer, das entsteht, muss jetzt nicht umst\u00e4ndlich ausgeschrieben werden, sondern kann in einer Kurzschreibweise angegeben werden. Dabei wird die sich wiederholende Einheit (Repetiereinheit) in eckige Klammern geschrieben und ein kleines n rechts unten an die Klammern geschrieben (damit deutet man an, dass das ganze sehr oft wiederholt wird, n\u00e4mlich n-mal). In diesem Fall sieht die Repetiereinheit folgenderma\u00dfen aus, da bei jedem Reaktionsschritt zwei Kohlenstoffatome dazukommen:<\/p>\n<p><img decoding=\"async\" loading=\"lazy\" src=\"https:\/\/www.studyhelp.de\/online-lernen\/wp-content\/uploads\/2018\/09\/Kettenabbruch-Polymerisation-Addition-2-Kohlenstoffatome.jpg\" alt=\"Kettenabbruch Polymerisation Addition 2 Kohlenstoffatome\" width=\"152\" height=\"147\" class=\"aligncenter size-full wp-image-9747\" \/><\/p>\n<h3 class=\"anchor\" id=\"polykondensation\">Polykondensation: Polyester und Polyamide<\/h3>\n<p>Bifunktionelle Monomere mit mindestens zwei funktionellen Gruppen (Carboxy- und Hydroxygruppe) reagieren unter Abspaltung eines kleinen Molek\u00fcls (meist Wasser) zu Polyestern.<br \/>\n<img decoding=\"async\" loading=\"lazy\" src=\"https:\/\/www.studyhelp.de\/online-lernen\/wp-content\/uploads\/2018\/09\/Polyester.jpg\" alt=\"Polyester\" width=\"848\" height=\"177\" class=\"aligncenter size-full wp-image-9739\" srcset=\"https:\/\/www.studyhelp.de\/online-lernen\/wp-content\/uploads\/2018\/09\/Polyester.jpg 848w, https:\/\/www.studyhelp.de\/online-lernen\/wp-content\/uploads\/2018\/09\/Polyester-300x63.jpg 300w, https:\/\/www.studyhelp.de\/online-lernen\/wp-content\/uploads\/2018\/09\/Polyester-768x160.jpg 768w\" sizes=\"(max-width: 848px) 100vw, 848px\" \/><\/p>\n<p>Bei der Polykondensation m\u00fcssen die Monomere jeweils mindestens zwei funktionelle Gruppen haben. Soll durch die Polykondensation ein Polyester entstehen, m\u00fcssen Carboxy- und Hydroxygruppen vorhanden sein. Diese reagieren in einer nucleophilen Substitution miteinander, indem das freie Elektronenpaar der Hydroxygruppe am positiv polarisierten Kohlenstoffatom der Carboxygruppe angreift.<\/p>\n<p><img decoding=\"async\" loading=\"lazy\" src=\"https:\/\/www.studyhelp.de\/online-lernen\/wp-content\/uploads\/2018\/09\/Polykondensation.jpg\" alt=\"Polykondensation\" width=\"839\" height=\"318\" class=\"aligncenter size-full wp-image-9749\" srcset=\"https:\/\/www.studyhelp.de\/online-lernen\/wp-content\/uploads\/2018\/09\/Polykondensation.jpg 839w, https:\/\/www.studyhelp.de\/online-lernen\/wp-content\/uploads\/2018\/09\/Polykondensation-300x114.jpg 300w, https:\/\/www.studyhelp.de\/online-lernen\/wp-content\/uploads\/2018\/09\/Polykondensation-768x291.jpg 768w\" sizes=\"(max-width: 839px) 100vw, 839px\" \/><\/p>\n<p>Durch diesen Reaktionsschritt entsteht eine positive Ladung am Sauerstoffatom, welche ausgeglichen werden muss. Dazu wandert ein Proton zu der benachbarten Hydroxygruppe, wodurch anschlie\u00dfend Wasser abgespalten werden kann. <\/p>\n<p><img decoding=\"async\" loading=\"lazy\" src=\"https:\/\/www.studyhelp.de\/online-lernen\/wp-content\/uploads\/2018\/09\/Polykondensation-2.jpg\" alt=\"Polykondensation 2\" width=\"814\" height=\"496\" class=\"aligncenter size-full wp-image-9750\" srcset=\"https:\/\/www.studyhelp.de\/online-lernen\/wp-content\/uploads\/2018\/09\/Polykondensation-2.jpg 814w, https:\/\/www.studyhelp.de\/online-lernen\/wp-content\/uploads\/2018\/09\/Polykondensation-2-300x183.jpg 300w, https:\/\/www.studyhelp.de\/online-lernen\/wp-content\/uploads\/2018\/09\/Polykondensation-2-768x468.jpg 768w\" sizes=\"(max-width: 814px) 100vw, 814px\" \/><\/p>\n<p>Auch hier kann das Polymer wieder mithilfe einer Repetiereinheit angegeben werden. Dabei ist es wichtig, dass die Teile des Molek\u00fcls, welche am Ende der Kondensationsreaktion in Form von Wasser abgespalten werden au\u00dferhalb der eckigen Klammern stehen. Das sind in diesem Fall die Hydroxygruppe der Carbons\u00e4ure (hellgrau markiert) und das Proton des Alkohols (dunkelgrau markiert). Den Rest des Molek\u00fcls kann man dann als Repetiereinheit schreiben.<\/p>\n<p><img decoding=\"async\" loading=\"lazy\" src=\"https:\/\/www.studyhelp.de\/online-lernen\/wp-content\/uploads\/2018\/09\/Repetiereinheit.jpg\" alt=\"Repetiereinheit\" width=\"527\" height=\"146\" class=\"aligncenter size-full wp-image-9751\" srcset=\"https:\/\/www.studyhelp.de\/online-lernen\/wp-content\/uploads\/2018\/09\/Repetiereinheit.jpg 527w, https:\/\/www.studyhelp.de\/online-lernen\/wp-content\/uploads\/2018\/09\/Repetiereinheit-300x83.jpg 300w\" sizes=\"(max-width: 527px) 100vw, 527px\" \/><\/p>\n<p>Soll durch die Polykondensation ein Polyamid entstehen, m\u00fcssen Carboxy- und Aminogruppen vorhanden sein. Der Mechanismus l\u00e4uft genauso ab, wie bei der Herstellung eines Polyesters.<\/p>\n<p><img decoding=\"async\" loading=\"lazy\" src=\"https:\/\/www.studyhelp.de\/online-lernen\/wp-content\/uploads\/2018\/09\/Ablauf-Polykondensation.jpg\" alt=\"Ablauf Polykondensation\" width=\"814\" height=\"665\" class=\"aligncenter size-full wp-image-9752\" srcset=\"https:\/\/www.studyhelp.de\/online-lernen\/wp-content\/uploads\/2018\/09\/Ablauf-Polykondensation.jpg 814w, https:\/\/www.studyhelp.de\/online-lernen\/wp-content\/uploads\/2018\/09\/Ablauf-Polykondensation-300x245.jpg 300w, https:\/\/www.studyhelp.de\/online-lernen\/wp-content\/uploads\/2018\/09\/Ablauf-Polykondensation-768x627.jpg 768w\" sizes=\"(max-width: 814px) 100vw, 814px\" \/><\/p>\n<p>Die Repetiereinheit wird hier auf dieselbe Weise angegeben wie bei Polyestern. Die Teile des Molek\u00fcls, welche am Ende der Kondensationsreaktion in Form von Wasser abgespalten werden, stehen au\u00dferhalb der eckigen Klammern. Das sind in diesem Fall die Hydroxygruppe der Carbons\u00e4ure (hellgrau markiert) und ein Proton der Aminogruppe (dunkelgrau markiert). Den Rest des Molek\u00fcls kann man dann wieder als Repetiereinheit schreiben.<\/p>\n<p><img decoding=\"async\" loading=\"lazy\" src=\"https:\/\/www.studyhelp.de\/online-lernen\/wp-content\/uploads\/2018\/09\/Kondensationsreaktion-Polykondensation.jpg\" alt=\"Kondensationsreaktion Polykondensation\" width=\"527\" height=\"150\" class=\"aligncenter size-full wp-image-9753\" srcset=\"https:\/\/www.studyhelp.de\/online-lernen\/wp-content\/uploads\/2018\/09\/Kondensationsreaktion-Polykondensation.jpg 527w, https:\/\/www.studyhelp.de\/online-lernen\/wp-content\/uploads\/2018\/09\/Kondensationsreaktion-Polykondensation-300x85.jpg 300w\" sizes=\"(max-width: 527px) 100vw, 527px\" \/><\/p>\n\n<h3 class=\"anchor\" id=\"polyaddition\">Polyaddition<\/h3>\n<p>Auch bei der Polyaddition m\u00fcssen die Monomere jeweils mindestens zwei funktionelle Gruppen haben, Isocyanat- und Hydroxygruppen. Diese reagieren in einer nucleophilen Addition miteinander, indem das freie Elektronenpaar der Hydroxygruppe am positiv polarisierten Kohlenstoffatom der Isocyanatgruppe angreift.<\/p>\n<p><img decoding=\"async\" loading=\"lazy\" src=\"https:\/\/www.studyhelp.de\/online-lernen\/wp-content\/uploads\/2018\/09\/Polyaddition.jpg\" alt=\"Polyaddition\" width=\"765\" height=\"290\" class=\"aligncenter size-full wp-image-9754\" srcset=\"https:\/\/www.studyhelp.de\/online-lernen\/wp-content\/uploads\/2018\/09\/Polyaddition.jpg 765w, https:\/\/www.studyhelp.de\/online-lernen\/wp-content\/uploads\/2018\/09\/Polyaddition-300x114.jpg 300w\" sizes=\"(max-width: 765px) 100vw, 765px\" \/><\/p>\n<p>Durch den ersten Reaktionsschritt entsteht eine positive Ladung am Sauerstoffatom, welche durch die Abgabe eines Protons ausgeglichen werden kann. Dieses Proton kann durch die Doppelbindung zwischen Stickstoff- und Kohlenstoffatom aufgenommen werden. So wird Platz geschaffen, damit die Doppelbindung zwischen Kohlenstoff- du Sauerstoffatom wiederhergestellt werden kann. <\/p>\n<p><img decoding=\"async\" loading=\"lazy\" src=\"https:\/\/www.studyhelp.de\/online-lernen\/wp-content\/uploads\/2018\/09\/Polyaddition-2.jpg\" alt=\"Polyaddition 2\" width=\"669\" height=\"345\" class=\"aligncenter size-full wp-image-9755\" srcset=\"https:\/\/www.studyhelp.de\/online-lernen\/wp-content\/uploads\/2018\/09\/Polyaddition-2.jpg 669w, https:\/\/www.studyhelp.de\/online-lernen\/wp-content\/uploads\/2018\/09\/Polyaddition-2-300x155.jpg 300w\" sizes=\"(max-width: 669px) 100vw, 669px\" \/><\/p>\n<p>Da es sich hier um eine Additionsreaktion handelt, wird nichts abgespalten und es stehen daher keine Atomgruppen au\u00dferhalb der eckigen Klammern der Repetiereinheit. Hier muss man daher gut aufpassen, dass die funktionellen Gruppen nicht einfach abgeschrieben werden, sondern so umgeschrieben werden, wie sie nach der Reaktion vorliegen (auch hier wieder farblich markiert mit hell- und dunkelgrau). <\/p>\n<p><img decoding=\"async\" loading=\"lazy\" src=\"https:\/\/www.studyhelp.de\/online-lernen\/wp-content\/uploads\/2018\/09\/Polyaddition-3.jpg\" alt=\"Polyaddition 3\" width=\"466\" height=\"168\" class=\"aligncenter size-full wp-image-9756\" srcset=\"https:\/\/www.studyhelp.de\/online-lernen\/wp-content\/uploads\/2018\/09\/Polyaddition-3.jpg 466w, https:\/\/www.studyhelp.de\/online-lernen\/wp-content\/uploads\/2018\/09\/Polyaddition-3-300x108.jpg 300w\" sizes=\"(max-width: 466px) 100vw, 466px\" \/><\/p>\n<h2 class=\"anchor\" id=\"thermoplaste\">Thermoplaste<\/h2>\n<p>Thermoplaste sind Polymere, die sich aus bifunktionellen Monomeren (Molek\u00fcle mit zwei funktionellen Gruppen) zusammensetzen, welche sich jeweils nur mit zwei anderen verbinden. Dadurch entstehen lineare, unvernetzte Ketten. Diese Ketten werden durch zwischenmolekularen Wechselwirkungen zusammengehalten. Wird ein Thermoplast nun erhitzt, so werden (bei ausreichender Energiezufuhr) die zwischenmolekularen Wechselwirkungen \u00fcberwunden und der Kunststoff ist plastisch verformbar, bis er letztendlich schmilzt. Wird das Thermoplast weiter erhitzt, so werden die Bindungen innerhalb des Molek\u00fcls getrennt und der Kunststoff wird zerst\u00f6rt.<\/p>\n<p><img decoding=\"async\" loading=\"lazy\" src=\"https:\/\/www.studyhelp.de\/online-lernen\/wp-content\/uploads\/2018\/09\/Thermoplaste.jpg\" alt=\"Thermoplaste Darstellung\" width=\"419\" height=\"211\" class=\"aligncenter size-full wp-image-9764\" srcset=\"https:\/\/www.studyhelp.de\/online-lernen\/wp-content\/uploads\/2018\/09\/Thermoplaste.jpg 419w, https:\/\/www.studyhelp.de\/online-lernen\/wp-content\/uploads\/2018\/09\/Thermoplaste-300x151.jpg 300w\" sizes=\"(max-width: 419px) 100vw, 419px\" \/><\/p>\n<h2 class=\"anchor\" id=\"Duroplaste\">Duroplaste<\/h2>\n<p>Duroplaste sind Polymere, welche sich aus trifunktionellen Monomeren (Molek\u00fcle mit drei funktionellen Gruppen) zusammensetzen. Dadurch entstehen zweidimensionale, engmaschige Netze oder sogar dreidimensionale Raumstrukturen. Hier werden die Polymerketten durch Atombindungen zusammengehalten. Damit das Duroplast schmelzen w\u00fcrde, m\u00fcssten hier chemische Bindungen \u00fcberwunden werden, was bedeuten w\u00fcrde, dass der Kunststoff zerst\u00f6rt wird. Der Kunststoff bleibt also beim Erhitzen stabil und verformt sich nicht. Wird er allerdings zu stark erhitzt, dann brechen die Bindungen auf, und der Kunststoff wird zerst\u00f6rt.<\/p>\n<p><img decoding=\"async\" loading=\"lazy\" src=\"https:\/\/www.studyhelp.de\/online-lernen\/wp-content\/uploads\/2018\/09\/Duroplaste.jpg\" alt=\"Duroplaste Darstellung\" width=\"380\" height=\"254\" class=\"aligncenter size-full wp-image-9765\" srcset=\"https:\/\/www.studyhelp.de\/online-lernen\/wp-content\/uploads\/2018\/09\/Duroplaste.jpg 380w, https:\/\/www.studyhelp.de\/online-lernen\/wp-content\/uploads\/2018\/09\/Duroplaste-300x201.jpg 300w\" sizes=\"(max-width: 380px) 100vw, 380px\" \/><\/p>\n<h2 class=\"anchor\" id=\"Elastomere\">Elastomere<\/h2>\n<p>Elastomere sind Polymere, die sich aus bifunktionellen und gelegentlich trifunktionellen Monomeren zusammensetzen. Dadurch entstehen weitmaschige Strukturen, welche es erm\u00f6glichen das Molek\u00fcl zu dehnen. Wird an dem Kunststoff gezogen, so werden die Bindungen verzerrt und der Stoff verformt sich. L\u00e4sst man wieder los, so nehmen die Bindungen wieder ihren urspr\u00fcnglichen Zustand ein, und der Kunststoff erh\u00e4lt seine urspr\u00fcngliche Form zur\u00fcck. <\/p>\n<p><img decoding=\"async\" loading=\"lazy\" src=\"https:\/\/www.studyhelp.de\/online-lernen\/wp-content\/uploads\/2018\/09\/Elastomere.jpg\" alt=\"Elastomere Darstellung\" width=\"609\" height=\"373\" class=\"aligncenter size-full wp-image-9766\" srcset=\"https:\/\/www.studyhelp.de\/online-lernen\/wp-content\/uploads\/2018\/09\/Elastomere.jpg 609w, https:\/\/www.studyhelp.de\/online-lernen\/wp-content\/uploads\/2018\/09\/Elastomere-300x184.jpg 300w\" sizes=\"(max-width: 609px) 100vw, 609px\" \/><\/p>\n\n","protected":false},"excerpt":{"rendered":"<p>Ein Kunststoff besteht aus Makromolek\u00fcle (sehr gro\u00dfe Molek\u00fcle), die synthetisch hergestellt werden oder durch Abwandlung von Naturprodukten entstehen. Diese Makromolek\u00fcle bestehen aus einer gro\u00dfen Zahl an Monomeren (Bausteinen), welche chemisch verbunden sind. Daher hei\u00dfen sie auch Polymere. Inhalte auf dieser Seite Herstellung von Kunstoff Radikalische Polymerisation Polykondensation: Polyester und Polyamide Polyaddition Thermoplaste Duroplaste Elastomere Herstellung [&hellip;]<\/p>\n","protected":false},"author":3,"featured_media":0,"parent":9325,"menu_order":0,"comment_status":"closed","ping_status":"closed","template":"","meta":[],"categories":[47],"tags":[],"yoast_head":"<!-- This site is optimized with the Yoast SEO plugin v14.7 - https:\/\/yoast.com\/wordpress\/plugins\/seo\/ -->\n<title>Kunststoff - StudyHelp Online-Lernen<\/title>\n<meta name=\"description\" content=\"Ein Kunststoff besteht aus Makromolek\u00fcle (sehr gro\u00dfe Molek\u00fcle), die k\u00fcnstlich hergestellt werden oder durch Abwandlung von Naturprodukten entstehen.\" \/>\n<meta name=\"robots\" content=\"index, follow\" \/>\n<meta name=\"googlebot\" content=\"index, follow, max-snippet:-1, max-image-preview:large, max-video-preview:-1\" \/>\n<meta name=\"bingbot\" content=\"index, follow, max-snippet:-1, max-image-preview:large, max-video-preview:-1\" \/>\n<link rel=\"canonical\" href=\"https:\/\/www.studyhelp.de\/online-lernen\/chemie\/kunststoff\/\" \/>\n<meta property=\"og:locale\" content=\"de_DE\" \/>\n<meta property=\"og:type\" content=\"article\" \/>\n<meta property=\"og:title\" content=\"Kunststoff - StudyHelp Online-Lernen\" \/>\n<meta property=\"og:description\" content=\"Ein Kunststoff besteht aus Makromolek\u00fcle (sehr gro\u00dfe Molek\u00fcle), die k\u00fcnstlich hergestellt werden oder durch Abwandlung von Naturprodukten entstehen.\" \/>\n<meta property=\"og:url\" content=\"https:\/\/www.studyhelp.de\/online-lernen\/chemie\/kunststoff\/\" \/>\n<meta property=\"og:site_name\" content=\"StudyHelp Online-Lernen\" \/>\n<meta property=\"article:modified_time\" content=\"2018-10-08T13:11:12+00:00\" \/>\n<meta property=\"og:image\" content=\"https:\/\/www.studyhelp.de\/online-lernen\/wp-content\/uploads\/2018\/09\/Polymerase.jpg\" \/>\n<meta name=\"twitter:card\" content=\"summary_large_image\" \/>\n<script type=\"application\/ld+json\" class=\"yoast-schema-graph\">{\"@context\":\"https:\/\/schema.org\",\"@graph\":[{\"@type\":\"WebSite\",\"@id\":\"https:\/\/www.studyhelp.de\/online-lernen\/#website\",\"url\":\"https:\/\/www.studyhelp.de\/online-lernen\/\",\"name\":\"StudyHelp Online-Lernen\",\"description\":\"\",\"potentialAction\":[{\"@type\":\"SearchAction\",\"target\":\"https:\/\/www.studyhelp.de\/online-lernen\/?s={search_term_string}\",\"query-input\":\"required name=search_term_string\"}],\"inLanguage\":\"de-DE\"},{\"@type\":\"ImageObject\",\"@id\":\"https:\/\/www.studyhelp.de\/online-lernen\/chemie\/kunststoff\/#primaryimage\",\"inLanguage\":\"de-DE\",\"url\":\"https:\/\/www.studyhelp.de\/online-lernen\/wp-content\/uploads\/2018\/09\/Polymerase.jpg\",\"width\":503,\"height\":164,\"caption\":\"Polymerase\"},{\"@type\":\"WebPage\",\"@id\":\"https:\/\/www.studyhelp.de\/online-lernen\/chemie\/kunststoff\/#webpage\",\"url\":\"https:\/\/www.studyhelp.de\/online-lernen\/chemie\/kunststoff\/\",\"name\":\"Kunststoff - StudyHelp Online-Lernen\",\"isPartOf\":{\"@id\":\"https:\/\/www.studyhelp.de\/online-lernen\/#website\"},\"primaryImageOfPage\":{\"@id\":\"https:\/\/www.studyhelp.de\/online-lernen\/chemie\/kunststoff\/#primaryimage\"},\"datePublished\":\"2018-09-06T14:36:12+00:00\",\"dateModified\":\"2018-10-08T13:11:12+00:00\",\"description\":\"Ein Kunststoff besteht aus Makromolek\\u00fcle (sehr gro\\u00dfe Molek\\u00fcle), die k\\u00fcnstlich hergestellt werden oder durch Abwandlung von Naturprodukten entstehen.\",\"inLanguage\":\"de-DE\",\"potentialAction\":[{\"@type\":\"ReadAction\",\"target\":[\"https:\/\/www.studyhelp.de\/online-lernen\/chemie\/kunststoff\/\"]}]}]}<\/script>\n<!-- \/ Yoast SEO plugin. -->","_links":{"self":[{"href":"https:\/\/www.studyhelp.de\/online-lernen\/wp-json\/wp\/v2\/pages\/9733"}],"collection":[{"href":"https:\/\/www.studyhelp.de\/online-lernen\/wp-json\/wp\/v2\/pages"}],"about":[{"href":"https:\/\/www.studyhelp.de\/online-lernen\/wp-json\/wp\/v2\/types\/page"}],"author":[{"embeddable":true,"href":"https:\/\/www.studyhelp.de\/online-lernen\/wp-json\/wp\/v2\/users\/3"}],"replies":[{"embeddable":true,"href":"https:\/\/www.studyhelp.de\/online-lernen\/wp-json\/wp\/v2\/comments?post=9733"}],"version-history":[{"count":13,"href":"https:\/\/www.studyhelp.de\/online-lernen\/wp-json\/wp\/v2\/pages\/9733\/revisions"}],"predecessor-version":[{"id":10266,"href":"https:\/\/www.studyhelp.de\/online-lernen\/wp-json\/wp\/v2\/pages\/9733\/revisions\/10266"}],"up":[{"embeddable":true,"href":"https:\/\/www.studyhelp.de\/online-lernen\/wp-json\/wp\/v2\/pages\/9325"}],"wp:attachment":[{"href":"https:\/\/www.studyhelp.de\/online-lernen\/wp-json\/wp\/v2\/media?parent=9733"}],"wp:term":[{"taxonomy":"category","embeddable":true,"href":"https:\/\/www.studyhelp.de\/online-lernen\/wp-json\/wp\/v2\/categories?post=9733"},{"taxonomy":"post_tag","embeddable":true,"href":"https:\/\/www.studyhelp.de\/online-lernen\/wp-json\/wp\/v2\/tags?post=9733"}],"curies":[{"name":"wp","href":"https:\/\/api.w.org\/{rel}","templated":true}]}}