{"id":9949,"date":"2018-10-01T13:49:23","date_gmt":"2018-10-01T11:49:23","guid":{"rendered":"https:\/\/www.studyhelp.de\/online-lernen\/?page_id=9949"},"modified":"2019-03-04T12:09:01","modified_gmt":"2019-03-04T11:09:01","slug":"protein","status":"publish","type":"page","link":"https:\/\/www.studyhelp.de\/online-lernen\/chemie\/protein\/","title":{"rendered":"Protein"},"content":{"rendered":"<p>Proteine haben je nach Struktur unterschiedliche Eigenschaften und Funktionen. In jedem Lebewesen kommen daher viele verschiedene Proteine vor. In der Haut sind beispielsweise Proteine, welche eine Schutzfunktion besitzen. Sie sorgen daf\u00fcr, dass der K\u00f6rper vor \u00e4u\u00dferen Umwelteinfl\u00fcssen gesch\u00fctzt ist. Die Proteine in den Muskeln hingegen sind f\u00fcr Bewegungen verantwortlich. Die beiden Proteine Myosin und Actin k\u00f6nnen unter Energieverbrauch gegeneinander bewegt werden, wodurch der Muskel verk\u00fcrzt wird.<\/p>\n<p>Auch in unserem Immunsystem spielen Proteine eine wichtige Rolle: Die Antik\u00f6rper, welche Bakterien binden, und damit daf\u00fcr sorgen, dass sie dem K\u00f6rper nicht schaden k\u00f6nnen, sind ebenfalls Proteine.<\/p>\n<p><strong>Themen zum Protein auf dieser Seite<\/strong><\/p>\n<ul>\n<li><a href=\"#grundlagen-zu-proteinen\">Proteine Grundlagen<\/a><\/li>\n<li><a href=\"#protein-strulkturebenen\">Protein Struktrebenen<\/a>\n<ul>\n<li><a href=\"#prim\u00e4rstruktur\">Prim\u00e4rstruktur<\/a><\/li>\n<li><a href=\"#sekund\u00e4rstruktur\">Sekund\u00e4rstruktur <\/a><\/li>\n<li><a href=\"#quart\u00e4rstruktur\">Quart\u00e4rstruktur<\/a><\/li>\n<\/ul>\n<\/li>\n<li><a href=\"#nachweisreaktionen\">Nachweisreaktionen<\/a>\n<ul>\n<li><a href=\"#ninhydrin-reaktion\">Ninhydrin-Reaktion<\/a><\/li>\n<li><a href=\"#xanthoprotein-reaktion\">Xanthoprotein-Reaktion<\/a><\/li>\n<\/ul>\n<\/li>\n<\/ul>\n<h2 id=\"grundlagen-zu-proteinen\" class=\"anchor\">Proteine Grundlagen<\/h2>\n<p>Ein Protein (umgangssprachlich auch Eiwei\u00dfe genannt) ist ein biologisches Makromolek\u00fcl, welches durch die Verkn\u00fcpfung von Aminos\u00e4uren entsteht. Die bei dieser Verkn\u00fcpfung entstehende Bindung hei\u00dft Peptidbindung. Sie entsteht durch eine Kondensationsreaktion zwischen der Aminogruppe einer und der Carboxygruppe einer anderen Aminos\u00e4ure.<\/p>\n<p><a href=\"https:\/\/www.studyhelp.de\/online-lernen\/chemie\/aminosaeuren\/\" target=\"_blank\" rel=\"noopener noreferrer\">Aminos\u00e4ure<\/a><img decoding=\"async\" loading=\"lazy\" class=\"aligncenter  wp-image-9950\" src=\"https:\/\/www.studyhelp.de\/online-lernen\/wp-content\/uploads\/2018\/09\/Protein.jpg\" alt=\"Protein\" width=\"280\" height=\"147\" srcset=\"https:\/\/www.studyhelp.de\/online-lernen\/wp-content\/uploads\/2018\/09\/Protein.jpg 404w, https:\/\/www.studyhelp.de\/online-lernen\/wp-content\/uploads\/2018\/09\/Protein-300x157.jpg 300w\" sizes=\"(max-width: 280px) 100vw, 280px\" \/><\/p>\n<p>Proteine entstehen also durch eine Polykondensation mit sehr vielen Aminos\u00e4uren.<\/p>\n<p>Die Peptidbindung ist planar (=liegt in einer Ebene) und kann trotz der Einfachbindung zwischen dem Kohlenstoffatom und dem Stickstoffatom nicht frei gedreht werden. Das liegt daran, dass es f\u00fcr die Peptidbindung folgende mesomere Grenzstrukturen gibt:<\/p>\n<p><img decoding=\"async\" loading=\"lazy\" class=\"aligncenter  wp-image-9953\" src=\"https:\/\/www.studyhelp.de\/online-lernen\/wp-content\/uploads\/2018\/10\/Peptidbindungen.jpg\" alt=\"Peptidbindungen\" width=\"656\" height=\"140\" srcset=\"https:\/\/www.studyhelp.de\/online-lernen\/wp-content\/uploads\/2018\/10\/Peptidbindungen.jpg 1002w, https:\/\/www.studyhelp.de\/online-lernen\/wp-content\/uploads\/2018\/10\/Peptidbindungen-300x64.jpg 300w, https:\/\/www.studyhelp.de\/online-lernen\/wp-content\/uploads\/2018\/10\/Peptidbindungen-768x164.jpg 768w\" sizes=\"(max-width: 656px) 100vw, 656px\" \/><\/p>\n<p>Durch die rechte Grenzstruktur wird klar, warum die Peptidbindung planar ist und keine freie Drehbarkeit vorliegt. Die nun entstandene Doppelbindung zwischen dem Kohlenstoffatom und dem Stickstoffatom ist der Grund daf\u00fcr.<\/p>\n<p><strong>Schau dir als Vertiefung das Grundlagenvideo von Die Merkhilfe zum Thema Proteine an!<\/strong><\/p>\n<div class=\"lyte-wrapper\" style=\"width:420px;max-width:100%;margin:5px;\"><div class=\"lyMe\" id=\"WYL_7KstdzNxggY\"><div id=\"lyte_7KstdzNxggY\" data-src=\"https:\/\/www.studyhelp.de\/online-lernen\/wp-content\/plugins\/wp-youtube-lyte\/lyteCache.php?origThumbUrl=%2F%2Fi.ytimg.com%2Fvi%2F7KstdzNxggY%2Fhqdefault.jpg\" class=\"pL\"><div class=\"tC\"><div class=\"tT\"><\/div><\/div><div class=\"play\"><\/div><div class=\"ctrl\"><div class=\"Lctrl\"><\/div><div class=\"Rctrl\"><\/div><\/div><\/div><noscript><a href=\"https:\/\/youtu.be\/7KstdzNxggY\" rel=\"nofollow\"><img src=\"https:\/\/www.studyhelp.de\/online-lernen\/wp-content\/plugins\/wp-youtube-lyte\/lyteCache.php?origThumbUrl=https%3A%2F%2Fi.ytimg.com%2Fvi%2F7KstdzNxggY%2F0.jpg\" alt=\"YouTube-Video-Thumbnail\" width=\"420\" height=\"216\" \/><br \/>Dieses Video auf YouTube ansehen<\/a><\/noscript><\/div><\/div><div class=\"lL\" style=\"max-width:100%;width:420px;margin:5px;\"><\/div><\/p>\n<h2 id=\"protein-strulkturebenen\" class=\"anchor\">Protein Struktrebenen<\/h2>\n<h3 id=\"prim\u00e4rstruktur\" class=\"anchor\">Prim\u00e4rstruktur von Proteinen<\/h3>\n<p>Die Prim\u00e4rstruktur von Proteinen stellt die Reihenfolge dar in der die Aminos\u00e4uren im Protein gebunden sind (auch Aminos\u00e4uresequenz genannt) an. Diese Reihenfolge ist wichtig, da Proteine nur dann ihre Wirkung zeigen k\u00f6nnen, wenn eine bestimmte Reihenfolge eingehalten wird. Sobald eine einzige Aminos\u00e4ure ausgetauscht ist, wird die Funktion des Proteins beeintr\u00e4chtigt oder zerst\u00f6rt.<br \/>\nDie Prim\u00e4rstruktur wird mit Hilfe der Abk\u00fcrzungen der Aminos\u00e4uren angegeben (diese findest du in der \u00dcbersicht der Aminos\u00e4uren). Das Protein Insulin beispielsweise hat folgende Prim\u00e4rstruktur:<\/p>\n<p>Phe &#8211; Val &#8211; Asn &#8211; Gln &#8211; His &#8211; Leu &#8211; Cys &#8211; Glu &#8211; Ser &#8211; His &#8211; Leu &#8211; Val &#8211; Glu &#8211; Ala &#8211; Leu &#8211; Tyr &#8211; Leu &#8211; Val &#8211; Cys &#8211; Glu &#8211; Glu &#8211; Arg &#8211; Gly &#8211; Phe &#8211; Phe &#8211; Tyr &#8211; Thr &#8211; Pro &#8211; Lys &#8211; Thr<\/p>\n<h3 id=\"sekund\u00e4rstruktur\" class=\"anchor\">Sekund\u00e4rstruktur von Proteinen<\/h3>\n<p>Die Sekund\u00e4rstruktur von Proteinen ist die r\u00e4umliche Struktur, welche durch Wasserstoffbr\u00fcckenbindungen zwischen den Peptidbindungen entsteht. Dabei wechselwirken das Wasserstoffatom einer Peptidbindung mit einem freien Elektronenpaar des Sauerstoffatoms in einer zweiten Peptidbindung.<\/p>\n<p><img decoding=\"async\" loading=\"lazy\" class=\"aligncenter  wp-image-9954\" src=\"https:\/\/www.studyhelp.de\/online-lernen\/wp-content\/uploads\/2018\/10\/Wassestoffbr\u00fcckenbindung.jpg\" alt=\"Wassestoffbr\u00fcckenbindung\" width=\"365\" height=\"201\" srcset=\"https:\/\/www.studyhelp.de\/online-lernen\/wp-content\/uploads\/2018\/10\/Wassestoffbr\u00fcckenbindung.jpg 554w, https:\/\/www.studyhelp.de\/online-lernen\/wp-content\/uploads\/2018\/10\/Wassestoffbr\u00fcckenbindung-300x165.jpg 300w\" sizes=\"(max-width: 365px) 100vw, 365px\" \/><\/p>\n<p>Bei der Sekund\u00e4rstruktur wird zwischen zwei Arten unterschieden: die \u03b2-Faltblattstruktur und die \u03b1-Helixstruktur.<\/p>\n<p>Bei der \u03b2-Faltblattstruktur liegen zwei Bereiche des Proteins parallel zueinander. Die Peptidbindungen sind planar. Zwischen ihnen liegen Kohlenstoffatome, an denen die Substituenten tetraedrisch angeordnet sind. Dadurch entsteht eine Struktur, die wie ein mehrfach gefaltetes Blatt Papier aussieht. Die organischen Reste sind abwechselnd \u00fcber bzw. unter der Papierebene angeordnet.<\/p>\n<p><img decoding=\"async\" loading=\"lazy\" class=\"aligncenter  wp-image-9955\" src=\"https:\/\/www.studyhelp.de\/online-lernen\/wp-content\/uploads\/2018\/10\/\u03b2-Faltblattstruktur.jpg\" alt=\"\u03b2-Faltblattstruktur\" width=\"489\" height=\"175\" srcset=\"https:\/\/www.studyhelp.de\/online-lernen\/wp-content\/uploads\/2018\/10\/\u03b2-Faltblattstruktur.jpg 797w, https:\/\/www.studyhelp.de\/online-lernen\/wp-content\/uploads\/2018\/10\/\u03b2-Faltblattstruktur-300x107.jpg 300w, https:\/\/www.studyhelp.de\/online-lernen\/wp-content\/uploads\/2018\/10\/\u03b2-Faltblattstruktur-768x275.jpg 768w\" sizes=\"(max-width: 489px) 100vw, 489px\" \/><\/p>\n<p>Die \u03b1-Helixstruktur entsteht ebenfalls durch Wasserstoffbr\u00fcckenbindungen zwischen Peptidbindungen. Allerdings werden diese hier zwischen einer Peptidbindung und der drittn\u00e4chsten ausgebildet. Dadurch entsteht eine Helix bei der die organischen Reste nach au\u00dfen gerichtet sind.<\/p>\n<p><img decoding=\"async\" loading=\"lazy\" class=\"aligncenter  wp-image-9956\" src=\"https:\/\/www.studyhelp.de\/online-lernen\/wp-content\/uploads\/2018\/10\/\u03b1-Helixstruktur.jpg\" alt=\"\u03b1-Helixstruktur\" width=\"195\" height=\"430\" srcset=\"https:\/\/www.studyhelp.de\/online-lernen\/wp-content\/uploads\/2018\/10\/\u03b1-Helixstruktur.jpg 233w, https:\/\/www.studyhelp.de\/online-lernen\/wp-content\/uploads\/2018\/10\/\u03b1-Helixstruktur-136x300.jpg 136w\" sizes=\"(max-width: 195px) 100vw, 195px\" \/><\/p>\n<h3 id=\"terti\u00e4rstruktur\" class=\"anchor\">Terti\u00e4rstruktur von Proteinen<\/h3>\n<p>Die Terti\u00e4rstruktur beschreibt die r\u00e4umliche Struktur eines Proteins, welche durch zwischenmolekularen Wechselwirkungen zwischen den organischen Resten der Aminos\u00e4uren entstehen. Es k\u00f6nnen van-der-Waals-Wechselwirkungen, Ionenbindungen, Wasserstoffbr\u00fcckenbindungen oder Disulfidbr\u00fccken (Atombindungen zwischen den Schwefelatomen der Cystein-Reste) ausgebildet werden. Dadurch entstehen zus\u00e4tzlich zu den Sekund\u00e4rstrukturen weitere Verwindungen. Die Terti\u00e4rstruktur ist wichtig f\u00fcr die Funktionsf\u00e4higkeit des Proteins.<\/p>\n<p>Die Terti\u00e4rstruktur ist eine Verkn\u00fcpfung der Teile des Proteins, welche in einer bestimmten Sekund\u00e4rstruktur ausgebildet sind.<br \/>\n<img decoding=\"async\" loading=\"lazy\" class=\"aligncenter  wp-image-9957\" src=\"https:\/\/www.studyhelp.de\/online-lernen\/wp-content\/uploads\/2018\/10\/Terti\u00e4rstruktur-von-Proteinen.jpg\" alt=\"Terti\u00e4rstruktur von Proteinen\" width=\"625\" height=\"270\" srcset=\"https:\/\/www.studyhelp.de\/online-lernen\/wp-content\/uploads\/2018\/10\/Terti\u00e4rstruktur-von-Proteinen.jpg 768w, https:\/\/www.studyhelp.de\/online-lernen\/wp-content\/uploads\/2018\/10\/Terti\u00e4rstruktur-von-Proteinen-300x130.jpg 300w\" sizes=\"(max-width: 625px) 100vw, 625px\" \/><\/p>\n<p>In der folgenden Abbildung sind Beispiele f\u00fcr die verschiedenen Wechselwirkungen, die zu einer Terti\u00e4rstruktur f\u00fchren, dargestellt.<\/p>\n<p><img decoding=\"async\" loading=\"lazy\" class=\"aligncenter  wp-image-9958\" src=\"https:\/\/www.studyhelp.de\/online-lernen\/wp-content\/uploads\/2018\/10\/Wechselwirkungen-Proteine.jpg\" alt=\"Wechselwirkungen Proteine\" width=\"588\" height=\"327\" srcset=\"https:\/\/www.studyhelp.de\/online-lernen\/wp-content\/uploads\/2018\/10\/Wechselwirkungen-Proteine.jpg 1032w, https:\/\/www.studyhelp.de\/online-lernen\/wp-content\/uploads\/2018\/10\/Wechselwirkungen-Proteine-300x167.jpg 300w, https:\/\/www.studyhelp.de\/online-lernen\/wp-content\/uploads\/2018\/10\/Wechselwirkungen-Proteine-768x427.jpg 768w, https:\/\/www.studyhelp.de\/online-lernen\/wp-content\/uploads\/2018\/10\/Wechselwirkungen-Proteine-1024x570.jpg 1024w\" sizes=\"(max-width: 588px) 100vw, 588px\" \/><\/p>\n\n<h3 id=\"quart\u00e4rstruktur\" class=\"anchor\">Quart\u00e4rstruktur von Proteinen<\/h3>\n<p>Unter einer Quart\u00e4rstruktur versteht man den Zusammenschluss von mehreren Proteinmolek\u00fclen durch zwischenmolekulare Wechselwirkungen und Disulfidbr\u00fccken. Dadurch entstehen r\u00e4umliche Strukturen, die bestimmte Funktionen erm\u00f6glichen. In der folgenden Abbildung ist eine Quart\u00e4rstruktur dargestellt, die durch den Zusammenschluss von vier verschiedenen Proteinen (hier farbig unterschieden) entsteht:<\/p>\n<p><img decoding=\"async\" loading=\"lazy\" class=\"aligncenter  wp-image-9959\" src=\"https:\/\/www.studyhelp.de\/online-lernen\/wp-content\/uploads\/2018\/10\/zusammenschluss-von-proteinen.jpg\" alt=\"zusammenschluss von proteinen\" width=\"338\" height=\"286\" srcset=\"https:\/\/www.studyhelp.de\/online-lernen\/wp-content\/uploads\/2018\/10\/zusammenschluss-von-proteinen.jpg 581w, https:\/\/www.studyhelp.de\/online-lernen\/wp-content\/uploads\/2018\/10\/zusammenschluss-von-proteinen-300x254.jpg 300w\" sizes=\"(max-width: 338px) 100vw, 338px\" \/><\/p>\n<h2 id=\"nachweisreaktionen\" class=\"anchor\">Nachweisreaktionen<\/h2>\n<h3 id=\"ninhydrin-reaktion\" class=\"anchor\">Ninhydrin-Reaktion<\/h3>\n<p>Eine m\u00f6gliche Nachweisreaktion f\u00fcr Proteine und Aminos\u00e4uren ist die sogenannte Ninhydrin-Reaktion. Dabei wird eine Probel\u00f6sung mit Ninhydrin versetzt. Ist ein Protein in der L\u00f6sung, so f\u00e4rbt sie sich blauviolett. Eines von zwei an der Reaktion beteiligten Ninhydrinmolek\u00fclen greift an der endst\u00e4ndigen Aminogruppe an. Es entstehen ein blau-violetter Farbstoff, ein Aldehyd, Wasser und Kohlenstoffdioxid.<\/p>\n<p><img decoding=\"async\" loading=\"lazy\" class=\"aligncenter  wp-image-9960\" src=\"https:\/\/www.studyhelp.de\/online-lernen\/wp-content\/uploads\/2018\/10\/Ninhydrin-Reaktion.jpg\" alt=\"Ninhydrin-Reaktion\" width=\"400\" height=\"249\" srcset=\"https:\/\/www.studyhelp.de\/online-lernen\/wp-content\/uploads\/2018\/10\/Ninhydrin-Reaktion.jpg 739w, https:\/\/www.studyhelp.de\/online-lernen\/wp-content\/uploads\/2018\/10\/Ninhydrin-Reaktion-300x187.jpg 300w\" sizes=\"(max-width: 400px) 100vw, 400px\" \/><\/p>\n<h3 id=\"xanthoprotein-reaktion\" class=\"anchor\">Xanthoprotein-Reaktion<\/h3>\n<p>Eine weitere Nachweisreaktion f\u00fcr Proteine ist die sogenannte Xanthoprotein-Reaktion. Dabei wird eine Probe mit konzentrierter Salpeters\u00e4ure (HNO_3) versetzt. Ist ein Protein in der Probe enthalten, so f\u00e4rbt sie sich gelb. Bei dieser Reaktion werden die aromatischen Reste der Aminos\u00e4uren Tyrosin, Tryptophan und Phenylalanin nitriert. Durch die Nitrogruppen wird das delokalisierte \u03c0-Elektronensystem vergr\u00f6\u00dfert und es wird weniger Energie ben\u00f6tigt um das Molek\u00fcl anzuregen. Dadurch wird die Absorption in den Bereich des sichtbaren Lichts verschoben und das Molek\u00fcl erscheint farbig.<\/p>\n<p><img decoding=\"async\" loading=\"lazy\" class=\"aligncenter  wp-image-9961\" src=\"https:\/\/www.studyhelp.de\/online-lernen\/wp-content\/uploads\/2018\/10\/Xanthoprotein-Reaktion-Nachweis.jpg\" alt=\"Xanthoprotein-Reaktion Nachweis\" width=\"616\" height=\"217\" srcset=\"https:\/\/www.studyhelp.de\/online-lernen\/wp-content\/uploads\/2018\/10\/Xanthoprotein-Reaktion-Nachweis.jpg 1039w, https:\/\/www.studyhelp.de\/online-lernen\/wp-content\/uploads\/2018\/10\/Xanthoprotein-Reaktion-Nachweis-300x106.jpg 300w, https:\/\/www.studyhelp.de\/online-lernen\/wp-content\/uploads\/2018\/10\/Xanthoprotein-Reaktion-Nachweis-768x271.jpg 768w, https:\/\/www.studyhelp.de\/online-lernen\/wp-content\/uploads\/2018\/10\/Xanthoprotein-Reaktion-Nachweis-1024x361.jpg 1024w\" sizes=\"(max-width: 616px) 100vw, 616px\" \/><\/p>\n\n","protected":false},"excerpt":{"rendered":"<p>Proteine haben je nach Struktur unterschiedliche Eigenschaften und Funktionen. In jedem Lebewesen kommen daher viele verschiedene Proteine vor. In der Haut sind beispielsweise Proteine, welche eine Schutzfunktion besitzen. Sie sorgen daf\u00fcr, dass der K\u00f6rper vor \u00e4u\u00dferen Umwelteinfl\u00fcssen gesch\u00fctzt ist. Die Proteine in den Muskeln hingegen sind f\u00fcr Bewegungen verantwortlich. Die beiden Proteine Myosin und Actin [&hellip;]<\/p>\n","protected":false},"author":3,"featured_media":0,"parent":9325,"menu_order":0,"comment_status":"closed","ping_status":"closed","template":"","meta":[],"categories":[47],"tags":[],"yoast_head":"<!-- This site is optimized with the Yoast SEO plugin v14.7 - https:\/\/yoast.com\/wordpress\/plugins\/seo\/ -->\n<title>Das Protein - Chemische Eigenschaften - StudyHelp Online-Lernen<\/title>\n<meta name=\"description\" content=\"Proteine sind biologische Makromolek\u00fcle, die durch die Verkn\u00fcpfung von Aminos\u00e4uren entstehen. Proteine haben unterschiedliche Eigenschaften. Wichtig ist..\" \/>\n<meta name=\"robots\" content=\"index, follow\" \/>\n<meta name=\"googlebot\" content=\"index, follow, max-snippet:-1, max-image-preview:large, max-video-preview:-1\" \/>\n<meta name=\"bingbot\" content=\"index, follow, max-snippet:-1, max-image-preview:large, max-video-preview:-1\" \/>\n<link rel=\"canonical\" href=\"https:\/\/www.studyhelp.de\/online-lernen\/chemie\/protein\/\" \/>\n<meta property=\"og:locale\" content=\"de_DE\" \/>\n<meta property=\"og:type\" content=\"article\" \/>\n<meta property=\"og:title\" content=\"Das Protein - Chemische Eigenschaften - StudyHelp Online-Lernen\" \/>\n<meta property=\"og:description\" content=\"Proteine sind biologische Makromolek\u00fcle, die durch die Verkn\u00fcpfung von Aminos\u00e4uren entstehen. Proteine haben unterschiedliche Eigenschaften. Wichtig ist..\" \/>\n<meta property=\"og:url\" content=\"https:\/\/www.studyhelp.de\/online-lernen\/chemie\/protein\/\" \/>\n<meta property=\"og:site_name\" content=\"StudyHelp Online-Lernen\" \/>\n<meta property=\"article:modified_time\" content=\"2019-03-04T11:09:01+00:00\" \/>\n<meta property=\"og:image\" content=\"https:\/\/www.studyhelp.de\/online-lernen\/wp-content\/uploads\/2018\/09\/Protein.jpg\" \/>\n<meta name=\"twitter:card\" content=\"summary_large_image\" \/>\n<script type=\"application\/ld+json\" class=\"yoast-schema-graph\">{\"@context\":\"https:\/\/schema.org\",\"@graph\":[{\"@type\":\"WebSite\",\"@id\":\"https:\/\/www.studyhelp.de\/online-lernen\/#website\",\"url\":\"https:\/\/www.studyhelp.de\/online-lernen\/\",\"name\":\"StudyHelp Online-Lernen\",\"description\":\"\",\"potentialAction\":[{\"@type\":\"SearchAction\",\"target\":\"https:\/\/www.studyhelp.de\/online-lernen\/?s={search_term_string}\",\"query-input\":\"required name=search_term_string\"}],\"inLanguage\":\"de-DE\"},{\"@type\":\"ImageObject\",\"@id\":\"https:\/\/www.studyhelp.de\/online-lernen\/chemie\/protein\/#primaryimage\",\"inLanguage\":\"de-DE\",\"url\":\"https:\/\/www.studyhelp.de\/online-lernen\/wp-content\/uploads\/2018\/09\/Protein.jpg\",\"width\":404,\"height\":212,\"caption\":\"Protein\"},{\"@type\":\"WebPage\",\"@id\":\"https:\/\/www.studyhelp.de\/online-lernen\/chemie\/protein\/#webpage\",\"url\":\"https:\/\/www.studyhelp.de\/online-lernen\/chemie\/protein\/\",\"name\":\"Das Protein - Chemische Eigenschaften - StudyHelp Online-Lernen\",\"isPartOf\":{\"@id\":\"https:\/\/www.studyhelp.de\/online-lernen\/#website\"},\"primaryImageOfPage\":{\"@id\":\"https:\/\/www.studyhelp.de\/online-lernen\/chemie\/protein\/#primaryimage\"},\"datePublished\":\"2018-10-01T11:49:23+00:00\",\"dateModified\":\"2019-03-04T11:09:01+00:00\",\"description\":\"Proteine sind biologische Makromolek\\u00fcle, die durch die Verkn\\u00fcpfung von Aminos\\u00e4uren entstehen. Proteine haben unterschiedliche Eigenschaften. Wichtig ist..\",\"inLanguage\":\"de-DE\",\"potentialAction\":[{\"@type\":\"ReadAction\",\"target\":[\"https:\/\/www.studyhelp.de\/online-lernen\/chemie\/protein\/\"]}]}]}<\/script>\n<!-- \/ Yoast SEO plugin. -->","_links":{"self":[{"href":"https:\/\/www.studyhelp.de\/online-lernen\/wp-json\/wp\/v2\/pages\/9949"}],"collection":[{"href":"https:\/\/www.studyhelp.de\/online-lernen\/wp-json\/wp\/v2\/pages"}],"about":[{"href":"https:\/\/www.studyhelp.de\/online-lernen\/wp-json\/wp\/v2\/types\/page"}],"author":[{"embeddable":true,"href":"https:\/\/www.studyhelp.de\/online-lernen\/wp-json\/wp\/v2\/users\/3"}],"replies":[{"embeddable":true,"href":"https:\/\/www.studyhelp.de\/online-lernen\/wp-json\/wp\/v2\/comments?post=9949"}],"version-history":[{"count":14,"href":"https:\/\/www.studyhelp.de\/online-lernen\/wp-json\/wp\/v2\/pages\/9949\/revisions"}],"predecessor-version":[{"id":12044,"href":"https:\/\/www.studyhelp.de\/online-lernen\/wp-json\/wp\/v2\/pages\/9949\/revisions\/12044"}],"up":[{"embeddable":true,"href":"https:\/\/www.studyhelp.de\/online-lernen\/wp-json\/wp\/v2\/pages\/9325"}],"wp:attachment":[{"href":"https:\/\/www.studyhelp.de\/online-lernen\/wp-json\/wp\/v2\/media?parent=9949"}],"wp:term":[{"taxonomy":"category","embeddable":true,"href":"https:\/\/www.studyhelp.de\/online-lernen\/wp-json\/wp\/v2\/categories?post=9949"},{"taxonomy":"post_tag","embeddable":true,"href":"https:\/\/www.studyhelp.de\/online-lernen\/wp-json\/wp\/v2\/tags?post=9949"}],"curies":[{"name":"wp","href":"https:\/\/api.w.org\/{rel}","templated":true}]}}